{"id":3776,"date":"2013-05-02T16:17:08","date_gmt":"2013-05-02T21:17:08","guid":{"rendered":"https:\/\/rwconveyor.com\/empresa\/"},"modified":"2022-07-20T16:32:21","modified_gmt":"2022-07-20T21:32:21","slug":"empresa","status":"publish","type":"page","link":"https:\/\/rwconveyor.com\/es\/empresa\/","title":{"rendered":"Empresa"},"content":{"rendered":"<div class=\"row row-margin-25\">\n<div class=\"col-12\"><img decoding=\"async\" src=\"\/wp-content\/uploads\/2020\/01\/Richards-Wilcox_History_Image.jpg\" alt=\"imagen de la historia\" height=\"444\"><\/div>\n<\/div>\n<div class=\"row row-margin-25\">\n<div class=\"col-12\">\n<p class=\"centered\"><strong>Es una jungla ah\u00ed fuera.<\/strong>  Para sobrevivir, hay que ser muy eficiente. Hay que aprovechar la tecnolog\u00eda m\u00e1s eficaz del momento. Y hay que estar preparado para adaptarse en cualquier momento. Para seguir siendo competitivo, hay que pensar en el futuro. Hay que impulsar el estado de la t\u00e9cnica.<\/p>\n<p><strong>Todo comienza con su transportador.<\/strong><\/p>\n<\/div>\n<\/div>\n<div class=\"row row-margin-25\">\n<div class=\"col-12\"><img decoding=\"async\" src=\"\/wp-content\/uploads\/2020\/01\/ClydeMachines_CaseStudy_FactoryFloor_Crop.jpg\" alt=\"m\u00e1quinas clydes\" height=\"444\"><\/div>\n<\/div>\n<div class=\"row\">\n<div class=\"col-12\">\n<p class=\"centered\"><strong>En Richards-Wilcox Conveyor, impulsamos a nuestros clientes a poseer la Industria 4.0 a trav\u00e9s de las soluciones de transporte m\u00e1s inteligentes, eficientes, fiables y adaptables del mundo.<\/strong><\/p>\n<p class=\"centered\">Optimizamos su soluci\u00f3n para la disposici\u00f3n de su operaci\u00f3n, aprovechando al m\u00e1ximo su espacio e incorporando nuevos sistemas automatizados. Sometemos los componentes de nuestros transportadores a rigurosas pruebas antes de su instalaci\u00f3n, y siempre tenemos en cuenta lo que viene despu\u00e9s. En lugar de limitarse a reaccionar al cambio, incorporamos la adaptabilidad a cada sistema, <strong>para que nuestros clientes puedan evolucionar con el mundo que les rodea.<\/strong><\/p>\n<\/div>\n<\/div>","protected":false},"excerpt":{"rendered":"Es una jungla ah\u00ed fuera. Para sobrevivir, hay que ser muy eficiente. Hay que aprovechar la tecnolog\u00eda m\u00e1s eficaz del momento. Y hay que estar preparado para adaptarse en cualquier momento. Para seguir siendo competitivo, hay que pensar en el futuro. Hay que impulsar el estado de la t\u00e9cnica. Todo comienza con su transportador. En [&hellip;]","protected":false},"author":13,"featured_media":0,"parent":0,"menu_order":0,"comment_status":"closed","ping_status":"closed","template":"interior-page-blue-callout.php","meta":{"_acf_changed":false,"footnotes":""},"class_list":["post-3776","page","type-page","status-publish","hentry"],"acf":[],"yoast_head":"<!-- This site is optimized with the Yoast SEO plugin v24.7 - https:\/\/yoast.com\/wordpress\/plugins\/seo\/ -->\n<title>Descripci\u00f3n de la empresa | Richards-Wilcox Conveyor Systems<\/title>\n<meta name=\"description\" content=\"&quot;Ayudamos a nuestros clientes a dise\u00f1ar las operaciones m\u00e1s productivas y eficaces posibles&quot;. Bob McMurtry, Presidente, Richards-Wilcox Conveyor\" \/>\n<meta name=\"robots\" content=\"index, follow, max-snippet:-1, max-image-preview:large, max-video-preview:-1\" \/>\n<link rel=\"canonical\" href=\"https:\/\/rwconveyor.com\/es\/empresa\/\" \/>\n<meta property=\"og:locale\" content=\"es_ES\" \/>\n<meta property=\"og:type\" content=\"article\" \/>\n<meta property=\"og:title\" content=\"Descripci\u00f3n de la empresa | Richards-Wilcox Conveyor Systems\" \/>\n<meta property=\"og:description\" content=\"&quot;Ayudamos a nuestros clientes a dise\u00f1ar las operaciones m\u00e1s productivas y eficaces posibles&quot;. Bob McMurtry, Presidente, Richards-Wilcox Conveyor\" \/>\n<meta property=\"og:url\" content=\"https:\/\/rwconveyor.com\/es\/empresa\/\" \/>\n<meta property=\"og:site_name\" content=\"Richards-Wilcox Conveyor\" \/>\n<meta property=\"article:modified_time\" content=\"2022-07-20T21:32:21+00:00\" \/>\n<meta name=\"twitter:label1\" content=\"Tiempo de lectura\" \/>\n\t<meta name=\"twitter:data1\" content=\"1 minuto\" \/>\n<script type=\"application\/ld+json\" class=\"yoast-schema-graph\">{\"@context\":\"https:\/\/schema.org\",\"@graph\":[{\"@type\":\"WebPage\",\"@id\":\"https:\/\/rwconveyor.com\/es\/empresa\/\",\"url\":\"https:\/\/rwconveyor.com\/es\/empresa\/\",\"name\":\"Descripci\u00f3n de la empresa | Richards-Wilcox Conveyor Systems\",\"isPartOf\":{\"@id\":\"https:\/\/rwconveyor.com\/es\/#website\"},\"datePublished\":\"2013-05-02T21:17:08+00:00\",\"dateModified\":\"2022-07-20T21:32:21+00:00\",\"description\":\"\\\"Ayudamos a nuestros clientes a dise\u00f1ar las operaciones m\u00e1s productivas y eficaces posibles\\\". Bob McMurtry, Presidente, Richards-Wilcox Conveyor\",\"breadcrumb\":{\"@id\":\"https:\/\/rwconveyor.com\/es\/empresa\/#breadcrumb\"},\"inLanguage\":\"es\",\"potentialAction\":[{\"@type\":\"ReadAction\",\"target\":[\"https:\/\/rwconveyor.com\/es\/empresa\/\"]}]},{\"@type\":\"BreadcrumbList\",\"@id\":\"https:\/\/rwconveyor.com\/es\/empresa\/#breadcrumb\",\"itemListElement\":[{\"@type\":\"ListItem\",\"position\":1,\"name\":\"Home\",\"item\":\"https:\/\/rwconveyor.com\/es\/inicio\/\"},{\"@type\":\"ListItem\",\"position\":2,\"name\":\"Empresa\"}]},{\"@type\":\"WebSite\",\"@id\":\"https:\/\/rwconveyor.com\/es\/#website\",\"url\":\"https:\/\/rwconveyor.com\/es\/\",\"name\":\"Richards-Wilcox Conveyor\",\"description\":\"Transportadores a\u00e9reos, transportadores el\u00e9ctricos y libres\\n\",\"publisher\":{\"@id\":\"https:\/\/rwconveyor.com\/es\/#organization\"},\"potentialAction\":[{\"@type\":\"SearchAction\",\"target\":{\"@type\":\"EntryPoint\",\"urlTemplate\":\"https:\/\/rwconveyor.com\/es\/?s={search_term_string}\"},\"query-input\":{\"@type\":\"PropertyValueSpecification\",\"valueRequired\":true,\"valueName\":\"search_term_string\"}}],\"inLanguage\":\"es\"},{\"@type\":\"Organization\",\"@id\":\"https:\/\/rwconveyor.com\/es\/#organization\",\"name\":\"Richards-Wilcox Conveyor\",\"url\":\"https:\/\/rwconveyor.com\/es\/\",\"logo\":{\"@type\":\"ImageObject\",\"inLanguage\":\"es\",\"@id\":\"https:\/\/rwconveyor.com\/es\/#\/schema\/logo\/image\/\",\"url\":\"https:\/\/rwconveyor.com\/wp-content\/uploads\/2020\/05\/RW_Conveyor_Horizontal_NoTag_4C.png\",\"contentUrl\":\"https:\/\/rwconveyor.com\/wp-content\/uploads\/2020\/05\/RW_Conveyor_Horizontal_NoTag_4C.png\",\"width\":512,\"height\":512,\"caption\":\"Richards-Wilcox Conveyor\"},\"image\":{\"@id\":\"https:\/\/rwconveyor.com\/es\/#\/schema\/logo\/image\/\"}}]}<\/script>\n<!-- \/ Yoast SEO plugin. -->","yoast_head_json":{"title":"Descripci\u00f3n de la empresa | Richards-Wilcox Conveyor Systems","description":"\"Ayudamos a nuestros clientes a dise\u00f1ar las operaciones m\u00e1s productivas y eficaces posibles\". Bob McMurtry, Presidente, Richards-Wilcox Conveyor","robots":{"index":"index","follow":"follow","max-snippet":"max-snippet:-1","max-image-preview":"max-image-preview:large","max-video-preview":"max-video-preview:-1"},"canonical":"https:\/\/rwconveyor.com\/es\/empresa\/","og_locale":"es_ES","og_type":"article","og_title":"Descripci\u00f3n de la empresa | Richards-Wilcox Conveyor Systems","og_description":"\"Ayudamos a nuestros clientes a dise\u00f1ar las operaciones m\u00e1s productivas y eficaces posibles\". Bob McMurtry, Presidente, Richards-Wilcox Conveyor","og_url":"https:\/\/rwconveyor.com\/es\/empresa\/","og_site_name":"Richards-Wilcox Conveyor","article_modified_time":"2022-07-20T21:32:21+00:00","twitter_misc":{"Tiempo de lectura":"1 minuto"},"schema":{"@context":"https:\/\/schema.org","@graph":[{"@type":"WebPage","@id":"https:\/\/rwconveyor.com\/es\/empresa\/","url":"https:\/\/rwconveyor.com\/es\/empresa\/","name":"Descripci\u00f3n de la empresa | Richards-Wilcox Conveyor Systems","isPartOf":{"@id":"https:\/\/rwconveyor.com\/es\/#website"},"datePublished":"2013-05-02T21:17:08+00:00","dateModified":"2022-07-20T21:32:21+00:00","description":"\"Ayudamos a nuestros clientes a dise\u00f1ar las operaciones m\u00e1s productivas y eficaces posibles\". Bob McMurtry, Presidente, Richards-Wilcox Conveyor","breadcrumb":{"@id":"https:\/\/rwconveyor.com\/es\/empresa\/#breadcrumb"},"inLanguage":"es","potentialAction":[{"@type":"ReadAction","target":["https:\/\/rwconveyor.com\/es\/empresa\/"]}]},{"@type":"BreadcrumbList","@id":"https:\/\/rwconveyor.com\/es\/empresa\/#breadcrumb","itemListElement":[{"@type":"ListItem","position":1,"name":"Home","item":"https:\/\/rwconveyor.com\/es\/inicio\/"},{"@type":"ListItem","position":2,"name":"Empresa"}]},{"@type":"WebSite","@id":"https:\/\/rwconveyor.com\/es\/#website","url":"https:\/\/rwconveyor.com\/es\/","name":"Richards-Wilcox Conveyor","description":"Transportadores a\u00e9reos, transportadores el\u00e9ctricos y libres\n","publisher":{"@id":"https:\/\/rwconveyor.com\/es\/#organization"},"potentialAction":[{"@type":"SearchAction","target":{"@type":"EntryPoint","urlTemplate":"https:\/\/rwconveyor.com\/es\/?s={search_term_string}"},"query-input":{"@type":"PropertyValueSpecification","valueRequired":true,"valueName":"search_term_string"}}],"inLanguage":"es"},{"@type":"Organization","@id":"https:\/\/rwconveyor.com\/es\/#organization","name":"Richards-Wilcox Conveyor","url":"https:\/\/rwconveyor.com\/es\/","logo":{"@type":"ImageObject","inLanguage":"es","@id":"https:\/\/rwconveyor.com\/es\/#\/schema\/logo\/image\/","url":"https:\/\/rwconveyor.com\/wp-content\/uploads\/2020\/05\/RW_Conveyor_Horizontal_NoTag_4C.png","contentUrl":"https:\/\/rwconveyor.com\/wp-content\/uploads\/2020\/05\/RW_Conveyor_Horizontal_NoTag_4C.png","width":512,"height":512,"caption":"Richards-Wilcox Conveyor"},"image":{"@id":"https:\/\/rwconveyor.com\/es\/#\/schema\/logo\/image\/"}}]}},"_links":{"self":[{"href":"https:\/\/rwconveyor.com\/es\/wp-json\/wp\/v2\/pages\/3776","targetHints":{"allow":["GET"]}}],"collection":[{"href":"https:\/\/rwconveyor.com\/es\/wp-json\/wp\/v2\/pages"}],"about":[{"href":"https:\/\/rwconveyor.com\/es\/wp-json\/wp\/v2\/types\/page"}],"author":[{"embeddable":true,"href":"https:\/\/rwconveyor.com\/es\/wp-json\/wp\/v2\/users\/13"}],"replies":[{"embeddable":true,"href":"https:\/\/rwconveyor.com\/es\/wp-json\/wp\/v2\/comments?post=3776"}],"version-history":[{"count":1,"href":"https:\/\/rwconveyor.com\/es\/wp-json\/wp\/v2\/pages\/3776\/revisions"}],"predecessor-version":[{"id":3783,"href":"https:\/\/rwconveyor.com\/es\/wp-json\/wp\/v2\/pages\/3776\/revisions\/3783"}],"wp:attachment":[{"href":"https:\/\/rwconveyor.com\/es\/wp-json\/wp\/v2\/media?parent=3776"}],"curies":[{"name":"wp","href":"https:\/\/api.w.org\/{rel}","templated":true}]}}