{"id":3778,"date":"2013-05-09T19:25:42","date_gmt":"2013-05-10T00:25:42","guid":{"rendered":"https:\/\/rwconveyor.com\/transportador-zig-zag-invertido\/"},"modified":"2022-07-20T16:38:32","modified_gmt":"2022-07-20T21:38:32","slug":"transportador-zig-zag-invertido","status":"publish","type":"page","link":"https:\/\/rwconveyor.com\/es\/productos\/transportadores-monorrail-sistemas-estandar\/transportador-zig-zag-invertido\/","title":{"rendered":"Transportador Zig-Zag\u00ae invertido"},"content":{"rendered":"<div class=\"row row-margin-25\">\n<div class=\"col-12\"><img loading=\"lazy\" decoding=\"async\" width=\"1024\" height=\"494\" class=\"aligncenter size-large wp-image-2850\" src=\"\/wp-content\/uploads\/2020\/02\/RWConveyor_Inverted_Zig_Zag_Image-1024x494.jpg\" alt=\"zigzag invertido\" srcset=\"https:\/\/rwconveyor.com\/wp-content\/uploads\/2020\/02\/RWConveyor_Inverted_Zig_Zag_Image-1024x494.jpg 1024w, https:\/\/rwconveyor.com\/wp-content\/uploads\/2020\/02\/RWConveyor_Inverted_Zig_Zag_Image-600x289.jpg 600w, https:\/\/rwconveyor.com\/wp-content\/uploads\/2020\/02\/RWConveyor_Inverted_Zig_Zag_Image-300x145.jpg 300w, https:\/\/rwconveyor.com\/wp-content\/uploads\/2020\/02\/RWConveyor_Inverted_Zig_Zag_Image-768x371.jpg 768w, https:\/\/rwconveyor.com\/wp-content\/uploads\/2020\/02\/RWConveyor_Inverted_Zig_Zag_Image.jpg 1140w\" sizes=\"auto, (max-width: 1024px) 100vw, 1024px\" \/><\/div>\n<\/div>\n<div class=\"row row-margin-25\">\n<div class=\"col-12 list-centered\">\n<h3>Sobre el sistema<\/h3>\n<p class=\"subsub\">Las caracter\u00edsticas del transportador Richards-Wilcox Inverted Zig-Zag\u00ae:<\/p>\n<ul>\n\t<li><strong>Centros de carga ajustables y desmontables<\/strong> en incrementos de 6&#8243;. Los centros de carga m\u00e1s cortos permiten la m\u00e1xima productividad y control.<\/li>\n\t<li><strong>Componentes modulares<\/strong> para una precisi\u00f3n excepcional y una instalaci\u00f3n r\u00e1pida.<\/li>\n\t<li><strong>Requisitos m\u00ednimos de espacio libre<\/strong> que maximizan su espacio de producci\u00f3n.<\/li>\n\t<li><strong>Colgantes extra\u00edbles<\/strong> para facilitar el mantenimiento, la sustituci\u00f3n o la reconfiguraci\u00f3n.<\/li>\n\t<li>Capacidades que van desde<strong>  De 25 a 75 libras. por cada pin de carga.  <\/strong><\/li>\n<\/ul>\n<\/div>\n<\/div>\n<hr>\n<div class=\"row row-margin-25\">\n<div class=\"col-12 col-sm-4\">\n<h3>Esta soluci\u00f3n es ideal para:<\/h3>\n<\/div>\n<div class=\"col-12 col-sm-8\">\n<ul class=\"split\">\n\t<li>Fabricaci\u00f3n de productos electr\u00f3nicos<\/li>\n\t<li>Sistemas de pines<\/li>\n\t<li>Conjunto transportador de bandejas<\/li>\n\t<li>Montaje del kit<\/li>\n\t<li>Transportadores de contenedores<\/li>\n\t<li>Manipulaci\u00f3n de paquetes<\/li>\n<\/ul>\n<\/div>\n<\/div>\n<div class=\"row row-margin-25 collapse-fix\">\n<div class=\"col-12 col-sm-6\"><img loading=\"lazy\" decoding=\"async\" width=\"550\" height=\"550\" class=\"aligncenter size-full wp-image-3204\" src=\"\/wp-content\/uploads\/2020\/10\/RWC_Inverted_Zig_Web_Images.jpg\" alt=\"transportador en zigzag invertido\" srcset=\"https:\/\/rwconveyor.com\/wp-content\/uploads\/2020\/10\/RWC_Inverted_Zig_Web_Images.jpg 550w, https:\/\/rwconveyor.com\/wp-content\/uploads\/2020\/10\/RWC_Inverted_Zig_Web_Images-300x300.jpg 300w, https:\/\/rwconveyor.com\/wp-content\/uploads\/2020\/10\/RWC_Inverted_Zig_Web_Images-100x100.jpg 100w, https:\/\/rwconveyor.com\/wp-content\/uploads\/2020\/10\/RWC_Inverted_Zig_Web_Images-150x150.jpg 150w\" sizes=\"auto, (max-width: 550px) 100vw, 550px\" \/><\/div>\n<div class=\"col-12 col-sm-6\"><img loading=\"lazy\" decoding=\"async\" width=\"550\" height=\"550\" class=\"aligncenter size-full wp-image-3205\" src=\"\/wp-content\/uploads\/2020\/10\/RWC_Inverted_Zig_Web_Images2.jpg\" alt=\"transportador en zigzag invertido\" srcset=\"https:\/\/rwconveyor.com\/wp-content\/uploads\/2020\/10\/RWC_Inverted_Zig_Web_Images2.jpg 550w, https:\/\/rwconveyor.com\/wp-content\/uploads\/2020\/10\/RWC_Inverted_Zig_Web_Images2-300x300.jpg 300w, https:\/\/rwconveyor.com\/wp-content\/uploads\/2020\/10\/RWC_Inverted_Zig_Web_Images2-100x100.jpg 100w, https:\/\/rwconveyor.com\/wp-content\/uploads\/2020\/10\/RWC_Inverted_Zig_Web_Images2-150x150.jpg 150w\" sizes=\"auto, (max-width: 550px) 100vw, 550px\" \/><\/div>\n<\/div>\n<div class=\"row row-margin-25\">\n<div class=\"col-12 list-centered\">\n<h3>Dise\u00f1ado para la evoluci\u00f3n<\/h3>\n<p class=\"subsub\" style=\"max-width: 85%; display: block; margin: 20px auto;\">El transportador monorra\u00edl invertido est\u00e1 dise\u00f1ado para hacer evolucionar su f\u00e1brica.<\/p>\n<h3>He aqu\u00ed c\u00f3mo:<\/h3>\n<ul>\n\t<li><strong> Elimina las bandejas de goteo y los ganchos sanitarios. <\/strong>El dise\u00f1o del transportador monorra\u00edl invertido de Richards-Wilcox hace que las bandejas de goteo desordenadas y otros equipos \u00ablimpios\u00bb queden obsoletos.  <\/li>\n\t<li><strong> Prolonga la vida de la cadena y de la oruga. <\/strong>El colgante pivotante permite girar libremente hacia arriba y hacia abajo de las pendientes verticales sin par ni desgaste del conjunto de la cadena.  <\/li>\n\t<li> <strong>Reduce el mantenimiento. <\/strong>Menos fricci\u00f3n y desgaste significan menos costes de mantenimiento y tiempo de inactividad.  <\/li>\n\t<li><strong> Reduce los costes operativos. <\/strong>Los colgantes duran m\u00e1s porque funcionan mejor.  <\/li>\n\t<li><strong> Aumenta la producci\u00f3n. <\/strong>Menos tiempo de inactividad, menos mantenimiento, un funcionamiento m\u00e1s limpio y menores costes de transporte hacen que su operaci\u00f3n sea m\u00e1s productiva.<\/li>\n<\/ul>\n<\/div>\n<\/div>","protected":false},"excerpt":{"rendered":"Sobre el sistema Las caracter\u00edsticas del transportador Richards-Wilcox Inverted Zig-Zag\u00ae: Centros de carga ajustables y desmontables en incrementos de 6&#8243;. Los centros de carga m\u00e1s cortos permiten la m\u00e1xima productividad y control. Componentes modulares para una precisi\u00f3n excepcional y una instalaci\u00f3n r\u00e1pida. Requisitos m\u00ednimos de espacio libre que maximizan su espacio de producci\u00f3n. Colgantes extra\u00edbles [&hellip;]","protected":false},"author":13,"featured_media":0,"parent":3794,"menu_order":0,"comment_status":"closed","ping_status":"closed","template":"interior-page.php","meta":{"_acf_changed":false,"footnotes":""},"class_list":["post-3778","page","type-page","status-publish","hentry"],"acf":[],"yoast_head":"<!-- This site is optimized with the Yoast SEO plugin v24.7 - https:\/\/yoast.com\/wordpress\/plugins\/seo\/ -->\n<title>Transportador Zig-Zag\u00ae invertido | Richards-Wilcox Conveyors<\/title>\n<meta name=\"description\" content=\"Los sistemas de transporte monorra\u00edl invertido combinan un funcionamiento fiable y limpio del transportador con la flexibilidad vertical en aplicaciones de acabado, pintura\/barniz y montaje.\" \/>\n<meta name=\"robots\" content=\"index, follow, max-snippet:-1, max-image-preview:large, max-video-preview:-1\" \/>\n<link rel=\"canonical\" href=\"https:\/\/rwconveyor.com\/es\/productos\/transportadores-monorrail-sistemas-estandar\/transportador-zig-zag-invertido\/\" \/>\n<meta property=\"og:locale\" content=\"es_ES\" \/>\n<meta property=\"og:type\" content=\"article\" \/>\n<meta property=\"og:title\" content=\"Transportador Zig-Zag\u00ae invertido\" \/>\n<meta property=\"og:description\" content=\"Perfecto para sus necesidades de acabado.\" \/>\n<meta property=\"og:url\" content=\"https:\/\/rwconveyor.com\/es\/productos\/transportadores-monorrail-sistemas-estandar\/transportador-zig-zag-invertido\/\" \/>\n<meta property=\"og:site_name\" content=\"Richards-Wilcox Conveyor\" \/>\n<meta property=\"article:modified_time\" content=\"2022-07-20T21:38:32+00:00\" \/>\n<meta property=\"og:image\" content=\"https:\/\/rwconveyor.com\/wp-content\/uploads\/2020\/10\/RWC_Inverted_Zig_Zag_SM_1200x628.jpg\" \/>\n<meta name=\"twitter:label1\" content=\"Tiempo de lectura\" \/>\n\t<meta name=\"twitter:data1\" content=\"1 minuto\" \/>\n<script type=\"application\/ld+json\" class=\"yoast-schema-graph\">{\"@context\":\"https:\/\/schema.org\",\"@graph\":[{\"@type\":\"WebPage\",\"@id\":\"https:\/\/rwconveyor.com\/es\/productos\/transportadores-monorrail-sistemas-estandar\/transportador-zig-zag-invertido\/\",\"url\":\"https:\/\/rwconveyor.com\/es\/productos\/transportadores-monorrail-sistemas-estandar\/transportador-zig-zag-invertido\/\",\"name\":\"Transportador Zig-Zag\u00ae invertido | Richards-Wilcox Conveyors\",\"isPartOf\":{\"@id\":\"https:\/\/rwconveyor.com\/es\/#website\"},\"datePublished\":\"2013-05-10T00:25:42+00:00\",\"dateModified\":\"2022-07-20T21:38:32+00:00\",\"description\":\"Los sistemas de transporte monorra\u00edl invertido combinan un funcionamiento fiable y limpio del transportador con la flexibilidad vertical en aplicaciones de acabado, pintura\/barniz y montaje.\",\"breadcrumb\":{\"@id\":\"https:\/\/rwconveyor.com\/es\/productos\/transportadores-monorrail-sistemas-estandar\/transportador-zig-zag-invertido\/#breadcrumb\"},\"inLanguage\":\"es\",\"potentialAction\":[{\"@type\":\"ReadAction\",\"target\":[\"https:\/\/rwconveyor.com\/es\/productos\/transportadores-monorrail-sistemas-estandar\/transportador-zig-zag-invertido\/\"]}]},{\"@type\":\"BreadcrumbList\",\"@id\":\"https:\/\/rwconveyor.com\/es\/productos\/transportadores-monorrail-sistemas-estandar\/transportador-zig-zag-invertido\/#breadcrumb\",\"itemListElement\":[{\"@type\":\"ListItem\",\"position\":1,\"name\":\"Home\",\"item\":\"https:\/\/rwconveyor.com\/es\/inicio\/\"},{\"@type\":\"ListItem\",\"position\":2,\"name\":\"Productos\",\"item\":\"https:\/\/rwconveyor.com\/es\/productos\/\"},{\"@type\":\"ListItem\",\"position\":3,\"name\":\"Transportadores monorra\u00edl &#8211; Sistemas est\u00e1ndar\",\"item\":\"https:\/\/rwconveyor.com\/es\/products\/standard-conveyor-systems\/\"},{\"@type\":\"ListItem\",\"position\":4,\"name\":\"Transportador Zig-Zag\u00ae invertido\"}]},{\"@type\":\"WebSite\",\"@id\":\"https:\/\/rwconveyor.com\/es\/#website\",\"url\":\"https:\/\/rwconveyor.com\/es\/\",\"name\":\"Richards-Wilcox Conveyor\",\"description\":\"Transportadores a\u00e9reos, transportadores el\u00e9ctricos y libres\\n\",\"publisher\":{\"@id\":\"https:\/\/rwconveyor.com\/es\/#organization\"},\"potentialAction\":[{\"@type\":\"SearchAction\",\"target\":{\"@type\":\"EntryPoint\",\"urlTemplate\":\"https:\/\/rwconveyor.com\/es\/?s={search_term_string}\"},\"query-input\":{\"@type\":\"PropertyValueSpecification\",\"valueRequired\":true,\"valueName\":\"search_term_string\"}}],\"inLanguage\":\"es\"},{\"@type\":\"Organization\",\"@id\":\"https:\/\/rwconveyor.com\/es\/#organization\",\"name\":\"Richards-Wilcox Conveyor\",\"url\":\"https:\/\/rwconveyor.com\/es\/\",\"logo\":{\"@type\":\"ImageObject\",\"inLanguage\":\"es\",\"@id\":\"https:\/\/rwconveyor.com\/es\/#\/schema\/logo\/image\/\",\"url\":\"https:\/\/rwconveyor.com\/wp-content\/uploads\/2020\/05\/RW_Conveyor_Horizontal_NoTag_4C.png\",\"contentUrl\":\"https:\/\/rwconveyor.com\/wp-content\/uploads\/2020\/05\/RW_Conveyor_Horizontal_NoTag_4C.png\",\"width\":512,\"height\":512,\"caption\":\"Richards-Wilcox Conveyor\"},\"image\":{\"@id\":\"https:\/\/rwconveyor.com\/es\/#\/schema\/logo\/image\/\"}}]}<\/script>\n<!-- \/ Yoast SEO plugin. -->","yoast_head_json":{"title":"Transportador Zig-Zag\u00ae invertido | Richards-Wilcox Conveyors","description":"Los sistemas de transporte monorra\u00edl invertido combinan un funcionamiento fiable y limpio del transportador con la flexibilidad vertical en aplicaciones de acabado, pintura\/barniz y montaje.","robots":{"index":"index","follow":"follow","max-snippet":"max-snippet:-1","max-image-preview":"max-image-preview:large","max-video-preview":"max-video-preview:-1"},"canonical":"https:\/\/rwconveyor.com\/es\/productos\/transportadores-monorrail-sistemas-estandar\/transportador-zig-zag-invertido\/","og_locale":"es_ES","og_type":"article","og_title":"Transportador Zig-Zag\u00ae invertido","og_description":"Perfecto para sus necesidades de acabado.","og_url":"https:\/\/rwconveyor.com\/es\/productos\/transportadores-monorrail-sistemas-estandar\/transportador-zig-zag-invertido\/","og_site_name":"Richards-Wilcox Conveyor","article_modified_time":"2022-07-20T21:38:32+00:00","og_image":[{"url":"https:\/\/rwconveyor.com\/wp-content\/uploads\/2020\/10\/RWC_Inverted_Zig_Zag_SM_1200x628.jpg","type":"","width":"","height":""}],"twitter_misc":{"Tiempo de lectura":"1 minuto"},"schema":{"@context":"https:\/\/schema.org","@graph":[{"@type":"WebPage","@id":"https:\/\/rwconveyor.com\/es\/productos\/transportadores-monorrail-sistemas-estandar\/transportador-zig-zag-invertido\/","url":"https:\/\/rwconveyor.com\/es\/productos\/transportadores-monorrail-sistemas-estandar\/transportador-zig-zag-invertido\/","name":"Transportador Zig-Zag\u00ae invertido | Richards-Wilcox Conveyors","isPartOf":{"@id":"https:\/\/rwconveyor.com\/es\/#website"},"datePublished":"2013-05-10T00:25:42+00:00","dateModified":"2022-07-20T21:38:32+00:00","description":"Los sistemas de transporte monorra\u00edl invertido combinan un funcionamiento fiable y limpio del transportador con la flexibilidad vertical en aplicaciones de acabado, pintura\/barniz y montaje.","breadcrumb":{"@id":"https:\/\/rwconveyor.com\/es\/productos\/transportadores-monorrail-sistemas-estandar\/transportador-zig-zag-invertido\/#breadcrumb"},"inLanguage":"es","potentialAction":[{"@type":"ReadAction","target":["https:\/\/rwconveyor.com\/es\/productos\/transportadores-monorrail-sistemas-estandar\/transportador-zig-zag-invertido\/"]}]},{"@type":"BreadcrumbList","@id":"https:\/\/rwconveyor.com\/es\/productos\/transportadores-monorrail-sistemas-estandar\/transportador-zig-zag-invertido\/#breadcrumb","itemListElement":[{"@type":"ListItem","position":1,"name":"Home","item":"https:\/\/rwconveyor.com\/es\/inicio\/"},{"@type":"ListItem","position":2,"name":"Productos","item":"https:\/\/rwconveyor.com\/es\/productos\/"},{"@type":"ListItem","position":3,"name":"Transportadores monorra\u00edl &#8211; Sistemas est\u00e1ndar","item":"https:\/\/rwconveyor.com\/es\/products\/standard-conveyor-systems\/"},{"@type":"ListItem","position":4,"name":"Transportador Zig-Zag\u00ae invertido"}]},{"@type":"WebSite","@id":"https:\/\/rwconveyor.com\/es\/#website","url":"https:\/\/rwconveyor.com\/es\/","name":"Richards-Wilcox Conveyor","description":"Transportadores a\u00e9reos, transportadores el\u00e9ctricos y libres\n","publisher":{"@id":"https:\/\/rwconveyor.com\/es\/#organization"},"potentialAction":[{"@type":"SearchAction","target":{"@type":"EntryPoint","urlTemplate":"https:\/\/rwconveyor.com\/es\/?s={search_term_string}"},"query-input":{"@type":"PropertyValueSpecification","valueRequired":true,"valueName":"search_term_string"}}],"inLanguage":"es"},{"@type":"Organization","@id":"https:\/\/rwconveyor.com\/es\/#organization","name":"Richards-Wilcox Conveyor","url":"https:\/\/rwconveyor.com\/es\/","logo":{"@type":"ImageObject","inLanguage":"es","@id":"https:\/\/rwconveyor.com\/es\/#\/schema\/logo\/image\/","url":"https:\/\/rwconveyor.com\/wp-content\/uploads\/2020\/05\/RW_Conveyor_Horizontal_NoTag_4C.png","contentUrl":"https:\/\/rwconveyor.com\/wp-content\/uploads\/2020\/05\/RW_Conveyor_Horizontal_NoTag_4C.png","width":512,"height":512,"caption":"Richards-Wilcox Conveyor"},"image":{"@id":"https:\/\/rwconveyor.com\/es\/#\/schema\/logo\/image\/"}}]}},"_links":{"self":[{"href":"https:\/\/rwconveyor.com\/es\/wp-json\/wp\/v2\/pages\/3778","targetHints":{"allow":["GET"]}}],"collection":[{"href":"https:\/\/rwconveyor.com\/es\/wp-json\/wp\/v2\/pages"}],"about":[{"href":"https:\/\/rwconveyor.com\/es\/wp-json\/wp\/v2\/types\/page"}],"author":[{"embeddable":true,"href":"https:\/\/rwconveyor.com\/es\/wp-json\/wp\/v2\/users\/13"}],"replies":[{"embeddable":true,"href":"https:\/\/rwconveyor.com\/es\/wp-json\/wp\/v2\/comments?post=3778"}],"version-history":[{"count":1,"href":"https:\/\/rwconveyor.com\/es\/wp-json\/wp\/v2\/pages\/3778\/revisions"}],"predecessor-version":[{"id":3787,"href":"https:\/\/rwconveyor.com\/es\/wp-json\/wp\/v2\/pages\/3778\/revisions\/3787"}],"up":[{"embeddable":true,"href":"https:\/\/rwconveyor.com\/es\/wp-json\/wp\/v2\/pages\/3794"}],"wp:attachment":[{"href":"https:\/\/rwconveyor.com\/es\/wp-json\/wp\/v2\/media?parent=3778"}],"curies":[{"name":"wp","href":"https:\/\/api.w.org\/{rel}","templated":true}]}}