{"id":3779,"date":"2013-05-09T19:15:44","date_gmt":"2013-05-10T00:15:44","guid":{"rendered":"https:\/\/rwconveyor.com\/transportador-monorrail-safe-rail-de-via-cerrada\/"},"modified":"2022-07-20T16:38:30","modified_gmt":"2022-07-20T21:38:30","slug":"transportador-monorrail-safe-rail-de-via-cerrada","status":"publish","type":"page","link":"https:\/\/rwconveyor.com\/es\/productos\/transportadores-monorrail-sistemas-estandar\/transportador-monorrail-safe-rail-de-via-cerrada\/","title":{"rendered":"Transportador monorra\u00edl Safe-Rail\u00ae de v\u00eda cerrada"},"content":{"rendered":"<div class=\"row row-margin-25\">\n<div class=\"col-12\"><img decoding=\"async\" src=\"\/wp-content\/uploads\/2019\/09\/1_RW_Conveyor_SafeRail_Wide.jpg\" alt=\"carril seguro\" height=\"444\"><\/div>\n<\/div>\n<div class=\"row row-margin-25 blue-back inset-25-50\">\n<div class=\"col-12\">\n<h3>Sobre el sistema<\/h3>\n<p class=\"subsub white\">El transportador monorra\u00edl Richards-Wilcox Safe-Rail\u00ae se caracteriza por<\/p>\n<ul class=\"bold white centered\">\n\t<li>Capacidades que van de 10 a 1.000 lbs.<\/li>\n\t<li>Riel recto, de 3\/16&#8243; de grosor, el m\u00e1s pesado de la industria, almacenado en longitudes de 10&#8242;.<\/li>\n\t<li>Curvas horizontales, 3\/16&#8243; de grosor, 90\u00b0<\/li>\n\t<li>Interruptores de rana<\/li>\n\t<li>VMTs: sube o baja autom\u00e1ticamente el producto<\/li>\n\t<li>Secci\u00f3n de inserci\u00f3n del portador<\/li>\n\t<li>Plantillas de soldadura<\/li>\n\t<li>Conjuntos de soporte<\/li>\n<\/ul>\n<\/div>\n<\/div>\n<div class=\"row justify-content-center row-margin-25\">\n<div class=\"col-12 col-sm-10\"><video poster=\"\/wp-content\/themes\/Conveyor\/media\/saferail_cover.jpg\" controls=\"controls\" width=\"100%\" height=\"150\"><br>\n <source src=\"\/wp-content\/themes\/Conveyor\/media\/SafeRail_web.mp4\" type=\"video\/mp4\"><\/source><br>\n<\/video><\/div>\n<\/div>\n<hr>\n<div class=\"row row-margin-25\">\n<div class=\"col-12 col-sm-4\">\n<h3>Esta soluci\u00f3n es ideal para:<\/h3>\n<\/div>\n<div class=\"col-12 col-sm-8\">\n<ul class=\"split\">\n\t<li>Sistemas de pintura por lotes<\/li>\n\t<li>Sistemas de recauchutado de neum\u00e1ticos<\/li>\n\t<li>Sistemas de soporte de herramientas<\/li>\n\t<li>Manipulaci\u00f3n de fibras sint\u00e9ticas<\/li>\n\t<li>Puentes gr\u00faa ligeros<\/li>\n\t<li>Transporte y montaje manual<\/li>\n<\/ul>\n<\/div>\n<\/div>\n<div class=\"row row-margin-25 collapse-fix\">\n<div class=\"col-12 col-sm-6\"><img decoding=\"async\" src=\"\/wp-content\/uploads\/2019\/09\/2_RWConveyor_SafeRail_Square.jpg\" alt=\"carril seguro 2\"><\/div>\n<div class=\"col-12 col-sm-6\"><img decoding=\"async\" src=\"\/wp-content\/uploads\/2019\/09\/3_RWConveyor_SafeRail_Square.jpg\" alt=\"carril seguro 3\"><\/div>\n<\/div>\n<div class=\"row row-margin-25\">\n<div class=\"col-12 list-centered\">\n<h3>Dise\u00f1ado para la evoluci\u00f3n<\/h3>\n<p class=\"subsub\">El transportador monorra\u00edl Richards-Wilcox Safe-Rail\u00ae est\u00e1 dise\u00f1ado para hacer evolucionar su f\u00e1brica.<\/p>\n<h3>He aqu\u00ed c\u00f3mo:<\/h3>\n<ul>\n\t<li>Es<strong> altamente adaptable. <\/strong>Safe-Rail\u00ae puede actualizarse a un sistema Zig-Zag o Twin-Trak con un aprovechamiento del 100% de las piezas existentes.<\/li>\n\t<li>Safe-Rail\u00ae es una alternativa de transporte y almacenamiento con empuje manual para evitar la manipulaci\u00f3n manual del producto. Esto <strong>disminuye el potencial de p\u00e9rdida o da\u00f1o.<\/strong><\/li>\n\t<li>Su Safe-Rail\u00ae libera un espacio vital en el suelo, facilitando el movimiento de los productos por toda la instalaci\u00f3n y permitiendo <strong>un flujo de productos organizado<\/strong>.  <\/li>\n\t<li>Aprovecha al <strong>m\u00e1ximo el espacio del que dispone.<\/strong> Safe-Rail\u00ae proporciona un almacenamiento dedicado en el \u00e1rea especificada por el usuario. Este sistema elimina el espacio desperdiciado y almacena eficazmente el producto de forma organizada dentro de las mismas \u00e1reas de trabajo, d\u00eda tras d\u00eda.  <\/li>\n\t<li> <strong>Protege su producto y mantiene a sus trabajadores seguros.<\/strong> Dado que el producto est\u00e1 suspendido de un soporte Safe-Rail\u00ae, la remanipulaci\u00f3n manual del producto se reduce al m\u00ednimo, lo que disminuye la posibilidad de que se da\u00f1e. Los VMT suben y bajan autom\u00e1ticamente el producto, eliminando las lesiones relacionadas con el levantamiento y la flexi\u00f3n.<\/li>\n\t<li>Est\u00e1 <strong>construido para durar.<\/strong> El dise\u00f1o de pista cerrada protege a los portadores y las pistas de la suciedad y otros contaminantes. Adem\u00e1s, las placas de ranura deslizantes de Safe-Rail soportan las cargas a trav\u00e9s de los interruptores, proporcionando un recorrido suave y una mayor vida \u00fatil de los mismos.  <\/li>\n<\/ul>\n<\/div>\n<\/div>","protected":false},"excerpt":{"rendered":"Sobre el sistema El transportador monorra\u00edl Richards-Wilcox Safe-Rail\u00ae se caracteriza por Capacidades que van de 10 a 1.000 lbs. Riel recto, de 3\/16&#8243; de grosor, el m\u00e1s pesado de la industria, almacenado en longitudes de 10&#8242;. Curvas horizontales, 3\/16&#8243; de grosor, 90\u00b0 Interruptores de rana VMTs: sube o baja autom\u00e1ticamente el producto Secci\u00f3n de inserci\u00f3n [&hellip;]","protected":false},"author":13,"featured_media":0,"parent":3794,"menu_order":0,"comment_status":"closed","ping_status":"closed","template":"interior-page.php","meta":{"_acf_changed":false,"footnotes":""},"class_list":["post-3779","page","type-page","status-publish","hentry"],"acf":[],"yoast_head":"<!-- This site is optimized with the Yoast SEO plugin v24.7 - https:\/\/yoast.com\/wordpress\/plugins\/seo\/ -->\n<title>Transportador monorra\u00edl Safe-Rail\u00ae de v\u00eda cerrada<\/title>\n<meta name=\"description\" content=\"Eficiente y ampliable, el transportador monorra\u00edl Safe-Rail\u00ae de Richards-Wilcox es la soluci\u00f3n \u00f3ptima para aplicaciones de transporte y almacenamiento con empuje manual.\" \/>\n<meta name=\"robots\" content=\"index, follow, max-snippet:-1, max-image-preview:large, max-video-preview:-1\" \/>\n<link rel=\"canonical\" href=\"https:\/\/rwconveyor.com\/es\/productos\/transportadores-monorrail-sistemas-estandar\/transportador-monorrail-safe-rail-de-via-cerrada\/\" \/>\n<meta property=\"og:locale\" content=\"es_ES\" \/>\n<meta property=\"og:type\" content=\"article\" \/>\n<meta property=\"og:title\" content=\"Transportador monorra\u00edl de v\u00eda cerrada Safe-Rail\" \/>\n<meta property=\"og:description\" content=\"F\u00e1cilmente actualizable a un sistema m\u00e1s sofisticado\" \/>\n<meta property=\"og:url\" content=\"https:\/\/rwconveyor.com\/es\/productos\/transportadores-monorrail-sistemas-estandar\/transportador-monorrail-safe-rail-de-via-cerrada\/\" \/>\n<meta property=\"og:site_name\" content=\"Richards-Wilcox Conveyor\" \/>\n<meta property=\"article:modified_time\" content=\"2022-07-20T21:38:30+00:00\" \/>\n<meta property=\"og:image\" content=\"https:\/\/rwconveyor.com\/wp-content\/uploads\/2020\/07\/Safe-Rail_LI_T.jpg\" \/>\n<meta name=\"twitter:label1\" content=\"Tiempo de lectura\" \/>\n\t<meta name=\"twitter:data1\" content=\"2 minutos\" \/>\n<script type=\"application\/ld+json\" class=\"yoast-schema-graph\">{\"@context\":\"https:\/\/schema.org\",\"@graph\":[{\"@type\":\"WebPage\",\"@id\":\"https:\/\/rwconveyor.com\/es\/productos\/transportadores-monorrail-sistemas-estandar\/transportador-monorrail-safe-rail-de-via-cerrada\/\",\"url\":\"https:\/\/rwconveyor.com\/es\/productos\/transportadores-monorrail-sistemas-estandar\/transportador-monorrail-safe-rail-de-via-cerrada\/\",\"name\":\"Transportador monorra\u00edl Safe-Rail\u00ae de v\u00eda cerrada\",\"isPartOf\":{\"@id\":\"https:\/\/rwconveyor.com\/es\/#website\"},\"datePublished\":\"2013-05-10T00:15:44+00:00\",\"dateModified\":\"2022-07-20T21:38:30+00:00\",\"description\":\"Eficiente y ampliable, el transportador monorra\u00edl Safe-Rail\u00ae de Richards-Wilcox es la soluci\u00f3n \u00f3ptima para aplicaciones de transporte y almacenamiento con empuje manual.\",\"breadcrumb\":{\"@id\":\"https:\/\/rwconveyor.com\/es\/productos\/transportadores-monorrail-sistemas-estandar\/transportador-monorrail-safe-rail-de-via-cerrada\/#breadcrumb\"},\"inLanguage\":\"es\",\"potentialAction\":[{\"@type\":\"ReadAction\",\"target\":[\"https:\/\/rwconveyor.com\/es\/productos\/transportadores-monorrail-sistemas-estandar\/transportador-monorrail-safe-rail-de-via-cerrada\/\"]}]},{\"@type\":\"BreadcrumbList\",\"@id\":\"https:\/\/rwconveyor.com\/es\/productos\/transportadores-monorrail-sistemas-estandar\/transportador-monorrail-safe-rail-de-via-cerrada\/#breadcrumb\",\"itemListElement\":[{\"@type\":\"ListItem\",\"position\":1,\"name\":\"Home\",\"item\":\"https:\/\/rwconveyor.com\/es\/inicio\/\"},{\"@type\":\"ListItem\",\"position\":2,\"name\":\"Productos\",\"item\":\"https:\/\/rwconveyor.com\/es\/productos\/\"},{\"@type\":\"ListItem\",\"position\":3,\"name\":\"Transportadores monorra\u00edl &#8211; Sistemas est\u00e1ndar\",\"item\":\"https:\/\/rwconveyor.com\/es\/products\/standard-conveyor-systems\/\"},{\"@type\":\"ListItem\",\"position\":4,\"name\":\"Transportador monorra\u00edl Safe-Rail\u00ae de v\u00eda cerrada\"}]},{\"@type\":\"WebSite\",\"@id\":\"https:\/\/rwconveyor.com\/es\/#website\",\"url\":\"https:\/\/rwconveyor.com\/es\/\",\"name\":\"Richards-Wilcox Conveyor\",\"description\":\"Transportadores a\u00e9reos, transportadores el\u00e9ctricos y libres\\n\",\"publisher\":{\"@id\":\"https:\/\/rwconveyor.com\/es\/#organization\"},\"potentialAction\":[{\"@type\":\"SearchAction\",\"target\":{\"@type\":\"EntryPoint\",\"urlTemplate\":\"https:\/\/rwconveyor.com\/es\/?s={search_term_string}\"},\"query-input\":{\"@type\":\"PropertyValueSpecification\",\"valueRequired\":true,\"valueName\":\"search_term_string\"}}],\"inLanguage\":\"es\"},{\"@type\":\"Organization\",\"@id\":\"https:\/\/rwconveyor.com\/es\/#organization\",\"name\":\"Richards-Wilcox Conveyor\",\"url\":\"https:\/\/rwconveyor.com\/es\/\",\"logo\":{\"@type\":\"ImageObject\",\"inLanguage\":\"es\",\"@id\":\"https:\/\/rwconveyor.com\/es\/#\/schema\/logo\/image\/\",\"url\":\"https:\/\/rwconveyor.com\/wp-content\/uploads\/2020\/05\/RW_Conveyor_Horizontal_NoTag_4C.png\",\"contentUrl\":\"https:\/\/rwconveyor.com\/wp-content\/uploads\/2020\/05\/RW_Conveyor_Horizontal_NoTag_4C.png\",\"width\":512,\"height\":512,\"caption\":\"Richards-Wilcox Conveyor\"},\"image\":{\"@id\":\"https:\/\/rwconveyor.com\/es\/#\/schema\/logo\/image\/\"}}]}<\/script>\n<!-- \/ Yoast SEO plugin. -->","yoast_head_json":{"title":"Transportador monorra\u00edl Safe-Rail\u00ae de v\u00eda cerrada","description":"Eficiente y ampliable, el transportador monorra\u00edl Safe-Rail\u00ae de Richards-Wilcox es la soluci\u00f3n \u00f3ptima para aplicaciones de transporte y almacenamiento con empuje manual.","robots":{"index":"index","follow":"follow","max-snippet":"max-snippet:-1","max-image-preview":"max-image-preview:large","max-video-preview":"max-video-preview:-1"},"canonical":"https:\/\/rwconveyor.com\/es\/productos\/transportadores-monorrail-sistemas-estandar\/transportador-monorrail-safe-rail-de-via-cerrada\/","og_locale":"es_ES","og_type":"article","og_title":"Transportador monorra\u00edl de v\u00eda cerrada Safe-Rail","og_description":"F\u00e1cilmente actualizable a un sistema m\u00e1s sofisticado","og_url":"https:\/\/rwconveyor.com\/es\/productos\/transportadores-monorrail-sistemas-estandar\/transportador-monorrail-safe-rail-de-via-cerrada\/","og_site_name":"Richards-Wilcox Conveyor","article_modified_time":"2022-07-20T21:38:30+00:00","og_image":[{"url":"https:\/\/rwconveyor.com\/wp-content\/uploads\/2020\/07\/Safe-Rail_LI_T.jpg","type":"","width":"","height":""}],"twitter_misc":{"Tiempo de lectura":"2 minutos"},"schema":{"@context":"https:\/\/schema.org","@graph":[{"@type":"WebPage","@id":"https:\/\/rwconveyor.com\/es\/productos\/transportadores-monorrail-sistemas-estandar\/transportador-monorrail-safe-rail-de-via-cerrada\/","url":"https:\/\/rwconveyor.com\/es\/productos\/transportadores-monorrail-sistemas-estandar\/transportador-monorrail-safe-rail-de-via-cerrada\/","name":"Transportador monorra\u00edl Safe-Rail\u00ae de v\u00eda cerrada","isPartOf":{"@id":"https:\/\/rwconveyor.com\/es\/#website"},"datePublished":"2013-05-10T00:15:44+00:00","dateModified":"2022-07-20T21:38:30+00:00","description":"Eficiente y ampliable, el transportador monorra\u00edl Safe-Rail\u00ae de Richards-Wilcox es la soluci\u00f3n \u00f3ptima para aplicaciones de transporte y almacenamiento con empuje manual.","breadcrumb":{"@id":"https:\/\/rwconveyor.com\/es\/productos\/transportadores-monorrail-sistemas-estandar\/transportador-monorrail-safe-rail-de-via-cerrada\/#breadcrumb"},"inLanguage":"es","potentialAction":[{"@type":"ReadAction","target":["https:\/\/rwconveyor.com\/es\/productos\/transportadores-monorrail-sistemas-estandar\/transportador-monorrail-safe-rail-de-via-cerrada\/"]}]},{"@type":"BreadcrumbList","@id":"https:\/\/rwconveyor.com\/es\/productos\/transportadores-monorrail-sistemas-estandar\/transportador-monorrail-safe-rail-de-via-cerrada\/#breadcrumb","itemListElement":[{"@type":"ListItem","position":1,"name":"Home","item":"https:\/\/rwconveyor.com\/es\/inicio\/"},{"@type":"ListItem","position":2,"name":"Productos","item":"https:\/\/rwconveyor.com\/es\/productos\/"},{"@type":"ListItem","position":3,"name":"Transportadores monorra\u00edl &#8211; Sistemas est\u00e1ndar","item":"https:\/\/rwconveyor.com\/es\/products\/standard-conveyor-systems\/"},{"@type":"ListItem","position":4,"name":"Transportador monorra\u00edl Safe-Rail\u00ae de v\u00eda cerrada"}]},{"@type":"WebSite","@id":"https:\/\/rwconveyor.com\/es\/#website","url":"https:\/\/rwconveyor.com\/es\/","name":"Richards-Wilcox Conveyor","description":"Transportadores a\u00e9reos, transportadores el\u00e9ctricos y libres\n","publisher":{"@id":"https:\/\/rwconveyor.com\/es\/#organization"},"potentialAction":[{"@type":"SearchAction","target":{"@type":"EntryPoint","urlTemplate":"https:\/\/rwconveyor.com\/es\/?s={search_term_string}"},"query-input":{"@type":"PropertyValueSpecification","valueRequired":true,"valueName":"search_term_string"}}],"inLanguage":"es"},{"@type":"Organization","@id":"https:\/\/rwconveyor.com\/es\/#organization","name":"Richards-Wilcox Conveyor","url":"https:\/\/rwconveyor.com\/es\/","logo":{"@type":"ImageObject","inLanguage":"es","@id":"https:\/\/rwconveyor.com\/es\/#\/schema\/logo\/image\/","url":"https:\/\/rwconveyor.com\/wp-content\/uploads\/2020\/05\/RW_Conveyor_Horizontal_NoTag_4C.png","contentUrl":"https:\/\/rwconveyor.com\/wp-content\/uploads\/2020\/05\/RW_Conveyor_Horizontal_NoTag_4C.png","width":512,"height":512,"caption":"Richards-Wilcox Conveyor"},"image":{"@id":"https:\/\/rwconveyor.com\/es\/#\/schema\/logo\/image\/"}}]}},"_links":{"self":[{"href":"https:\/\/rwconveyor.com\/es\/wp-json\/wp\/v2\/pages\/3779","targetHints":{"allow":["GET"]}}],"collection":[{"href":"https:\/\/rwconveyor.com\/es\/wp-json\/wp\/v2\/pages"}],"about":[{"href":"https:\/\/rwconveyor.com\/es\/wp-json\/wp\/v2\/types\/page"}],"author":[{"embeddable":true,"href":"https:\/\/rwconveyor.com\/es\/wp-json\/wp\/v2\/users\/13"}],"replies":[{"embeddable":true,"href":"https:\/\/rwconveyor.com\/es\/wp-json\/wp\/v2\/comments?post=3779"}],"version-history":[{"count":1,"href":"https:\/\/rwconveyor.com\/es\/wp-json\/wp\/v2\/pages\/3779\/revisions"}],"predecessor-version":[{"id":3789,"href":"https:\/\/rwconveyor.com\/es\/wp-json\/wp\/v2\/pages\/3779\/revisions\/3789"}],"up":[{"embeddable":true,"href":"https:\/\/rwconveyor.com\/es\/wp-json\/wp\/v2\/pages\/3794"}],"wp:attachment":[{"href":"https:\/\/rwconveyor.com\/es\/wp-json\/wp\/v2\/media?parent=3779"}],"curies":[{"name":"wp","href":"https:\/\/api.w.org\/{rel}","templated":true}]}}