{"id":3786,"date":"2014-10-06T12:33:01","date_gmt":"2014-10-06T17:33:01","guid":{"rendered":"https:\/\/rwconveyor.com\/recursos\/"},"modified":"2024-10-15T10:48:08","modified_gmt":"2024-10-15T15:48:08","slug":"recursos","status":"publish","type":"page","link":"https:\/\/rwconveyor.com\/es\/recursos\/","title":{"rendered":"Recursos"},"content":{"rendered":"<div class=\"row justify-content-center\">\n<div class=\"col-4\">\n<div class=\"flex-center\">\n<p><a href=\"https:\/\/rwconveyor.com\/wp-content\/uploads\/2023\/06\/RWC_Right_Choice_PDF_053123.pdf\" target=\"_blank\" rel=\"noopener noreferrer\"><img decoding=\"async\" src=\"\/wp-content\/uploads\/2023\/06\/RWC_Right-Choice_Sellsheet.png\" alt=\"cat\u00e1logo right choice\"><\/a><\/p>\n<p class=\"subsub gold\">Richards-Wilcox &#8211; La elecci\u00f3n correcta<\/p>\n<p>&nbsp;<\/p>\n<\/div>\n<\/div>\n<div class=\"col-4\">\n<div class=\"flex-center\">\n<p><a href=\"https:\/\/rwconveyor.com\/wp-content\/uploads\/2019\/10\/Richards-Wilcox_Conveyor_High_Performance_Chain.pdf\" target=\"_blank\" rel=\"noopener noreferrer\"><img decoding=\"async\" src=\"\/wp-content\/uploads\/2019\/10\/Richards-Wilcox_Conveyor_High_Performance_Chain.png\" alt=\"cat\u00e1logo de cadenas de transporte\"><\/a><\/p>\n<p class=\"subsub gold\">Cadena transportadora de alto rendimiento Richards-Wilcox<\/p>\n<p>&nbsp;<\/p>\n<\/div>\n<\/div>\n<div class=\"col-4\">\n<div class=\"flex-center\">\n<p><a href=\"https:\/\/rwconveyor.com\/wp-content\/uploads\/2019\/10\/Richards-Wilcox_Conveyor_MonoCart.pdf\" target=\"_blank\" rel=\"noopener noreferrer\"><img decoding=\"async\" src=\"\/wp-content\/uploads\/2019\/10\/Richards-Wilcox_Conveyor_MonoCart.png\" alt=\"cat\u00e1logo de monocartas\"><\/a><\/p>\n<p class=\"subsub gold\">MonoCart\u2122<\/p>\n<p>&nbsp;<\/p>\n<\/div>\n<\/div>\n<\/div>\n<div class=\"row justify-content-center\">\n<div class=\"col-4\">\n<div class=\"flex-center\">\n<p><a href=\"https:\/\/rwconveyor.com\/wp-content\/uploads\/2019\/10\/Richards-Wilcox_Conveyor_OveR-Way_InvertedPowerFree-1.pdf\" target=\"_blank\" rel=\"noopener noreferrer\"><img decoding=\"async\" src=\"\/wp-content\/uploads\/2019\/10\/Richards-Wilcox_Conveyor_OveR-Way_InvertedPowerFree.png\" alt=\"cat\u00e1logo invertido overway\"><\/a><\/p>\n<p class=\"subsub gold\">OveR-Way\u2122 Transportadores de potencia y libres invertidos<\/p>\n<p>&nbsp;<\/p>\n<\/div>\n<\/div>\n<div class=\"col-4\">\n<div class=\"flex-center\">\n<p><a href=\"https:\/\/rwconveyor.com\/wp-content\/uploads\/2019\/10\/Richards-Wilcox_Conveyor_OveR-Way_PowerFree-1.pdf\" target=\"_blank\" rel=\"noopener noreferrer\"><img decoding=\"async\" src=\"\/wp-content\/uploads\/2019\/10\/Richards-Wilcox_Conveyor_OveR-Way_PowerFree.png\" alt=\"poder de overway y cat\u00e1logo gratuito\"><\/a><\/p>\n<p class=\"subsub gold\">Transportadores OveR-Way\u2122 Power &amp; Free<\/p>\n<p>&nbsp;<\/p>\n<\/div>\n<\/div>\n<div class=\"col-4\">\n<div class=\"flex-center\">\n<p><a href=\"https:\/\/rwconveyor.com\/wp-content\/uploads\/2019\/10\/Richards-Wilcox_Conveyor_PaintLineConveyor.pdf\" target=\"_blank\" rel=\"noopener noreferrer\"><img decoding=\"async\" src=\"\/wp-content\/uploads\/2019\/10\/Richards-Wilcox_Conveyor_PaintLineConveyor.png\" alt=\"cat\u00e1logo de transportadores paintline\"><\/a><\/p>\n<p class=\"subsub gold\">Transportadores invertidos PaintLine\u2122<\/p>\n<p>&nbsp;<\/p>\n<\/div>\n<\/div>\n<\/div>\n<div class=\"row justify-content-center\">\n<div class=\"col-4\">\n<div class=\"flex-center\">\n<p><a href=\"https:\/\/rwconveyor.com\/wp-content\/uploads\/2023\/08\/RWC_Safe-Rail_Chain-081823.pdf\" target=\"_blank\" rel=\"noopener noreferrer\"><img decoding=\"async\" src=\"\/wp-content\/uploads\/2023\/08\/RWC_Safe-Rail_Sellsheet.png\" alt=\"cat\u00e1logo de rieles seguros\"><\/a><\/p>\n<p class=\"subsub gold\">Transportadores manuales de empuje Safe-Rail\u2122<\/p>\n<p>&nbsp;<\/p>\n<\/div>\n<\/div>\n<div class=\"col-4\">\n<div class=\"flex-center\">\n<p><a href=\"https:\/\/rwconveyor.com\/wp-content\/uploads\/2020\/08\/Conveyor-System-Controls-2019.pdf\" target=\"_blank\" rel=\"noopener noreferrer\"><img decoding=\"async\" src=\"\/wp-content\/uploads\/2019\/10\/Richards-Wilcox_Conveyor_System_Controls.png\" alt=\"cat\u00e1logo de controles de transporte\"><\/a><\/p>\n<p class=\"subsub gold\">Controles del sistema de transporte<\/p>\n<p>&nbsp;<\/p>\n<\/div>\n<\/div>\n<div class=\"col-4\">\n<div class=\"flex-center\">\n<p><a href=\"https:\/\/rwconveyor.com\/wp-content\/uploads\/2019\/10\/Richards-Wilcox_Conveyor_SystemsSimulation.pdf\" target=\"_blank\" rel=\"noopener noreferrer\"><img decoding=\"async\" src=\"\/wp-content\/uploads\/2019\/10\/Richards-Wilcox_Conveyor_SystemsSimulation.png\" alt=\"cat\u00e1logo de simulaci\u00f3n\"><\/a><\/p>\n<p class=\"subsub gold\">Simulaci\u00f3n de sistemas de transporte<\/p>\n<p>&nbsp;<\/p>\n<\/div>\n<\/div>\n<\/div>\n<div class=\"row justify-content-center\">\n<div class=\"col-4\">\n<div class=\"flex-center\">\n<p><a href=\"https:\/\/rwconveyor.com\/wp-content\/uploads\/2020\/02\/Twin-Trak-Power-and-Free-201911.pdf\" target=\"_blank\" rel=\"noopener noreferrer\"><img decoding=\"async\" src=\"\/wp-content\/uploads\/2019\/10\/Richards-Wilcox_Conveyor_Twin-Trak_PowerandFree.png\" alt=\"cat\u00e1logo twin trak\"><\/a><\/p>\n<p class=\"subsub gold\">Transportadores Twin-Trak\u00ae Power &amp; Free<\/p>\n<p>&nbsp;<\/p>\n<\/div>\n<\/div>\n<div class=\"col-4\">\n<div class=\"flex-center\">\n<p><a href=\"https:\/\/rwconveyor.com\/wp-content\/uploads\/2019\/10\/Richards-Wilcox_Conveyor_Zig-Zag_Monorail.pdf\" target=\"_blank\" rel=\"noopener noreferrer\"><img decoding=\"async\" src=\"\/wp-content\/uploads\/2019\/10\/Richards-Wilcox_Conveyor_Zig-Zag_Monorail-1.png\" alt=\"transportador monorra\u00edl en zigzag\"><\/a><\/p>\n<p class=\"subsub gold\">Transportadores monorra\u00edl Zig-Zag<\/p>\n<p>&nbsp;<\/p>\n<\/div>\n<\/div>\n<div class=\"col-4\">\n<div class=\"flex-center\">\n<p><a href=\"https:\/\/rwconveyor.com\/wp-content\/uploads\/2023\/06\/RWC_Stainless_Steel_Chain.pdf\" target=\"_blank\" rel=\"noopener noreferrer\"><img decoding=\"async\" src=\"\/wp-content\/uploads\/2023\/06\/RWC_StainlessSteelChain_Sellsheet.png\" alt=\"cat\u00e1logo de acero inoxidable\"><\/a><\/p>\n<p class=\"subsub gold\">Cadena transportadora de acero inoxidable<\/p>\n<p>&nbsp;<\/p>\n<\/div>\n<\/div>\n<\/div>\n<div class=\"row justify-content-center\">\n<div class=\"col-4\">\n<div class=\"flex-center\">\n<p><a href=\"https:\/\/rwconveyor.com\/wp-content\/uploads\/2020\/09\/Richards-WIlcox-Conveyor-Systems-Catalog-2020.pdf\" target=\"_blank\" rel=\"noopener noreferrer\"><img decoding=\"async\" src=\"\/wp-content\/uploads\/2019\/10\/Richards-Wilcox_Conveyor_Catalog.png\" alt=\"cat\u00e1logo de transportadores a\u00e9reos\"><\/a><\/p>\n<p class=\"subsub gold\">Cat\u00e1logo de transportadores a\u00e9reos est\u00e1ndar<\/p>\n<p>&nbsp;<\/p>\n<\/div>\n<\/div>\n<\/div>","protected":false},"excerpt":{"rendered":"Richards-Wilcox &#8211; La elecci\u00f3n correcta &nbsp; Cadena transportadora de alto rendimiento Richards-Wilcox &nbsp; MonoCart\u2122 &nbsp; OveR-Way\u2122 Transportadores de potencia y libres invertidos &nbsp; Transportadores OveR-Way\u2122 Power &amp; Free &nbsp; Transportadores invertidos PaintLine\u2122 &nbsp; Transportadores manuales de empuje Safe-Rail\u2122 &nbsp; Controles del sistema de transporte &nbsp; Simulaci\u00f3n de sistemas de transporte &nbsp; Transportadores Twin-Trak\u00ae Power &amp; [&hellip;]","protected":false},"author":13,"featured_media":0,"parent":0,"menu_order":0,"comment_status":"closed","ping_status":"closed","template":"interior-page.php","meta":{"_acf_changed":false,"footnotes":""},"class_list":["post-3786","page","type-page","status-publish","hentry"],"acf":[],"yoast_head":"<!-- This site is optimized with the Yoast SEO plugin v24.7 - https:\/\/yoast.com\/wordpress\/plugins\/seo\/ -->\n<title>Recursos - Richards-Wilcox Conveyor<\/title>\n<meta name=\"description\" content=\"Aqu\u00ed encontrar\u00e1 una lista de art\u00edculos sobre c\u00f3mo mantener y elegir sistemas de transporte, infograf\u00edas, las ventajas de los sistemas de transporte y mucho m\u00e1s.\" \/>\n<meta name=\"robots\" content=\"index, follow, max-snippet:-1, max-image-preview:large, max-video-preview:-1\" \/>\n<link rel=\"canonical\" href=\"https:\/\/rwconveyor.com\/es\/recursos\/\" \/>\n<meta property=\"og:locale\" content=\"es_ES\" \/>\n<meta property=\"og:type\" content=\"article\" \/>\n<meta property=\"og:title\" content=\"Recursos - Richards-Wilcox Conveyor\" \/>\n<meta property=\"og:description\" content=\"Aqu\u00ed encontrar\u00e1 una lista de art\u00edculos sobre c\u00f3mo mantener y elegir sistemas de transporte, infograf\u00edas, las ventajas de los sistemas de transporte y mucho m\u00e1s.\" \/>\n<meta property=\"og:url\" content=\"https:\/\/rwconveyor.com\/es\/recursos\/\" \/>\n<meta property=\"og:site_name\" content=\"Richards-Wilcox Conveyor\" \/>\n<meta property=\"article:modified_time\" content=\"2024-10-15T15:48:08+00:00\" \/>\n<script type=\"application\/ld+json\" class=\"yoast-schema-graph\">{\"@context\":\"https:\/\/schema.org\",\"@graph\":[{\"@type\":\"WebPage\",\"@id\":\"https:\/\/rwconveyor.com\/es\/recursos\/\",\"url\":\"https:\/\/rwconveyor.com\/es\/recursos\/\",\"name\":\"Recursos - Richards-Wilcox Conveyor\",\"isPartOf\":{\"@id\":\"https:\/\/rwconveyor.com\/es\/#website\"},\"datePublished\":\"2014-10-06T17:33:01+00:00\",\"dateModified\":\"2024-10-15T15:48:08+00:00\",\"description\":\"Aqu\u00ed encontrar\u00e1 una lista de art\u00edculos sobre c\u00f3mo mantener y elegir sistemas de transporte, infograf\u00edas, las ventajas de los sistemas de transporte y mucho m\u00e1s.\",\"breadcrumb\":{\"@id\":\"https:\/\/rwconveyor.com\/es\/recursos\/#breadcrumb\"},\"inLanguage\":\"es\",\"potentialAction\":[{\"@type\":\"ReadAction\",\"target\":[\"https:\/\/rwconveyor.com\/es\/recursos\/\"]}]},{\"@type\":\"BreadcrumbList\",\"@id\":\"https:\/\/rwconveyor.com\/es\/recursos\/#breadcrumb\",\"itemListElement\":[{\"@type\":\"ListItem\",\"position\":1,\"name\":\"Home\",\"item\":\"https:\/\/rwconveyor.com\/es\/inicio\/\"},{\"@type\":\"ListItem\",\"position\":2,\"name\":\"Recursos\"}]},{\"@type\":\"WebSite\",\"@id\":\"https:\/\/rwconveyor.com\/es\/#website\",\"url\":\"https:\/\/rwconveyor.com\/es\/\",\"name\":\"Richards-Wilcox Conveyor\",\"description\":\"Transportadores a\u00e9reos, transportadores el\u00e9ctricos y libres\\n\",\"publisher\":{\"@id\":\"https:\/\/rwconveyor.com\/es\/#organization\"},\"potentialAction\":[{\"@type\":\"SearchAction\",\"target\":{\"@type\":\"EntryPoint\",\"urlTemplate\":\"https:\/\/rwconveyor.com\/es\/?s={search_term_string}\"},\"query-input\":{\"@type\":\"PropertyValueSpecification\",\"valueRequired\":true,\"valueName\":\"search_term_string\"}}],\"inLanguage\":\"es\"},{\"@type\":\"Organization\",\"@id\":\"https:\/\/rwconveyor.com\/es\/#organization\",\"name\":\"Richards-Wilcox Conveyor\",\"url\":\"https:\/\/rwconveyor.com\/es\/\",\"logo\":{\"@type\":\"ImageObject\",\"inLanguage\":\"es\",\"@id\":\"https:\/\/rwconveyor.com\/es\/#\/schema\/logo\/image\/\",\"url\":\"https:\/\/rwconveyor.com\/wp-content\/uploads\/2020\/05\/RW_Conveyor_Horizontal_NoTag_4C.png\",\"contentUrl\":\"https:\/\/rwconveyor.com\/wp-content\/uploads\/2020\/05\/RW_Conveyor_Horizontal_NoTag_4C.png\",\"width\":512,\"height\":512,\"caption\":\"Richards-Wilcox Conveyor\"},\"image\":{\"@id\":\"https:\/\/rwconveyor.com\/es\/#\/schema\/logo\/image\/\"}}]}<\/script>\n<!-- \/ Yoast SEO plugin. -->","yoast_head_json":{"title":"Recursos - Richards-Wilcox Conveyor","description":"Aqu\u00ed encontrar\u00e1 una lista de art\u00edculos sobre c\u00f3mo mantener y elegir sistemas de transporte, infograf\u00edas, las ventajas de los sistemas de transporte y mucho m\u00e1s.","robots":{"index":"index","follow":"follow","max-snippet":"max-snippet:-1","max-image-preview":"max-image-preview:large","max-video-preview":"max-video-preview:-1"},"canonical":"https:\/\/rwconveyor.com\/es\/recursos\/","og_locale":"es_ES","og_type":"article","og_title":"Recursos - Richards-Wilcox Conveyor","og_description":"Aqu\u00ed encontrar\u00e1 una lista de art\u00edculos sobre c\u00f3mo mantener y elegir sistemas de transporte, infograf\u00edas, las ventajas de los sistemas de transporte y mucho m\u00e1s.","og_url":"https:\/\/rwconveyor.com\/es\/recursos\/","og_site_name":"Richards-Wilcox Conveyor","article_modified_time":"2024-10-15T15:48:08+00:00","schema":{"@context":"https:\/\/schema.org","@graph":[{"@type":"WebPage","@id":"https:\/\/rwconveyor.com\/es\/recursos\/","url":"https:\/\/rwconveyor.com\/es\/recursos\/","name":"Recursos - Richards-Wilcox Conveyor","isPartOf":{"@id":"https:\/\/rwconveyor.com\/es\/#website"},"datePublished":"2014-10-06T17:33:01+00:00","dateModified":"2024-10-15T15:48:08+00:00","description":"Aqu\u00ed encontrar\u00e1 una lista de art\u00edculos sobre c\u00f3mo mantener y elegir sistemas de transporte, infograf\u00edas, las ventajas de los sistemas de transporte y mucho m\u00e1s.","breadcrumb":{"@id":"https:\/\/rwconveyor.com\/es\/recursos\/#breadcrumb"},"inLanguage":"es","potentialAction":[{"@type":"ReadAction","target":["https:\/\/rwconveyor.com\/es\/recursos\/"]}]},{"@type":"BreadcrumbList","@id":"https:\/\/rwconveyor.com\/es\/recursos\/#breadcrumb","itemListElement":[{"@type":"ListItem","position":1,"name":"Home","item":"https:\/\/rwconveyor.com\/es\/inicio\/"},{"@type":"ListItem","position":2,"name":"Recursos"}]},{"@type":"WebSite","@id":"https:\/\/rwconveyor.com\/es\/#website","url":"https:\/\/rwconveyor.com\/es\/","name":"Richards-Wilcox Conveyor","description":"Transportadores a\u00e9reos, transportadores el\u00e9ctricos y libres\n","publisher":{"@id":"https:\/\/rwconveyor.com\/es\/#organization"},"potentialAction":[{"@type":"SearchAction","target":{"@type":"EntryPoint","urlTemplate":"https:\/\/rwconveyor.com\/es\/?s={search_term_string}"},"query-input":{"@type":"PropertyValueSpecification","valueRequired":true,"valueName":"search_term_string"}}],"inLanguage":"es"},{"@type":"Organization","@id":"https:\/\/rwconveyor.com\/es\/#organization","name":"Richards-Wilcox Conveyor","url":"https:\/\/rwconveyor.com\/es\/","logo":{"@type":"ImageObject","inLanguage":"es","@id":"https:\/\/rwconveyor.com\/es\/#\/schema\/logo\/image\/","url":"https:\/\/rwconveyor.com\/wp-content\/uploads\/2020\/05\/RW_Conveyor_Horizontal_NoTag_4C.png","contentUrl":"https:\/\/rwconveyor.com\/wp-content\/uploads\/2020\/05\/RW_Conveyor_Horizontal_NoTag_4C.png","width":512,"height":512,"caption":"Richards-Wilcox Conveyor"},"image":{"@id":"https:\/\/rwconveyor.com\/es\/#\/schema\/logo\/image\/"}}]}},"_links":{"self":[{"href":"https:\/\/rwconveyor.com\/es\/wp-json\/wp\/v2\/pages\/3786","targetHints":{"allow":["GET"]}}],"collection":[{"href":"https:\/\/rwconveyor.com\/es\/wp-json\/wp\/v2\/pages"}],"about":[{"href":"https:\/\/rwconveyor.com\/es\/wp-json\/wp\/v2\/types\/page"}],"author":[{"embeddable":true,"href":"https:\/\/rwconveyor.com\/es\/wp-json\/wp\/v2\/users\/13"}],"replies":[{"embeddable":true,"href":"https:\/\/rwconveyor.com\/es\/wp-json\/wp\/v2\/comments?post=3786"}],"version-history":[{"count":3,"href":"https:\/\/rwconveyor.com\/es\/wp-json\/wp\/v2\/pages\/3786\/revisions"}],"predecessor-version":[{"id":7212,"href":"https:\/\/rwconveyor.com\/es\/wp-json\/wp\/v2\/pages\/3786\/revisions\/7212"}],"wp:attachment":[{"href":"https:\/\/rwconveyor.com\/es\/wp-json\/wp\/v2\/media?parent=3786"}],"curies":[{"name":"wp","href":"https:\/\/api.w.org\/{rel}","templated":true}]}}