{"id":3788,"date":"2013-05-09T17:16:35","date_gmt":"2013-05-09T22:16:35","guid":{"rendered":"https:\/\/rwconveyor.com\/aplicaciones-y-capacidades\/manipulacion-y-fabricacion-de-materiales\/"},"modified":"2022-07-20T16:38:27","modified_gmt":"2022-07-20T21:38:27","slug":"manipulacion-y-fabricacion-de-materiales","status":"publish","type":"page","link":"https:\/\/rwconveyor.com\/es\/aplicaciones-y-capacidades\/manipulacion-y-fabricacion-de-materiales\/","title":{"rendered":"Manipulaci\u00f3n y fabricaci\u00f3n de materiales"},"content":{"rendered":"<div class=\"row row-margin-25\">\n<div class=\"col-12\"><img decoding=\"async\" src=\"\/wp-content\/uploads\/2019\/09\/mhaf-1.jpg\" height=\"444\" alt=\"cinta transportadora para la manipulaci\u00f3n de materiales\"><\/div>\n<\/div>\n<div class=\"row row-margin-25\">\n<div class=\"col-12 col-sm-4\">\n<h3>Los transportadores Richards-Wilcox son ideales para:<\/h3>\n<\/div>\n<div class=\"col-12 col-sm-8\">\n<ul class=\"split\">\n\t<li>Fabricaci\u00f3n de acero &#8211; Submontaje<\/li>\n\t<li>Soldadura rob\u00f3tica y manual<\/li>\n\t<li>Formando<\/li>\n\t<li>Doblar<\/li>\n<\/ul>\n<\/div>\n<\/div>\n<hr>\n<div class=\"row row-margin-25\">\n<div class=\"col-12\">\n<h3>Nuestros sistemas cuentan con:<\/h3>\n<ul class=\"centered\">\n\t<li><strong>Sistemas fiables de bajo mantenimiento<\/strong>, configuraciones a\u00e9reas y laterales que ahorran espacio y m\u00faltiples puntos de carga y descarga<\/li>\n\t<li><strong>Sistemas de control autom\u00e1tico<\/strong> que admiten el seguimiento, la conmutaci\u00f3n, la fusi\u00f3n, el desv\u00edo, la tipificaci\u00f3n del color y la se\u00f1alizaci\u00f3n de \u00abpintar\u00bb o \u00abno pintar\u00bb<\/li>\n\t<li><strong>Rotaci\u00f3n autom\u00e1tica<\/strong> que permite, la acumulaci\u00f3n de paquetes densos y reducir el tama\u00f1o del horno de curado<\/li>\n<\/ul>\n<\/div>\n<\/div>\n<div class=\"row row-margin-25 collapse-fix\">\n<div class=\"col-12 col-sm-6\"><img decoding=\"async\" src=\"\/wp-content\/uploads\/2019\/09\/mhaf-2.jpg\" alt=\"manipulaci\u00f3n de materiales 2\"><\/div>\n<div class=\"col-12 col-sm-6\"><img loading=\"lazy\" decoding=\"async\" width=\"550\" height=\"550\" class=\"aligncenter size-full wp-image-2847\" src=\"\/wp-content\/uploads\/2020\/02\/RWC_Material_Handling_Fabrication.jpg\" alt=\"cinta transportadora para la manipulaci\u00f3n de materiales 3\" srcset=\"https:\/\/rwconveyor.com\/wp-content\/uploads\/2020\/02\/RWC_Material_Handling_Fabrication.jpg 550w, https:\/\/rwconveyor.com\/wp-content\/uploads\/2020\/02\/RWC_Material_Handling_Fabrication-300x300.jpg 300w, https:\/\/rwconveyor.com\/wp-content\/uploads\/2020\/02\/RWC_Material_Handling_Fabrication-100x100.jpg 100w, https:\/\/rwconveyor.com\/wp-content\/uploads\/2020\/02\/RWC_Material_Handling_Fabrication-150x150.jpg 150w\" sizes=\"auto, (max-width: 550px) 100vw, 550px\" \/><\/div>\n<\/div>","protected":false},"excerpt":{"rendered":"Los transportadores Richards-Wilcox son ideales para: Fabricaci\u00f3n de acero &#8211; Submontaje Soldadura rob\u00f3tica y manual Formando Doblar Nuestros sistemas cuentan con: Sistemas fiables de bajo mantenimiento, configuraciones a\u00e9reas y laterales que ahorran espacio y m\u00faltiples puntos de carga y descarga Sistemas de control autom\u00e1tico que admiten el seguimiento, la conmutaci\u00f3n, la fusi\u00f3n, el desv\u00edo, la [&hellip;]","protected":false},"author":13,"featured_media":0,"parent":3782,"menu_order":0,"comment_status":"closed","ping_status":"closed","template":"interior-page.php","meta":{"_acf_changed":false,"footnotes":""},"class_list":["post-3788","page","type-page","status-publish","hentry"],"acf":[],"yoast_head":"<!-- This site is optimized with the Yoast SEO plugin v24.7 - https:\/\/yoast.com\/wordpress\/plugins\/seo\/ -->\n<title>Manipulaci\u00f3n y fabricaci\u00f3n de materiales - Richards-Wilcox Conveyor<\/title>\n<meta name=\"description\" content=\"Dise\u00f1ados para un mundo &quot;justo a tiempo&quot;, los transportadores Richards-Wilcox pueden proporcionar soluciones completas para los complejos retos de manipulaci\u00f3n y fabricaci\u00f3n de materiales.\" \/>\n<meta name=\"robots\" content=\"index, follow, max-snippet:-1, max-image-preview:large, max-video-preview:-1\" \/>\n<link rel=\"canonical\" href=\"https:\/\/rwconveyor.com\/es\/aplicaciones-y-capacidades\/manipulacion-y-fabricacion-de-materiales\/\" \/>\n<meta property=\"og:locale\" content=\"es_ES\" \/>\n<meta property=\"og:type\" content=\"article\" \/>\n<meta property=\"og:title\" content=\"Manipulaci\u00f3n y fabricaci\u00f3n de materiales - Richards-Wilcox Conveyor\" \/>\n<meta property=\"og:description\" content=\"Dise\u00f1ados para un mundo &quot;justo a tiempo&quot;, los transportadores Richards-Wilcox pueden proporcionar soluciones completas para los complejos retos de manipulaci\u00f3n y fabricaci\u00f3n de materiales.\" \/>\n<meta property=\"og:url\" content=\"https:\/\/rwconveyor.com\/es\/aplicaciones-y-capacidades\/manipulacion-y-fabricacion-de-materiales\/\" \/>\n<meta property=\"og:site_name\" content=\"Richards-Wilcox Conveyor\" \/>\n<meta property=\"article:modified_time\" content=\"2022-07-20T21:38:27+00:00\" \/>\n<script type=\"application\/ld+json\" class=\"yoast-schema-graph\">{\"@context\":\"https:\/\/schema.org\",\"@graph\":[{\"@type\":\"WebPage\",\"@id\":\"https:\/\/rwconveyor.com\/es\/aplicaciones-y-capacidades\/manipulacion-y-fabricacion-de-materiales\/\",\"url\":\"https:\/\/rwconveyor.com\/es\/aplicaciones-y-capacidades\/manipulacion-y-fabricacion-de-materiales\/\",\"name\":\"Manipulaci\u00f3n y fabricaci\u00f3n de materiales - Richards-Wilcox Conveyor\",\"isPartOf\":{\"@id\":\"https:\/\/rwconveyor.com\/es\/#website\"},\"datePublished\":\"2013-05-09T22:16:35+00:00\",\"dateModified\":\"2022-07-20T21:38:27+00:00\",\"description\":\"Dise\u00f1ados para un mundo \\\"justo a tiempo\\\", los transportadores Richards-Wilcox pueden proporcionar soluciones completas para los complejos retos de manipulaci\u00f3n y fabricaci\u00f3n de materiales.\",\"breadcrumb\":{\"@id\":\"https:\/\/rwconveyor.com\/es\/aplicaciones-y-capacidades\/manipulacion-y-fabricacion-de-materiales\/#breadcrumb\"},\"inLanguage\":\"es\",\"potentialAction\":[{\"@type\":\"ReadAction\",\"target\":[\"https:\/\/rwconveyor.com\/es\/aplicaciones-y-capacidades\/manipulacion-y-fabricacion-de-materiales\/\"]}]},{\"@type\":\"BreadcrumbList\",\"@id\":\"https:\/\/rwconveyor.com\/es\/aplicaciones-y-capacidades\/manipulacion-y-fabricacion-de-materiales\/#breadcrumb\",\"itemListElement\":[{\"@type\":\"ListItem\",\"position\":1,\"name\":\"Home\",\"item\":\"https:\/\/rwconveyor.com\/es\/inicio\/\"},{\"@type\":\"ListItem\",\"position\":2,\"name\":\"Aplicaciones y capacidades\",\"item\":\"https:\/\/rwconveyor.com\/es\/aplicaciones-y-capacidades\/\"},{\"@type\":\"ListItem\",\"position\":3,\"name\":\"Manipulaci\u00f3n y fabricaci\u00f3n de materiales\"}]},{\"@type\":\"WebSite\",\"@id\":\"https:\/\/rwconveyor.com\/es\/#website\",\"url\":\"https:\/\/rwconveyor.com\/es\/\",\"name\":\"Richards-Wilcox Conveyor\",\"description\":\"Transportadores a\u00e9reos, transportadores el\u00e9ctricos y libres\\n\",\"publisher\":{\"@id\":\"https:\/\/rwconveyor.com\/es\/#organization\"},\"potentialAction\":[{\"@type\":\"SearchAction\",\"target\":{\"@type\":\"EntryPoint\",\"urlTemplate\":\"https:\/\/rwconveyor.com\/es\/?s={search_term_string}\"},\"query-input\":{\"@type\":\"PropertyValueSpecification\",\"valueRequired\":true,\"valueName\":\"search_term_string\"}}],\"inLanguage\":\"es\"},{\"@type\":\"Organization\",\"@id\":\"https:\/\/rwconveyor.com\/es\/#organization\",\"name\":\"Richards-Wilcox Conveyor\",\"url\":\"https:\/\/rwconveyor.com\/es\/\",\"logo\":{\"@type\":\"ImageObject\",\"inLanguage\":\"es\",\"@id\":\"https:\/\/rwconveyor.com\/es\/#\/schema\/logo\/image\/\",\"url\":\"https:\/\/rwconveyor.com\/wp-content\/uploads\/2020\/05\/RW_Conveyor_Horizontal_NoTag_4C.png\",\"contentUrl\":\"https:\/\/rwconveyor.com\/wp-content\/uploads\/2020\/05\/RW_Conveyor_Horizontal_NoTag_4C.png\",\"width\":512,\"height\":512,\"caption\":\"Richards-Wilcox Conveyor\"},\"image\":{\"@id\":\"https:\/\/rwconveyor.com\/es\/#\/schema\/logo\/image\/\"}}]}<\/script>\n<!-- \/ Yoast SEO plugin. -->","yoast_head_json":{"title":"Manipulaci\u00f3n y fabricaci\u00f3n de materiales - Richards-Wilcox Conveyor","description":"Dise\u00f1ados para un mundo \"justo a tiempo\", los transportadores Richards-Wilcox pueden proporcionar soluciones completas para los complejos retos de manipulaci\u00f3n y fabricaci\u00f3n de materiales.","robots":{"index":"index","follow":"follow","max-snippet":"max-snippet:-1","max-image-preview":"max-image-preview:large","max-video-preview":"max-video-preview:-1"},"canonical":"https:\/\/rwconveyor.com\/es\/aplicaciones-y-capacidades\/manipulacion-y-fabricacion-de-materiales\/","og_locale":"es_ES","og_type":"article","og_title":"Manipulaci\u00f3n y fabricaci\u00f3n de materiales - Richards-Wilcox Conveyor","og_description":"Dise\u00f1ados para un mundo \"justo a tiempo\", los transportadores Richards-Wilcox pueden proporcionar soluciones completas para los complejos retos de manipulaci\u00f3n y fabricaci\u00f3n de materiales.","og_url":"https:\/\/rwconveyor.com\/es\/aplicaciones-y-capacidades\/manipulacion-y-fabricacion-de-materiales\/","og_site_name":"Richards-Wilcox Conveyor","article_modified_time":"2022-07-20T21:38:27+00:00","schema":{"@context":"https:\/\/schema.org","@graph":[{"@type":"WebPage","@id":"https:\/\/rwconveyor.com\/es\/aplicaciones-y-capacidades\/manipulacion-y-fabricacion-de-materiales\/","url":"https:\/\/rwconveyor.com\/es\/aplicaciones-y-capacidades\/manipulacion-y-fabricacion-de-materiales\/","name":"Manipulaci\u00f3n y fabricaci\u00f3n de materiales - Richards-Wilcox Conveyor","isPartOf":{"@id":"https:\/\/rwconveyor.com\/es\/#website"},"datePublished":"2013-05-09T22:16:35+00:00","dateModified":"2022-07-20T21:38:27+00:00","description":"Dise\u00f1ados para un mundo \"justo a tiempo\", los transportadores Richards-Wilcox pueden proporcionar soluciones completas para los complejos retos de manipulaci\u00f3n y fabricaci\u00f3n de materiales.","breadcrumb":{"@id":"https:\/\/rwconveyor.com\/es\/aplicaciones-y-capacidades\/manipulacion-y-fabricacion-de-materiales\/#breadcrumb"},"inLanguage":"es","potentialAction":[{"@type":"ReadAction","target":["https:\/\/rwconveyor.com\/es\/aplicaciones-y-capacidades\/manipulacion-y-fabricacion-de-materiales\/"]}]},{"@type":"BreadcrumbList","@id":"https:\/\/rwconveyor.com\/es\/aplicaciones-y-capacidades\/manipulacion-y-fabricacion-de-materiales\/#breadcrumb","itemListElement":[{"@type":"ListItem","position":1,"name":"Home","item":"https:\/\/rwconveyor.com\/es\/inicio\/"},{"@type":"ListItem","position":2,"name":"Aplicaciones y capacidades","item":"https:\/\/rwconveyor.com\/es\/aplicaciones-y-capacidades\/"},{"@type":"ListItem","position":3,"name":"Manipulaci\u00f3n y fabricaci\u00f3n de materiales"}]},{"@type":"WebSite","@id":"https:\/\/rwconveyor.com\/es\/#website","url":"https:\/\/rwconveyor.com\/es\/","name":"Richards-Wilcox Conveyor","description":"Transportadores a\u00e9reos, transportadores el\u00e9ctricos y libres\n","publisher":{"@id":"https:\/\/rwconveyor.com\/es\/#organization"},"potentialAction":[{"@type":"SearchAction","target":{"@type":"EntryPoint","urlTemplate":"https:\/\/rwconveyor.com\/es\/?s={search_term_string}"},"query-input":{"@type":"PropertyValueSpecification","valueRequired":true,"valueName":"search_term_string"}}],"inLanguage":"es"},{"@type":"Organization","@id":"https:\/\/rwconveyor.com\/es\/#organization","name":"Richards-Wilcox Conveyor","url":"https:\/\/rwconveyor.com\/es\/","logo":{"@type":"ImageObject","inLanguage":"es","@id":"https:\/\/rwconveyor.com\/es\/#\/schema\/logo\/image\/","url":"https:\/\/rwconveyor.com\/wp-content\/uploads\/2020\/05\/RW_Conveyor_Horizontal_NoTag_4C.png","contentUrl":"https:\/\/rwconveyor.com\/wp-content\/uploads\/2020\/05\/RW_Conveyor_Horizontal_NoTag_4C.png","width":512,"height":512,"caption":"Richards-Wilcox Conveyor"},"image":{"@id":"https:\/\/rwconveyor.com\/es\/#\/schema\/logo\/image\/"}}]}},"_links":{"self":[{"href":"https:\/\/rwconveyor.com\/es\/wp-json\/wp\/v2\/pages\/3788","targetHints":{"allow":["GET"]}}],"collection":[{"href":"https:\/\/rwconveyor.com\/es\/wp-json\/wp\/v2\/pages"}],"about":[{"href":"https:\/\/rwconveyor.com\/es\/wp-json\/wp\/v2\/types\/page"}],"author":[{"embeddable":true,"href":"https:\/\/rwconveyor.com\/es\/wp-json\/wp\/v2\/users\/13"}],"replies":[{"embeddable":true,"href":"https:\/\/rwconveyor.com\/es\/wp-json\/wp\/v2\/comments?post=3788"}],"version-history":[{"count":1,"href":"https:\/\/rwconveyor.com\/es\/wp-json\/wp\/v2\/pages\/3788\/revisions"}],"predecessor-version":[{"id":3800,"href":"https:\/\/rwconveyor.com\/es\/wp-json\/wp\/v2\/pages\/3788\/revisions\/3800"}],"up":[{"embeddable":true,"href":"https:\/\/rwconveyor.com\/es\/wp-json\/wp\/v2\/pages\/3782"}],"wp:attachment":[{"href":"https:\/\/rwconveyor.com\/es\/wp-json\/wp\/v2\/media?parent=3788"}],"curies":[{"name":"wp","href":"https:\/\/api.w.org\/{rel}","templated":true}]}}