{"id":3796,"date":"2013-05-09T19:21:57","date_gmt":"2013-05-10T00:21:57","guid":{"rendered":"https:\/\/rwconveyor.com\/transportador-de-orugas-cerrado-zig-zag\/"},"modified":"2022-07-20T16:38:31","modified_gmt":"2022-07-20T21:38:31","slug":"transportador-de-orugas-cerrado-zig-zag","status":"publish","type":"page","link":"https:\/\/rwconveyor.com\/es\/productos\/transportadores-monorrail-sistemas-estandar\/transportador-de-orugas-cerrado-zig-zag\/","title":{"rendered":"Transportador de orugas cerrado Zig-Zag"},"content":{"rendered":"<div class=\"row row-margin-25\">\n<div class=\"col-12\"><img decoding=\"async\" src=\"\/wp-content\/uploads\/2019\/09\/1_RWConveyor_ZigZag_Wide.jpg\" alt=\"zig zag\" height=\"444\"><\/div>\n<\/div>\n<div class=\"row row-margin-25\">\n<div class=\"col-12 list-centered\">\n<h3 class=\"gold\">Sobre el sistema<\/h3>\n<p class=\"centered\">Gracias a su dise\u00f1o simplista y modular, el carril monorra\u00edl Zig-Zag\u00ae puede instalarse f\u00e1cilmente en las plantas de fabricaci\u00f3n, en los talleres de carrocer\u00eda, en las zonas de recepci\u00f3n, etc. Las aplicaciones potenciales incluyen:<\/p>\n<ul class=\"split\">\n\t<li>Sistemas de acabado de pintura<\/li>\n\t<li>Sistemas de almacenamiento intermedio WIP<\/li>\n\t<li>Fundici\u00f3n por inversi\u00f3n<\/li>\n\t<li>Montaje progresivo<\/li>\n\t<li>Transportadores de basura<\/li>\n\t<li>Manipulaci\u00f3n de contenedores<\/li>\n\t<li>Almacenamiento en estanter\u00eda de fundici\u00f3n a presi\u00f3n<\/li>\n\t<li>Devoluci\u00f3n de cajas vac\u00edas<\/li>\n\t<li>Almacenamiento en estanter\u00eda de chapas<\/li>\n\t<li>Entrega de latas de plata<\/li>\n\t<li>Interfaz rob\u00f3tica<\/li>\n<\/ul>\n<\/div>\n<\/div>\n<div class=\"row row-margin-25 blue-back inset-25-50\">\n<div class=\"col-12 list-centered\">\n<h3 class=\"gold centered\">El sistema de monorra\u00edl Zig-Zag\u00ae se caracteriza por:<\/h3>\n<ul class=\"centered white\">\n\t<li>Capacidad de carga de 75 libras<\/li>\n\t<li>Paquetes de accionamiento est\u00e1ndar de hasta 750 lb. tirador de cadena<\/li>\n\t<li>Ruedas verticales en centros de 6\u2033.<\/li>\n<\/ul>\n<\/div>\n<\/div>\n<div class=\"row row-margin-25 collapse-fix\">\n<div class=\"col-12 col-sm-6\"><img decoding=\"async\" src=\"\/wp-content\/uploads\/2019\/09\/2_RWConveyor_ZigZag_Square.jpg\" alt=\"zig zag 2\"><\/div>\n<div class=\"col-12 col-sm-6\"><img decoding=\"async\" src=\"\/wp-content\/uploads\/2019\/09\/3_RWConveyor_ZigZag_Square.jpg\" alt=\"zig zag 3\"><\/div>\n<\/div>\n<div class=\"row row-margin-25 blue-back inset-25-50\">\n<div class=\"col-12 list-centered\">\n<h3 class=\"gold centered\">11 piezas est\u00e1ndar, incluyendo:<\/h3>\n<ul class=\"white bold\">\n\t<li>Riel recto, de 3\/16&#8243; de grosor, el m\u00e1s pesado de la industria, almacenado en longitudes de 10&#8242;.<\/li>\n\t<li>Dispositivos de soldadura<\/li>\n\t<li>Curvas horizontales, 3\/16&#8243; de espesor, 90&#8242; endurecidas a la llama<\/li>\n\t<li>Curvas verticales superiores, 3\/16&#8243; de grosor, 90 grados, endurecidas a la llama<\/li>\n\t<li>Curvas verticales inferiores, 3\/16&#8243; de grosor, 90 grados, endurecidas a la llama<\/li>\n\t<li>Cadena transportadora, paso de 6<\/li>\n\t<li>Conjunto de recogida<\/li>\n\t<li>Secci\u00f3n de Inspecci\u00f3n<\/li>\n\t<li>Engrasador de cadenas<\/li>\n\t<li>Paquetes de accionamiento est\u00e1ndar<\/li>\n\t<li>Colgantes de carga<\/li>\n<\/ul>\n<\/div>\n<\/div>\n<div class=\"row row-margin-25\">\n<div class=\"col-12 list-centered\">\n<h3 class=\"gold\">Dise\u00f1ado para evolucionar<\/h3>\n<p class=\"subsub\">El transportador de carril cerrado Zig-Zag\u00ae de Richards-Wilcox est\u00e1 dise\u00f1ado para hacer evolucionar su f\u00e1brica.<\/p>\n<h3>He aqu\u00ed c\u00f3mo:<\/h3>\n<ul>\n\t<li>Zig-Zag\u00ae es muy adaptable. Es <strong>el \u00fanico transportador a\u00e9reo de cadena que puede actualizarse a un sistema de potencia y libre utilizando todos los componentes existentes.<\/strong><\/li>\n\t<li>El dise\u00f1o de las v\u00edas cerradas <strong>protege los productos de la contaminaci\u00f3n<\/strong> que suele caer de los transportadores de cadena abierta. Esto tambi\u00e9n <strong>protege la propia cadena<\/strong> de la suciedad del aire, los abrasivos y los disolventes, prolongando la vida \u00fatil de la cadena.<\/li>\n\t<li>Zig-Zag\u00ae est\u00e1 construido con componentes modulares est\u00e1ndar, lo <strong>que facilita su instalaci\u00f3n, modificaci\u00f3n y mantenimiento<\/strong>. Esto tambi\u00e9n garantiza un r\u00e1pido acceso a las piezas a trav\u00e9s de los distribuidores locales.<\/li>\n\t<li>Con 6 pulgadas, la cadena Zig-Zag\u00ae tiene el paso m\u00e1s corto de la industria. Esto permite realizar curvas horizontales m\u00e1s cerradas y colgantes de carga m\u00e1s cercanos con menos carga en las ruedas para un mayor rendimiento del producto. Esto supone <strong>hasta un 33% m\u00e1s de productividad.<\/strong><\/li>\n\t<li>Las curvas horizontales de 1\u2032-6\u2033 y verticales de 2\u2032-0\u2033 est\u00e1ndar del sistema pueden realizar cambios ajustados de direcci\u00f3n y elevaci\u00f3n, <strong>liberando un valioso espacio en el suelo<\/strong> para otras operaciones de montaje y almacenamiento.<\/li>\n\t<li>Zig-Zag\u00ae utiliza ruedas verticales en centros de 6\u2033, distribuyendo la misma cantidad de carga sobre m\u00e1s ruedas y reduciendo el desgaste. Y como el sistema puede transportar el producto a cualquier lugar, <strong>minimiza los da\u00f1os del producto<\/strong> en toda su operaci\u00f3n.<\/li>\n<\/ul>\n<\/div>\n<\/div>","protected":false},"excerpt":{"rendered":"Sobre el sistema Gracias a su dise\u00f1o simplista y modular, el carril monorra\u00edl Zig-Zag\u00ae puede instalarse f\u00e1cilmente en las plantas de fabricaci\u00f3n, en los talleres de carrocer\u00eda, en las zonas de recepci\u00f3n, etc. Las aplicaciones potenciales incluyen: Sistemas de acabado de pintura Sistemas de almacenamiento intermedio WIP Fundici\u00f3n por inversi\u00f3n Montaje progresivo Transportadores de basura [&hellip;]","protected":false},"author":13,"featured_media":0,"parent":3794,"menu_order":0,"comment_status":"closed","ping_status":"closed","template":"interior-page.php","meta":{"_acf_changed":false,"footnotes":""},"class_list":["post-3796","page","type-page","status-publish","hentry"],"acf":[],"yoast_head":"<!-- This site is optimized with the Yoast SEO plugin v24.7 - https:\/\/yoast.com\/wordpress\/plugins\/seo\/ -->\n<title>Transportador de orugas cerrado Zig-Zag - Richards-Wilcox Conveyor<\/title>\n<meta name=\"description\" content=\"El monorra\u00edl Zig-Zag\u00ae establece el est\u00e1ndar de la industria en cuanto a equipos eficaces de manipulaci\u00f3n de materiales. Los transportadores monorra\u00edl Zig-Zag\u00ae solucionan una gran variedad de problemas de fabricaci\u00f3n.\" \/>\n<meta name=\"robots\" content=\"index, follow, max-snippet:-1, max-image-preview:large, max-video-preview:-1\" \/>\n<link rel=\"canonical\" href=\"https:\/\/rwconveyor.com\/es\/productos\/transportadores-monorrail-sistemas-estandar\/transportador-de-orugas-cerrado-zig-zag\/\" \/>\n<meta property=\"og:locale\" content=\"es_ES\" \/>\n<meta property=\"og:type\" content=\"article\" \/>\n<meta property=\"og:title\" content=\"Transportador de orugas en zig-zag\" \/>\n<meta property=\"og:description\" content=\"Sistema de transporte a\u00e9reo potente y duradero.\" \/>\n<meta property=\"og:url\" content=\"https:\/\/rwconveyor.com\/es\/productos\/transportadores-monorrail-sistemas-estandar\/transportador-de-orugas-cerrado-zig-zag\/\" \/>\n<meta property=\"og:site_name\" content=\"Richards-Wilcox Conveyor\" \/>\n<meta property=\"article:modified_time\" content=\"2022-07-20T21:38:31+00:00\" \/>\n<meta property=\"og:image\" content=\"https:\/\/rwconveyor.com\/wp-content\/uploads\/2020\/07\/IMG_4158.jpg\" \/>\n<meta name=\"twitter:label1\" content=\"Tiempo de lectura\" \/>\n\t<meta name=\"twitter:data1\" content=\"2 minutos\" \/>\n<script type=\"application\/ld+json\" class=\"yoast-schema-graph\">{\"@context\":\"https:\/\/schema.org\",\"@graph\":[{\"@type\":\"WebPage\",\"@id\":\"https:\/\/rwconveyor.com\/es\/productos\/transportadores-monorrail-sistemas-estandar\/transportador-de-orugas-cerrado-zig-zag\/\",\"url\":\"https:\/\/rwconveyor.com\/es\/productos\/transportadores-monorrail-sistemas-estandar\/transportador-de-orugas-cerrado-zig-zag\/\",\"name\":\"Transportador de orugas cerrado Zig-Zag - Richards-Wilcox Conveyor\",\"isPartOf\":{\"@id\":\"https:\/\/rwconveyor.com\/es\/#website\"},\"datePublished\":\"2013-05-10T00:21:57+00:00\",\"dateModified\":\"2022-07-20T21:38:31+00:00\",\"description\":\"El monorra\u00edl Zig-Zag\u00ae establece el est\u00e1ndar de la industria en cuanto a equipos eficaces de manipulaci\u00f3n de materiales. Los transportadores monorra\u00edl Zig-Zag\u00ae solucionan una gran variedad de problemas de fabricaci\u00f3n.\",\"breadcrumb\":{\"@id\":\"https:\/\/rwconveyor.com\/es\/productos\/transportadores-monorrail-sistemas-estandar\/transportador-de-orugas-cerrado-zig-zag\/#breadcrumb\"},\"inLanguage\":\"es\",\"potentialAction\":[{\"@type\":\"ReadAction\",\"target\":[\"https:\/\/rwconveyor.com\/es\/productos\/transportadores-monorrail-sistemas-estandar\/transportador-de-orugas-cerrado-zig-zag\/\"]}]},{\"@type\":\"BreadcrumbList\",\"@id\":\"https:\/\/rwconveyor.com\/es\/productos\/transportadores-monorrail-sistemas-estandar\/transportador-de-orugas-cerrado-zig-zag\/#breadcrumb\",\"itemListElement\":[{\"@type\":\"ListItem\",\"position\":1,\"name\":\"Home\",\"item\":\"https:\/\/rwconveyor.com\/es\/inicio\/\"},{\"@type\":\"ListItem\",\"position\":2,\"name\":\"Productos\",\"item\":\"https:\/\/rwconveyor.com\/es\/productos\/\"},{\"@type\":\"ListItem\",\"position\":3,\"name\":\"Transportadores monorra\u00edl &#8211; Sistemas est\u00e1ndar\",\"item\":\"https:\/\/rwconveyor.com\/es\/products\/standard-conveyor-systems\/\"},{\"@type\":\"ListItem\",\"position\":4,\"name\":\"Transportador de orugas cerrado Zig-Zag\"}]},{\"@type\":\"WebSite\",\"@id\":\"https:\/\/rwconveyor.com\/es\/#website\",\"url\":\"https:\/\/rwconveyor.com\/es\/\",\"name\":\"Richards-Wilcox Conveyor\",\"description\":\"Transportadores a\u00e9reos, transportadores el\u00e9ctricos y libres\\n\",\"publisher\":{\"@id\":\"https:\/\/rwconveyor.com\/es\/#organization\"},\"potentialAction\":[{\"@type\":\"SearchAction\",\"target\":{\"@type\":\"EntryPoint\",\"urlTemplate\":\"https:\/\/rwconveyor.com\/es\/?s={search_term_string}\"},\"query-input\":{\"@type\":\"PropertyValueSpecification\",\"valueRequired\":true,\"valueName\":\"search_term_string\"}}],\"inLanguage\":\"es\"},{\"@type\":\"Organization\",\"@id\":\"https:\/\/rwconveyor.com\/es\/#organization\",\"name\":\"Richards-Wilcox Conveyor\",\"url\":\"https:\/\/rwconveyor.com\/es\/\",\"logo\":{\"@type\":\"ImageObject\",\"inLanguage\":\"es\",\"@id\":\"https:\/\/rwconveyor.com\/es\/#\/schema\/logo\/image\/\",\"url\":\"https:\/\/rwconveyor.com\/wp-content\/uploads\/2020\/05\/RW_Conveyor_Horizontal_NoTag_4C.png\",\"contentUrl\":\"https:\/\/rwconveyor.com\/wp-content\/uploads\/2020\/05\/RW_Conveyor_Horizontal_NoTag_4C.png\",\"width\":512,\"height\":512,\"caption\":\"Richards-Wilcox Conveyor\"},\"image\":{\"@id\":\"https:\/\/rwconveyor.com\/es\/#\/schema\/logo\/image\/\"}}]}<\/script>\n<!-- \/ Yoast SEO plugin. -->","yoast_head_json":{"title":"Transportador de orugas cerrado Zig-Zag - Richards-Wilcox Conveyor","description":"El monorra\u00edl Zig-Zag\u00ae establece el est\u00e1ndar de la industria en cuanto a equipos eficaces de manipulaci\u00f3n de materiales. Los transportadores monorra\u00edl Zig-Zag\u00ae solucionan una gran variedad de problemas de fabricaci\u00f3n.","robots":{"index":"index","follow":"follow","max-snippet":"max-snippet:-1","max-image-preview":"max-image-preview:large","max-video-preview":"max-video-preview:-1"},"canonical":"https:\/\/rwconveyor.com\/es\/productos\/transportadores-monorrail-sistemas-estandar\/transportador-de-orugas-cerrado-zig-zag\/","og_locale":"es_ES","og_type":"article","og_title":"Transportador de orugas en zig-zag","og_description":"Sistema de transporte a\u00e9reo potente y duradero.","og_url":"https:\/\/rwconveyor.com\/es\/productos\/transportadores-monorrail-sistemas-estandar\/transportador-de-orugas-cerrado-zig-zag\/","og_site_name":"Richards-Wilcox Conveyor","article_modified_time":"2022-07-20T21:38:31+00:00","og_image":[{"url":"https:\/\/rwconveyor.com\/wp-content\/uploads\/2020\/07\/IMG_4158.jpg","type":"","width":"","height":""}],"twitter_misc":{"Tiempo de lectura":"2 minutos"},"schema":{"@context":"https:\/\/schema.org","@graph":[{"@type":"WebPage","@id":"https:\/\/rwconveyor.com\/es\/productos\/transportadores-monorrail-sistemas-estandar\/transportador-de-orugas-cerrado-zig-zag\/","url":"https:\/\/rwconveyor.com\/es\/productos\/transportadores-monorrail-sistemas-estandar\/transportador-de-orugas-cerrado-zig-zag\/","name":"Transportador de orugas cerrado Zig-Zag - Richards-Wilcox Conveyor","isPartOf":{"@id":"https:\/\/rwconveyor.com\/es\/#website"},"datePublished":"2013-05-10T00:21:57+00:00","dateModified":"2022-07-20T21:38:31+00:00","description":"El monorra\u00edl Zig-Zag\u00ae establece el est\u00e1ndar de la industria en cuanto a equipos eficaces de manipulaci\u00f3n de materiales. Los transportadores monorra\u00edl Zig-Zag\u00ae solucionan una gran variedad de problemas de fabricaci\u00f3n.","breadcrumb":{"@id":"https:\/\/rwconveyor.com\/es\/productos\/transportadores-monorrail-sistemas-estandar\/transportador-de-orugas-cerrado-zig-zag\/#breadcrumb"},"inLanguage":"es","potentialAction":[{"@type":"ReadAction","target":["https:\/\/rwconveyor.com\/es\/productos\/transportadores-monorrail-sistemas-estandar\/transportador-de-orugas-cerrado-zig-zag\/"]}]},{"@type":"BreadcrumbList","@id":"https:\/\/rwconveyor.com\/es\/productos\/transportadores-monorrail-sistemas-estandar\/transportador-de-orugas-cerrado-zig-zag\/#breadcrumb","itemListElement":[{"@type":"ListItem","position":1,"name":"Home","item":"https:\/\/rwconveyor.com\/es\/inicio\/"},{"@type":"ListItem","position":2,"name":"Productos","item":"https:\/\/rwconveyor.com\/es\/productos\/"},{"@type":"ListItem","position":3,"name":"Transportadores monorra\u00edl &#8211; Sistemas est\u00e1ndar","item":"https:\/\/rwconveyor.com\/es\/products\/standard-conveyor-systems\/"},{"@type":"ListItem","position":4,"name":"Transportador de orugas cerrado Zig-Zag"}]},{"@type":"WebSite","@id":"https:\/\/rwconveyor.com\/es\/#website","url":"https:\/\/rwconveyor.com\/es\/","name":"Richards-Wilcox Conveyor","description":"Transportadores a\u00e9reos, transportadores el\u00e9ctricos y libres\n","publisher":{"@id":"https:\/\/rwconveyor.com\/es\/#organization"},"potentialAction":[{"@type":"SearchAction","target":{"@type":"EntryPoint","urlTemplate":"https:\/\/rwconveyor.com\/es\/?s={search_term_string}"},"query-input":{"@type":"PropertyValueSpecification","valueRequired":true,"valueName":"search_term_string"}}],"inLanguage":"es"},{"@type":"Organization","@id":"https:\/\/rwconveyor.com\/es\/#organization","name":"Richards-Wilcox Conveyor","url":"https:\/\/rwconveyor.com\/es\/","logo":{"@type":"ImageObject","inLanguage":"es","@id":"https:\/\/rwconveyor.com\/es\/#\/schema\/logo\/image\/","url":"https:\/\/rwconveyor.com\/wp-content\/uploads\/2020\/05\/RW_Conveyor_Horizontal_NoTag_4C.png","contentUrl":"https:\/\/rwconveyor.com\/wp-content\/uploads\/2020\/05\/RW_Conveyor_Horizontal_NoTag_4C.png","width":512,"height":512,"caption":"Richards-Wilcox Conveyor"},"image":{"@id":"https:\/\/rwconveyor.com\/es\/#\/schema\/logo\/image\/"}}]}},"_links":{"self":[{"href":"https:\/\/rwconveyor.com\/es\/wp-json\/wp\/v2\/pages\/3796","targetHints":{"allow":["GET"]}}],"collection":[{"href":"https:\/\/rwconveyor.com\/es\/wp-json\/wp\/v2\/pages"}],"about":[{"href":"https:\/\/rwconveyor.com\/es\/wp-json\/wp\/v2\/types\/page"}],"author":[{"embeddable":true,"href":"https:\/\/rwconveyor.com\/es\/wp-json\/wp\/v2\/users\/13"}],"replies":[{"embeddable":true,"href":"https:\/\/rwconveyor.com\/es\/wp-json\/wp\/v2\/comments?post=3796"}],"version-history":[{"count":1,"href":"https:\/\/rwconveyor.com\/es\/wp-json\/wp\/v2\/pages\/3796\/revisions"}],"predecessor-version":[{"id":3809,"href":"https:\/\/rwconveyor.com\/es\/wp-json\/wp\/v2\/pages\/3796\/revisions\/3809"}],"up":[{"embeddable":true,"href":"https:\/\/rwconveyor.com\/es\/wp-json\/wp\/v2\/pages\/3794"}],"wp:attachment":[{"href":"https:\/\/rwconveyor.com\/es\/wp-json\/wp\/v2\/media?parent=3796"}],"curies":[{"name":"wp","href":"https:\/\/api.w.org\/{rel}","templated":true}]}}