{"id":3797,"date":"2013-05-10T17:05:17","date_gmt":"2013-05-10T22:05:17","guid":{"rendered":"https:\/\/rwconveyor.com\/cadena-transportadora-de-alto-rendimiento\/"},"modified":"2022-07-20T16:38:28","modified_gmt":"2022-07-20T21:38:28","slug":"cadena-transportadora-de-alto-rendimiento","status":"publish","type":"page","link":"https:\/\/rwconveyor.com\/es\/productos\/cadena-transportadora-de-alto-rendimiento\/","title":{"rendered":"Cadena transportadora de alto rendimiento"},"content":{"rendered":"<div class=\"row row-margin-25\">\n<div class=\"col-12\"><img decoding=\"async\" src=\"\/wp-content\/uploads\/2019\/09\/1_PRO_Finisher_ConveyorChain_Wide.jpg\" alt=\"cadena de acabado\"><\/div>\n<\/div>\n<div class=\"row row-margin-25\">\n<div class=\"col-12 col-sm-4\">\n<h3 class=\"gold\">El exclusivo dise\u00f1o de los rodamientos con jaula lo cambia todo<\/h3>\n<\/div>\n<div class=\"col-12 col-sm-8\">\n<ul class=\"split\">\n\t<li>Mayor duraci\u00f3n de la cadena<\/li>\n\t<li>Funcionamiento m\u00e1s fluido<\/li>\n\t<li>Funcionamiento m\u00e1s silencioso<\/li>\n\t<li>Menos tiempo de inactividad<\/li>\n\t<li>Mayor fiabilidad<\/li>\n<\/ul>\n<\/div>\n<\/div>\n<div class=\"row row-margin-25 blue-back inset-25-50\">\n<div class=\"col-12\">\n<h3 class=\"gold allcap centered\">Aplicaciones de la cadena transportadora de alto rendimiento<\/h3>\n<p class=\"white centered\">La cadena transportadora de alto rendimiento de Richards-Wilcox es adecuada para su uso en muchos tipos de aplicaciones de transportadores a\u00e9reos, incluidos los sistemas m\u00e1s pesados que utilizan OveR-Way\u2122, patentado Twin-Track\u00a9, y los sistemas m\u00e1s ligeros que utilizan Zig-Zag\u00a9 y Inverted Paintline\u2122.<\/p>\n<p class=\"white centered\">Esta cadena de alto rendimiento es ideal en aplicaciones exigentes o en entornos dif\u00edciles con tramos largos y m\u00faltiples giros. Cuando se utiliza con el carril invertido Richards-Wilcox y los transportes especiales, la cadena electr\u00f3nica es una gran soluci\u00f3n para aplicaciones limpias como la distribuci\u00f3n de mercanc\u00edas y el cumplimiento.<\/p>\n<\/div>\n<\/div>\n<div class=\"row row-margin-25 collapse-fix\">\n<div class=\"col-12 col-sm-6\"><img decoding=\"async\" src=\"\/wp-content\/uploads\/2019\/09\/2_ConveyorChain_Square.jpg\" alt=\"cadena transportadora\"><\/div>\n<div class=\"col-12 col-sm-6\"><img decoding=\"async\" src=\"\/wp-content\/uploads\/2019\/09\/3_PRO_Finisher_ConveyorChain_Square.jpg\" alt=\"cadena transportadora de acabado\"><\/div>\n<\/div>","protected":false},"excerpt":{"rendered":"El exclusivo dise\u00f1o de los rodamientos con jaula lo cambia todo Mayor duraci\u00f3n de la cadena Funcionamiento m\u00e1s fluido Funcionamiento m\u00e1s silencioso Menos tiempo de inactividad Mayor fiabilidad Aplicaciones de la cadena transportadora de alto rendimiento La cadena transportadora de alto rendimiento de Richards-Wilcox es adecuada para su uso en muchos tipos de aplicaciones de [&hellip;]","protected":false},"author":13,"featured_media":0,"parent":3798,"menu_order":0,"comment_status":"closed","ping_status":"closed","template":"interior-page-blue-callout.php","meta":{"_acf_changed":false,"footnotes":""},"class_list":["post-3797","page","type-page","status-publish","hentry"],"acf":[],"yoast_head":"<!-- This site is optimized with the Yoast SEO plugin v24.7 - https:\/\/yoast.com\/wordpress\/plugins\/seo\/ -->\n<title>Cadena transportadora de alto rendimiento - Richards-Wilcox Conveyor<\/title>\n<meta name=\"description\" content=\"La cadena transportadora de alto rendimiento Richards-Wilcox es el producto m\u00e1s fuerte y fiable de su clase. Silenciosa, suave, f\u00e1cil de mantener y ergon\u00f3mica para sus trabajadores con una vida \u00fatil excepcionalmente larga.\" \/>\n<meta name=\"robots\" content=\"index, follow, max-snippet:-1, max-image-preview:large, max-video-preview:-1\" \/>\n<link rel=\"canonical\" href=\"https:\/\/rwconveyor.com\/es\/productos\/cadena-transportadora-de-alto-rendimiento\/\" \/>\n<meta property=\"og:locale\" content=\"es_ES\" \/>\n<meta property=\"og:type\" content=\"article\" \/>\n<meta property=\"og:title\" content=\"Cadena transportadora de alto rendimiento - Richards-Wilcox Conveyor\" \/>\n<meta property=\"og:description\" content=\"La cadena transportadora de alto rendimiento Richards-Wilcox es el producto m\u00e1s fuerte y fiable de su clase. Silenciosa, suave, f\u00e1cil de mantener y ergon\u00f3mica para sus trabajadores con una vida \u00fatil excepcionalmente larga.\" \/>\n<meta property=\"og:url\" content=\"https:\/\/rwconveyor.com\/es\/productos\/cadena-transportadora-de-alto-rendimiento\/\" \/>\n<meta property=\"og:site_name\" content=\"Richards-Wilcox Conveyor\" \/>\n<meta property=\"article:modified_time\" content=\"2022-07-20T21:38:28+00:00\" \/>\n<meta name=\"twitter:label1\" content=\"Tiempo de lectura\" \/>\n\t<meta name=\"twitter:data1\" content=\"1 minuto\" \/>\n<script type=\"application\/ld+json\" class=\"yoast-schema-graph\">{\"@context\":\"https:\/\/schema.org\",\"@graph\":[{\"@type\":\"WebPage\",\"@id\":\"https:\/\/rwconveyor.com\/es\/productos\/cadena-transportadora-de-alto-rendimiento\/\",\"url\":\"https:\/\/rwconveyor.com\/es\/productos\/cadena-transportadora-de-alto-rendimiento\/\",\"name\":\"Cadena transportadora de alto rendimiento - Richards-Wilcox Conveyor\",\"isPartOf\":{\"@id\":\"https:\/\/rwconveyor.com\/es\/#website\"},\"datePublished\":\"2013-05-10T22:05:17+00:00\",\"dateModified\":\"2022-07-20T21:38:28+00:00\",\"description\":\"La cadena transportadora de alto rendimiento Richards-Wilcox es el producto m\u00e1s fuerte y fiable de su clase. Silenciosa, suave, f\u00e1cil de mantener y ergon\u00f3mica para sus trabajadores con una vida \u00fatil excepcionalmente larga.\",\"breadcrumb\":{\"@id\":\"https:\/\/rwconveyor.com\/es\/productos\/cadena-transportadora-de-alto-rendimiento\/#breadcrumb\"},\"inLanguage\":\"es\",\"potentialAction\":[{\"@type\":\"ReadAction\",\"target\":[\"https:\/\/rwconveyor.com\/es\/productos\/cadena-transportadora-de-alto-rendimiento\/\"]}]},{\"@type\":\"BreadcrumbList\",\"@id\":\"https:\/\/rwconveyor.com\/es\/productos\/cadena-transportadora-de-alto-rendimiento\/#breadcrumb\",\"itemListElement\":[{\"@type\":\"ListItem\",\"position\":1,\"name\":\"Home\",\"item\":\"https:\/\/rwconveyor.com\/es\/inicio\/\"},{\"@type\":\"ListItem\",\"position\":2,\"name\":\"Productos\",\"item\":\"https:\/\/rwconveyor.com\/es\/productos\/\"},{\"@type\":\"ListItem\",\"position\":3,\"name\":\"Cadena transportadora de alto rendimiento\"}]},{\"@type\":\"WebSite\",\"@id\":\"https:\/\/rwconveyor.com\/es\/#website\",\"url\":\"https:\/\/rwconveyor.com\/es\/\",\"name\":\"Richards-Wilcox Conveyor\",\"description\":\"Transportadores a\u00e9reos, transportadores el\u00e9ctricos y libres\\n\",\"publisher\":{\"@id\":\"https:\/\/rwconveyor.com\/es\/#organization\"},\"potentialAction\":[{\"@type\":\"SearchAction\",\"target\":{\"@type\":\"EntryPoint\",\"urlTemplate\":\"https:\/\/rwconveyor.com\/es\/?s={search_term_string}\"},\"query-input\":{\"@type\":\"PropertyValueSpecification\",\"valueRequired\":true,\"valueName\":\"search_term_string\"}}],\"inLanguage\":\"es\"},{\"@type\":\"Organization\",\"@id\":\"https:\/\/rwconveyor.com\/es\/#organization\",\"name\":\"Richards-Wilcox Conveyor\",\"url\":\"https:\/\/rwconveyor.com\/es\/\",\"logo\":{\"@type\":\"ImageObject\",\"inLanguage\":\"es\",\"@id\":\"https:\/\/rwconveyor.com\/es\/#\/schema\/logo\/image\/\",\"url\":\"https:\/\/rwconveyor.com\/wp-content\/uploads\/2020\/05\/RW_Conveyor_Horizontal_NoTag_4C.png\",\"contentUrl\":\"https:\/\/rwconveyor.com\/wp-content\/uploads\/2020\/05\/RW_Conveyor_Horizontal_NoTag_4C.png\",\"width\":512,\"height\":512,\"caption\":\"Richards-Wilcox Conveyor\"},\"image\":{\"@id\":\"https:\/\/rwconveyor.com\/es\/#\/schema\/logo\/image\/\"}}]}<\/script>\n<!-- \/ Yoast SEO plugin. -->","yoast_head_json":{"title":"Cadena transportadora de alto rendimiento - Richards-Wilcox Conveyor","description":"La cadena transportadora de alto rendimiento Richards-Wilcox es el producto m\u00e1s fuerte y fiable de su clase. Silenciosa, suave, f\u00e1cil de mantener y ergon\u00f3mica para sus trabajadores con una vida \u00fatil excepcionalmente larga.","robots":{"index":"index","follow":"follow","max-snippet":"max-snippet:-1","max-image-preview":"max-image-preview:large","max-video-preview":"max-video-preview:-1"},"canonical":"https:\/\/rwconveyor.com\/es\/productos\/cadena-transportadora-de-alto-rendimiento\/","og_locale":"es_ES","og_type":"article","og_title":"Cadena transportadora de alto rendimiento - Richards-Wilcox Conveyor","og_description":"La cadena transportadora de alto rendimiento Richards-Wilcox es el producto m\u00e1s fuerte y fiable de su clase. Silenciosa, suave, f\u00e1cil de mantener y ergon\u00f3mica para sus trabajadores con una vida \u00fatil excepcionalmente larga.","og_url":"https:\/\/rwconveyor.com\/es\/productos\/cadena-transportadora-de-alto-rendimiento\/","og_site_name":"Richards-Wilcox Conveyor","article_modified_time":"2022-07-20T21:38:28+00:00","twitter_misc":{"Tiempo de lectura":"1 minuto"},"schema":{"@context":"https:\/\/schema.org","@graph":[{"@type":"WebPage","@id":"https:\/\/rwconveyor.com\/es\/productos\/cadena-transportadora-de-alto-rendimiento\/","url":"https:\/\/rwconveyor.com\/es\/productos\/cadena-transportadora-de-alto-rendimiento\/","name":"Cadena transportadora de alto rendimiento - Richards-Wilcox Conveyor","isPartOf":{"@id":"https:\/\/rwconveyor.com\/es\/#website"},"datePublished":"2013-05-10T22:05:17+00:00","dateModified":"2022-07-20T21:38:28+00:00","description":"La cadena transportadora de alto rendimiento Richards-Wilcox es el producto m\u00e1s fuerte y fiable de su clase. Silenciosa, suave, f\u00e1cil de mantener y ergon\u00f3mica para sus trabajadores con una vida \u00fatil excepcionalmente larga.","breadcrumb":{"@id":"https:\/\/rwconveyor.com\/es\/productos\/cadena-transportadora-de-alto-rendimiento\/#breadcrumb"},"inLanguage":"es","potentialAction":[{"@type":"ReadAction","target":["https:\/\/rwconveyor.com\/es\/productos\/cadena-transportadora-de-alto-rendimiento\/"]}]},{"@type":"BreadcrumbList","@id":"https:\/\/rwconveyor.com\/es\/productos\/cadena-transportadora-de-alto-rendimiento\/#breadcrumb","itemListElement":[{"@type":"ListItem","position":1,"name":"Home","item":"https:\/\/rwconveyor.com\/es\/inicio\/"},{"@type":"ListItem","position":2,"name":"Productos","item":"https:\/\/rwconveyor.com\/es\/productos\/"},{"@type":"ListItem","position":3,"name":"Cadena transportadora de alto rendimiento"}]},{"@type":"WebSite","@id":"https:\/\/rwconveyor.com\/es\/#website","url":"https:\/\/rwconveyor.com\/es\/","name":"Richards-Wilcox Conveyor","description":"Transportadores a\u00e9reos, transportadores el\u00e9ctricos y libres\n","publisher":{"@id":"https:\/\/rwconveyor.com\/es\/#organization"},"potentialAction":[{"@type":"SearchAction","target":{"@type":"EntryPoint","urlTemplate":"https:\/\/rwconveyor.com\/es\/?s={search_term_string}"},"query-input":{"@type":"PropertyValueSpecification","valueRequired":true,"valueName":"search_term_string"}}],"inLanguage":"es"},{"@type":"Organization","@id":"https:\/\/rwconveyor.com\/es\/#organization","name":"Richards-Wilcox Conveyor","url":"https:\/\/rwconveyor.com\/es\/","logo":{"@type":"ImageObject","inLanguage":"es","@id":"https:\/\/rwconveyor.com\/es\/#\/schema\/logo\/image\/","url":"https:\/\/rwconveyor.com\/wp-content\/uploads\/2020\/05\/RW_Conveyor_Horizontal_NoTag_4C.png","contentUrl":"https:\/\/rwconveyor.com\/wp-content\/uploads\/2020\/05\/RW_Conveyor_Horizontal_NoTag_4C.png","width":512,"height":512,"caption":"Richards-Wilcox Conveyor"},"image":{"@id":"https:\/\/rwconveyor.com\/es\/#\/schema\/logo\/image\/"}}]}},"_links":{"self":[{"href":"https:\/\/rwconveyor.com\/es\/wp-json\/wp\/v2\/pages\/3797","targetHints":{"allow":["GET"]}}],"collection":[{"href":"https:\/\/rwconveyor.com\/es\/wp-json\/wp\/v2\/pages"}],"about":[{"href":"https:\/\/rwconveyor.com\/es\/wp-json\/wp\/v2\/types\/page"}],"author":[{"embeddable":true,"href":"https:\/\/rwconveyor.com\/es\/wp-json\/wp\/v2\/users\/13"}],"replies":[{"embeddable":true,"href":"https:\/\/rwconveyor.com\/es\/wp-json\/wp\/v2\/comments?post=3797"}],"version-history":[{"count":1,"href":"https:\/\/rwconveyor.com\/es\/wp-json\/wp\/v2\/pages\/3797\/revisions"}],"predecessor-version":[{"id":3808,"href":"https:\/\/rwconveyor.com\/es\/wp-json\/wp\/v2\/pages\/3797\/revisions\/3808"}],"up":[{"embeddable":true,"href":"https:\/\/rwconveyor.com\/es\/wp-json\/wp\/v2\/pages\/3798"}],"wp:attachment":[{"href":"https:\/\/rwconveyor.com\/es\/wp-json\/wp\/v2\/media?parent=3797"}],"curies":[{"name":"wp","href":"https:\/\/api.w.org\/{rel}","templated":true}]}}