{"id":3802,"date":"2013-05-09T18:29:50","date_gmt":"2013-05-09T23:29:50","guid":{"rendered":"https:\/\/rwconveyor.com\/aplicaciones-y-capacidades\/trabajo-en-curso-almacenamiento-de-piezas-acumulacion-y-recuperacion\/"},"modified":"2022-07-20T16:38:29","modified_gmt":"2022-07-20T21:38:29","slug":"trabajo-en-curso-almacenamiento-de-piezas-acumulacion-y-recuperacion","status":"publish","type":"page","link":"https:\/\/rwconveyor.com\/es\/aplicaciones-y-capacidades\/trabajo-en-curso-almacenamiento-de-piezas-acumulacion-y-recuperacion\/","title":{"rendered":"Trabajo en curso, almacenamiento de piezas, acumulaci\u00f3n y recuperaci\u00f3n"},"content":{"rendered":"<div class=\"row row-margin-25\">\n<div class=\"col-12\"><img decoding=\"async\" src=\"\/wp-content\/uploads\/2019\/09\/1_RW_Conveyor_WorkinProcess_Wide.jpg\" height=\"444\" alt=\"cinta de limpieza 1\"><\/div>\n<\/div>\n<div class=\"row row-margin-25\">\n<div class=\"col-12 col-sm-4\">\n<h3 class=\"gold\">Dise\u00f1amos soluciones para:<\/h3>\n<\/div>\n<div class=\"col-12 col-sm-8\">\n<ul class=\"split\">\n\t<li>Trabajo en curso<\/li>\n\t<li>Almacenamiento intermedio<\/li>\n\t<li>Acumulaci\u00f3n<\/li>\n\t<li>Recuperaci\u00f3n autom\u00e1tica<\/li>\n<\/ul>\n<\/div>\n<\/div>\n\n<div class=\"row row-margin-25 blue-back inset-25-50\">\n<div class=\"col-12\">\n<h3 class=\"gold\">Las soluciones de Richards-Wilcox Conveyor ofrecen:<\/h3>\n<ul class=\"centered white\">\n\t<li>Monorriel o estilos de potencia y libre<\/li>\n\t<li>Soluci\u00f3n de almacenamiento eficaz y econ\u00f3mica para el trabajo en curso<\/li>\n\t<li>Dise\u00f1o superior para maximizar el espacio vertical no utilizado<\/li>\n\t<li>Adaptado a su operaci\u00f3n de fabricaci\u00f3n<\/li>\n\t<li>Power &amp; free acumula las cargas entre las celdas de trabajo, con un producto de b\u00fafer de m\u00faltiples bucles para un flujo de trabajo continuo<\/li>\n\n<\/ul>\n<\/div>\n<\/div>\n\n<div class=\"row row-margin-25 collapse-fix\">\n<div class=\"col-12 col-sm-6\"><img decoding=\"async\" src=\"\/wp-content\/uploads\/2019\/09\/2_RW_Conveyor_WorkinProcess_Square.jpg\" alt=\"cinta transportadora 2\"><\/div>\n<div class=\"col-12 col-sm-6\"><img decoding=\"async\" src=\"\/wp-content\/uploads\/2019\/09\/3_RW_Conveyor_WorkinProcess_Square.jpg\" alt=\"cinta transportadora 3\"><\/div>\n<\/div>\n\n\n\n\n<div class=\"row row-margin-25\">\n<div class=\"col-12 col-sm-4\">\n<h3 class=\"gold\">Nuestros sistemas son ideales para estas industrias:<\/h3>\n<\/div>\n<div class=\"col-12 col-sm-8\">\n<ul class=\"split\">\n\t<li>Autom\u00f3viles<\/li>\n\t<li>Electrodom\u00e9sticos<\/li>\n\t<li>Telecom<\/li>\n\t<li>Electr\u00f3nica<\/li>\n\t<li>Mobiliario de contrato<\/li>\n\t<li>Bienes de consumo<\/li>\n\t<li>Aeroespacial<\/li>\n<\/ul>\n<\/div>\n<\/div>","protected":false},"excerpt":{"rendered":"Dise\u00f1amos soluciones para: Trabajo en curso Almacenamiento intermedio Acumulaci\u00f3n Recuperaci\u00f3n autom\u00e1tica Las soluciones de Richards-Wilcox Conveyor ofrecen: Monorriel o estilos de potencia y libre Soluci\u00f3n de almacenamiento eficaz y econ\u00f3mica para el trabajo en curso Dise\u00f1o superior para maximizar el espacio vertical no utilizado Adaptado a su operaci\u00f3n de fabricaci\u00f3n Power &amp; free acumula las [&hellip;]","protected":false},"author":13,"featured_media":0,"parent":3782,"menu_order":0,"comment_status":"closed","ping_status":"open","template":"interior-page.php","meta":{"_acf_changed":false,"footnotes":""},"class_list":["post-3802","page","type-page","status-publish","hentry"],"acf":[],"yoast_head":"<!-- This site is optimized with the Yoast SEO plugin v24.7 - https:\/\/yoast.com\/wordpress\/plugins\/seo\/ -->\n<title>Transportadores para trabajo en proceso, almacenamiento de piezas, acumulaci\u00f3n y recuperaci\u00f3n<\/title>\n<meta name=\"description\" content=\"Maximice la eficiencia de la producci\u00f3n, haga tiradas m\u00e1s largas y mantenga un m\u00ednimo de trabajo en proceso con las soluciones de Richards-Wilcox Conveyor.\" \/>\n<meta name=\"robots\" content=\"index, follow, max-snippet:-1, max-image-preview:large, max-video-preview:-1\" \/>\n<link rel=\"canonical\" href=\"https:\/\/rwconveyor.com\/es\/aplicaciones-y-capacidades\/trabajo-en-curso-almacenamiento-de-piezas-acumulacion-y-recuperacion\/\" \/>\n<meta property=\"og:locale\" content=\"es_ES\" \/>\n<meta property=\"og:type\" content=\"article\" \/>\n<meta property=\"og:title\" content=\"Transportadores para trabajo en proceso, almacenamiento de piezas, acumulaci\u00f3n y recuperaci\u00f3n\" \/>\n<meta property=\"og:description\" content=\"Maximice la eficiencia de la producci\u00f3n, haga tiradas m\u00e1s largas y mantenga un m\u00ednimo de trabajo en proceso con las soluciones de Richards-Wilcox Conveyor.\" \/>\n<meta property=\"og:url\" content=\"https:\/\/rwconveyor.com\/es\/aplicaciones-y-capacidades\/trabajo-en-curso-almacenamiento-de-piezas-acumulacion-y-recuperacion\/\" \/>\n<meta property=\"og:site_name\" content=\"Richards-Wilcox Conveyor\" \/>\n<meta property=\"article:modified_time\" content=\"2022-07-20T21:38:29+00:00\" \/>\n<meta name=\"twitter:label1\" content=\"Tiempo de lectura\" \/>\n\t<meta name=\"twitter:data1\" content=\"1 minuto\" \/>\n<script type=\"application\/ld+json\" class=\"yoast-schema-graph\">{\"@context\":\"https:\/\/schema.org\",\"@graph\":[{\"@type\":\"WebPage\",\"@id\":\"https:\/\/rwconveyor.com\/es\/aplicaciones-y-capacidades\/trabajo-en-curso-almacenamiento-de-piezas-acumulacion-y-recuperacion\/\",\"url\":\"https:\/\/rwconveyor.com\/es\/aplicaciones-y-capacidades\/trabajo-en-curso-almacenamiento-de-piezas-acumulacion-y-recuperacion\/\",\"name\":\"Transportadores para trabajo en proceso, almacenamiento de piezas, acumulaci\u00f3n y recuperaci\u00f3n\",\"isPartOf\":{\"@id\":\"https:\/\/rwconveyor.com\/es\/#website\"},\"datePublished\":\"2013-05-09T23:29:50+00:00\",\"dateModified\":\"2022-07-20T21:38:29+00:00\",\"description\":\"Maximice la eficiencia de la producci\u00f3n, haga tiradas m\u00e1s largas y mantenga un m\u00ednimo de trabajo en proceso con las soluciones de Richards-Wilcox Conveyor.\",\"breadcrumb\":{\"@id\":\"https:\/\/rwconveyor.com\/es\/aplicaciones-y-capacidades\/trabajo-en-curso-almacenamiento-de-piezas-acumulacion-y-recuperacion\/#breadcrumb\"},\"inLanguage\":\"es\",\"potentialAction\":[{\"@type\":\"ReadAction\",\"target\":[\"https:\/\/rwconveyor.com\/es\/aplicaciones-y-capacidades\/trabajo-en-curso-almacenamiento-de-piezas-acumulacion-y-recuperacion\/\"]}]},{\"@type\":\"BreadcrumbList\",\"@id\":\"https:\/\/rwconveyor.com\/es\/aplicaciones-y-capacidades\/trabajo-en-curso-almacenamiento-de-piezas-acumulacion-y-recuperacion\/#breadcrumb\",\"itemListElement\":[{\"@type\":\"ListItem\",\"position\":1,\"name\":\"Home\",\"item\":\"https:\/\/rwconveyor.com\/es\/inicio\/\"},{\"@type\":\"ListItem\",\"position\":2,\"name\":\"Aplicaciones y capacidades\",\"item\":\"https:\/\/rwconveyor.com\/es\/aplicaciones-y-capacidades\/\"},{\"@type\":\"ListItem\",\"position\":3,\"name\":\"Trabajo en curso, almacenamiento de piezas, acumulaci\u00f3n y recuperaci\u00f3n\"}]},{\"@type\":\"WebSite\",\"@id\":\"https:\/\/rwconveyor.com\/es\/#website\",\"url\":\"https:\/\/rwconveyor.com\/es\/\",\"name\":\"Richards-Wilcox Conveyor\",\"description\":\"Transportadores a\u00e9reos, transportadores el\u00e9ctricos y libres\\n\",\"publisher\":{\"@id\":\"https:\/\/rwconveyor.com\/es\/#organization\"},\"potentialAction\":[{\"@type\":\"SearchAction\",\"target\":{\"@type\":\"EntryPoint\",\"urlTemplate\":\"https:\/\/rwconveyor.com\/es\/?s={search_term_string}\"},\"query-input\":{\"@type\":\"PropertyValueSpecification\",\"valueRequired\":true,\"valueName\":\"search_term_string\"}}],\"inLanguage\":\"es\"},{\"@type\":\"Organization\",\"@id\":\"https:\/\/rwconveyor.com\/es\/#organization\",\"name\":\"Richards-Wilcox Conveyor\",\"url\":\"https:\/\/rwconveyor.com\/es\/\",\"logo\":{\"@type\":\"ImageObject\",\"inLanguage\":\"es\",\"@id\":\"https:\/\/rwconveyor.com\/es\/#\/schema\/logo\/image\/\",\"url\":\"https:\/\/rwconveyor.com\/wp-content\/uploads\/2020\/05\/RW_Conveyor_Horizontal_NoTag_4C.png\",\"contentUrl\":\"https:\/\/rwconveyor.com\/wp-content\/uploads\/2020\/05\/RW_Conveyor_Horizontal_NoTag_4C.png\",\"width\":512,\"height\":512,\"caption\":\"Richards-Wilcox Conveyor\"},\"image\":{\"@id\":\"https:\/\/rwconveyor.com\/es\/#\/schema\/logo\/image\/\"}}]}<\/script>\n<!-- \/ Yoast SEO plugin. -->","yoast_head_json":{"title":"Transportadores para trabajo en proceso, almacenamiento de piezas, acumulaci\u00f3n y recuperaci\u00f3n","description":"Maximice la eficiencia de la producci\u00f3n, haga tiradas m\u00e1s largas y mantenga un m\u00ednimo de trabajo en proceso con las soluciones de Richards-Wilcox Conveyor.","robots":{"index":"index","follow":"follow","max-snippet":"max-snippet:-1","max-image-preview":"max-image-preview:large","max-video-preview":"max-video-preview:-1"},"canonical":"https:\/\/rwconveyor.com\/es\/aplicaciones-y-capacidades\/trabajo-en-curso-almacenamiento-de-piezas-acumulacion-y-recuperacion\/","og_locale":"es_ES","og_type":"article","og_title":"Transportadores para trabajo en proceso, almacenamiento de piezas, acumulaci\u00f3n y recuperaci\u00f3n","og_description":"Maximice la eficiencia de la producci\u00f3n, haga tiradas m\u00e1s largas y mantenga un m\u00ednimo de trabajo en proceso con las soluciones de Richards-Wilcox Conveyor.","og_url":"https:\/\/rwconveyor.com\/es\/aplicaciones-y-capacidades\/trabajo-en-curso-almacenamiento-de-piezas-acumulacion-y-recuperacion\/","og_site_name":"Richards-Wilcox Conveyor","article_modified_time":"2022-07-20T21:38:29+00:00","twitter_misc":{"Tiempo de lectura":"1 minuto"},"schema":{"@context":"https:\/\/schema.org","@graph":[{"@type":"WebPage","@id":"https:\/\/rwconveyor.com\/es\/aplicaciones-y-capacidades\/trabajo-en-curso-almacenamiento-de-piezas-acumulacion-y-recuperacion\/","url":"https:\/\/rwconveyor.com\/es\/aplicaciones-y-capacidades\/trabajo-en-curso-almacenamiento-de-piezas-acumulacion-y-recuperacion\/","name":"Transportadores para trabajo en proceso, almacenamiento de piezas, acumulaci\u00f3n y recuperaci\u00f3n","isPartOf":{"@id":"https:\/\/rwconveyor.com\/es\/#website"},"datePublished":"2013-05-09T23:29:50+00:00","dateModified":"2022-07-20T21:38:29+00:00","description":"Maximice la eficiencia de la producci\u00f3n, haga tiradas m\u00e1s largas y mantenga un m\u00ednimo de trabajo en proceso con las soluciones de Richards-Wilcox Conveyor.","breadcrumb":{"@id":"https:\/\/rwconveyor.com\/es\/aplicaciones-y-capacidades\/trabajo-en-curso-almacenamiento-de-piezas-acumulacion-y-recuperacion\/#breadcrumb"},"inLanguage":"es","potentialAction":[{"@type":"ReadAction","target":["https:\/\/rwconveyor.com\/es\/aplicaciones-y-capacidades\/trabajo-en-curso-almacenamiento-de-piezas-acumulacion-y-recuperacion\/"]}]},{"@type":"BreadcrumbList","@id":"https:\/\/rwconveyor.com\/es\/aplicaciones-y-capacidades\/trabajo-en-curso-almacenamiento-de-piezas-acumulacion-y-recuperacion\/#breadcrumb","itemListElement":[{"@type":"ListItem","position":1,"name":"Home","item":"https:\/\/rwconveyor.com\/es\/inicio\/"},{"@type":"ListItem","position":2,"name":"Aplicaciones y capacidades","item":"https:\/\/rwconveyor.com\/es\/aplicaciones-y-capacidades\/"},{"@type":"ListItem","position":3,"name":"Trabajo en curso, almacenamiento de piezas, acumulaci\u00f3n y recuperaci\u00f3n"}]},{"@type":"WebSite","@id":"https:\/\/rwconveyor.com\/es\/#website","url":"https:\/\/rwconveyor.com\/es\/","name":"Richards-Wilcox Conveyor","description":"Transportadores a\u00e9reos, transportadores el\u00e9ctricos y libres\n","publisher":{"@id":"https:\/\/rwconveyor.com\/es\/#organization"},"potentialAction":[{"@type":"SearchAction","target":{"@type":"EntryPoint","urlTemplate":"https:\/\/rwconveyor.com\/es\/?s={search_term_string}"},"query-input":{"@type":"PropertyValueSpecification","valueRequired":true,"valueName":"search_term_string"}}],"inLanguage":"es"},{"@type":"Organization","@id":"https:\/\/rwconveyor.com\/es\/#organization","name":"Richards-Wilcox Conveyor","url":"https:\/\/rwconveyor.com\/es\/","logo":{"@type":"ImageObject","inLanguage":"es","@id":"https:\/\/rwconveyor.com\/es\/#\/schema\/logo\/image\/","url":"https:\/\/rwconveyor.com\/wp-content\/uploads\/2020\/05\/RW_Conveyor_Horizontal_NoTag_4C.png","contentUrl":"https:\/\/rwconveyor.com\/wp-content\/uploads\/2020\/05\/RW_Conveyor_Horizontal_NoTag_4C.png","width":512,"height":512,"caption":"Richards-Wilcox Conveyor"},"image":{"@id":"https:\/\/rwconveyor.com\/es\/#\/schema\/logo\/image\/"}}]}},"_links":{"self":[{"href":"https:\/\/rwconveyor.com\/es\/wp-json\/wp\/v2\/pages\/3802","targetHints":{"allow":["GET"]}}],"collection":[{"href":"https:\/\/rwconveyor.com\/es\/wp-json\/wp\/v2\/pages"}],"about":[{"href":"https:\/\/rwconveyor.com\/es\/wp-json\/wp\/v2\/types\/page"}],"author":[{"embeddable":true,"href":"https:\/\/rwconveyor.com\/es\/wp-json\/wp\/v2\/users\/13"}],"replies":[{"embeddable":true,"href":"https:\/\/rwconveyor.com\/es\/wp-json\/wp\/v2\/comments?post=3802"}],"version-history":[{"count":1,"href":"https:\/\/rwconveyor.com\/es\/wp-json\/wp\/v2\/pages\/3802\/revisions"}],"predecessor-version":[{"id":3811,"href":"https:\/\/rwconveyor.com\/es\/wp-json\/wp\/v2\/pages\/3802\/revisions\/3811"}],"up":[{"embeddable":true,"href":"https:\/\/rwconveyor.com\/es\/wp-json\/wp\/v2\/pages\/3782"}],"wp:attachment":[{"href":"https:\/\/rwconveyor.com\/es\/wp-json\/wp\/v2\/media?parent=3802"}],"curies":[{"name":"wp","href":"https:\/\/api.w.org\/{rel}","templated":true}]}}