{"id":3804,"date":"2013-05-02T15:08:19","date_gmt":"2013-05-02T20:08:19","guid":{"rendered":"https:\/\/rwconveyor.com\/inicio\/"},"modified":"2022-07-29T18:31:12","modified_gmt":"2022-07-29T23:31:12","slug":"inicio","status":"publish","type":"page","link":"https:\/\/rwconveyor.com\/es\/","title":{"rendered":"Inicio"},"content":{"rendered":"<div class=\"row justify-content-center row-margin-75\">\r\n<div class=\"col-12 col-sm-8\">\r\n<h1 class=\"centered allcap gold\">Industria 4.0 &#8211; La nueva raza de la evoluci\u00f3n<\/h1>\r\n<p><strong>Hoy en d\u00eda, vivimos en el mundo de la Industria 4.0.<\/strong>  Las operaciones de fabricaci\u00f3n y distribuci\u00f3n son cada vez m\u00e1s r\u00e1pidas, m\u00e1s inteligentes, m\u00e1s \u00e1giles y m\u00e1s avanzadas. Es una jungla ah\u00ed fuera. Para sobrevivir, hay que ser eficiente, eficaz y estar preparado para adaptarse en cualquier momento.<\/p>\r\n<p><strong>Todo comienza con su transportador.<\/strong><\/p>\r\n<\/div>\r\n<\/div>\r\n<div class=\"row justify-content-center row-margin-25\">\r\n<div class=\"col-12 col-sm-10\"><video poster=\"\/wp-content\/themes\/Conveyor\/media\/aboot-poster.jpg\" controls=\"controls\" width=\"100%\" height=\"100%\"> <source src=\"\/wp-content\/themes\/Conveyor\/media\/about.mp4\" type=\"video\/mp4\"><\/source><\/video><\/div>\r\n<\/div>\r\n<div><a href=\"\/es\/?page_id=3861\"><img loading=\"lazy\" decoding=\"async\" class=\"aligncenter wp-image-3380\" src=\"\/wp-content\/uploads\/2022\/07\/RWConveyor_Robotics_Whitepaper_WebTile.jpg\" alt=\"libro blanco sobre la integraci\u00f3n de la rob\u00f3tica\" width=\"1450\" height=\"525\"><\/a><\/div>\r\n<!-- <div class=\"row hp-leadmagnet justify-content-center row-margin-25\">\r\n<div class=\"col-12 col-sm-9\">\r\n<div class=\"row\">\r\n<div class=\"col-4 col-sm-6 centered mobile-hide\"><img loading=\"lazy\" decoding=\"async\" width=\"450\" height=\"474\" class=\"alignnone size-full wp-image-3255\" src=\"\/wp-content\/uploads\/2021\/01\/lead-magnet-cover.png\" alt=\"\" srcset=\"https:\/\/rwconveyor.com\/wp-content\/uploads\/2021\/01\/lead-magnet-cover.png 450w, https:\/\/rwconveyor.com\/wp-content\/uploads\/2021\/01\/lead-magnet-cover-285x300.png 285w\" sizes=\"auto, (max-width: 450px) 100vw, 450px\" \/><\/div>\r\n<div class=\"col-12 col-sm-6\">\r\n<div class=\"flex-center\">\r\n<h4 class=\"gold centered allcap\" style=\"font-size: 2.5rem;\">Keep Your<\/h4>\r\n<h1 class=\"centered allcap\" style=\"font-size: 4rem; font-weight: bold;\">Conveyor<br \/>\r\nOn Track<\/h1>\r\n<h4 class=\"gold centered allcap\" style=\"font-size: 2.5rem;\">For the Future<\/h4>\r\n<p class=\"centered\">Read our reference guide to learn how.<\/p>\r\n<button class=\"bblue bcenter\"><a class=\"white\" href=\"\/es\/?page_id=3868\">Download Now<\/a><\/button><\/div>\r\n<\/div>\r\n<\/div>\r\n<\/div>\r\n<\/div>\r\n\r\n\r\n -->\r\n<div class=\"row justify-content-center row-margin-50\">\r\n<div class=\"col-12 row-margin-top-25\">\r\n<h1 class=\"centered allcap\">Aplicaciones y capacidades<\/h1>\r\n<\/div>\r\n<\/div>\r\n<div class=\"row justify-content-center\">\r\n<div class=\"col-12 col-sm-8\">\r\n<div class=\"row row-margin-25\">\r\n<div class=\"col-12 col-md-6 order-2 order-md-1\">\r\n<div class=\"flex-center blue-back copy-block-25\">\r\n<h4 class=\"gold centered\">Sistemas de transporte para aplicaciones de acabado<\/h4>\r\n<p class=\"white centered\">Desde simples soluciones de acabado por pulverizaci\u00f3n hasta sistemas rob\u00f3ticos a gran escala.<\/p>\r\n<a href=\"\/applications-and-capabilities\/conveyor-systems-for-finishing-applications\/\"><button class=\"bgray bflex bcenter\">M\u00e1s informaci\u00f3n<\/button><\/a><\/div>\r\n<\/div>\r\n<div class=\"col-12 col-md-6 order-1 order-md-2\"><img decoding=\"async\" src=\"\/wp-content\/uploads\/2019\/09\/hp-appcap-finishing.jpg\" alt=\"aplicaci\u00f3n de acabado\"><\/div>\r\n<\/div>\r\n<div class=\"row row-margin-25\">\r\n<div class=\"col-12 col-md-6\"><img decoding=\"async\" src=\"\/wp-content\/uploads\/2019\/09\/hp-appcap-mathandle.jpg\" alt=\"aplicaci\u00f3n de manipulaci\u00f3n de materiales\"><\/div>\r\n<div class=\"col-12 col-md-6\">\r\n<div class=\"flex-center gray-back copy-block-25\">\r\n<h4 class=\"blue centered\">Manipulaci\u00f3n y fabricaci\u00f3n de materiales<\/h4>\r\n<p class=\"white centered\">Inteligente, eficiente y dise\u00f1ado para su flujo de trabajo.<\/p>\r\n<a href=\"\/es\/?page_id=3788\"><button class=\"bblue bflex bcenter\">M\u00e1s informaci\u00f3n<\/button><\/a><\/div>\r\n<\/div>\r\n<\/div>\r\n<div class=\"row row-margin-25 \">\r\n<div class=\"col-12 col-md-6 order-2 order-md-1\">\r\n<div class=\"flex-center blue-back copy-block-25\">\r\n<h4 class=\"gold centered\">Montaje<\/h4>\r\n<p class=\"white centered\">Encuentre formas m\u00e1s inteligentes de utilizar su espacio.<\/p>\r\n<a href=\"\/es\/?page_id=3805\"><button class=\"bgray bflex bcenter\">M\u00e1s informaci\u00f3n<\/button><\/a><\/div>\r\n<\/div>\r\n<div class=\"col-12 col-md-6 order-1 order-md-2\"><img decoding=\"async\" src=\"\/wp-content\/uploads\/2019\/09\/hp-appcap-assembly.jpg\" alt=\"aplicaci\u00f3n de montaje\"><\/div>\r\n<\/div>\r\n<\/div>\r\n<\/div>\r\n<div class=\"row justify-content-center\">\r\n<div class=\"col-12 row-margin-25\">\r\n<h1 class=\"centered allcap\">Nuestros productos<\/h1>\r\n<\/div>\r\n<\/div>\r\n<div class=\"row justify-content-center\">\r\n<div class=\"col-12 col-sm-8\">\r\n<div class=\"row row-margin-25 collapse-fix\">\r\n<div class=\"col-12 col-md-4\">\r\n<div class=\"flex-center gray-back prod-sr\">\r\n<p class=\"hp-prod-title\">Safe-Rail\u00ae.<\/p>\r\n<a href=\"\/es\/?page_id=3779\"><button class=\"bblue flexbutton\">Explora<\/button><\/a><\/div>\r\n<\/div>\r\n<div class=\"col-12 col-md-4\">\r\n<div class=\"flex-center gray-back prod-zz\">\r\n<p class=\"hp-prod-title\">Zig-Zag<\/p>\r\n<a href=\"\/es\/?page_id=3796\"><button class=\"bblue flexbutton\">Explora<\/button><\/a><\/div>\r\n<\/div>\r\n<div class=\"col-12 col-md-4\">\r\n<div class=\"flex-center gray-back prod-pl\">\r\n<p class=\"hp-prod-title\">Zig-Zag\u00ae invertido<\/p>\r\n<a href=\"\/es\/?page_id=3778\"><button class=\"bblue flexbutton\">Explora<\/button><\/a><\/div>\r\n<\/div>\r\n<\/div>\r\n<div class=\"row row-margin-25 collapse-fix\">\r\n<div class=\"col-12 col-md-3\">\r\n<div class=\"flex-center gray-back prod-tt\">\r\n<p class=\"hp-prod-title\">Twin-Trak\u00ae.<\/p>\r\n<a href=\"\/es\/?page_id=3829\"><button class=\"bblue flexbutton\">Explora<\/button><\/a><\/div>\r\n<\/div>\r\n<div class=\"col-12 col-md-3\">\r\n<div class=\"flex-center gray-back prod-owou\">\r\n<p class=\"hp-prod-title\">Over-Way\u00ae.<br>\r\nM\u00e1s y menos<\/p>\r\n<a href=\"\/es\/?page_id=3822\"><button class=\"bblue flexbutton\">Explora<\/button><\/a><\/div>\r\n<\/div>\r\n<div class=\"col-12 col-md-3\">\r\n<div class=\"flex-center gray-back prod-monocart\">\r\n<p class=\"hp-prod-title\">MonoCart\u2122<\/p>\r\n<a href=\"\/es\/?page_id=3816\"><button class=\"bblue flexbutton\">Explora<\/button><\/a><\/div>\r\n<\/div>\r\n<div class=\"col-12 col-md-3\">\r\n<div class=\"flex-center gray-back prod-owi\">\r\n<p class=\"hp-prod-title\">Over-Way\u00ae.<br>\r\nInvertido<\/p>\r\n<a href=\"\/es\/?page_id=3823\"><button class=\"bblue flexbutton\">Explora<\/button><\/a><\/div>\r\n<\/div>\r\n<\/div>\r\n<\/div>\r\n<\/div>\r\n<div class=\"row justify-content-center\">\r\n<div class=\"col-12 row-margin-25\">\r\n<h1 class=\"centered allcap\">Estudios de caso<\/h1>\r\n<\/div>\r\n<\/div>\r\n<div class=\"row row-margin-25 justify-content-center\">\r\n<div class=\"col-12 col-sm-8\">\r\n<div class=\"row collapse-fix\">\r\n<div class=\"col-12 col-md-6\">\r\n<div class=\"flex-center cs-pc blue-back \">\r\n<p class=\"hp-prod-title white\">M\u00e1quinas Clyde<\/p>\r\n<a href=\"\/es\/?page_id=3835\"><button class=\"bgray flexbutton\">Leer<\/button><\/a><\/div>\r\n<\/div>\r\n<div class=\"col-12 col-md-6\">\r\n<div class=\"flex-center blue-back cs-siemens\">\r\n<p class=\"hp-prod-title white\">Corporaci\u00f3n Dematic<\/p>\r\n<a href=\"\/case-studies\/case-study-dematic-corporation\/\"><button class=\"bgray flexbutton\">Leer<\/button> <\/a><\/div>\r\n<\/div>\r\n<\/div>\r\n<\/div>\r\n<\/div>","protected":false},"excerpt":{"rendered":"Industria 4.0 &#8211; La nueva raza de la evoluci\u00f3n Hoy en d\u00eda, vivimos en el mundo de la Industria 4.0. Las operaciones de fabricaci\u00f3n y distribuci\u00f3n son cada vez m\u00e1s r\u00e1pidas, m\u00e1s inteligentes, m\u00e1s \u00e1giles y m\u00e1s avanzadas. Es una jungla ah\u00ed fuera. Para sobrevivir, hay que ser eficiente, eficaz y estar preparado para adaptarse [&hellip;]","protected":false},"author":13,"featured_media":3440,"parent":0,"menu_order":0,"comment_status":"closed","ping_status":"closed","template":"homepage.php","meta":{"_acf_changed":false,"footnotes":""},"class_list":["post-3804","page","type-page","status-publish","has-post-thumbnail","hentry"],"acf":[],"yoast_head":"<!-- This site is optimized with the Yoast SEO plugin v24.7 - https:\/\/yoast.com\/wordpress\/plugins\/seo\/ -->\n<title>Sistemas y soluciones de transporte a\u00e9reo | Richards-Wilcox Conveyor<\/title>\n<meta name=\"description\" content=\"Los sistemas de transporte a\u00e9reo, el dise\u00f1o y la cadena de alto rendimiento de Richards-Wilcox aumentan la eficiencia y automatizan los procesos de su empresa. Llame hoy mismo.\" \/>\n<meta name=\"robots\" content=\"index, follow, max-snippet:-1, max-image-preview:large, max-video-preview:-1\" \/>\n<link rel=\"canonical\" href=\"https:\/\/rwconveyor.com\/es\/\" \/>\n<meta property=\"og:locale\" content=\"es_ES\" \/>\n<meta property=\"og:type\" content=\"article\" \/>\n<meta property=\"og:title\" content=\"Sistemas y soluciones de transporte a\u00e9reo | Richards-Wilcox Conveyor\" \/>\n<meta property=\"og:description\" content=\"Los sistemas de transporte a\u00e9reo, el dise\u00f1o y la cadena de alto rendimiento de Richards-Wilcox aumentan la eficiencia y automatizan los procesos de su empresa. Llame hoy mismo.\" \/>\n<meta property=\"og:url\" content=\"https:\/\/rwconveyor.com\/es\/\" \/>\n<meta property=\"og:site_name\" content=\"Richards-Wilcox Conveyor\" \/>\n<meta property=\"article:modified_time\" content=\"2022-07-29T23:31:12+00:00\" \/>\n<meta property=\"og:image\" content=\"https:\/\/rwconveyor.com\/wp-content\/uploads\/2019\/08\/hp-hero-1.jpg\" \/>\n\t<meta property=\"og:image:width\" content=\"1440\" \/>\n\t<meta property=\"og:image:height\" content=\"651\" \/>\n\t<meta property=\"og:image:type\" content=\"image\/jpeg\" \/>\n<meta name=\"twitter:label1\" content=\"Tiempo de lectura\" \/>\n\t<meta name=\"twitter:data1\" content=\"2 minutos\" \/>\n<script type=\"application\/ld+json\" class=\"yoast-schema-graph\">{\"@context\":\"https:\/\/schema.org\",\"@graph\":[{\"@type\":\"WebPage\",\"@id\":\"https:\/\/rwconveyor.com\/es\/\",\"url\":\"https:\/\/rwconveyor.com\/es\/\",\"name\":\"Sistemas y soluciones de transporte a\u00e9reo | Richards-Wilcox Conveyor\",\"isPartOf\":{\"@id\":\"https:\/\/rwconveyor.com\/es\/#website\"},\"primaryImageOfPage\":{\"@id\":\"https:\/\/rwconveyor.com\/es\/#primaryimage\"},\"image\":{\"@id\":\"https:\/\/rwconveyor.com\/es\/#primaryimage\"},\"thumbnailUrl\":\"https:\/\/rwconveyor.com\/wp-content\/uploads\/2019\/08\/hp-hero-1.jpg\",\"datePublished\":\"2013-05-02T20:08:19+00:00\",\"dateModified\":\"2022-07-29T23:31:12+00:00\",\"description\":\"Los sistemas de transporte a\u00e9reo, el dise\u00f1o y la cadena de alto rendimiento de Richards-Wilcox aumentan la eficiencia y automatizan los procesos de su empresa. Llame hoy mismo.\",\"breadcrumb\":{\"@id\":\"https:\/\/rwconveyor.com\/es\/#breadcrumb\"},\"inLanguage\":\"es\",\"potentialAction\":[{\"@type\":\"ReadAction\",\"target\":[\"https:\/\/rwconveyor.com\/es\/\"]}]},{\"@type\":\"ImageObject\",\"inLanguage\":\"es\",\"@id\":\"https:\/\/rwconveyor.com\/es\/#primaryimage\",\"url\":\"https:\/\/rwconveyor.com\/wp-content\/uploads\/2019\/08\/hp-hero-1.jpg\",\"contentUrl\":\"https:\/\/rwconveyor.com\/wp-content\/uploads\/2019\/08\/hp-hero-1.jpg\",\"width\":1440,\"height\":651,\"caption\":\"metal gorilla rw conveyor\"},{\"@type\":\"BreadcrumbList\",\"@id\":\"https:\/\/rwconveyor.com\/es\/#breadcrumb\",\"itemListElement\":[{\"@type\":\"ListItem\",\"position\":1,\"name\":\"Home\",\"item\":\"https:\/\/rwconveyor.com\/es\/inicio\/\"},{\"@type\":\"ListItem\",\"position\":2,\"name\":\"Inicio\"}]},{\"@type\":\"WebSite\",\"@id\":\"https:\/\/rwconveyor.com\/es\/#website\",\"url\":\"https:\/\/rwconveyor.com\/es\/\",\"name\":\"Richards-Wilcox Conveyor\",\"description\":\"Transportadores a\u00e9reos, transportadores el\u00e9ctricos y libres\\n\",\"publisher\":{\"@id\":\"https:\/\/rwconveyor.com\/es\/#organization\"},\"potentialAction\":[{\"@type\":\"SearchAction\",\"target\":{\"@type\":\"EntryPoint\",\"urlTemplate\":\"https:\/\/rwconveyor.com\/es\/?s={search_term_string}\"},\"query-input\":{\"@type\":\"PropertyValueSpecification\",\"valueRequired\":true,\"valueName\":\"search_term_string\"}}],\"inLanguage\":\"es\"},{\"@type\":\"Organization\",\"@id\":\"https:\/\/rwconveyor.com\/es\/#organization\",\"name\":\"Richards-Wilcox Conveyor\",\"url\":\"https:\/\/rwconveyor.com\/es\/\",\"logo\":{\"@type\":\"ImageObject\",\"inLanguage\":\"es\",\"@id\":\"https:\/\/rwconveyor.com\/es\/#\/schema\/logo\/image\/\",\"url\":\"https:\/\/rwconveyor.com\/wp-content\/uploads\/2020\/05\/RW_Conveyor_Horizontal_NoTag_4C.png\",\"contentUrl\":\"https:\/\/rwconveyor.com\/wp-content\/uploads\/2020\/05\/RW_Conveyor_Horizontal_NoTag_4C.png\",\"width\":512,\"height\":512,\"caption\":\"Richards-Wilcox Conveyor\"},\"image\":{\"@id\":\"https:\/\/rwconveyor.com\/es\/#\/schema\/logo\/image\/\"}}]}<\/script>\n<!-- \/ Yoast SEO plugin. -->","yoast_head_json":{"title":"Sistemas y soluciones de transporte a\u00e9reo | Richards-Wilcox Conveyor","description":"Los sistemas de transporte a\u00e9reo, el dise\u00f1o y la cadena de alto rendimiento de Richards-Wilcox aumentan la eficiencia y automatizan los procesos de su empresa. Llame hoy mismo.","robots":{"index":"index","follow":"follow","max-snippet":"max-snippet:-1","max-image-preview":"max-image-preview:large","max-video-preview":"max-video-preview:-1"},"canonical":"https:\/\/rwconveyor.com\/es\/","og_locale":"es_ES","og_type":"article","og_title":"Sistemas y soluciones de transporte a\u00e9reo | Richards-Wilcox Conveyor","og_description":"Los sistemas de transporte a\u00e9reo, el dise\u00f1o y la cadena de alto rendimiento de Richards-Wilcox aumentan la eficiencia y automatizan los procesos de su empresa. Llame hoy mismo.","og_url":"https:\/\/rwconveyor.com\/es\/","og_site_name":"Richards-Wilcox Conveyor","article_modified_time":"2022-07-29T23:31:12+00:00","og_image":[{"width":1440,"height":651,"url":"https:\/\/rwconveyor.com\/wp-content\/uploads\/2019\/08\/hp-hero-1.jpg","type":"image\/jpeg"}],"twitter_misc":{"Tiempo de lectura":"2 minutos"},"schema":{"@context":"https:\/\/schema.org","@graph":[{"@type":"WebPage","@id":"https:\/\/rwconveyor.com\/es\/","url":"https:\/\/rwconveyor.com\/es\/","name":"Sistemas y soluciones de transporte a\u00e9reo | Richards-Wilcox Conveyor","isPartOf":{"@id":"https:\/\/rwconveyor.com\/es\/#website"},"primaryImageOfPage":{"@id":"https:\/\/rwconveyor.com\/es\/#primaryimage"},"image":{"@id":"https:\/\/rwconveyor.com\/es\/#primaryimage"},"thumbnailUrl":"https:\/\/rwconveyor.com\/wp-content\/uploads\/2019\/08\/hp-hero-1.jpg","datePublished":"2013-05-02T20:08:19+00:00","dateModified":"2022-07-29T23:31:12+00:00","description":"Los sistemas de transporte a\u00e9reo, el dise\u00f1o y la cadena de alto rendimiento de Richards-Wilcox aumentan la eficiencia y automatizan los procesos de su empresa. Llame hoy mismo.","breadcrumb":{"@id":"https:\/\/rwconveyor.com\/es\/#breadcrumb"},"inLanguage":"es","potentialAction":[{"@type":"ReadAction","target":["https:\/\/rwconveyor.com\/es\/"]}]},{"@type":"ImageObject","inLanguage":"es","@id":"https:\/\/rwconveyor.com\/es\/#primaryimage","url":"https:\/\/rwconveyor.com\/wp-content\/uploads\/2019\/08\/hp-hero-1.jpg","contentUrl":"https:\/\/rwconveyor.com\/wp-content\/uploads\/2019\/08\/hp-hero-1.jpg","width":1440,"height":651,"caption":"metal gorilla rw conveyor"},{"@type":"BreadcrumbList","@id":"https:\/\/rwconveyor.com\/es\/#breadcrumb","itemListElement":[{"@type":"ListItem","position":1,"name":"Home","item":"https:\/\/rwconveyor.com\/es\/inicio\/"},{"@type":"ListItem","position":2,"name":"Inicio"}]},{"@type":"WebSite","@id":"https:\/\/rwconveyor.com\/es\/#website","url":"https:\/\/rwconveyor.com\/es\/","name":"Richards-Wilcox Conveyor","description":"Transportadores a\u00e9reos, transportadores el\u00e9ctricos y libres\n","publisher":{"@id":"https:\/\/rwconveyor.com\/es\/#organization"},"potentialAction":[{"@type":"SearchAction","target":{"@type":"EntryPoint","urlTemplate":"https:\/\/rwconveyor.com\/es\/?s={search_term_string}"},"query-input":{"@type":"PropertyValueSpecification","valueRequired":true,"valueName":"search_term_string"}}],"inLanguage":"es"},{"@type":"Organization","@id":"https:\/\/rwconveyor.com\/es\/#organization","name":"Richards-Wilcox Conveyor","url":"https:\/\/rwconveyor.com\/es\/","logo":{"@type":"ImageObject","inLanguage":"es","@id":"https:\/\/rwconveyor.com\/es\/#\/schema\/logo\/image\/","url":"https:\/\/rwconveyor.com\/wp-content\/uploads\/2020\/05\/RW_Conveyor_Horizontal_NoTag_4C.png","contentUrl":"https:\/\/rwconveyor.com\/wp-content\/uploads\/2020\/05\/RW_Conveyor_Horizontal_NoTag_4C.png","width":512,"height":512,"caption":"Richards-Wilcox Conveyor"},"image":{"@id":"https:\/\/rwconveyor.com\/es\/#\/schema\/logo\/image\/"}}]}},"_links":{"self":[{"href":"https:\/\/rwconveyor.com\/es\/wp-json\/wp\/v2\/pages\/3804","targetHints":{"allow":["GET"]}}],"collection":[{"href":"https:\/\/rwconveyor.com\/es\/wp-json\/wp\/v2\/pages"}],"about":[{"href":"https:\/\/rwconveyor.com\/es\/wp-json\/wp\/v2\/types\/page"}],"author":[{"embeddable":true,"href":"https:\/\/rwconveyor.com\/es\/wp-json\/wp\/v2\/users\/13"}],"replies":[{"embeddable":true,"href":"https:\/\/rwconveyor.com\/es\/wp-json\/wp\/v2\/comments?post=3804"}],"version-history":[{"count":4,"href":"https:\/\/rwconveyor.com\/es\/wp-json\/wp\/v2\/pages\/3804\/revisions"}],"predecessor-version":[{"id":4023,"href":"https:\/\/rwconveyor.com\/es\/wp-json\/wp\/v2\/pages\/3804\/revisions\/4023"}],"wp:featuredmedia":[{"embeddable":true,"href":"https:\/\/rwconveyor.com\/es\/wp-json\/wp\/v2\/media\/3440"}],"wp:attachment":[{"href":"https:\/\/rwconveyor.com\/es\/wp-json\/wp\/v2\/media?parent=3804"}],"curies":[{"name":"wp","href":"https:\/\/api.w.org\/{rel}","templated":true}]}}