{"id":3805,"date":"2013-05-09T16:11:33","date_gmt":"2013-05-09T21:11:33","guid":{"rendered":"https:\/\/rwconveyor.com\/aplicaciones-y-capacidades\/montaje\/"},"modified":"2024-08-13T08:56:57","modified_gmt":"2024-08-13T13:56:57","slug":"montaje","status":"publish","type":"page","link":"https:\/\/rwconveyor.com\/es\/aplicaciones-y-capacidades\/montaje\/","title":{"rendered":"Montaje"},"content":{"rendered":"<div class=\"row row-margin-25\">\n<div class=\"col-12\"><img decoding=\"async\" src=\"\/wp-content\/uploads\/2019\/09\/assembly-1.jpg\" alt=\"cinta de montaje\" height=\"444\"><\/div>\n<\/div>\n<div class=\"row row-margin-25\">\n<div class=\"col-12 list-centered\">\n<h3>Los sistemas transportadores de l\u00ednea de montaje Richards-Wilcox se caracterizan por:<\/h3>\n<ul>\n\t<li><strong>Soluciones eficientes y econ\u00f3micas<\/strong> para entregar las piezas a las c\u00e9lulas de montaje<\/li>\n\t<li><strong>Dise\u00f1os que ahorran espacio<\/strong> y que utilizan inclinaciones y curvas para mover los productos de forma eficiente<\/li>\n\t<li>Maquinaria <strong>fiable<\/strong> y de bajo mantenimiento<\/li>\n\t<li><strong>Entrega continua o variable<\/strong> de piezas con controles automatizados<\/li>\n\t<li>Interfaces con los <strong>transportadores de la l\u00ednea de montaje del suelo<\/strong><\/li>\n\t<li><strong>Reducci\u00f3n de<\/strong> costes y mano de obra<\/li>\n\t<li>Portadores <strong>dise\u00f1ados a medida<\/strong> <\/li>\n<\/ul>\n<\/div>\n<\/div>\n<hr>\n<div class=\"row row-margin-25\">\n<div class=\"col-12 col-sm-4\">\n<h3>Nuestros sistemas son ideales para:<\/h3>\n<\/div>\n<div class=\"col-12 col-sm-8\">\n<ul class=\"split\">\n\t<li>Autom\u00f3viles<\/li>\n\t<li>Electrodom\u00e9sticos<\/li>\n\t<li>Telecom<\/li>\n\t<li>Mobiliario de contrato<\/li>\n\t<li>Electr\u00f3nica<\/li>\n\t<li>Bienes de consumo<\/li>\n<\/ul>\n<\/div>\n<\/div>\n<div class=\"row row-margin-25 collapse-fix\">\n<div class=\"col-12 col-sm-6\"><img decoding=\"async\" src=\"\/wp-content\/uploads\/2019\/09\/assembly-2.jpg\" alt=\"transportador de primera clase\"><\/div>\n<div class=\"col-12 col-sm-6\"><img decoding=\"async\" src=\"\/wp-content\/uploads\/2019\/09\/assembly-3.jpg\" alt=\"transportador dematic\"><\/div>\n<\/div>\n<div class=\"row row-margin-25\">\n<div class=\"col-12\">\n<h3>Soluciones creativas para espacios limitados<\/h3>\n<p class=\"centered\">Podemos utilizar el espacio a\u00e9reo de su f\u00e1brica con gran ventaja, evitando el tr\u00e1fico, las m\u00e1quinas y los obst\u00e1culos al pasar por encima o rodearlos con inclinaciones o curvas para mover las piezas en algo m\u00e1s que una l\u00ednea recta. Un sistema de transportador a\u00e9reo de l\u00ednea de montaje Richards-Wilcox, a menudo interconectado con un transportador de banda de suelo, puede enviar un suministro continuo de piezas a uno o varios puntos de la l\u00ednea de montaje.<\/p>\n<p class=\"centered\">Con los controles de automatizaci\u00f3n, el producto puede ser indexado a velocidades variables a diferentes celdas o permitir que los trabajadores de la l\u00ednea controlen el ritmo para obtener la m\u00e1xima eficiencia en funci\u00f3n de la complejidad del montaje. Despu\u00e9s de descargar los ganchos de productos, los transportistas pueden volver autom\u00e1ticamente a los lugares de carga espec\u00edficos para ser reabastecidos.<\/p>\n<\/div>\n<\/div>","protected":false},"excerpt":{"rendered":"Los sistemas transportadores de l\u00ednea de montaje Richards-Wilcox se caracterizan por: Soluciones eficientes y econ\u00f3micas para entregar las piezas a las c\u00e9lulas de montaje Dise\u00f1os que ahorran espacio y que utilizan inclinaciones y curvas para mover los productos de forma eficiente Maquinaria fiable y de bajo mantenimiento Entrega continua o variable de piezas con controles [&hellip;]","protected":false},"author":13,"featured_media":0,"parent":3782,"menu_order":0,"comment_status":"closed","ping_status":"closed","template":"interior-page.php","meta":{"_acf_changed":false,"footnotes":""},"class_list":["post-3805","page","type-page","status-publish","hentry"],"acf":[],"yoast_head":"<!-- This site is optimized with the Yoast SEO plugin v24.7 - https:\/\/yoast.com\/wordpress\/plugins\/seo\/ -->\n<title>Sistemas transportadores de l\u00edneas de montaje - Richards-Wilcox Conveyor<\/title>\n<meta name=\"description\" content=\"En Richards-Wilcox, dise\u00f1amos sistemas de transporte de ensamblaje personalizados que est\u00e1n dise\u00f1ados para lograr la m\u00e1xima eficiencia, velocidad y seguridad, y un coste y espacio m\u00ednimos.\" \/>\n<meta name=\"robots\" content=\"index, follow, max-snippet:-1, max-image-preview:large, max-video-preview:-1\" \/>\n<link rel=\"canonical\" href=\"https:\/\/rwconveyor.com\/es\/aplicaciones-y-capacidades\/montaje\/\" \/>\n<meta property=\"og:locale\" content=\"es_ES\" \/>\n<meta property=\"og:type\" content=\"article\" \/>\n<meta property=\"og:title\" content=\"Dise\u00f1ar un sistema m\u00e1s inteligente\" \/>\n<meta property=\"og:description\" content=\"Haz que cada segundo y cada metro cuadrado cuenten.\" \/>\n<meta property=\"og:url\" content=\"https:\/\/rwconveyor.com\/es\/aplicaciones-y-capacidades\/montaje\/\" \/>\n<meta property=\"og:site_name\" content=\"Richards-Wilcox Conveyor\" \/>\n<meta property=\"article:modified_time\" content=\"2024-08-13T13:56:57+00:00\" \/>\n<meta name=\"twitter:label1\" content=\"Tiempo de lectura\" \/>\n\t<meta name=\"twitter:data1\" content=\"1 minuto\" \/>\n<script type=\"application\/ld+json\" class=\"yoast-schema-graph\">{\"@context\":\"https:\/\/schema.org\",\"@graph\":[{\"@type\":\"WebPage\",\"@id\":\"https:\/\/rwconveyor.com\/es\/aplicaciones-y-capacidades\/montaje\/\",\"url\":\"https:\/\/rwconveyor.com\/es\/aplicaciones-y-capacidades\/montaje\/\",\"name\":\"Sistemas transportadores de l\u00edneas de montaje - Richards-Wilcox Conveyor\",\"isPartOf\":{\"@id\":\"https:\/\/rwconveyor.com\/es\/#website\"},\"datePublished\":\"2013-05-09T21:11:33+00:00\",\"dateModified\":\"2024-08-13T13:56:57+00:00\",\"description\":\"En Richards-Wilcox, dise\u00f1amos sistemas de transporte de ensamblaje personalizados que est\u00e1n dise\u00f1ados para lograr la m\u00e1xima eficiencia, velocidad y seguridad, y un coste y espacio m\u00ednimos.\",\"breadcrumb\":{\"@id\":\"https:\/\/rwconveyor.com\/es\/aplicaciones-y-capacidades\/montaje\/#breadcrumb\"},\"inLanguage\":\"es\",\"potentialAction\":[{\"@type\":\"ReadAction\",\"target\":[\"https:\/\/rwconveyor.com\/es\/aplicaciones-y-capacidades\/montaje\/\"]}]},{\"@type\":\"BreadcrumbList\",\"@id\":\"https:\/\/rwconveyor.com\/es\/aplicaciones-y-capacidades\/montaje\/#breadcrumb\",\"itemListElement\":[{\"@type\":\"ListItem\",\"position\":1,\"name\":\"Home\",\"item\":\"https:\/\/rwconveyor.com\/es\/inicio\/\"},{\"@type\":\"ListItem\",\"position\":2,\"name\":\"Aplicaciones y capacidades\",\"item\":\"https:\/\/rwconveyor.com\/es\/aplicaciones-y-capacidades\/\"},{\"@type\":\"ListItem\",\"position\":3,\"name\":\"Montaje\"}]},{\"@type\":\"WebSite\",\"@id\":\"https:\/\/rwconveyor.com\/es\/#website\",\"url\":\"https:\/\/rwconveyor.com\/es\/\",\"name\":\"Richards-Wilcox Conveyor\",\"description\":\"Transportadores a\u00e9reos, transportadores el\u00e9ctricos y libres\\n\",\"publisher\":{\"@id\":\"https:\/\/rwconveyor.com\/es\/#organization\"},\"potentialAction\":[{\"@type\":\"SearchAction\",\"target\":{\"@type\":\"EntryPoint\",\"urlTemplate\":\"https:\/\/rwconveyor.com\/es\/?s={search_term_string}\"},\"query-input\":{\"@type\":\"PropertyValueSpecification\",\"valueRequired\":true,\"valueName\":\"search_term_string\"}}],\"inLanguage\":\"es\"},{\"@type\":\"Organization\",\"@id\":\"https:\/\/rwconveyor.com\/es\/#organization\",\"name\":\"Richards-Wilcox Conveyor\",\"url\":\"https:\/\/rwconveyor.com\/es\/\",\"logo\":{\"@type\":\"ImageObject\",\"inLanguage\":\"es\",\"@id\":\"https:\/\/rwconveyor.com\/es\/#\/schema\/logo\/image\/\",\"url\":\"https:\/\/rwconveyor.com\/wp-content\/uploads\/2020\/05\/RW_Conveyor_Horizontal_NoTag_4C.png\",\"contentUrl\":\"https:\/\/rwconveyor.com\/wp-content\/uploads\/2020\/05\/RW_Conveyor_Horizontal_NoTag_4C.png\",\"width\":512,\"height\":512,\"caption\":\"Richards-Wilcox Conveyor\"},\"image\":{\"@id\":\"https:\/\/rwconveyor.com\/es\/#\/schema\/logo\/image\/\"}}]}<\/script>\n<!-- \/ Yoast SEO plugin. -->","yoast_head_json":{"title":"Sistemas transportadores de l\u00edneas de montaje - Richards-Wilcox Conveyor","description":"En Richards-Wilcox, dise\u00f1amos sistemas de transporte de ensamblaje personalizados que est\u00e1n dise\u00f1ados para lograr la m\u00e1xima eficiencia, velocidad y seguridad, y un coste y espacio m\u00ednimos.","robots":{"index":"index","follow":"follow","max-snippet":"max-snippet:-1","max-image-preview":"max-image-preview:large","max-video-preview":"max-video-preview:-1"},"canonical":"https:\/\/rwconveyor.com\/es\/aplicaciones-y-capacidades\/montaje\/","og_locale":"es_ES","og_type":"article","og_title":"Dise\u00f1ar un sistema m\u00e1s inteligente","og_description":"Haz que cada segundo y cada metro cuadrado cuenten.","og_url":"https:\/\/rwconveyor.com\/es\/aplicaciones-y-capacidades\/montaje\/","og_site_name":"Richards-Wilcox Conveyor","article_modified_time":"2024-08-13T13:56:57+00:00","twitter_misc":{"Tiempo de lectura":"1 minuto"},"schema":{"@context":"https:\/\/schema.org","@graph":[{"@type":"WebPage","@id":"https:\/\/rwconveyor.com\/es\/aplicaciones-y-capacidades\/montaje\/","url":"https:\/\/rwconveyor.com\/es\/aplicaciones-y-capacidades\/montaje\/","name":"Sistemas transportadores de l\u00edneas de montaje - Richards-Wilcox Conveyor","isPartOf":{"@id":"https:\/\/rwconveyor.com\/es\/#website"},"datePublished":"2013-05-09T21:11:33+00:00","dateModified":"2024-08-13T13:56:57+00:00","description":"En Richards-Wilcox, dise\u00f1amos sistemas de transporte de ensamblaje personalizados que est\u00e1n dise\u00f1ados para lograr la m\u00e1xima eficiencia, velocidad y seguridad, y un coste y espacio m\u00ednimos.","breadcrumb":{"@id":"https:\/\/rwconveyor.com\/es\/aplicaciones-y-capacidades\/montaje\/#breadcrumb"},"inLanguage":"es","potentialAction":[{"@type":"ReadAction","target":["https:\/\/rwconveyor.com\/es\/aplicaciones-y-capacidades\/montaje\/"]}]},{"@type":"BreadcrumbList","@id":"https:\/\/rwconveyor.com\/es\/aplicaciones-y-capacidades\/montaje\/#breadcrumb","itemListElement":[{"@type":"ListItem","position":1,"name":"Home","item":"https:\/\/rwconveyor.com\/es\/inicio\/"},{"@type":"ListItem","position":2,"name":"Aplicaciones y capacidades","item":"https:\/\/rwconveyor.com\/es\/aplicaciones-y-capacidades\/"},{"@type":"ListItem","position":3,"name":"Montaje"}]},{"@type":"WebSite","@id":"https:\/\/rwconveyor.com\/es\/#website","url":"https:\/\/rwconveyor.com\/es\/","name":"Richards-Wilcox Conveyor","description":"Transportadores a\u00e9reos, transportadores el\u00e9ctricos y libres\n","publisher":{"@id":"https:\/\/rwconveyor.com\/es\/#organization"},"potentialAction":[{"@type":"SearchAction","target":{"@type":"EntryPoint","urlTemplate":"https:\/\/rwconveyor.com\/es\/?s={search_term_string}"},"query-input":{"@type":"PropertyValueSpecification","valueRequired":true,"valueName":"search_term_string"}}],"inLanguage":"es"},{"@type":"Organization","@id":"https:\/\/rwconveyor.com\/es\/#organization","name":"Richards-Wilcox Conveyor","url":"https:\/\/rwconveyor.com\/es\/","logo":{"@type":"ImageObject","inLanguage":"es","@id":"https:\/\/rwconveyor.com\/es\/#\/schema\/logo\/image\/","url":"https:\/\/rwconveyor.com\/wp-content\/uploads\/2020\/05\/RW_Conveyor_Horizontal_NoTag_4C.png","contentUrl":"https:\/\/rwconveyor.com\/wp-content\/uploads\/2020\/05\/RW_Conveyor_Horizontal_NoTag_4C.png","width":512,"height":512,"caption":"Richards-Wilcox Conveyor"},"image":{"@id":"https:\/\/rwconveyor.com\/es\/#\/schema\/logo\/image\/"}}]}},"_links":{"self":[{"href":"https:\/\/rwconveyor.com\/es\/wp-json\/wp\/v2\/pages\/3805","targetHints":{"allow":["GET"]}}],"collection":[{"href":"https:\/\/rwconveyor.com\/es\/wp-json\/wp\/v2\/pages"}],"about":[{"href":"https:\/\/rwconveyor.com\/es\/wp-json\/wp\/v2\/types\/page"}],"author":[{"embeddable":true,"href":"https:\/\/rwconveyor.com\/es\/wp-json\/wp\/v2\/users\/13"}],"replies":[{"embeddable":true,"href":"https:\/\/rwconveyor.com\/es\/wp-json\/wp\/v2\/comments?post=3805"}],"version-history":[{"count":2,"href":"https:\/\/rwconveyor.com\/es\/wp-json\/wp\/v2\/pages\/3805\/revisions"}],"predecessor-version":[{"id":7147,"href":"https:\/\/rwconveyor.com\/es\/wp-json\/wp\/v2\/pages\/3805\/revisions\/7147"}],"up":[{"embeddable":true,"href":"https:\/\/rwconveyor.com\/es\/wp-json\/wp\/v2\/pages\/3782"}],"wp:attachment":[{"href":"https:\/\/rwconveyor.com\/es\/wp-json\/wp\/v2\/media?parent=3805"}],"curies":[{"name":"wp","href":"https:\/\/api.w.org\/{rel}","templated":true}]}}