{"id":3810,"date":"2013-05-02T16:43:39","date_gmt":"2013-05-02T21:43:39","guid":{"rendered":"https:\/\/rwconveyor.com\/aplicaciones-y-capacidades\/transportadores-de-linea-de-acabado\/"},"modified":"2022-07-20T17:20:49","modified_gmt":"2022-07-20T22:20:49","slug":"transportadores-de-linea-de-acabado","status":"publish","type":"page","link":"https:\/\/rwconveyor.com\/es\/aplicaciones-y-capacidades\/transportadores-de-linea-de-acabado\/","title":{"rendered":"Transportadores de l\u00ednea de acabado"},"content":{"rendered":"<div class=\"row row-margin-25\">\n<div class=\"col-12\"><img decoding=\"async\" src=\"\/wp-content\/uploads\/2019\/09\/csffa-1.jpg\" alt=\"cinta de acabado 1\" height=\"444\"><\/div>\n<\/div>\n<div class=\"row row-margin-25 collapse-fix\">\n<div class=\"col-12 col-sm-6\"><img decoding=\"async\" src=\"\/wp-content\/uploads\/2019\/09\/csffa-2.jpg\" alt=\"cinta de acabado 2\"><\/div>\n<div class=\"col-12 col-sm-6\"><img decoding=\"async\" src=\"\/wp-content\/uploads\/2019\/09\/csffa-3.jpg\" alt=\"cinta de acabado 3\"><\/div>\n<\/div>\n<h3 class=\"centered allcap\">Sistemas est\u00e1ndar (monorra\u00edl)<\/h3>\n<p class=\"centered\">Los sistemas de transporte monorra\u00edl son sencillos y rentables. Siguen un camino, lo que significa que funcionan mejor con procesos sencillos. Hay dos formas de alimentar estos sistemas: manualmente o mediante una cadena continua.<\/p>\n<p class=\"centered\">Richards-Wilcox Conveyors ofrece varias variedades de sistemas de transporte monorra\u00edl:<\/p>\n<div class=\"row justify-content-center row-margin-25\">\n<div class=\"col-12\">\n<div class=\"row row-margin-25 collapse-fix\">\n<div class=\"col-12 col-md-4\">\n<div class=\"flex-center blue-back prod-sr\">\n<p class=\"hp-prod-title gold\">Safe-Rail\u00ae.<\/p>\n<p><a href=\"https:\/\/rwconveyor.com\/es\/?page_id=3779\"><button class=\"bgray flexbutton\">Explore<\/button><\/a><\/p>\n<\/div>\n<\/div>\n<div class=\"col-12 col-md-4\">\n<div class=\"flex-center blue-back prod-zz\">\n<p class=\"hp-prod-title gold\">Zig-Zag<\/p>\n<p><a href=\"https:\/\/rwconveyor.com\/es\/?page_id=3796\"><button class=\"bgray flexbutton\">Explore<\/button><\/a><\/p>\n<\/div>\n<\/div>\n<div class=\"col-12 col-md-4\">\n<div class=\"flex-center blue-back prod-pl\">\n<p class=\"hp-prod-title gold\">Zig-Zag\u00ae invertido<\/p>\n<p><a href=\"https:\/\/rwconveyor.com\/es\/?page_id=3778\"><button class=\"bgray flexbutton\">Explore<\/button><\/a><\/p>\n<\/div>\n<\/div>\n<\/div>\n<\/div>\n<\/div>\n<h3 class=\"centered allcap\">Sistemas de alimentaci\u00f3n y libres<\/h3>\n<p class=\"centered\">Los transportadores a\u00e9reos y libres ofrecen a los operarios una flexibilidad inigualable para una gran variedad de piezas y procesos. Pueden detener y poner en marcha las piezas con facilidad, funcionar a varias velocidades, desviarse a varias ubicaciones y proporcionar opciones de seguimiento de piezas, seg\u00fan sea necesario. Estos sistemas utilizan perros empujadores para enganchar y desenganchar las conexiones entre las cadenas y los carros.<\/p>\n<p class=\"centered\">Richards-Wilcox Conveyor ofrece varios sistemas de transporte de potencia y libre de gama alta:<\/p>\n<div class=\"row justify-content-center row-margin-25\">\n<div class=\"col-12\">\n<div class=\"row row-margin-25 collapse-fix\">\n<div class=\"col-12 col-md-4\">\n<div class=\"flex-center blue-back prod-tt\">\n<p class=\"hp-prod-title gold\">Twin-Trak\u00ae.<\/p>\n<p><a href=\"https:\/\/rwconveyor.com\/es\/?page_id=3829\"><button class=\"bgray flexbutton\">Explore<\/button><\/a><\/p>\n<\/div>\n<\/div>\n<div class=\"col-12 col-md-4\">\n<div class=\"flex-center blue-back prod-owou\">\n<p class=\"hp-prod-title gold\">Over-Way\u00ae.<br>\nM\u00e1s y menos<\/p>\n<p><a href=\"https:\/\/rwconveyor.com\/es\/?page_id=3822\"><button class=\"bgray flexbutton\">Explore<\/button><\/a><\/p>\n<\/div>\n<\/div>\n<div class=\"col-12 col-md-4\">\n<div class=\"flex-center blue-back prod-owi\">\n<p class=\"hp-prod-title gold\">Over-Way\u00ae.<br>\nInvertido<\/p>\n<p><a href=\"https:\/\/rwconveyor.com\/es\/?page_id=3823\"><button class=\"bgray flexbutton\">Explore<\/button><\/a><\/p>\n<\/div>\n<\/div>\n<\/div>\n<\/div>\n<\/div>","protected":false},"excerpt":{"rendered":"Sistemas est\u00e1ndar (monorra\u00edl) Los sistemas de transporte monorra\u00edl son sencillos y rentables. Siguen un camino, lo que significa que funcionan mejor con procesos sencillos. Hay dos formas de alimentar estos sistemas: manualmente o mediante una cadena continua. Richards-Wilcox Conveyors ofrece varias variedades de sistemas de transporte monorra\u00edl: Safe-Rail\u00ae. Explore Zig-Zag Explore Zig-Zag\u00ae invertido Explore Sistemas [&hellip;]","protected":false},"author":13,"featured_media":0,"parent":3782,"menu_order":0,"comment_status":"closed","ping_status":"closed","template":"interior-page.php","meta":{"_acf_changed":false,"footnotes":""},"class_list":["post-3810","page","type-page","status-publish","hentry"],"acf":[],"yoast_head":"<!-- This site is optimized with the Yoast SEO plugin v24.7 - https:\/\/yoast.com\/wordpress\/plugins\/seo\/ -->\n<title>Transportadores de l\u00ednea de acabado | Transportadores de l\u00ednea de pintura | Transportador RW<\/title>\n<meta name=\"description\" content=\"Desde transportadores de l\u00ednea de acabado hasta transportadores de l\u00ednea de pintura, Richards-Wilcox tiene el transportador adecuado para cualquier aplicaci\u00f3n. P\u00f3ngase en contacto con nosotros hoy mismo.\" \/>\n<meta name=\"robots\" content=\"index, follow, max-snippet:-1, max-image-preview:large, max-video-preview:-1\" \/>\n<link rel=\"canonical\" href=\"https:\/\/rwconveyor.com\/es\/aplicaciones-y-capacidades\/transportadores-de-linea-de-acabado\/\" \/>\n<meta property=\"og:locale\" content=\"es_ES\" \/>\n<meta property=\"og:type\" content=\"article\" \/>\n<meta property=\"og:title\" content=\"Transportadores de l\u00ednea de acabado | Transportadores de l\u00ednea de pintura | Transportador RW\" \/>\n<meta property=\"og:description\" content=\"Desde transportadores de l\u00ednea de acabado hasta transportadores de l\u00ednea de pintura, Richards-Wilcox tiene el transportador adecuado para cualquier aplicaci\u00f3n. P\u00f3ngase en contacto con nosotros hoy mismo.\" \/>\n<meta property=\"og:url\" content=\"https:\/\/rwconveyor.com\/es\/aplicaciones-y-capacidades\/transportadores-de-linea-de-acabado\/\" \/>\n<meta property=\"og:site_name\" content=\"Richards-Wilcox Conveyor\" \/>\n<meta property=\"article:modified_time\" content=\"2022-07-20T22:20:49+00:00\" \/>\n<meta name=\"twitter:label1\" content=\"Tiempo de lectura\" \/>\n\t<meta name=\"twitter:data1\" content=\"1 minuto\" \/>\n<script type=\"application\/ld+json\" class=\"yoast-schema-graph\">{\"@context\":\"https:\/\/schema.org\",\"@graph\":[{\"@type\":\"WebPage\",\"@id\":\"https:\/\/rwconveyor.com\/es\/aplicaciones-y-capacidades\/transportadores-de-linea-de-acabado\/\",\"url\":\"https:\/\/rwconveyor.com\/es\/aplicaciones-y-capacidades\/transportadores-de-linea-de-acabado\/\",\"name\":\"Transportadores de l\u00ednea de acabado | Transportadores de l\u00ednea de pintura | Transportador RW\",\"isPartOf\":{\"@id\":\"https:\/\/rwconveyor.com\/es\/#website\"},\"datePublished\":\"2013-05-02T21:43:39+00:00\",\"dateModified\":\"2022-07-20T22:20:49+00:00\",\"description\":\"Desde transportadores de l\u00ednea de acabado hasta transportadores de l\u00ednea de pintura, Richards-Wilcox tiene el transportador adecuado para cualquier aplicaci\u00f3n. P\u00f3ngase en contacto con nosotros hoy mismo.\",\"breadcrumb\":{\"@id\":\"https:\/\/rwconveyor.com\/es\/aplicaciones-y-capacidades\/transportadores-de-linea-de-acabado\/#breadcrumb\"},\"inLanguage\":\"es\",\"potentialAction\":[{\"@type\":\"ReadAction\",\"target\":[\"https:\/\/rwconveyor.com\/es\/aplicaciones-y-capacidades\/transportadores-de-linea-de-acabado\/\"]}]},{\"@type\":\"BreadcrumbList\",\"@id\":\"https:\/\/rwconveyor.com\/es\/aplicaciones-y-capacidades\/transportadores-de-linea-de-acabado\/#breadcrumb\",\"itemListElement\":[{\"@type\":\"ListItem\",\"position\":1,\"name\":\"Home\",\"item\":\"https:\/\/rwconveyor.com\/es\/inicio\/\"},{\"@type\":\"ListItem\",\"position\":2,\"name\":\"Aplicaciones y capacidades\",\"item\":\"https:\/\/rwconveyor.com\/es\/aplicaciones-y-capacidades\/\"},{\"@type\":\"ListItem\",\"position\":3,\"name\":\"Transportadores de l\u00ednea de acabado\"}]},{\"@type\":\"WebSite\",\"@id\":\"https:\/\/rwconveyor.com\/es\/#website\",\"url\":\"https:\/\/rwconveyor.com\/es\/\",\"name\":\"Richards-Wilcox Conveyor\",\"description\":\"Transportadores a\u00e9reos, transportadores el\u00e9ctricos y libres\\n\",\"publisher\":{\"@id\":\"https:\/\/rwconveyor.com\/es\/#organization\"},\"potentialAction\":[{\"@type\":\"SearchAction\",\"target\":{\"@type\":\"EntryPoint\",\"urlTemplate\":\"https:\/\/rwconveyor.com\/es\/?s={search_term_string}\"},\"query-input\":{\"@type\":\"PropertyValueSpecification\",\"valueRequired\":true,\"valueName\":\"search_term_string\"}}],\"inLanguage\":\"es\"},{\"@type\":\"Organization\",\"@id\":\"https:\/\/rwconveyor.com\/es\/#organization\",\"name\":\"Richards-Wilcox Conveyor\",\"url\":\"https:\/\/rwconveyor.com\/es\/\",\"logo\":{\"@type\":\"ImageObject\",\"inLanguage\":\"es\",\"@id\":\"https:\/\/rwconveyor.com\/es\/#\/schema\/logo\/image\/\",\"url\":\"https:\/\/rwconveyor.com\/wp-content\/uploads\/2020\/05\/RW_Conveyor_Horizontal_NoTag_4C.png\",\"contentUrl\":\"https:\/\/rwconveyor.com\/wp-content\/uploads\/2020\/05\/RW_Conveyor_Horizontal_NoTag_4C.png\",\"width\":512,\"height\":512,\"caption\":\"Richards-Wilcox Conveyor\"},\"image\":{\"@id\":\"https:\/\/rwconveyor.com\/es\/#\/schema\/logo\/image\/\"}}]}<\/script>\n<!-- \/ Yoast SEO plugin. -->","yoast_head_json":{"title":"Transportadores de l\u00ednea de acabado | Transportadores de l\u00ednea de pintura | Transportador RW","description":"Desde transportadores de l\u00ednea de acabado hasta transportadores de l\u00ednea de pintura, Richards-Wilcox tiene el transportador adecuado para cualquier aplicaci\u00f3n. P\u00f3ngase en contacto con nosotros hoy mismo.","robots":{"index":"index","follow":"follow","max-snippet":"max-snippet:-1","max-image-preview":"max-image-preview:large","max-video-preview":"max-video-preview:-1"},"canonical":"https:\/\/rwconveyor.com\/es\/aplicaciones-y-capacidades\/transportadores-de-linea-de-acabado\/","og_locale":"es_ES","og_type":"article","og_title":"Transportadores de l\u00ednea de acabado | Transportadores de l\u00ednea de pintura | Transportador RW","og_description":"Desde transportadores de l\u00ednea de acabado hasta transportadores de l\u00ednea de pintura, Richards-Wilcox tiene el transportador adecuado para cualquier aplicaci\u00f3n. P\u00f3ngase en contacto con nosotros hoy mismo.","og_url":"https:\/\/rwconveyor.com\/es\/aplicaciones-y-capacidades\/transportadores-de-linea-de-acabado\/","og_site_name":"Richards-Wilcox Conveyor","article_modified_time":"2022-07-20T22:20:49+00:00","twitter_misc":{"Tiempo de lectura":"1 minuto"},"schema":{"@context":"https:\/\/schema.org","@graph":[{"@type":"WebPage","@id":"https:\/\/rwconveyor.com\/es\/aplicaciones-y-capacidades\/transportadores-de-linea-de-acabado\/","url":"https:\/\/rwconveyor.com\/es\/aplicaciones-y-capacidades\/transportadores-de-linea-de-acabado\/","name":"Transportadores de l\u00ednea de acabado | Transportadores de l\u00ednea de pintura | Transportador RW","isPartOf":{"@id":"https:\/\/rwconveyor.com\/es\/#website"},"datePublished":"2013-05-02T21:43:39+00:00","dateModified":"2022-07-20T22:20:49+00:00","description":"Desde transportadores de l\u00ednea de acabado hasta transportadores de l\u00ednea de pintura, Richards-Wilcox tiene el transportador adecuado para cualquier aplicaci\u00f3n. P\u00f3ngase en contacto con nosotros hoy mismo.","breadcrumb":{"@id":"https:\/\/rwconveyor.com\/es\/aplicaciones-y-capacidades\/transportadores-de-linea-de-acabado\/#breadcrumb"},"inLanguage":"es","potentialAction":[{"@type":"ReadAction","target":["https:\/\/rwconveyor.com\/es\/aplicaciones-y-capacidades\/transportadores-de-linea-de-acabado\/"]}]},{"@type":"BreadcrumbList","@id":"https:\/\/rwconveyor.com\/es\/aplicaciones-y-capacidades\/transportadores-de-linea-de-acabado\/#breadcrumb","itemListElement":[{"@type":"ListItem","position":1,"name":"Home","item":"https:\/\/rwconveyor.com\/es\/inicio\/"},{"@type":"ListItem","position":2,"name":"Aplicaciones y capacidades","item":"https:\/\/rwconveyor.com\/es\/aplicaciones-y-capacidades\/"},{"@type":"ListItem","position":3,"name":"Transportadores de l\u00ednea de acabado"}]},{"@type":"WebSite","@id":"https:\/\/rwconveyor.com\/es\/#website","url":"https:\/\/rwconveyor.com\/es\/","name":"Richards-Wilcox Conveyor","description":"Transportadores a\u00e9reos, transportadores el\u00e9ctricos y libres\n","publisher":{"@id":"https:\/\/rwconveyor.com\/es\/#organization"},"potentialAction":[{"@type":"SearchAction","target":{"@type":"EntryPoint","urlTemplate":"https:\/\/rwconveyor.com\/es\/?s={search_term_string}"},"query-input":{"@type":"PropertyValueSpecification","valueRequired":true,"valueName":"search_term_string"}}],"inLanguage":"es"},{"@type":"Organization","@id":"https:\/\/rwconveyor.com\/es\/#organization","name":"Richards-Wilcox Conveyor","url":"https:\/\/rwconveyor.com\/es\/","logo":{"@type":"ImageObject","inLanguage":"es","@id":"https:\/\/rwconveyor.com\/es\/#\/schema\/logo\/image\/","url":"https:\/\/rwconveyor.com\/wp-content\/uploads\/2020\/05\/RW_Conveyor_Horizontal_NoTag_4C.png","contentUrl":"https:\/\/rwconveyor.com\/wp-content\/uploads\/2020\/05\/RW_Conveyor_Horizontal_NoTag_4C.png","width":512,"height":512,"caption":"Richards-Wilcox Conveyor"},"image":{"@id":"https:\/\/rwconveyor.com\/es\/#\/schema\/logo\/image\/"}}]}},"_links":{"self":[{"href":"https:\/\/rwconveyor.com\/es\/wp-json\/wp\/v2\/pages\/3810","targetHints":{"allow":["GET"]}}],"collection":[{"href":"https:\/\/rwconveyor.com\/es\/wp-json\/wp\/v2\/pages"}],"about":[{"href":"https:\/\/rwconveyor.com\/es\/wp-json\/wp\/v2\/types\/page"}],"author":[{"embeddable":true,"href":"https:\/\/rwconveyor.com\/es\/wp-json\/wp\/v2\/users\/13"}],"replies":[{"embeddable":true,"href":"https:\/\/rwconveyor.com\/es\/wp-json\/wp\/v2\/comments?post=3810"}],"version-history":[{"count":1,"href":"https:\/\/rwconveyor.com\/es\/wp-json\/wp\/v2\/pages\/3810\/revisions"}],"predecessor-version":[{"id":3814,"href":"https:\/\/rwconveyor.com\/es\/wp-json\/wp\/v2\/pages\/3810\/revisions\/3814"}],"up":[{"embeddable":true,"href":"https:\/\/rwconveyor.com\/es\/wp-json\/wp\/v2\/pages\/3782"}],"wp:attachment":[{"href":"https:\/\/rwconveyor.com\/es\/wp-json\/wp\/v2\/media?parent=3810"}],"curies":[{"name":"wp","href":"https:\/\/api.w.org\/{rel}","templated":true}]}}