{"id":3817,"date":"2013-05-09T19:49:27","date_gmt":"2013-05-10T00:49:27","guid":{"rendered":"https:\/\/rwconveyor.com\/productos\/servicios-de-consultoria-de-ingenieria\/"},"modified":"2022-07-20T16:16:41","modified_gmt":"2022-07-20T21:16:41","slug":"servicios-de-consultoria-de-ingenieria","status":"publish","type":"page","link":"https:\/\/rwconveyor.com\/es\/productos\/servicios-de-consultoria-de-ingenieria\/","title":{"rendered":"Servicios de consultor\u00eda de ingenier\u00eda"},"content":{"rendered":"Como l\u00edder en el dise\u00f1o, soporte y distribuci\u00f3n de transportadores, Richards-Wilcox proporciona asistencia en el dise\u00f1o, incluyendo simulaciones, planos arquitect\u00f3nicos y controles del sistema para proporcionar un transportador de \u00faltima generaci\u00f3n para la manipulaci\u00f3n de materiales o sistemas de acabado.","protected":false},"excerpt":{"rendered":"Como l\u00edder en el dise\u00f1o, soporte y distribuci\u00f3n de transportadores, Richards-Wilcox proporciona asistencia en el dise\u00f1o, incluyendo simulaciones, planos arquitect\u00f3nicos y controles del sistema para proporcionar un transportador de \u00faltima generaci\u00f3n para la manipulaci\u00f3n de materiales o sistemas de acabado.","protected":false},"author":13,"featured_media":0,"parent":3798,"menu_order":0,"comment_status":"closed","ping_status":"open","template":"","meta":{"_acf_changed":false,"footnotes":""},"class_list":["post-3817","page","type-page","status-publish","hentry"],"acf":[],"yoast_head":"<!-- This site is optimized with the Yoast SEO plugin v24.7 - https:\/\/yoast.com\/wordpress\/plugins\/seo\/ -->\n<title>Empresas de consultor\u00eda de ingenier\u00eda y servicios - RW Conveyor<\/title>\n<meta name=\"description\" content=\"Ofrecemos asistencia con simulaciones, planos arquitect\u00f3nicos y controles del sistema para proporcionar un transportador de \u00faltima generaci\u00f3n para la manipulaci\u00f3n de materiales.\" \/>\n<meta name=\"robots\" content=\"index, follow, max-snippet:-1, max-image-preview:large, max-video-preview:-1\" \/>\n<link rel=\"canonical\" href=\"https:\/\/rwconveyor.com\/es\/productos\/servicios-de-consultoria-de-ingenieria\/\" \/>\n<meta property=\"og:locale\" content=\"es_ES\" \/>\n<meta property=\"og:type\" content=\"article\" \/>\n<meta property=\"og:title\" content=\"Empresas de consultor\u00eda de ingenier\u00eda y servicios - RW Conveyor\" \/>\n<meta property=\"og:description\" content=\"Ofrecemos asistencia con simulaciones, planos arquitect\u00f3nicos y controles del sistema para proporcionar un transportador de \u00faltima generaci\u00f3n para la manipulaci\u00f3n de materiales.\" \/>\n<meta property=\"og:url\" content=\"https:\/\/rwconveyor.com\/es\/productos\/servicios-de-consultoria-de-ingenieria\/\" \/>\n<meta property=\"og:site_name\" content=\"Richards-Wilcox Conveyor\" \/>\n<meta property=\"article:modified_time\" content=\"2022-07-20T21:16:41+00:00\" \/>\n<script type=\"application\/ld+json\" class=\"yoast-schema-graph\">{\"@context\":\"https:\/\/schema.org\",\"@graph\":[{\"@type\":\"WebPage\",\"@id\":\"https:\/\/rwconveyor.com\/es\/productos\/servicios-de-consultoria-de-ingenieria\/\",\"url\":\"https:\/\/rwconveyor.com\/es\/productos\/servicios-de-consultoria-de-ingenieria\/\",\"name\":\"Empresas de consultor\u00eda de ingenier\u00eda y servicios - RW Conveyor\",\"isPartOf\":{\"@id\":\"https:\/\/rwconveyor.com\/es\/#website\"},\"datePublished\":\"2013-05-10T00:49:27+00:00\",\"dateModified\":\"2022-07-20T21:16:41+00:00\",\"description\":\"Ofrecemos asistencia con simulaciones, planos arquitect\u00f3nicos y controles del sistema para proporcionar un transportador de \u00faltima generaci\u00f3n para la manipulaci\u00f3n de materiales.\",\"breadcrumb\":{\"@id\":\"https:\/\/rwconveyor.com\/es\/productos\/servicios-de-consultoria-de-ingenieria\/#breadcrumb\"},\"inLanguage\":\"es\",\"potentialAction\":[{\"@type\":\"ReadAction\",\"target\":[\"https:\/\/rwconveyor.com\/es\/productos\/servicios-de-consultoria-de-ingenieria\/\"]}]},{\"@type\":\"BreadcrumbList\",\"@id\":\"https:\/\/rwconveyor.com\/es\/productos\/servicios-de-consultoria-de-ingenieria\/#breadcrumb\",\"itemListElement\":[{\"@type\":\"ListItem\",\"position\":1,\"name\":\"Home\",\"item\":\"https:\/\/rwconveyor.com\/es\/inicio\/\"},{\"@type\":\"ListItem\",\"position\":2,\"name\":\"Productos\",\"item\":\"https:\/\/rwconveyor.com\/es\/productos\/\"},{\"@type\":\"ListItem\",\"position\":3,\"name\":\"Servicios de consultor\u00eda de ingenier\u00eda\"}]},{\"@type\":\"WebSite\",\"@id\":\"https:\/\/rwconveyor.com\/es\/#website\",\"url\":\"https:\/\/rwconveyor.com\/es\/\",\"name\":\"Richards-Wilcox Conveyor\",\"description\":\"Transportadores a\u00e9reos, transportadores el\u00e9ctricos y libres\\n\",\"publisher\":{\"@id\":\"https:\/\/rwconveyor.com\/es\/#organization\"},\"potentialAction\":[{\"@type\":\"SearchAction\",\"target\":{\"@type\":\"EntryPoint\",\"urlTemplate\":\"https:\/\/rwconveyor.com\/es\/?s={search_term_string}\"},\"query-input\":{\"@type\":\"PropertyValueSpecification\",\"valueRequired\":true,\"valueName\":\"search_term_string\"}}],\"inLanguage\":\"es\"},{\"@type\":\"Organization\",\"@id\":\"https:\/\/rwconveyor.com\/es\/#organization\",\"name\":\"Richards-Wilcox Conveyor\",\"url\":\"https:\/\/rwconveyor.com\/es\/\",\"logo\":{\"@type\":\"ImageObject\",\"inLanguage\":\"es\",\"@id\":\"https:\/\/rwconveyor.com\/es\/#\/schema\/logo\/image\/\",\"url\":\"https:\/\/rwconveyor.com\/wp-content\/uploads\/2020\/05\/RW_Conveyor_Horizontal_NoTag_4C.png\",\"contentUrl\":\"https:\/\/rwconveyor.com\/wp-content\/uploads\/2020\/05\/RW_Conveyor_Horizontal_NoTag_4C.png\",\"width\":512,\"height\":512,\"caption\":\"Richards-Wilcox Conveyor\"},\"image\":{\"@id\":\"https:\/\/rwconveyor.com\/es\/#\/schema\/logo\/image\/\"}}]}<\/script>\n<!-- \/ Yoast SEO plugin. -->","yoast_head_json":{"title":"Empresas de consultor\u00eda de ingenier\u00eda y servicios - RW Conveyor","description":"Ofrecemos asistencia con simulaciones, planos arquitect\u00f3nicos y controles del sistema para proporcionar un transportador de \u00faltima generaci\u00f3n para la manipulaci\u00f3n de materiales.","robots":{"index":"index","follow":"follow","max-snippet":"max-snippet:-1","max-image-preview":"max-image-preview:large","max-video-preview":"max-video-preview:-1"},"canonical":"https:\/\/rwconveyor.com\/es\/productos\/servicios-de-consultoria-de-ingenieria\/","og_locale":"es_ES","og_type":"article","og_title":"Empresas de consultor\u00eda de ingenier\u00eda y servicios - RW Conveyor","og_description":"Ofrecemos asistencia con simulaciones, planos arquitect\u00f3nicos y controles del sistema para proporcionar un transportador de \u00faltima generaci\u00f3n para la manipulaci\u00f3n de materiales.","og_url":"https:\/\/rwconveyor.com\/es\/productos\/servicios-de-consultoria-de-ingenieria\/","og_site_name":"Richards-Wilcox Conveyor","article_modified_time":"2022-07-20T21:16:41+00:00","schema":{"@context":"https:\/\/schema.org","@graph":[{"@type":"WebPage","@id":"https:\/\/rwconveyor.com\/es\/productos\/servicios-de-consultoria-de-ingenieria\/","url":"https:\/\/rwconveyor.com\/es\/productos\/servicios-de-consultoria-de-ingenieria\/","name":"Empresas de consultor\u00eda de ingenier\u00eda y servicios - RW Conveyor","isPartOf":{"@id":"https:\/\/rwconveyor.com\/es\/#website"},"datePublished":"2013-05-10T00:49:27+00:00","dateModified":"2022-07-20T21:16:41+00:00","description":"Ofrecemos asistencia con simulaciones, planos arquitect\u00f3nicos y controles del sistema para proporcionar un transportador de \u00faltima generaci\u00f3n para la manipulaci\u00f3n de materiales.","breadcrumb":{"@id":"https:\/\/rwconveyor.com\/es\/productos\/servicios-de-consultoria-de-ingenieria\/#breadcrumb"},"inLanguage":"es","potentialAction":[{"@type":"ReadAction","target":["https:\/\/rwconveyor.com\/es\/productos\/servicios-de-consultoria-de-ingenieria\/"]}]},{"@type":"BreadcrumbList","@id":"https:\/\/rwconveyor.com\/es\/productos\/servicios-de-consultoria-de-ingenieria\/#breadcrumb","itemListElement":[{"@type":"ListItem","position":1,"name":"Home","item":"https:\/\/rwconveyor.com\/es\/inicio\/"},{"@type":"ListItem","position":2,"name":"Productos","item":"https:\/\/rwconveyor.com\/es\/productos\/"},{"@type":"ListItem","position":3,"name":"Servicios de consultor\u00eda de ingenier\u00eda"}]},{"@type":"WebSite","@id":"https:\/\/rwconveyor.com\/es\/#website","url":"https:\/\/rwconveyor.com\/es\/","name":"Richards-Wilcox Conveyor","description":"Transportadores a\u00e9reos, transportadores el\u00e9ctricos y libres\n","publisher":{"@id":"https:\/\/rwconveyor.com\/es\/#organization"},"potentialAction":[{"@type":"SearchAction","target":{"@type":"EntryPoint","urlTemplate":"https:\/\/rwconveyor.com\/es\/?s={search_term_string}"},"query-input":{"@type":"PropertyValueSpecification","valueRequired":true,"valueName":"search_term_string"}}],"inLanguage":"es"},{"@type":"Organization","@id":"https:\/\/rwconveyor.com\/es\/#organization","name":"Richards-Wilcox Conveyor","url":"https:\/\/rwconveyor.com\/es\/","logo":{"@type":"ImageObject","inLanguage":"es","@id":"https:\/\/rwconveyor.com\/es\/#\/schema\/logo\/image\/","url":"https:\/\/rwconveyor.com\/wp-content\/uploads\/2020\/05\/RW_Conveyor_Horizontal_NoTag_4C.png","contentUrl":"https:\/\/rwconveyor.com\/wp-content\/uploads\/2020\/05\/RW_Conveyor_Horizontal_NoTag_4C.png","width":512,"height":512,"caption":"Richards-Wilcox Conveyor"},"image":{"@id":"https:\/\/rwconveyor.com\/es\/#\/schema\/logo\/image\/"}}]}},"_links":{"self":[{"href":"https:\/\/rwconveyor.com\/es\/wp-json\/wp\/v2\/pages\/3817","targetHints":{"allow":["GET"]}}],"collection":[{"href":"https:\/\/rwconveyor.com\/es\/wp-json\/wp\/v2\/pages"}],"about":[{"href":"https:\/\/rwconveyor.com\/es\/wp-json\/wp\/v2\/types\/page"}],"author":[{"embeddable":true,"href":"https:\/\/rwconveyor.com\/es\/wp-json\/wp\/v2\/users\/13"}],"replies":[{"embeddable":true,"href":"https:\/\/rwconveyor.com\/es\/wp-json\/wp\/v2\/comments?post=3817"}],"version-history":[{"count":1,"href":"https:\/\/rwconveyor.com\/es\/wp-json\/wp\/v2\/pages\/3817\/revisions"}],"predecessor-version":[{"id":3820,"href":"https:\/\/rwconveyor.com\/es\/wp-json\/wp\/v2\/pages\/3817\/revisions\/3820"}],"up":[{"embeddable":true,"href":"https:\/\/rwconveyor.com\/es\/wp-json\/wp\/v2\/pages\/3798"}],"wp:attachment":[{"href":"https:\/\/rwconveyor.com\/es\/wp-json\/wp\/v2\/media?parent=3817"}],"curies":[{"name":"wp","href":"https:\/\/api.w.org\/{rel}","templated":true}]}}