{"id":3822,"date":"2013-05-09T19:37:11","date_gmt":"2013-05-10T00:37:11","guid":{"rendered":"https:\/\/rwconveyor.com\/sistemas-de-transporte-electrico-y-libre\/over-way-transportador-por-encima-y-por-debajo-de-servicio-pesado\/"},"modified":"2022-07-20T16:51:21","modified_gmt":"2022-07-20T21:51:21","slug":"over-way-transportador-por-encima-y-por-debajo-de-servicio-pesado","status":"publish","type":"page","link":"https:\/\/rwconveyor.com\/es\/productos\/sistemas-de-transporte-electrico-y-libre\/over-way-transportador-por-encima-y-por-debajo-de-servicio-pesado\/","title":{"rendered":"OveR-Way\u2122 Transportador por encima y por debajo de servicio pesado"},"content":{"rendered":"<div class=\"row row-margin-25\">\n<div class=\"col-12\"><img decoding=\"async\" src=\"\/wp-content\/uploads\/2019\/09\/1_RWConveyor_OverUnder_Wide.jpg\" height=\"444\" alt=\"transportador por encima y por debajo\"><\/div>\n<\/div>\n<div class=\"row row-margin-25\">\n<div class=\"col-12 col-sm-4\">\n<h3>Esta es la soluci\u00f3n \u00f3ptima para:<\/h3>\n<\/div>\n<div class=\"col-12 col-sm-8\">\n<ul class=\"split\">\n\t<li>Aplicaciones de acabado de pintura<\/li>\n\t<li>Buffer y recuperaci\u00f3n de WIP<\/li>\n\t<li>L\u00ednea de montaje<\/li>\n\t<li>Manipulaci\u00f3n de cargas largas<\/li>\n<\/ul>\n<\/div>\n<\/div>\n<hr>\n<div class=\"row row-margin-25\">\n<div class=\"col-12 list-centered\">\n<h3 class=\"gold\">OveR-way\u2122 Heavy Duty Over And Under Conveyor Caracter\u00edsticas:<\/h3>\n<ul>\n\t<li><strong>Componentes de alta calidad<\/strong>: Utiliza los mismos componentes de confianza utilizados en los transportadores de cadena Richards-Wilcox, lo que garantiza la calidad y la fiabilidad.<\/li>\n\t<li><strong>Dise\u00f1o robusto<\/strong>: Construidos para soportar el rigor de una amplia variedad de aplicaciones, nuestros dise\u00f1os son duraderos y fiables.<\/li>\n\t<li><strong>Sistemas de control de \u00faltima generaci\u00f3n<\/strong>: Desde sencillos controles basados en PLC hasta complejos sistemas de enrutamiento y seguimiento basados en PC, ofrecemos una variedad de sistemas de control que pueden facilitarle la vida.<\/li>\n\t<li><strong>Componentes modulares<\/strong>: Nuestros componentes son modulares y se almacenan en f\u00e1brica para minimizar los plazos de entrega y maximizar la productividad.<\/li>\n\t<li><strong>Alta capacidad:<\/strong> Con los transportes Single Over-way\u2122 que soportan cargas de hasta <strong>1.000 libras<\/strong> y los transportes Tandem que pueden manejar cargas de hasta <strong>2.000 libras, <\/strong>nosotros hacemos todo el trabajo pesado para que usted pueda sentarse y relajarse.<\/li>\n<\/ul>\n<\/div>\n<\/div>\n<div class=\"row row-margin-25 collapse-fix\">\n<div class=\"col-12 col-sm-6\"><img decoding=\"async\" src=\"\/wp-content\/uploads\/2019\/09\/5_RWConveyor_OverUnder_Square.jpg\" alt=\"m\u00e1s de menos de 2\"><\/div>\n<div class=\"col-12 col-sm-6\"><img decoding=\"async\" src=\"\/wp-content\/uploads\/2019\/09\/6_RWConveyor_OverUnder_Square.jpg\" alt=\"m\u00e1s de menos de 3\"><\/div>\n<\/div>\n<div class=\"row row-margin-25\">\n<div class=\"col-12 list-centered\">\n<h3 class=\"gold\">Dise\u00f1ado para la evoluci\u00f3n<\/h3>\n<p class=\"subsub gold\">El transportador Over-way\u2122 Heavy Duty Over And Under de Richards-wilcox est\u00e1 dise\u00f1ado con beneficios que van m\u00e1s all\u00e1.<\/p>\n<h3 class=\"gold\">He aqu\u00ed c\u00f3mo:<\/h3>\n<ul>\n\t<li><strong>El sistema optimiza la producci\u00f3n <\/strong>garantizando que las piezas correctas lleguen a las operaciones correctas en el momento adecuado, en un flujo continuo, especialmente cuando los ritmos de producci\u00f3n difieren entre las operaciones.  <\/li>\n\t<li>Over-way\u2122 le ayuda a <strong>mantener la calidad<\/strong> y a eliminar la innecesaria remanipulaci\u00f3n de la producci\u00f3n y el transporte manual al realizar los procesos de acabado y\/o montaje con un \u00fanico sistema de manipulaci\u00f3n de materiales.  <\/li>\n\t<li>Over-way\u2122 <strong>aumenta la eficiencia<\/strong> al mantener un registro itinerante del trabajo en curso, registrando la informaci\u00f3n sobre d\u00f3nde ha estado el producto y d\u00f3nde se han producido los defectos.<\/li>\n\t<li>Over-way\u2122 libera un valioso espacio en el suelo y <strong>crea un espacio utilizable<\/strong> para operaciones de mayor valor a\u00f1adido, organizando el flujo de productos y utilizando eficazmente el espacio disponible en la parte superior.  <\/li>\n\t<li>Over-way\u2122 te tiene cubierto, literalmente. Utiliza una pista cerrada que evita que los contaminantes caigan sobre el producto y <strong>protege la cadena de la suciedad<\/strong>, los abrasivos y los disolventes, prolongando la vida de la cadena y la salud de su f\u00e1brica.<\/li>\n<\/ul>\n<\/div>\n<\/div>","protected":false},"excerpt":{"rendered":"Esta es la soluci\u00f3n \u00f3ptima para: Aplicaciones de acabado de pintura Buffer y recuperaci\u00f3n de WIP L\u00ednea de montaje Manipulaci\u00f3n de cargas largas OveR-way\u2122 Heavy Duty Over And Under Conveyor Caracter\u00edsticas: Componentes de alta calidad: Utiliza los mismos componentes de confianza utilizados en los transportadores de cadena Richards-Wilcox, lo que garantiza la calidad y la [&hellip;]","protected":false},"author":13,"featured_media":0,"parent":3781,"menu_order":0,"comment_status":"closed","ping_status":"open","template":"interior-page.php","meta":{"_acf_changed":false,"footnotes":""},"class_list":["post-3822","page","type-page","status-publish","hentry"],"acf":[],"yoast_head":"<!-- This site is optimized with the Yoast SEO plugin v24.7 - https:\/\/yoast.com\/wordpress\/plugins\/seo\/ -->\n<title>Transportador por debajo | Transportador por encima | Transportador por debajo | Transportador RW<\/title>\n<meta name=\"description\" content=\"Combine la potencia y la flexibilidad libre con una configuraci\u00f3n de cinta transportadora por encima y por debajo. Lo que convierte a la OveR-Way en la soluci\u00f3n ideal de gran capacidad.\" \/>\n<meta name=\"robots\" content=\"index, follow, max-snippet:-1, max-image-preview:large, max-video-preview:-1\" \/>\n<link rel=\"canonical\" href=\"https:\/\/rwconveyor.com\/es\/productos\/sistemas-de-transporte-electrico-y-libre\/over-way-transportador-por-encima-y-por-debajo-de-servicio-pesado\/\" \/>\n<meta property=\"og:locale\" content=\"es_ES\" \/>\n<meta property=\"og:type\" content=\"article\" \/>\n<meta property=\"og:title\" content=\"OveR-Way\u2122 Transportador por encima y por debajo de servicio pesado\" \/>\n<meta property=\"og:description\" content=\"Beneficios que van m\u00e1s all\u00e1\" \/>\n<meta property=\"og:url\" content=\"https:\/\/rwconveyor.com\/es\/productos\/sistemas-de-transporte-electrico-y-libre\/over-way-transportador-por-encima-y-por-debajo-de-servicio-pesado\/\" \/>\n<meta property=\"og:site_name\" content=\"Richards-Wilcox Conveyor\" \/>\n<meta property=\"article:modified_time\" content=\"2022-07-20T21:51:21+00:00\" \/>\n<meta property=\"og:image\" content=\"https:\/\/rwconveyor.com\/wp-content\/uploads\/2020\/09\/RWConveyor_MHAF_SM_Overway.jpg\" \/>\n<meta name=\"twitter:label1\" content=\"Tiempo de lectura\" \/>\n\t<meta name=\"twitter:data1\" content=\"2 minutos\" \/>\n<script type=\"application\/ld+json\" class=\"yoast-schema-graph\">{\"@context\":\"https:\/\/schema.org\",\"@graph\":[{\"@type\":\"WebPage\",\"@id\":\"https:\/\/rwconveyor.com\/es\/productos\/sistemas-de-transporte-electrico-y-libre\/over-way-transportador-por-encima-y-por-debajo-de-servicio-pesado\/\",\"url\":\"https:\/\/rwconveyor.com\/es\/productos\/sistemas-de-transporte-electrico-y-libre\/over-way-transportador-por-encima-y-por-debajo-de-servicio-pesado\/\",\"name\":\"Transportador por debajo | Transportador por encima | Transportador por debajo | Transportador RW\",\"isPartOf\":{\"@id\":\"https:\/\/rwconveyor.com\/es\/#website\"},\"datePublished\":\"2013-05-10T00:37:11+00:00\",\"dateModified\":\"2022-07-20T21:51:21+00:00\",\"description\":\"Combine la potencia y la flexibilidad libre con una configuraci\u00f3n de cinta transportadora por encima y por debajo. Lo que convierte a la OveR-Way en la soluci\u00f3n ideal de gran capacidad.\",\"breadcrumb\":{\"@id\":\"https:\/\/rwconveyor.com\/es\/productos\/sistemas-de-transporte-electrico-y-libre\/over-way-transportador-por-encima-y-por-debajo-de-servicio-pesado\/#breadcrumb\"},\"inLanguage\":\"es\",\"potentialAction\":[{\"@type\":\"ReadAction\",\"target\":[\"https:\/\/rwconveyor.com\/es\/productos\/sistemas-de-transporte-electrico-y-libre\/over-way-transportador-por-encima-y-por-debajo-de-servicio-pesado\/\"]}]},{\"@type\":\"BreadcrumbList\",\"@id\":\"https:\/\/rwconveyor.com\/es\/productos\/sistemas-de-transporte-electrico-y-libre\/over-way-transportador-por-encima-y-por-debajo-de-servicio-pesado\/#breadcrumb\",\"itemListElement\":[{\"@type\":\"ListItem\",\"position\":1,\"name\":\"Home\",\"item\":\"https:\/\/rwconveyor.com\/es\/inicio\/\"},{\"@type\":\"ListItem\",\"position\":2,\"name\":\"Productos\",\"item\":\"https:\/\/rwconveyor.com\/es\/productos\/\"},{\"@type\":\"ListItem\",\"position\":3,\"name\":\"Sistemas de transporte el\u00e9ctrico y libre\",\"item\":\"https:\/\/rwconveyor.com\/es\/productos\/sistemas-de-transporte-electrico-y-libre\/\"},{\"@type\":\"ListItem\",\"position\":4,\"name\":\"OveR-Way\u2122 Transportador por encima y por debajo de servicio pesado\"}]},{\"@type\":\"WebSite\",\"@id\":\"https:\/\/rwconveyor.com\/es\/#website\",\"url\":\"https:\/\/rwconveyor.com\/es\/\",\"name\":\"Richards-Wilcox Conveyor\",\"description\":\"Transportadores a\u00e9reos, transportadores el\u00e9ctricos y libres\\n\",\"publisher\":{\"@id\":\"https:\/\/rwconveyor.com\/es\/#organization\"},\"potentialAction\":[{\"@type\":\"SearchAction\",\"target\":{\"@type\":\"EntryPoint\",\"urlTemplate\":\"https:\/\/rwconveyor.com\/es\/?s={search_term_string}\"},\"query-input\":{\"@type\":\"PropertyValueSpecification\",\"valueRequired\":true,\"valueName\":\"search_term_string\"}}],\"inLanguage\":\"es\"},{\"@type\":\"Organization\",\"@id\":\"https:\/\/rwconveyor.com\/es\/#organization\",\"name\":\"Richards-Wilcox Conveyor\",\"url\":\"https:\/\/rwconveyor.com\/es\/\",\"logo\":{\"@type\":\"ImageObject\",\"inLanguage\":\"es\",\"@id\":\"https:\/\/rwconveyor.com\/es\/#\/schema\/logo\/image\/\",\"url\":\"https:\/\/rwconveyor.com\/wp-content\/uploads\/2020\/05\/RW_Conveyor_Horizontal_NoTag_4C.png\",\"contentUrl\":\"https:\/\/rwconveyor.com\/wp-content\/uploads\/2020\/05\/RW_Conveyor_Horizontal_NoTag_4C.png\",\"width\":512,\"height\":512,\"caption\":\"Richards-Wilcox Conveyor\"},\"image\":{\"@id\":\"https:\/\/rwconveyor.com\/es\/#\/schema\/logo\/image\/\"}}]}<\/script>\n<!-- \/ Yoast SEO plugin. -->","yoast_head_json":{"title":"Transportador por debajo | Transportador por encima | Transportador por debajo | Transportador RW","description":"Combine la potencia y la flexibilidad libre con una configuraci\u00f3n de cinta transportadora por encima y por debajo. Lo que convierte a la OveR-Way en la soluci\u00f3n ideal de gran capacidad.","robots":{"index":"index","follow":"follow","max-snippet":"max-snippet:-1","max-image-preview":"max-image-preview:large","max-video-preview":"max-video-preview:-1"},"canonical":"https:\/\/rwconveyor.com\/es\/productos\/sistemas-de-transporte-electrico-y-libre\/over-way-transportador-por-encima-y-por-debajo-de-servicio-pesado\/","og_locale":"es_ES","og_type":"article","og_title":"OveR-Way\u2122 Transportador por encima y por debajo de servicio pesado","og_description":"Beneficios que van m\u00e1s all\u00e1","og_url":"https:\/\/rwconveyor.com\/es\/productos\/sistemas-de-transporte-electrico-y-libre\/over-way-transportador-por-encima-y-por-debajo-de-servicio-pesado\/","og_site_name":"Richards-Wilcox Conveyor","article_modified_time":"2022-07-20T21:51:21+00:00","og_image":[{"url":"https:\/\/rwconveyor.com\/wp-content\/uploads\/2020\/09\/RWConveyor_MHAF_SM_Overway.jpg","type":"","width":"","height":""}],"twitter_misc":{"Tiempo de lectura":"2 minutos"},"schema":{"@context":"https:\/\/schema.org","@graph":[{"@type":"WebPage","@id":"https:\/\/rwconveyor.com\/es\/productos\/sistemas-de-transporte-electrico-y-libre\/over-way-transportador-por-encima-y-por-debajo-de-servicio-pesado\/","url":"https:\/\/rwconveyor.com\/es\/productos\/sistemas-de-transporte-electrico-y-libre\/over-way-transportador-por-encima-y-por-debajo-de-servicio-pesado\/","name":"Transportador por debajo | Transportador por encima | Transportador por debajo | Transportador RW","isPartOf":{"@id":"https:\/\/rwconveyor.com\/es\/#website"},"datePublished":"2013-05-10T00:37:11+00:00","dateModified":"2022-07-20T21:51:21+00:00","description":"Combine la potencia y la flexibilidad libre con una configuraci\u00f3n de cinta transportadora por encima y por debajo. Lo que convierte a la OveR-Way en la soluci\u00f3n ideal de gran capacidad.","breadcrumb":{"@id":"https:\/\/rwconveyor.com\/es\/productos\/sistemas-de-transporte-electrico-y-libre\/over-way-transportador-por-encima-y-por-debajo-de-servicio-pesado\/#breadcrumb"},"inLanguage":"es","potentialAction":[{"@type":"ReadAction","target":["https:\/\/rwconveyor.com\/es\/productos\/sistemas-de-transporte-electrico-y-libre\/over-way-transportador-por-encima-y-por-debajo-de-servicio-pesado\/"]}]},{"@type":"BreadcrumbList","@id":"https:\/\/rwconveyor.com\/es\/productos\/sistemas-de-transporte-electrico-y-libre\/over-way-transportador-por-encima-y-por-debajo-de-servicio-pesado\/#breadcrumb","itemListElement":[{"@type":"ListItem","position":1,"name":"Home","item":"https:\/\/rwconveyor.com\/es\/inicio\/"},{"@type":"ListItem","position":2,"name":"Productos","item":"https:\/\/rwconveyor.com\/es\/productos\/"},{"@type":"ListItem","position":3,"name":"Sistemas de transporte el\u00e9ctrico y libre","item":"https:\/\/rwconveyor.com\/es\/productos\/sistemas-de-transporte-electrico-y-libre\/"},{"@type":"ListItem","position":4,"name":"OveR-Way\u2122 Transportador por encima y por debajo de servicio pesado"}]},{"@type":"WebSite","@id":"https:\/\/rwconveyor.com\/es\/#website","url":"https:\/\/rwconveyor.com\/es\/","name":"Richards-Wilcox Conveyor","description":"Transportadores a\u00e9reos, transportadores el\u00e9ctricos y libres\n","publisher":{"@id":"https:\/\/rwconveyor.com\/es\/#organization"},"potentialAction":[{"@type":"SearchAction","target":{"@type":"EntryPoint","urlTemplate":"https:\/\/rwconveyor.com\/es\/?s={search_term_string}"},"query-input":{"@type":"PropertyValueSpecification","valueRequired":true,"valueName":"search_term_string"}}],"inLanguage":"es"},{"@type":"Organization","@id":"https:\/\/rwconveyor.com\/es\/#organization","name":"Richards-Wilcox Conveyor","url":"https:\/\/rwconveyor.com\/es\/","logo":{"@type":"ImageObject","inLanguage":"es","@id":"https:\/\/rwconveyor.com\/es\/#\/schema\/logo\/image\/","url":"https:\/\/rwconveyor.com\/wp-content\/uploads\/2020\/05\/RW_Conveyor_Horizontal_NoTag_4C.png","contentUrl":"https:\/\/rwconveyor.com\/wp-content\/uploads\/2020\/05\/RW_Conveyor_Horizontal_NoTag_4C.png","width":512,"height":512,"caption":"Richards-Wilcox Conveyor"},"image":{"@id":"https:\/\/rwconveyor.com\/es\/#\/schema\/logo\/image\/"}}]}},"_links":{"self":[{"href":"https:\/\/rwconveyor.com\/es\/wp-json\/wp\/v2\/pages\/3822","targetHints":{"allow":["GET"]}}],"collection":[{"href":"https:\/\/rwconveyor.com\/es\/wp-json\/wp\/v2\/pages"}],"about":[{"href":"https:\/\/rwconveyor.com\/es\/wp-json\/wp\/v2\/types\/page"}],"author":[{"embeddable":true,"href":"https:\/\/rwconveyor.com\/es\/wp-json\/wp\/v2\/users\/13"}],"replies":[{"embeddable":true,"href":"https:\/\/rwconveyor.com\/es\/wp-json\/wp\/v2\/comments?post=3822"}],"version-history":[{"count":1,"href":"https:\/\/rwconveyor.com\/es\/wp-json\/wp\/v2\/pages\/3822\/revisions"}],"predecessor-version":[{"id":3826,"href":"https:\/\/rwconveyor.com\/es\/wp-json\/wp\/v2\/pages\/3822\/revisions\/3826"}],"up":[{"embeddable":true,"href":"https:\/\/rwconveyor.com\/es\/wp-json\/wp\/v2\/pages\/3781"}],"wp:attachment":[{"href":"https:\/\/rwconveyor.com\/es\/wp-json\/wp\/v2\/media?parent=3822"}],"curies":[{"name":"wp","href":"https:\/\/api.w.org\/{rel}","templated":true}]}}