{"id":3823,"date":"2013-05-09T19:45:17","date_gmt":"2013-05-10T00:45:17","guid":{"rendered":"https:\/\/rwconveyor.com\/sistemas-de-transporte-electrico-y-libre\/transportador-invertido-over-way-montado-en-el-suelo\/"},"modified":"2022-07-20T16:39:00","modified_gmt":"2022-07-20T21:39:00","slug":"transportador-invertido-over-way-montado-en-el-suelo","status":"publish","type":"page","link":"https:\/\/rwconveyor.com\/es\/productos\/sistemas-de-transporte-electrico-y-libre\/transportador-invertido-over-way-montado-en-el-suelo\/","title":{"rendered":"Transportador invertido OveR-Way\u2122 montado en el suelo"},"content":{"rendered":"<div class=\"row row-margin-25\">\n<div class=\"col-12\"><img decoding=\"async\" src=\"\/wp-content\/uploads\/2019\/09\/1_RWConveyor_Overway_Inverted_Wide.jpg\" height=\"444\" alt=\"sobreviraje invertido\"><\/div>\n<\/div>\n<div class=\"row row-margin-25\">\n<div class=\"col-12 col-sm-4\">\n<h3>Esta es la soluci\u00f3n \u00f3ptima para:<\/h3>\n<\/div>\n<div class=\"col-12 col-sm-8\">\n<ul class=\"split\">\n\t<li>Sistemas de acabado de pintura<\/li>\n\t<li>Soldadura robotizada<\/li>\n\t<li>Montaje rob\u00f3tico<\/li>\n\t<li>Transferencias de m\u00e1quina a m\u00e1quina<\/li>\n\t<li>Asamblea General<\/li>\n<\/ul>\n<\/div>\n<\/div>\n<hr>\n<div class=\"row row-margin-25\">\n<div class=\"col-12 list-centered\">\n<h3>El sistema OveR-Way\u2122 Invertido cuenta con:<\/h3>\n<ul>\n\t<li><strong>Componentes modulares<\/strong>: Utiliza componentes de v\u00eda cerrados est\u00e1ndar pre-soldados en f\u00e1brica, lo que hace que el sistema sea sencillo de instalar, mantener y cambiar.  <\/li>\n\t<li><strong>Estabilidad extrema<\/strong>: Est\u00e1 dise\u00f1ado con una pista de gu\u00eda adicional para proporcionar una estabilidad sin igual donde la precisi\u00f3n de la posici\u00f3n es cr\u00edtica.  <\/li>\n\t<li><strong>Una estructura autoportante<\/strong>: Este sistema no requiere de acero colgante o de cabecera. Todo el soporte estructural se proporciona dentro del propio dise\u00f1o.<\/li>\n\t<li><strong>Gran capacidad<\/strong>: De 10 a 1.000 libras.<\/li>\n<\/ul>\n<\/div>\n<\/div>\n<div class=\"row row-margin-25 collapse-fix\">\n<div class=\"col-12 col-sm-6\"><img decoding=\"async\" src=\"\/wp-content\/uploads\/2019\/09\/2_RWConveyor_Overway_Inverted_Square.jpg\" alt=\"overway invertido 2\"><\/div>\n<div class=\"col-12 col-sm-6\"><img decoding=\"async\" src=\"\/wp-content\/uploads\/2019\/09\/3_RWConveyor_Overway_Inverted_Square.jpg\" alt=\"overway invertido 3\"><\/div>\n<\/div>\n<div class=\"row row-margin-25\">\n<div class=\"col-12 list-centered\">\n<h3>Dise\u00f1ado para la evoluci\u00f3n<\/h3>\n<p class=\"subsub\">El transportador Richards-Wilcox OveR-Way\u2122 Inverted Power &amp; Free est\u00e1 dise\u00f1ado para hacer evolucionar su f\u00e1brica.<\/p>\n<h3>He aqu\u00ed c\u00f3mo:<\/h3>\n<ul>\n\t<li>El sistema <strong>optimiza las tasas de producci\u00f3n<\/strong> integrando los procesos a los que normalmente dan servicio varios tipos de equipos de transporte.<\/li>\n\t<li>OveR-Way\u2122 Invertido est\u00e1 <strong>dise\u00f1ado para<\/strong> <strong>mantener sus productos limpios<\/strong>. Todos los componentes se colocan debajo del producto para eliminar la contaminaci\u00f3n.<\/li>\n\t<li>Nuestros ingenieros pueden ajustar la superficie de trabajo para obtener una <strong>ergonom\u00eda \u00f3ptima. <\/strong> <\/li>\n\t<li>OveR-Way\u2122 Invertida es perfecta para sistemas con rob\u00f3tica. Ofrece una accesibilidad de 360 grados a la parte superior y a los lados del producto, lo que lo hace <strong>realmente apto para robots.<\/strong><\/li>\n\t<li>El sistema <strong>consume mucha menos energ\u00eda<\/strong> que los transportadores convencionales de las cadenas de montaje.<\/li>\n<\/ul>\n<\/div>\n<\/div>","protected":false},"excerpt":{"rendered":"Esta es la soluci\u00f3n \u00f3ptima para: Sistemas de acabado de pintura Soldadura robotizada Montaje rob\u00f3tico Transferencias de m\u00e1quina a m\u00e1quina Asamblea General El sistema OveR-Way\u2122 Invertido cuenta con: Componentes modulares: Utiliza componentes de v\u00eda cerrados est\u00e1ndar pre-soldados en f\u00e1brica, lo que hace que el sistema sea sencillo de instalar, mantener y cambiar. Estabilidad extrema: Est\u00e1 [&hellip;]","protected":false},"author":13,"featured_media":0,"parent":3781,"menu_order":0,"comment_status":"closed","ping_status":"closed","template":"interior-page.php","meta":{"_acf_changed":false,"footnotes":""},"class_list":["post-3823","page","type-page","status-publish","hentry"],"acf":[],"yoast_head":"<!-- This site is optimized with the Yoast SEO plugin v24.7 - https:\/\/yoast.com\/wordpress\/plugins\/seo\/ -->\n<title>Transportador invertido OveR-Way\u2122 montado en el suelo<\/title>\n<meta name=\"description\" content=\"Los convertidores invertidos OveR-Way ofrecen una soluci\u00f3n ideal de capacidad media en aplicaciones en las que la limpieza y\/o las interfaces rob\u00f3ticas son un requisito.\" \/>\n<meta name=\"robots\" content=\"index, follow, max-snippet:-1, max-image-preview:large, max-video-preview:-1\" \/>\n<link rel=\"canonical\" href=\"https:\/\/rwconveyor.com\/es\/productos\/sistemas-de-transporte-electrico-y-libre\/transportador-invertido-over-way-montado-en-el-suelo\/\" \/>\n<meta property=\"og:locale\" content=\"es_ES\" \/>\n<meta property=\"og:type\" content=\"article\" \/>\n<meta property=\"og:title\" content=\"Transportador invertido OveR-Way\u2122 montado en el suelo\" \/>\n<meta property=\"og:description\" content=\"\u00bfQuiere una precisi\u00f3n milim\u00e9trica y una interfaz rob\u00f3tica sin igual?\" \/>\n<meta property=\"og:url\" content=\"https:\/\/rwconveyor.com\/es\/productos\/sistemas-de-transporte-electrico-y-libre\/transportador-invertido-over-way-montado-en-el-suelo\/\" \/>\n<meta property=\"og:site_name\" content=\"Richards-Wilcox Conveyor\" \/>\n<meta property=\"article:modified_time\" content=\"2022-07-20T21:39:00+00:00\" \/>\n<meta property=\"og:image\" content=\"https:\/\/rwconveyor.com\/wp-content\/uploads\/2020\/09\/RWConveyor_MHAF_SM_Inverted.jpg\" \/>\n<meta name=\"twitter:label1\" content=\"Tiempo de lectura\" \/>\n\t<meta name=\"twitter:data1\" content=\"1 minuto\" \/>\n<script type=\"application\/ld+json\" class=\"yoast-schema-graph\">{\"@context\":\"https:\/\/schema.org\",\"@graph\":[{\"@type\":\"WebPage\",\"@id\":\"https:\/\/rwconveyor.com\/es\/productos\/sistemas-de-transporte-electrico-y-libre\/transportador-invertido-over-way-montado-en-el-suelo\/\",\"url\":\"https:\/\/rwconveyor.com\/es\/productos\/sistemas-de-transporte-electrico-y-libre\/transportador-invertido-over-way-montado-en-el-suelo\/\",\"name\":\"Transportador invertido OveR-Way\u2122 montado en el suelo\",\"isPartOf\":{\"@id\":\"https:\/\/rwconveyor.com\/es\/#website\"},\"datePublished\":\"2013-05-10T00:45:17+00:00\",\"dateModified\":\"2022-07-20T21:39:00+00:00\",\"description\":\"Los convertidores invertidos OveR-Way ofrecen una soluci\u00f3n ideal de capacidad media en aplicaciones en las que la limpieza y\/o las interfaces rob\u00f3ticas son un requisito.\",\"breadcrumb\":{\"@id\":\"https:\/\/rwconveyor.com\/es\/productos\/sistemas-de-transporte-electrico-y-libre\/transportador-invertido-over-way-montado-en-el-suelo\/#breadcrumb\"},\"inLanguage\":\"es\",\"potentialAction\":[{\"@type\":\"ReadAction\",\"target\":[\"https:\/\/rwconveyor.com\/es\/productos\/sistemas-de-transporte-electrico-y-libre\/transportador-invertido-over-way-montado-en-el-suelo\/\"]}]},{\"@type\":\"BreadcrumbList\",\"@id\":\"https:\/\/rwconveyor.com\/es\/productos\/sistemas-de-transporte-electrico-y-libre\/transportador-invertido-over-way-montado-en-el-suelo\/#breadcrumb\",\"itemListElement\":[{\"@type\":\"ListItem\",\"position\":1,\"name\":\"Home\",\"item\":\"https:\/\/rwconveyor.com\/es\/inicio\/\"},{\"@type\":\"ListItem\",\"position\":2,\"name\":\"Productos\",\"item\":\"https:\/\/rwconveyor.com\/es\/productos\/\"},{\"@type\":\"ListItem\",\"position\":3,\"name\":\"Sistemas de transporte el\u00e9ctrico y libre\",\"item\":\"https:\/\/rwconveyor.com\/es\/productos\/sistemas-de-transporte-electrico-y-libre\/\"},{\"@type\":\"ListItem\",\"position\":4,\"name\":\"Transportador invertido OveR-Way\u2122 montado en el suelo\"}]},{\"@type\":\"WebSite\",\"@id\":\"https:\/\/rwconveyor.com\/es\/#website\",\"url\":\"https:\/\/rwconveyor.com\/es\/\",\"name\":\"Richards-Wilcox Conveyor\",\"description\":\"Transportadores a\u00e9reos, transportadores el\u00e9ctricos y libres\\n\",\"publisher\":{\"@id\":\"https:\/\/rwconveyor.com\/es\/#organization\"},\"potentialAction\":[{\"@type\":\"SearchAction\",\"target\":{\"@type\":\"EntryPoint\",\"urlTemplate\":\"https:\/\/rwconveyor.com\/es\/?s={search_term_string}\"},\"query-input\":{\"@type\":\"PropertyValueSpecification\",\"valueRequired\":true,\"valueName\":\"search_term_string\"}}],\"inLanguage\":\"es\"},{\"@type\":\"Organization\",\"@id\":\"https:\/\/rwconveyor.com\/es\/#organization\",\"name\":\"Richards-Wilcox Conveyor\",\"url\":\"https:\/\/rwconveyor.com\/es\/\",\"logo\":{\"@type\":\"ImageObject\",\"inLanguage\":\"es\",\"@id\":\"https:\/\/rwconveyor.com\/es\/#\/schema\/logo\/image\/\",\"url\":\"https:\/\/rwconveyor.com\/wp-content\/uploads\/2020\/05\/RW_Conveyor_Horizontal_NoTag_4C.png\",\"contentUrl\":\"https:\/\/rwconveyor.com\/wp-content\/uploads\/2020\/05\/RW_Conveyor_Horizontal_NoTag_4C.png\",\"width\":512,\"height\":512,\"caption\":\"Richards-Wilcox Conveyor\"},\"image\":{\"@id\":\"https:\/\/rwconveyor.com\/es\/#\/schema\/logo\/image\/\"}}]}<\/script>\n<!-- \/ Yoast SEO plugin. -->","yoast_head_json":{"title":"Transportador invertido OveR-Way\u2122 montado en el suelo","description":"Los convertidores invertidos OveR-Way ofrecen una soluci\u00f3n ideal de capacidad media en aplicaciones en las que la limpieza y\/o las interfaces rob\u00f3ticas son un requisito.","robots":{"index":"index","follow":"follow","max-snippet":"max-snippet:-1","max-image-preview":"max-image-preview:large","max-video-preview":"max-video-preview:-1"},"canonical":"https:\/\/rwconveyor.com\/es\/productos\/sistemas-de-transporte-electrico-y-libre\/transportador-invertido-over-way-montado-en-el-suelo\/","og_locale":"es_ES","og_type":"article","og_title":"Transportador invertido OveR-Way\u2122 montado en el suelo","og_description":"\u00bfQuiere una precisi\u00f3n milim\u00e9trica y una interfaz rob\u00f3tica sin igual?","og_url":"https:\/\/rwconveyor.com\/es\/productos\/sistemas-de-transporte-electrico-y-libre\/transportador-invertido-over-way-montado-en-el-suelo\/","og_site_name":"Richards-Wilcox Conveyor","article_modified_time":"2022-07-20T21:39:00+00:00","og_image":[{"url":"https:\/\/rwconveyor.com\/wp-content\/uploads\/2020\/09\/RWConveyor_MHAF_SM_Inverted.jpg","type":"","width":"","height":""}],"twitter_misc":{"Tiempo de lectura":"1 minuto"},"schema":{"@context":"https:\/\/schema.org","@graph":[{"@type":"WebPage","@id":"https:\/\/rwconveyor.com\/es\/productos\/sistemas-de-transporte-electrico-y-libre\/transportador-invertido-over-way-montado-en-el-suelo\/","url":"https:\/\/rwconveyor.com\/es\/productos\/sistemas-de-transporte-electrico-y-libre\/transportador-invertido-over-way-montado-en-el-suelo\/","name":"Transportador invertido OveR-Way\u2122 montado en el suelo","isPartOf":{"@id":"https:\/\/rwconveyor.com\/es\/#website"},"datePublished":"2013-05-10T00:45:17+00:00","dateModified":"2022-07-20T21:39:00+00:00","description":"Los convertidores invertidos OveR-Way ofrecen una soluci\u00f3n ideal de capacidad media en aplicaciones en las que la limpieza y\/o las interfaces rob\u00f3ticas son un requisito.","breadcrumb":{"@id":"https:\/\/rwconveyor.com\/es\/productos\/sistemas-de-transporte-electrico-y-libre\/transportador-invertido-over-way-montado-en-el-suelo\/#breadcrumb"},"inLanguage":"es","potentialAction":[{"@type":"ReadAction","target":["https:\/\/rwconveyor.com\/es\/productos\/sistemas-de-transporte-electrico-y-libre\/transportador-invertido-over-way-montado-en-el-suelo\/"]}]},{"@type":"BreadcrumbList","@id":"https:\/\/rwconveyor.com\/es\/productos\/sistemas-de-transporte-electrico-y-libre\/transportador-invertido-over-way-montado-en-el-suelo\/#breadcrumb","itemListElement":[{"@type":"ListItem","position":1,"name":"Home","item":"https:\/\/rwconveyor.com\/es\/inicio\/"},{"@type":"ListItem","position":2,"name":"Productos","item":"https:\/\/rwconveyor.com\/es\/productos\/"},{"@type":"ListItem","position":3,"name":"Sistemas de transporte el\u00e9ctrico y libre","item":"https:\/\/rwconveyor.com\/es\/productos\/sistemas-de-transporte-electrico-y-libre\/"},{"@type":"ListItem","position":4,"name":"Transportador invertido OveR-Way\u2122 montado en el suelo"}]},{"@type":"WebSite","@id":"https:\/\/rwconveyor.com\/es\/#website","url":"https:\/\/rwconveyor.com\/es\/","name":"Richards-Wilcox Conveyor","description":"Transportadores a\u00e9reos, transportadores el\u00e9ctricos y libres\n","publisher":{"@id":"https:\/\/rwconveyor.com\/es\/#organization"},"potentialAction":[{"@type":"SearchAction","target":{"@type":"EntryPoint","urlTemplate":"https:\/\/rwconveyor.com\/es\/?s={search_term_string}"},"query-input":{"@type":"PropertyValueSpecification","valueRequired":true,"valueName":"search_term_string"}}],"inLanguage":"es"},{"@type":"Organization","@id":"https:\/\/rwconveyor.com\/es\/#organization","name":"Richards-Wilcox Conveyor","url":"https:\/\/rwconveyor.com\/es\/","logo":{"@type":"ImageObject","inLanguage":"es","@id":"https:\/\/rwconveyor.com\/es\/#\/schema\/logo\/image\/","url":"https:\/\/rwconveyor.com\/wp-content\/uploads\/2020\/05\/RW_Conveyor_Horizontal_NoTag_4C.png","contentUrl":"https:\/\/rwconveyor.com\/wp-content\/uploads\/2020\/05\/RW_Conveyor_Horizontal_NoTag_4C.png","width":512,"height":512,"caption":"Richards-Wilcox Conveyor"},"image":{"@id":"https:\/\/rwconveyor.com\/es\/#\/schema\/logo\/image\/"}}]}},"_links":{"self":[{"href":"https:\/\/rwconveyor.com\/es\/wp-json\/wp\/v2\/pages\/3823","targetHints":{"allow":["GET"]}}],"collection":[{"href":"https:\/\/rwconveyor.com\/es\/wp-json\/wp\/v2\/pages"}],"about":[{"href":"https:\/\/rwconveyor.com\/es\/wp-json\/wp\/v2\/types\/page"}],"author":[{"embeddable":true,"href":"https:\/\/rwconveyor.com\/es\/wp-json\/wp\/v2\/users\/13"}],"replies":[{"embeddable":true,"href":"https:\/\/rwconveyor.com\/es\/wp-json\/wp\/v2\/comments?post=3823"}],"version-history":[{"count":1,"href":"https:\/\/rwconveyor.com\/es\/wp-json\/wp\/v2\/pages\/3823\/revisions"}],"predecessor-version":[{"id":3827,"href":"https:\/\/rwconveyor.com\/es\/wp-json\/wp\/v2\/pages\/3823\/revisions\/3827"}],"up":[{"embeddable":true,"href":"https:\/\/rwconveyor.com\/es\/wp-json\/wp\/v2\/pages\/3781"}],"wp:attachment":[{"href":"https:\/\/rwconveyor.com\/es\/wp-json\/wp\/v2\/media?parent=3823"}],"curies":[{"name":"wp","href":"https:\/\/api.w.org\/{rel}","templated":true}]}}