{"id":3825,"date":"2013-05-09T19:55:35","date_gmt":"2013-05-10T00:55:35","guid":{"rendered":"https:\/\/rwconveyor.com\/productos\/servicios-de-consultoria-de-ingenieria\/simulacion-de-transportador\/"},"modified":"2022-07-20T16:39:49","modified_gmt":"2022-07-20T21:39:49","slug":"simulacion-de-transportador","status":"publish","type":"page","link":"https:\/\/rwconveyor.com\/es\/productos\/servicios-de-consultoria-de-ingenieria\/simulacion-de-transportador\/","title":{"rendered":"Simulaci\u00f3n de transportador"},"content":{"rendered":"<div class=\"row justify-content-center row-margin-25\">\n<div class=\"col-12 col-sm-10\"><video poster=\"\/wp-content\/themes\/Conveyor\/media\/conv-sim-cover-2.jpg\" controls=\"controls\" width=\"100%\" height=\"100%\"> <source src=\"\/wp-content\/themes\/Conveyor\/media\/conv-sim-2.mp4\" type=\"video\/mp4\"><\/source><\/video><\/div>\n<\/div>\n<div class=\"row row-margin-25 blue-back inset-25-50\">\n<div class=\"col-12\">\n<h3 class=\"gold\">\u00bfY si hubiera una forma de examinar el sistema y predecir las deficiencias de dise\u00f1o <span class=\"white\">antes de que se instale el transportador?<\/span><\/h3>\n<\/div>\n<\/div>\n<div class=\"row row-margin-25\">\n<div class=\"col-12 list-centered\">\n<h3>La simulaci\u00f3n de cintas transportadoras es una parte fundamental de nuestro proceso<\/h3>\n<p>El viejo adagio \u00abm\u00e1s vale prevenir que curar\u00bb se aplica al montaje de cintas transportadoras. Para asegurarnos de que obtiene un nuevo y brillante sistema de transporte en el que puede confiar, creamos una simulaci\u00f3n de transporte antes de la instalaci\u00f3n para demostrar el funcionamiento de su futuro transportador, identificar cualquier problema potencial y ajustar el dise\u00f1o. Esto le ahorra tiempo y dinero y nos libera para explorar una serie de soluciones de transporte.<\/p>\n<\/div>\n<\/div>\n<div class=\"row justify-content-center row-margin-25\">\n<div class=\"col-12 col-sm-10\"><video poster=\"\/wp-content\/themes\/Conveyor\/media\/conv-sim-40ft-cover.jpg\" controls=\"controls\" width=\"100%\" height=\"100%\"> <source src=\"\/wp-content\/themes\/Conveyor\/media\/conv-sim-40ft.mp4\" type=\"video\/mp4\"><\/source><\/video><\/div>\n<\/div>\n<div class=\"row row-margin-25\">\n<div class=\"col-12 list-centered\">\n<h3>\u00bfQu\u00e9 es la simulaci\u00f3n de un transportador?<\/h3>\n<p>La simulaci\u00f3n de un transportador es un modelo generado por ordenador que permite ver exactamente d\u00f3nde encajar\u00edan los distintos componentes de un sistema en el espacio existente. A diferencia de los diagramas fijos y esquem\u00e1ticos, el software de simulaci\u00f3n est\u00e1 dise\u00f1ado para imitar el flujo de trabajo de un transportador en funcionamiento, lo que permite al usuario visualizar los productos que se mueven a trav\u00e9s de las distintas estaciones de trabajo en tiempo real y desde m\u00faltiples \u00e1ngulos para un an\u00e1lisis detallado. Incluso es posible hacer un \u00abzoom\u00bb para ver m\u00e1s de cerca.<\/p>\n<\/div>\n<\/div>\n<div class=\"row row-margin-25 blue-back inset-25-50\">\n<div class=\"col-12\">\n<h3 class=\"gold\">La simulaci\u00f3n inform\u00e1tica de cintas transportadoras puede utilizarse para dise\u00f1ar un nuevo sistema desde cero o para explorar las modificaciones propuestas en un sistema existente.<\/h3>\n<\/div>\n<\/div>\n<div class=\"row justify-content-center row-margin-25\">\n<div class=\"col-12 col-sm-10\"><video poster=\"\/wp-content\/themes\/Conveyor\/media\/conv-sim-cover-1.jpg\" controls=\"controls\" width=\"100%\" height=\"100%\"> <source src=\"\/wp-content\/themes\/Conveyor\/media\/conv-sim-1.mp4\" type=\"video\/mp4\"><\/source><\/video><\/div>\n<\/div>\n<div class=\"row row-margin-25\">\n<div class=\"col-12 list-centered\">\n<h3>Ventajas de nuestras simulaciones de transportadores personalizadas e internas:<\/h3>\n<ul>\n\t<li><strong>Calcular las tasas de producci\u00f3n<\/strong> &#8211; La simulaci\u00f3n de la cinta transportadora nos permite calcular la rapidez con la que los productos pueden ser transportados a trav\u00e9s del sistema, teniendo en cuenta todos los factores, para que sea altamente rentable.<\/li>\n\t<li><strong>Calcule las necesidades de mano de obra<\/strong> &#8211; Nuestro programa de simulaci\u00f3n le ayuda a averiguar exactamente cu\u00e1ntos trabajadores son necesarios para hacer funcionar el sistema. Esto optimiza la capacidad del personal y nos ayuda a entender c\u00f3mo el transportador interactuar\u00e1 con otros equipos y personal.<\/li>\n\t<li><strong>Detectar los problemas del transportador con antelaci\u00f3n<\/strong>: la simulaci\u00f3n puede revelar posibles cuellos de botella y otros problemas que, de otro modo, podr\u00edan pasar desapercibidos hasta que se hayan gastado cantidades considerables de dinero.<\/li>\n\t<li><strong>Demostrar la eficacia del sistema<\/strong> &#8211; Una simulaci\u00f3n del ciclo de producci\u00f3n del sistema transportador propuesto, es decir, de las v\u00edas de almacenamiento, de las rutas de tr\u00e1fico, de las estad\u00edsticas de paso, de los procesos de carga y descarga y de otras operaciones cr\u00edticas, puede ayudar a demostrar la integridad y la eficacia del dise\u00f1o.<\/li>\n\t<li><strong>Evitar gastos innecesarios<\/strong> &#8211; Con un programa de simulaci\u00f3n adecuado, una empresa tiene acceso a una forma rentable de mejorar la eficiencia del flujo de trabajo, predecir problemas, probar nuevas ideas de producci\u00f3n y evitar el despilfarro del montaje y desmontaje de equipos por ensayo y error.<\/li>\n<\/ul>\n<\/div>\n<\/div>","protected":false},"excerpt":{"rendered":"\u00bfY si hubiera una forma de examinar el sistema y predecir las deficiencias de dise\u00f1o antes de que se instale el transportador? La simulaci\u00f3n de cintas transportadoras es una parte fundamental de nuestro proceso El viejo adagio \u00abm\u00e1s vale prevenir que curar\u00bb se aplica al montaje de cintas transportadoras. Para asegurarnos de que obtiene un [&hellip;]","protected":false},"author":13,"featured_media":0,"parent":3817,"menu_order":0,"comment_status":"closed","ping_status":"open","template":"interior-page.php","meta":{"_acf_changed":false,"footnotes":""},"class_list":["post-3825","page","type-page","status-publish","hentry"],"acf":[],"yoast_head":"<!-- This site is optimized with the Yoast SEO plugin v24.7 - https:\/\/yoast.com\/wordpress\/plugins\/seo\/ -->\n<title>Simulaci\u00f3n de transportador - Richards-Wilcox Conveyor<\/title>\n<meta name=\"description\" content=\"Predicci\u00f3n de las deficiencias de dise\u00f1o antes de la instalaci\u00f3n de su transportador para eliminar los costosos tiempos de inactividad, ahorrando tiempo y dinero.\" \/>\n<meta name=\"robots\" content=\"index, follow, max-snippet:-1, max-image-preview:large, max-video-preview:-1\" \/>\n<link rel=\"canonical\" href=\"https:\/\/rwconveyor.com\/es\/productos\/servicios-de-consultoria-de-ingenieria\/simulacion-de-transportador\/\" \/>\n<meta property=\"og:locale\" content=\"es_ES\" \/>\n<meta property=\"og:type\" content=\"article\" \/>\n<meta property=\"og:title\" content=\"Simulaci\u00f3n de transportador\" \/>\n<meta property=\"og:description\" content=\"M\u00e1s informaci\u00f3n.\" \/>\n<meta property=\"og:url\" content=\"https:\/\/rwconveyor.com\/es\/productos\/servicios-de-consultoria-de-ingenieria\/simulacion-de-transportador\/\" \/>\n<meta property=\"og:site_name\" content=\"Richards-Wilcox Conveyor\" \/>\n<meta property=\"article:modified_time\" content=\"2022-07-20T21:39:49+00:00\" \/>\n<meta property=\"og:image\" content=\"https:\/\/rwconveyor.com\/wp-content\/uploads\/2021\/01\/RWC_Conveyor_Simulation_SM.jpg\" \/>\n<meta name=\"twitter:label1\" content=\"Tiempo de lectura\" \/>\n\t<meta name=\"twitter:data1\" content=\"3 minutos\" \/>\n<script type=\"application\/ld+json\" class=\"yoast-schema-graph\">{\"@context\":\"https:\/\/schema.org\",\"@graph\":[{\"@type\":\"WebPage\",\"@id\":\"https:\/\/rwconveyor.com\/es\/productos\/servicios-de-consultoria-de-ingenieria\/simulacion-de-transportador\/\",\"url\":\"https:\/\/rwconveyor.com\/es\/productos\/servicios-de-consultoria-de-ingenieria\/simulacion-de-transportador\/\",\"name\":\"Simulaci\u00f3n de transportador - Richards-Wilcox Conveyor\",\"isPartOf\":{\"@id\":\"https:\/\/rwconveyor.com\/es\/#website\"},\"datePublished\":\"2013-05-10T00:55:35+00:00\",\"dateModified\":\"2022-07-20T21:39:49+00:00\",\"description\":\"Predicci\u00f3n de las deficiencias de dise\u00f1o antes de la instalaci\u00f3n de su transportador para eliminar los costosos tiempos de inactividad, ahorrando tiempo y dinero.\",\"breadcrumb\":{\"@id\":\"https:\/\/rwconveyor.com\/es\/productos\/servicios-de-consultoria-de-ingenieria\/simulacion-de-transportador\/#breadcrumb\"},\"inLanguage\":\"es\",\"potentialAction\":[{\"@type\":\"ReadAction\",\"target\":[\"https:\/\/rwconveyor.com\/es\/productos\/servicios-de-consultoria-de-ingenieria\/simulacion-de-transportador\/\"]}]},{\"@type\":\"BreadcrumbList\",\"@id\":\"https:\/\/rwconveyor.com\/es\/productos\/servicios-de-consultoria-de-ingenieria\/simulacion-de-transportador\/#breadcrumb\",\"itemListElement\":[{\"@type\":\"ListItem\",\"position\":1,\"name\":\"Home\",\"item\":\"https:\/\/rwconveyor.com\/es\/inicio\/\"},{\"@type\":\"ListItem\",\"position\":2,\"name\":\"Productos\",\"item\":\"https:\/\/rwconveyor.com\/es\/productos\/\"},{\"@type\":\"ListItem\",\"position\":3,\"name\":\"Servicios de consultor\u00eda de ingenier\u00eda\",\"item\":\"https:\/\/rwconveyor.com\/es\/products\/consulting-engineering-services\/\"},{\"@type\":\"ListItem\",\"position\":4,\"name\":\"Simulaci\u00f3n de transportador\"}]},{\"@type\":\"WebSite\",\"@id\":\"https:\/\/rwconveyor.com\/es\/#website\",\"url\":\"https:\/\/rwconveyor.com\/es\/\",\"name\":\"Richards-Wilcox Conveyor\",\"description\":\"Transportadores a\u00e9reos, transportadores el\u00e9ctricos y libres\\n\",\"publisher\":{\"@id\":\"https:\/\/rwconveyor.com\/es\/#organization\"},\"potentialAction\":[{\"@type\":\"SearchAction\",\"target\":{\"@type\":\"EntryPoint\",\"urlTemplate\":\"https:\/\/rwconveyor.com\/es\/?s={search_term_string}\"},\"query-input\":{\"@type\":\"PropertyValueSpecification\",\"valueRequired\":true,\"valueName\":\"search_term_string\"}}],\"inLanguage\":\"es\"},{\"@type\":\"Organization\",\"@id\":\"https:\/\/rwconveyor.com\/es\/#organization\",\"name\":\"Richards-Wilcox Conveyor\",\"url\":\"https:\/\/rwconveyor.com\/es\/\",\"logo\":{\"@type\":\"ImageObject\",\"inLanguage\":\"es\",\"@id\":\"https:\/\/rwconveyor.com\/es\/#\/schema\/logo\/image\/\",\"url\":\"https:\/\/rwconveyor.com\/wp-content\/uploads\/2020\/05\/RW_Conveyor_Horizontal_NoTag_4C.png\",\"contentUrl\":\"https:\/\/rwconveyor.com\/wp-content\/uploads\/2020\/05\/RW_Conveyor_Horizontal_NoTag_4C.png\",\"width\":512,\"height\":512,\"caption\":\"Richards-Wilcox Conveyor\"},\"image\":{\"@id\":\"https:\/\/rwconveyor.com\/es\/#\/schema\/logo\/image\/\"}}]}<\/script>\n<!-- \/ Yoast SEO plugin. -->","yoast_head_json":{"title":"Simulaci\u00f3n de transportador - Richards-Wilcox Conveyor","description":"Predicci\u00f3n de las deficiencias de dise\u00f1o antes de la instalaci\u00f3n de su transportador para eliminar los costosos tiempos de inactividad, ahorrando tiempo y dinero.","robots":{"index":"index","follow":"follow","max-snippet":"max-snippet:-1","max-image-preview":"max-image-preview:large","max-video-preview":"max-video-preview:-1"},"canonical":"https:\/\/rwconveyor.com\/es\/productos\/servicios-de-consultoria-de-ingenieria\/simulacion-de-transportador\/","og_locale":"es_ES","og_type":"article","og_title":"Simulaci\u00f3n de transportador","og_description":"M\u00e1s informaci\u00f3n.","og_url":"https:\/\/rwconveyor.com\/es\/productos\/servicios-de-consultoria-de-ingenieria\/simulacion-de-transportador\/","og_site_name":"Richards-Wilcox Conveyor","article_modified_time":"2022-07-20T21:39:49+00:00","og_image":[{"url":"https:\/\/rwconveyor.com\/wp-content\/uploads\/2021\/01\/RWC_Conveyor_Simulation_SM.jpg","type":"","width":"","height":""}],"twitter_misc":{"Tiempo de lectura":"3 minutos"},"schema":{"@context":"https:\/\/schema.org","@graph":[{"@type":"WebPage","@id":"https:\/\/rwconveyor.com\/es\/productos\/servicios-de-consultoria-de-ingenieria\/simulacion-de-transportador\/","url":"https:\/\/rwconveyor.com\/es\/productos\/servicios-de-consultoria-de-ingenieria\/simulacion-de-transportador\/","name":"Simulaci\u00f3n de transportador - Richards-Wilcox Conveyor","isPartOf":{"@id":"https:\/\/rwconveyor.com\/es\/#website"},"datePublished":"2013-05-10T00:55:35+00:00","dateModified":"2022-07-20T21:39:49+00:00","description":"Predicci\u00f3n de las deficiencias de dise\u00f1o antes de la instalaci\u00f3n de su transportador para eliminar los costosos tiempos de inactividad, ahorrando tiempo y dinero.","breadcrumb":{"@id":"https:\/\/rwconveyor.com\/es\/productos\/servicios-de-consultoria-de-ingenieria\/simulacion-de-transportador\/#breadcrumb"},"inLanguage":"es","potentialAction":[{"@type":"ReadAction","target":["https:\/\/rwconveyor.com\/es\/productos\/servicios-de-consultoria-de-ingenieria\/simulacion-de-transportador\/"]}]},{"@type":"BreadcrumbList","@id":"https:\/\/rwconveyor.com\/es\/productos\/servicios-de-consultoria-de-ingenieria\/simulacion-de-transportador\/#breadcrumb","itemListElement":[{"@type":"ListItem","position":1,"name":"Home","item":"https:\/\/rwconveyor.com\/es\/inicio\/"},{"@type":"ListItem","position":2,"name":"Productos","item":"https:\/\/rwconveyor.com\/es\/productos\/"},{"@type":"ListItem","position":3,"name":"Servicios de consultor\u00eda de ingenier\u00eda","item":"https:\/\/rwconveyor.com\/es\/products\/consulting-engineering-services\/"},{"@type":"ListItem","position":4,"name":"Simulaci\u00f3n de transportador"}]},{"@type":"WebSite","@id":"https:\/\/rwconveyor.com\/es\/#website","url":"https:\/\/rwconveyor.com\/es\/","name":"Richards-Wilcox Conveyor","description":"Transportadores a\u00e9reos, transportadores el\u00e9ctricos y libres\n","publisher":{"@id":"https:\/\/rwconveyor.com\/es\/#organization"},"potentialAction":[{"@type":"SearchAction","target":{"@type":"EntryPoint","urlTemplate":"https:\/\/rwconveyor.com\/es\/?s={search_term_string}"},"query-input":{"@type":"PropertyValueSpecification","valueRequired":true,"valueName":"search_term_string"}}],"inLanguage":"es"},{"@type":"Organization","@id":"https:\/\/rwconveyor.com\/es\/#organization","name":"Richards-Wilcox Conveyor","url":"https:\/\/rwconveyor.com\/es\/","logo":{"@type":"ImageObject","inLanguage":"es","@id":"https:\/\/rwconveyor.com\/es\/#\/schema\/logo\/image\/","url":"https:\/\/rwconveyor.com\/wp-content\/uploads\/2020\/05\/RW_Conveyor_Horizontal_NoTag_4C.png","contentUrl":"https:\/\/rwconveyor.com\/wp-content\/uploads\/2020\/05\/RW_Conveyor_Horizontal_NoTag_4C.png","width":512,"height":512,"caption":"Richards-Wilcox Conveyor"},"image":{"@id":"https:\/\/rwconveyor.com\/es\/#\/schema\/logo\/image\/"}}]}},"_links":{"self":[{"href":"https:\/\/rwconveyor.com\/es\/wp-json\/wp\/v2\/pages\/3825","targetHints":{"allow":["GET"]}}],"collection":[{"href":"https:\/\/rwconveyor.com\/es\/wp-json\/wp\/v2\/pages"}],"about":[{"href":"https:\/\/rwconveyor.com\/es\/wp-json\/wp\/v2\/types\/page"}],"author":[{"embeddable":true,"href":"https:\/\/rwconveyor.com\/es\/wp-json\/wp\/v2\/users\/13"}],"replies":[{"embeddable":true,"href":"https:\/\/rwconveyor.com\/es\/wp-json\/wp\/v2\/comments?post=3825"}],"version-history":[{"count":1,"href":"https:\/\/rwconveyor.com\/es\/wp-json\/wp\/v2\/pages\/3825\/revisions"}],"predecessor-version":[{"id":3828,"href":"https:\/\/rwconveyor.com\/es\/wp-json\/wp\/v2\/pages\/3825\/revisions\/3828"}],"up":[{"embeddable":true,"href":"https:\/\/rwconveyor.com\/es\/wp-json\/wp\/v2\/pages\/3817"}],"wp:attachment":[{"href":"https:\/\/rwconveyor.com\/es\/wp-json\/wp\/v2\/media?parent=3825"}],"curies":[{"name":"wp","href":"https:\/\/api.w.org\/{rel}","templated":true}]}}