{"id":3831,"date":"2013-05-09T19:59:56","date_gmt":"2013-05-10T00:59:56","guid":{"rendered":"https:\/\/rwconveyor.com\/productos\/servicios-de-consultoria-de-ingenieria\/controles-de-la-cinta-transportadora\/"},"modified":"2022-07-20T16:39:45","modified_gmt":"2022-07-20T21:39:45","slug":"controles-de-la-cinta-transportadora","status":"publish","type":"page","link":"https:\/\/rwconveyor.com\/es\/productos\/servicios-de-consultoria-de-ingenieria\/controles-de-la-cinta-transportadora\/","title":{"rendered":"Controles de la cinta transportadora"},"content":{"rendered":"<div class=\"row row-margin-25\">\n<div class=\"col-12\"><img decoding=\"async\" src=\"\/wp-content\/uploads\/2019\/09\/1_RWConveyor_Controls_Wide.jpg\" alt=\"controles del transportador\" height=\"444\"><\/div>\n<\/div>\n<div class=\"row row-margin-25\">\n<div class=\"col-12 list-centered\"> <\/div>\n<\/div>\n<div class=\"row row-margin-25 blue-back inset-25-50\">\n<div class=\"col-12\">\n<h3 class=\"gold centered\">Los sistemas de control Richards-Wilcox se caracterizan por:<\/h3>\n<ul class=\"bold white centered\">\n\t<li><span class=\"bold\">Interfaz del operador Pantallas<\/span> para el estado del proceso en l\u00ednea o la entrada de las funciones del sistema<\/li>\n\t<li><span class=\"bold\">Interfaz gr\u00e1fica de usuario (GUI<\/span> ) que permite al operador ver la informaci\u00f3n de producci\u00f3n en tiempo real. Esto aumenta la eficiencia y permite al operador intercambiar informaci\u00f3n con otros departamentos y personal<\/li>\n\t<li><span class=\"bold\">Formaci\u00f3n completa sobre el funcionamiento y el mantenimiento<\/span> junto con la documentaci\u00f3n de apoyo<\/li>\n\t<li>Etiquetas y lectores de identificaci\u00f3n, RFID o c\u00f3digo de barras <span class=\"bold\">dise\u00f1ados para entornos de fabricaci\u00f3n dif\u00edciles<\/span><\/li>\n\t<li><span class=\"bold\">Componentes industriales altamente reconocidos<\/span>, plataformas de hardware de \u00faltima generaci\u00f3n, arquitectura de sistema abierta y configuraciones de software f\u00e1ciles de usar<\/li>\n\t<li><span class=\"bold\">F\u00e1cil instalaci\u00f3n, funcionamiento y mantenimiento<\/span><\/li>\n\t<li><span class=\"bold\">Capacidad de apagado de emergencia<\/span> desde cualquier lugar<\/li>\n\t<li>Todos los requisitos de las <span class=\"bold\">especificaciones NEC, OSHA, UL y JIC<\/span><\/li>\n<\/ul>\n<\/div>\n<\/div>\n<div class=\"row row-margin-25\">\n<div class=\"col-12 col-sm-6\"><img decoding=\"async\" src=\"\/wp-content\/uploads\/2019\/09\/2_RWConveyor_Controls_Square.jpg\" alt=\"controles del transportador 2\"><\/div>\n<div class=\"col-12 col-sm-6\"><img decoding=\"async\" src=\"\/wp-content\/uploads\/2019\/09\/3_RWConveyor_Controls_Square.jpg\" alt=\"controles del transportador 3\"><\/div>\n<\/div>\n<div class=\"row row-margin-25\">\n<div class=\"col-12 list-centered\">\n<h3>Dise\u00f1ado para la evoluci\u00f3n<\/h3>\n<p class=\"subsub\" style=\"max-width: 85%; display: block; margin: 20px auto;\">Las ventajas del sistema de control de Richards-Wilcox le ponen en el camino de la evoluci\u00f3n.<\/p>\n<h3>He aqu\u00ed c\u00f3mo:<\/h3>\n<ul>\n\t<li><strong>Permite la integraci\u00f3n del sistema<\/strong> con el ordenador central u otros sistemas de software<\/li>\n\t<li>Permite <strong>ritmos de producci\u00f3n variables<\/strong> y cambios de producci\u00f3n r\u00e1pidos<\/li>\n\t<li>Los controles ampliables y flexibles <strong>mejoran el flujo de trabajo <\/strong>y satisfacen las nuevas necesidades<\/li>\n\t<li>El software de control del sistema <strong>simplifica el mantenimiento<\/strong> y la depuraci\u00f3n del sistema<\/li>\n\t<li>Richards-Wilcox <strong>proporciona una completa formaci\u00f3n para el operador y el mantenimiento<\/strong>, junto con una completa documentaci\u00f3n de los controles<\/li>\n\t<li>El sistema se apaga <strong>autom\u00e1ticamente<\/strong> en caso de mal funcionamiento<\/li>\n\t<li>Le ayuda a recopilar, ver, almacenar, controlar, analizar y <strong>gestionar la informaci\u00f3n de los transportadores<\/strong> de su planta con facilidad<\/li>\n\t<li>Crea simulaciones para proporcionar una evaluaci\u00f3n de las nuevas ideas para <strong>optimizar el sistema de transporte<\/strong> antes de su aplicaci\u00f3n<\/li>\n\t<li>Los controles l\u00f3gicos programables (PLC) permiten el <strong>control directo del sistema<\/strong><\/li>\n<\/ul>\n<\/div>\n<\/div>\n<div class=\"row row-margin-25 blue-back inset-25-50\">\n<div class=\"col-12\">\n<h3 class=\"gold centered\">Richards-Wilcox proporciona una asistencia completa y continua durante la vida \u00fatil de su sistema, que incluye:<\/h3>\n<ul class=\"split white\">\n\t<li>Educaci\u00f3n y formaci\u00f3n<\/li>\n\t<li>Simulaci\u00f3n<\/li>\n\t<li>Modernizaci\u00f3n<\/li>\n\t<li>Asistencia al cliente<\/li>\n\t<li>Servicio de atenci\u00f3n al cliente<\/li>\n\t<li>Sustituci\u00f3n de piezas<\/li>\n<\/ul>\n<\/div>\n<\/div>","protected":false},"excerpt":{"rendered":"Los sistemas de control Richards-Wilcox se caracterizan por: Interfaz del operador Pantallas para el estado del proceso en l\u00ednea o la entrada de las funciones del sistema Interfaz gr\u00e1fica de usuario (GUI ) que permite al operador ver la informaci\u00f3n de producci\u00f3n en tiempo real. Esto aumenta la eficiencia y permite al operador intercambiar informaci\u00f3n [&hellip;]","protected":false},"author":13,"featured_media":0,"parent":3817,"menu_order":0,"comment_status":"closed","ping_status":"closed","template":"interior-page.php","meta":{"_acf_changed":false,"footnotes":""},"class_list":["post-3831","page","type-page","status-publish","hentry"],"acf":[],"yoast_head":"<!-- This site is optimized with the Yoast SEO plugin v24.7 - https:\/\/yoast.com\/wordpress\/plugins\/seo\/ -->\n<title>Controles de la cinta transportadora - Richards-Wilcox Conveyor<\/title>\n<meta name=\"description\" content=\"Richards-Wilcox es su fuente de referencia para controles de transportadores y soluciones de software que hacen que su entorno de fabricaci\u00f3n sea m\u00e1s productivo.\" \/>\n<meta name=\"robots\" content=\"index, follow, max-snippet:-1, max-image-preview:large, max-video-preview:-1\" \/>\n<link rel=\"canonical\" href=\"https:\/\/rwconveyor.com\/es\/productos\/servicios-de-consultoria-de-ingenieria\/controles-de-la-cinta-transportadora\/\" \/>\n<meta property=\"og:locale\" content=\"es_ES\" \/>\n<meta property=\"og:type\" content=\"article\" \/>\n<meta property=\"og:title\" content=\"Controles de la cinta transportadora\" \/>\n<meta property=\"og:description\" content=\"M\u00e1s informaci\u00f3n.\" \/>\n<meta property=\"og:url\" content=\"https:\/\/rwconveyor.com\/es\/productos\/servicios-de-consultoria-de-ingenieria\/controles-de-la-cinta-transportadora\/\" \/>\n<meta property=\"og:site_name\" content=\"Richards-Wilcox Conveyor\" \/>\n<meta property=\"article:modified_time\" content=\"2022-07-20T21:39:45+00:00\" \/>\n<meta property=\"og:image\" content=\"https:\/\/rwconveyor.com\/wp-content\/uploads\/2021\/01\/RWC_Conveyor_Controls_SM.jpg\" \/>\n<meta name=\"twitter:label1\" content=\"Tiempo de lectura\" \/>\n\t<meta name=\"twitter:data1\" content=\"2 minutos\" \/>\n<script type=\"application\/ld+json\" class=\"yoast-schema-graph\">{\"@context\":\"https:\/\/schema.org\",\"@graph\":[{\"@type\":\"WebPage\",\"@id\":\"https:\/\/rwconveyor.com\/es\/productos\/servicios-de-consultoria-de-ingenieria\/controles-de-la-cinta-transportadora\/\",\"url\":\"https:\/\/rwconveyor.com\/es\/productos\/servicios-de-consultoria-de-ingenieria\/controles-de-la-cinta-transportadora\/\",\"name\":\"Controles de la cinta transportadora - Richards-Wilcox Conveyor\",\"isPartOf\":{\"@id\":\"https:\/\/rwconveyor.com\/es\/#website\"},\"datePublished\":\"2013-05-10T00:59:56+00:00\",\"dateModified\":\"2022-07-20T21:39:45+00:00\",\"description\":\"Richards-Wilcox es su fuente de referencia para controles de transportadores y soluciones de software que hacen que su entorno de fabricaci\u00f3n sea m\u00e1s productivo.\",\"breadcrumb\":{\"@id\":\"https:\/\/rwconveyor.com\/es\/productos\/servicios-de-consultoria-de-ingenieria\/controles-de-la-cinta-transportadora\/#breadcrumb\"},\"inLanguage\":\"es\",\"potentialAction\":[{\"@type\":\"ReadAction\",\"target\":[\"https:\/\/rwconveyor.com\/es\/productos\/servicios-de-consultoria-de-ingenieria\/controles-de-la-cinta-transportadora\/\"]}]},{\"@type\":\"BreadcrumbList\",\"@id\":\"https:\/\/rwconveyor.com\/es\/productos\/servicios-de-consultoria-de-ingenieria\/controles-de-la-cinta-transportadora\/#breadcrumb\",\"itemListElement\":[{\"@type\":\"ListItem\",\"position\":1,\"name\":\"Home\",\"item\":\"https:\/\/rwconveyor.com\/es\/inicio\/\"},{\"@type\":\"ListItem\",\"position\":2,\"name\":\"Productos\",\"item\":\"https:\/\/rwconveyor.com\/es\/productos\/\"},{\"@type\":\"ListItem\",\"position\":3,\"name\":\"Servicios de consultor\u00eda de ingenier\u00eda\",\"item\":\"https:\/\/rwconveyor.com\/es\/products\/consulting-engineering-services\/\"},{\"@type\":\"ListItem\",\"position\":4,\"name\":\"Controles de la cinta transportadora\"}]},{\"@type\":\"WebSite\",\"@id\":\"https:\/\/rwconveyor.com\/es\/#website\",\"url\":\"https:\/\/rwconveyor.com\/es\/\",\"name\":\"Richards-Wilcox Conveyor\",\"description\":\"Transportadores a\u00e9reos, transportadores el\u00e9ctricos y libres\\n\",\"publisher\":{\"@id\":\"https:\/\/rwconveyor.com\/es\/#organization\"},\"potentialAction\":[{\"@type\":\"SearchAction\",\"target\":{\"@type\":\"EntryPoint\",\"urlTemplate\":\"https:\/\/rwconveyor.com\/es\/?s={search_term_string}\"},\"query-input\":{\"@type\":\"PropertyValueSpecification\",\"valueRequired\":true,\"valueName\":\"search_term_string\"}}],\"inLanguage\":\"es\"},{\"@type\":\"Organization\",\"@id\":\"https:\/\/rwconveyor.com\/es\/#organization\",\"name\":\"Richards-Wilcox Conveyor\",\"url\":\"https:\/\/rwconveyor.com\/es\/\",\"logo\":{\"@type\":\"ImageObject\",\"inLanguage\":\"es\",\"@id\":\"https:\/\/rwconveyor.com\/es\/#\/schema\/logo\/image\/\",\"url\":\"https:\/\/rwconveyor.com\/wp-content\/uploads\/2020\/05\/RW_Conveyor_Horizontal_NoTag_4C.png\",\"contentUrl\":\"https:\/\/rwconveyor.com\/wp-content\/uploads\/2020\/05\/RW_Conveyor_Horizontal_NoTag_4C.png\",\"width\":512,\"height\":512,\"caption\":\"Richards-Wilcox Conveyor\"},\"image\":{\"@id\":\"https:\/\/rwconveyor.com\/es\/#\/schema\/logo\/image\/\"}}]}<\/script>\n<!-- \/ Yoast SEO plugin. -->","yoast_head_json":{"title":"Controles de la cinta transportadora - Richards-Wilcox Conveyor","description":"Richards-Wilcox es su fuente de referencia para controles de transportadores y soluciones de software que hacen que su entorno de fabricaci\u00f3n sea m\u00e1s productivo.","robots":{"index":"index","follow":"follow","max-snippet":"max-snippet:-1","max-image-preview":"max-image-preview:large","max-video-preview":"max-video-preview:-1"},"canonical":"https:\/\/rwconveyor.com\/es\/productos\/servicios-de-consultoria-de-ingenieria\/controles-de-la-cinta-transportadora\/","og_locale":"es_ES","og_type":"article","og_title":"Controles de la cinta transportadora","og_description":"M\u00e1s informaci\u00f3n.","og_url":"https:\/\/rwconveyor.com\/es\/productos\/servicios-de-consultoria-de-ingenieria\/controles-de-la-cinta-transportadora\/","og_site_name":"Richards-Wilcox Conveyor","article_modified_time":"2022-07-20T21:39:45+00:00","og_image":[{"url":"https:\/\/rwconveyor.com\/wp-content\/uploads\/2021\/01\/RWC_Conveyor_Controls_SM.jpg","type":"","width":"","height":""}],"twitter_misc":{"Tiempo de lectura":"2 minutos"},"schema":{"@context":"https:\/\/schema.org","@graph":[{"@type":"WebPage","@id":"https:\/\/rwconveyor.com\/es\/productos\/servicios-de-consultoria-de-ingenieria\/controles-de-la-cinta-transportadora\/","url":"https:\/\/rwconveyor.com\/es\/productos\/servicios-de-consultoria-de-ingenieria\/controles-de-la-cinta-transportadora\/","name":"Controles de la cinta transportadora - Richards-Wilcox Conveyor","isPartOf":{"@id":"https:\/\/rwconveyor.com\/es\/#website"},"datePublished":"2013-05-10T00:59:56+00:00","dateModified":"2022-07-20T21:39:45+00:00","description":"Richards-Wilcox es su fuente de referencia para controles de transportadores y soluciones de software que hacen que su entorno de fabricaci\u00f3n sea m\u00e1s productivo.","breadcrumb":{"@id":"https:\/\/rwconveyor.com\/es\/productos\/servicios-de-consultoria-de-ingenieria\/controles-de-la-cinta-transportadora\/#breadcrumb"},"inLanguage":"es","potentialAction":[{"@type":"ReadAction","target":["https:\/\/rwconveyor.com\/es\/productos\/servicios-de-consultoria-de-ingenieria\/controles-de-la-cinta-transportadora\/"]}]},{"@type":"BreadcrumbList","@id":"https:\/\/rwconveyor.com\/es\/productos\/servicios-de-consultoria-de-ingenieria\/controles-de-la-cinta-transportadora\/#breadcrumb","itemListElement":[{"@type":"ListItem","position":1,"name":"Home","item":"https:\/\/rwconveyor.com\/es\/inicio\/"},{"@type":"ListItem","position":2,"name":"Productos","item":"https:\/\/rwconveyor.com\/es\/productos\/"},{"@type":"ListItem","position":3,"name":"Servicios de consultor\u00eda de ingenier\u00eda","item":"https:\/\/rwconveyor.com\/es\/products\/consulting-engineering-services\/"},{"@type":"ListItem","position":4,"name":"Controles de la cinta transportadora"}]},{"@type":"WebSite","@id":"https:\/\/rwconveyor.com\/es\/#website","url":"https:\/\/rwconveyor.com\/es\/","name":"Richards-Wilcox Conveyor","description":"Transportadores a\u00e9reos, transportadores el\u00e9ctricos y libres\n","publisher":{"@id":"https:\/\/rwconveyor.com\/es\/#organization"},"potentialAction":[{"@type":"SearchAction","target":{"@type":"EntryPoint","urlTemplate":"https:\/\/rwconveyor.com\/es\/?s={search_term_string}"},"query-input":{"@type":"PropertyValueSpecification","valueRequired":true,"valueName":"search_term_string"}}],"inLanguage":"es"},{"@type":"Organization","@id":"https:\/\/rwconveyor.com\/es\/#organization","name":"Richards-Wilcox Conveyor","url":"https:\/\/rwconveyor.com\/es\/","logo":{"@type":"ImageObject","inLanguage":"es","@id":"https:\/\/rwconveyor.com\/es\/#\/schema\/logo\/image\/","url":"https:\/\/rwconveyor.com\/wp-content\/uploads\/2020\/05\/RW_Conveyor_Horizontal_NoTag_4C.png","contentUrl":"https:\/\/rwconveyor.com\/wp-content\/uploads\/2020\/05\/RW_Conveyor_Horizontal_NoTag_4C.png","width":512,"height":512,"caption":"Richards-Wilcox Conveyor"},"image":{"@id":"https:\/\/rwconveyor.com\/es\/#\/schema\/logo\/image\/"}}]}},"_links":{"self":[{"href":"https:\/\/rwconveyor.com\/es\/wp-json\/wp\/v2\/pages\/3831","targetHints":{"allow":["GET"]}}],"collection":[{"href":"https:\/\/rwconveyor.com\/es\/wp-json\/wp\/v2\/pages"}],"about":[{"href":"https:\/\/rwconveyor.com\/es\/wp-json\/wp\/v2\/types\/page"}],"author":[{"embeddable":true,"href":"https:\/\/rwconveyor.com\/es\/wp-json\/wp\/v2\/users\/13"}],"replies":[{"embeddable":true,"href":"https:\/\/rwconveyor.com\/es\/wp-json\/wp\/v2\/comments?post=3831"}],"version-history":[{"count":1,"href":"https:\/\/rwconveyor.com\/es\/wp-json\/wp\/v2\/pages\/3831\/revisions"}],"predecessor-version":[{"id":3834,"href":"https:\/\/rwconveyor.com\/es\/wp-json\/wp\/v2\/pages\/3831\/revisions\/3834"}],"up":[{"embeddable":true,"href":"https:\/\/rwconveyor.com\/es\/wp-json\/wp\/v2\/pages\/3817"}],"wp:attachment":[{"href":"https:\/\/rwconveyor.com\/es\/wp-json\/wp\/v2\/media?parent=3831"}],"curies":[{"name":"wp","href":"https:\/\/api.w.org\/{rel}","templated":true}]}}