{"id":3835,"date":"2019-10-03T11:28:19","date_gmt":"2019-10-03T16:28:19","guid":{"rendered":"https:\/\/rwconveyor.com\/recursos\/estudios-de-caso\/caso-practico-clyde-machines\/"},"modified":"2022-11-11T10:56:39","modified_gmt":"2022-11-11T16:56:39","slug":"caso-practico-clyde-machines","status":"publish","type":"page","link":"https:\/\/rwconveyor.com\/es\/recursos\/estudios-de-caso\/caso-practico-clyde-machines\/","title":{"rendered":"Caso pr\u00e1ctico &#8211; Clyde Machines"},"content":{"rendered":"<div class=\"row justify-content-center row-margin-25\">\r\n<div class=\"col-12 col-sm-10\"><video poster=\"\/wp-content\/themes\/Conveyor\/media\/rwc-clyde-cover.jpg\" controls=\"controls\" width=\"640\" height=\"360\"><span data-mce-type=\"bookmark\" style=\"display: inline-block; width: 0px; overflow: hidden; line-height: 0;\" class=\"mce_SELRES_start\"><\/span> <source src=\"\/wp-content\/themes\/Conveyor\/media\/rwc-clyde-machines.mp4\" type=\"video\/mp4\"><\/source><\/video><\/div>\r\n<\/div>\r\n<div class=\"row row-margin-25\">\r\n<div class=\"col-12\">\r\n<p>En 2014, Richards-Wilcox Conveyor instal\u00f3 un sistema b\u00e1sico desmontado para Clyde Machines. Ahora, Clyde necesitaba un sistema mucho m\u00e1s eficiente y flexible para apoyar sus nuevas operaciones.<\/p>\r\n<p>Richards-Wilcox Conveyor se puso creativo con el dise\u00f1o para ampliar la capacidad de Clyde con un sistema de transporte personalizado para sus nuevas instalaciones. Tomamos los archivos del software de su arquitecto y los fusionamos con nuestros archivos de dise\u00f1o para asegurarnos de que no hubiera columnas que obstruyeran el paso.<\/p>\r\n<p>Trabajando estrechamente con Clyde durante el dise\u00f1o del sistema, pudimos superar sus expectativas y reducir el espacio previsto.<\/p>\r\n<p>Otro reto importante en el dise\u00f1o de la l\u00ednea de pintura de Clyde Machines fue la multitud de tama\u00f1os y pesos diferentes de las piezas que deb\u00edan transportarse, algunas de hasta 2.500 libras. Esto s\u00f3lo significa una cosa. Era el momento de construir un sistema m\u00e1s fuerte dise\u00f1ado para la evoluci\u00f3n.<\/p>\r\n<\/div>\r\n<\/div>\r\n<div class=\"row row-margin-25 collapse-fix\">\r\n<div class=\"col-12 col-sm-6\"><img decoding=\"async\" src=\"\/wp-content\/uploads\/2019\/10\/2_RW_Conveyor_Clyde_CaseStudy_Square.jpg\" alt=\"clydes 1\"><\/div>\r\n<div class=\"col-12 col-sm-6\"><img decoding=\"async\" src=\"\/wp-content\/uploads\/2019\/10\/3_RW_Conveyor_Clyde_CaseStudy_Square.jpg\" alt=\"clydes 2\"><\/div>\r\n<\/div>\r\n<div class=\"row row-margin-25 blue-back inset-25-50\">\r\n<div class=\"col-12\">\r\n<h3 class=\"gold\">\u00abCuando conocimos a Dan, el representante de Richards-Wilcox de Divine Industrials Sales, hizo lo que hace cualquier buen vendedor, decir <span class=\"white\">&#8216;S\u00ed, podemos hacerlo&#8217;.<\/span> Pero Richards-Wilcox realmente pod\u00eda, y lo hicieron. No pod\u00edamos creer el resultado\u00bb.<\/h3>\r\n<\/div>\r\n<\/div>\r\n<div class=\"row row-margin-25\">\r\n<div class=\"col-12\">\r\n<p class=\"subsub\">Todos a bordo del nuevo dise\u00f1o.<\/p>\r\n<p>Con esa actitud de poder hacer, trabajamos estrechamente con Clyde Machines para desarrollar un sistema de transporte inteligente y racionalizado. Ayudamos a Clyde a dise\u00f1ar la estructura del techo para soportar el sistema de transporte. Esto redujo el coste del proyecto y elimin\u00f3 la necesidad de soportes en el suelo que se convierten en obst\u00e1culos en el proceso. Este paso no suele estar previsto antes de la construcci\u00f3n del edificio.<\/p>\r\n<p>A continuaci\u00f3n, construimos un sistema de control central totalmente integrado y conectamos el sistema de control de cintas transportadoras de Richards-Wilcox con el sistema inform\u00e1tico de Clyde. Esto permiti\u00f3 que las piezas \u00fanicas en la parada de carga fueran rastreadas con el equipo de acabado mientras viajaban por el sistema.<\/p>\r\n<\/div>\r\n<\/div>\r\n<div class=\"row row-margin-25\">\r\n<div class=\"col-12\"><img decoding=\"async\" src=\"\/wp-content\/uploads\/2019\/10\/4_RW_Conveyor_Clyde_CaseStudy_Wide.jpg\" alt=\"clydes 3\" height=\"444\"><\/div>\r\n<\/div>\r\n<div class=\"row row-margin-25\">\r\n<div class=\"col-12\">\r\n<p>La interfaz optimizada escanea las piezas para determinar cu\u00e1les son, calcula la distancia exacta a la que deben colocarse para pintar y transmite la informaci\u00f3n al equipo de acabado.<\/p>\r\n<p>Equilibrar la automatizaci\u00f3n con controles personalizables fue la clave para maximizar la productividad de Clyde.<\/p>\r\n<p>El nuevo sistema integra una cabina de chorro de arena robotizada, una cabina de pintura autom\u00e1tica de \u00abvelocidad lenta\u00bb, una cabina de pintura manual y un horno de tiempo de curado ajustable; cada funci\u00f3n personaliza el control para minimizar la mano de obra y maximizar el rendimiento.<\/p>\r\n<div class=\"row row-margin-25 blue-back inset-25-50\">\r\n<div class=\"col-12\">\r\n<h3>\u00abEstamos pintando 3 veces el producto en nuestro nuevo sistema, con la mitad de gente\u00bb.<\/h3>\r\n<\/div>\r\n<\/div>\r\n<p>Tambi\u00e9n hemos incorporado una alarma para las raras ocasiones en las que un error humano interrumpe el flujo, lo que hace que sea realmente f\u00e1cil de reiniciar y volver a poner en marcha en cuesti\u00f3n de minutos.<\/p>\r\n<\/div>\r\n<\/div>\r\n<div class=\"row row-margin-25 collapse-fix\">\r\n<div class=\"col-12 col-sm-6\"><img decoding=\"async\" src=\"\/wp-content\/uploads\/2019\/10\/5_RW_Conveyor_Clyde_CaseStudy_Square.jpg\" alt=\"clydes 4\"><\/div>\r\n<div class=\"col-12 col-sm-6\"><img decoding=\"async\" src=\"\/wp-content\/uploads\/2019\/10\/6_RW_Conveyor_Clyde_CaseStudy_Square.jpg\" alt=\"clydes 5\"><\/div>\r\n<\/div>\r\n<div class=\"row row-margin-25\">\r\n<div class=\"col-12\">\r\n<h3>\u00a1Despejado para el despegue!<\/h3>\r\n<p>Finalmente, Richards-Wilcox Conveyor dise\u00f1\u00f3 un sistema con potencial para pintar todo hasta 2500 libras, mejorar el margen de beneficios y hacer el proceso m\u00e1s eficiente en general. Con el nuevo transportador inteligente racionalizado, ayudamos a este l\u00edder en equipos de apoyo en tierra para aeronaves a entrar en la pista de la evoluci\u00f3n.<\/p>\r\n<button class=\"bblue bcenter\"><a class=\"white\" href=\"\/wp-content\/uploads\/2022\/11\/richards-wilcox-conveyor_casestudy_clydemachines_spanish.pdf\" target=\"_blank\" rel=\"noopener noreferrer\">Descargar estudio de caso<\/a><\/button><\/div>\r\n<\/div>","protected":false},"excerpt":{"rendered":"En 2014, Richards-Wilcox Conveyor instal\u00f3 un sistema b\u00e1sico desmontado para Clyde Machines. Ahora, Clyde necesitaba un sistema mucho m\u00e1s eficiente y flexible para apoyar sus nuevas operaciones. Richards-Wilcox Conveyor se puso creativo con el dise\u00f1o para ampliar la capacidad de Clyde con un sistema de transporte personalizado para sus nuevas instalaciones. Tomamos los archivos del [&hellip;]","protected":false},"author":13,"featured_media":0,"parent":3821,"menu_order":0,"comment_status":"closed","ping_status":"closed","template":"interior-case-study.php","meta":{"_acf_changed":false,"footnotes":""},"class_list":["post-3835","page","type-page","status-publish","hentry"],"acf":[],"yoast_head":"<!-- This site is optimized with the Yoast SEO plugin v24.7 - https:\/\/yoast.com\/wordpress\/plugins\/seo\/ -->\n<title>del - Richards-Wilcox Conveyor<\/title>\n<meta name=\"description\" content=\"Richards-Wilcox Conveyor dise\u00f1\u00f3 un sistema con potencial para pintar todo hasta 2500 libras, mejorar el margen de beneficio y hacer el proceso m\u00e1s eficiente.\" \/>\n<meta name=\"robots\" content=\"index, follow, max-snippet:-1, max-image-preview:large, max-video-preview:-1\" \/>\n<link rel=\"canonical\" href=\"https:\/\/rwconveyor.com\/es\/recursos\/estudios-de-caso\/caso-practico-clyde-machines\/\" \/>\n<meta property=\"og:locale\" content=\"es_ES\" \/>\n<meta property=\"og:type\" content=\"article\" \/>\n<meta property=\"og:title\" content=\"del - Richards-Wilcox Conveyor\" \/>\n<meta property=\"og:description\" content=\"Richards-Wilcox Conveyor dise\u00f1\u00f3 un sistema con potencial para pintar todo hasta 2500 libras, mejorar el margen de beneficio y hacer el proceso m\u00e1s eficiente.\" \/>\n<meta property=\"og:url\" content=\"https:\/\/rwconveyor.com\/es\/recursos\/estudios-de-caso\/caso-practico-clyde-machines\/\" \/>\n<meta property=\"og:site_name\" content=\"Richards-Wilcox Conveyor\" \/>\n<meta property=\"article:modified_time\" content=\"2022-11-11T16:56:39+00:00\" \/>\n<meta name=\"twitter:label1\" content=\"Tiempo de lectura\" \/>\n\t<meta name=\"twitter:data1\" content=\"4 minutos\" \/>\n<script type=\"application\/ld+json\" class=\"yoast-schema-graph\">{\"@context\":\"https:\/\/schema.org\",\"@graph\":[{\"@type\":\"WebPage\",\"@id\":\"https:\/\/rwconveyor.com\/es\/recursos\/estudios-de-caso\/caso-practico-clyde-machines\/\",\"url\":\"https:\/\/rwconveyor.com\/es\/recursos\/estudios-de-caso\/caso-practico-clyde-machines\/\",\"name\":\"del - Richards-Wilcox Conveyor\",\"isPartOf\":{\"@id\":\"https:\/\/rwconveyor.com\/es\/#website\"},\"datePublished\":\"2019-10-03T16:28:19+00:00\",\"dateModified\":\"2022-11-11T16:56:39+00:00\",\"description\":\"Richards-Wilcox Conveyor dise\u00f1\u00f3 un sistema con potencial para pintar todo hasta 2500 libras, mejorar el margen de beneficio y hacer el proceso m\u00e1s eficiente.\",\"breadcrumb\":{\"@id\":\"https:\/\/rwconveyor.com\/es\/recursos\/estudios-de-caso\/caso-practico-clyde-machines\/#breadcrumb\"},\"inLanguage\":\"es\",\"potentialAction\":[{\"@type\":\"ReadAction\",\"target\":[\"https:\/\/rwconveyor.com\/es\/recursos\/estudios-de-caso\/caso-practico-clyde-machines\/\"]}]},{\"@type\":\"BreadcrumbList\",\"@id\":\"https:\/\/rwconveyor.com\/es\/recursos\/estudios-de-caso\/caso-practico-clyde-machines\/#breadcrumb\",\"itemListElement\":[{\"@type\":\"ListItem\",\"position\":1,\"name\":\"Home\",\"item\":\"https:\/\/rwconveyor.com\/es\/inicio\/\"},{\"@type\":\"ListItem\",\"position\":2,\"name\":\"Recursos\",\"item\":\"https:\/\/rwconveyor.com\/es\/recursos\/\"},{\"@type\":\"ListItem\",\"position\":3,\"name\":\"Estudios de caso\",\"item\":\"https:\/\/rwconveyor.com\/es\/recursos\/estudios-de-caso\/\"},{\"@type\":\"ListItem\",\"position\":4,\"name\":\"Caso pr\u00e1ctico &#8211; Clyde Machines\"}]},{\"@type\":\"WebSite\",\"@id\":\"https:\/\/rwconveyor.com\/es\/#website\",\"url\":\"https:\/\/rwconveyor.com\/es\/\",\"name\":\"Richards-Wilcox Conveyor\",\"description\":\"Transportadores a\u00e9reos, transportadores el\u00e9ctricos y libres\\n\",\"publisher\":{\"@id\":\"https:\/\/rwconveyor.com\/es\/#organization\"},\"potentialAction\":[{\"@type\":\"SearchAction\",\"target\":{\"@type\":\"EntryPoint\",\"urlTemplate\":\"https:\/\/rwconveyor.com\/es\/?s={search_term_string}\"},\"query-input\":{\"@type\":\"PropertyValueSpecification\",\"valueRequired\":true,\"valueName\":\"search_term_string\"}}],\"inLanguage\":\"es\"},{\"@type\":\"Organization\",\"@id\":\"https:\/\/rwconveyor.com\/es\/#organization\",\"name\":\"Richards-Wilcox Conveyor\",\"url\":\"https:\/\/rwconveyor.com\/es\/\",\"logo\":{\"@type\":\"ImageObject\",\"inLanguage\":\"es\",\"@id\":\"https:\/\/rwconveyor.com\/es\/#\/schema\/logo\/image\/\",\"url\":\"https:\/\/rwconveyor.com\/wp-content\/uploads\/2020\/05\/RW_Conveyor_Horizontal_NoTag_4C.png\",\"contentUrl\":\"https:\/\/rwconveyor.com\/wp-content\/uploads\/2020\/05\/RW_Conveyor_Horizontal_NoTag_4C.png\",\"width\":512,\"height\":512,\"caption\":\"Richards-Wilcox Conveyor\"},\"image\":{\"@id\":\"https:\/\/rwconveyor.com\/es\/#\/schema\/logo\/image\/\"}}]}<\/script>\n<!-- \/ Yoast SEO plugin. -->","yoast_head_json":{"title":"del - Richards-Wilcox Conveyor","description":"Richards-Wilcox Conveyor dise\u00f1\u00f3 un sistema con potencial para pintar todo hasta 2500 libras, mejorar el margen de beneficio y hacer el proceso m\u00e1s eficiente.","robots":{"index":"index","follow":"follow","max-snippet":"max-snippet:-1","max-image-preview":"max-image-preview:large","max-video-preview":"max-video-preview:-1"},"canonical":"https:\/\/rwconveyor.com\/es\/recursos\/estudios-de-caso\/caso-practico-clyde-machines\/","og_locale":"es_ES","og_type":"article","og_title":"del - Richards-Wilcox Conveyor","og_description":"Richards-Wilcox Conveyor dise\u00f1\u00f3 un sistema con potencial para pintar todo hasta 2500 libras, mejorar el margen de beneficio y hacer el proceso m\u00e1s eficiente.","og_url":"https:\/\/rwconveyor.com\/es\/recursos\/estudios-de-caso\/caso-practico-clyde-machines\/","og_site_name":"Richards-Wilcox Conveyor","article_modified_time":"2022-11-11T16:56:39+00:00","twitter_misc":{"Tiempo de lectura":"4 minutos"},"schema":{"@context":"https:\/\/schema.org","@graph":[{"@type":"WebPage","@id":"https:\/\/rwconveyor.com\/es\/recursos\/estudios-de-caso\/caso-practico-clyde-machines\/","url":"https:\/\/rwconveyor.com\/es\/recursos\/estudios-de-caso\/caso-practico-clyde-machines\/","name":"del - Richards-Wilcox Conveyor","isPartOf":{"@id":"https:\/\/rwconveyor.com\/es\/#website"},"datePublished":"2019-10-03T16:28:19+00:00","dateModified":"2022-11-11T16:56:39+00:00","description":"Richards-Wilcox Conveyor dise\u00f1\u00f3 un sistema con potencial para pintar todo hasta 2500 libras, mejorar el margen de beneficio y hacer el proceso m\u00e1s eficiente.","breadcrumb":{"@id":"https:\/\/rwconveyor.com\/es\/recursos\/estudios-de-caso\/caso-practico-clyde-machines\/#breadcrumb"},"inLanguage":"es","potentialAction":[{"@type":"ReadAction","target":["https:\/\/rwconveyor.com\/es\/recursos\/estudios-de-caso\/caso-practico-clyde-machines\/"]}]},{"@type":"BreadcrumbList","@id":"https:\/\/rwconveyor.com\/es\/recursos\/estudios-de-caso\/caso-practico-clyde-machines\/#breadcrumb","itemListElement":[{"@type":"ListItem","position":1,"name":"Home","item":"https:\/\/rwconveyor.com\/es\/inicio\/"},{"@type":"ListItem","position":2,"name":"Recursos","item":"https:\/\/rwconveyor.com\/es\/recursos\/"},{"@type":"ListItem","position":3,"name":"Estudios de caso","item":"https:\/\/rwconveyor.com\/es\/recursos\/estudios-de-caso\/"},{"@type":"ListItem","position":4,"name":"Caso pr\u00e1ctico &#8211; Clyde Machines"}]},{"@type":"WebSite","@id":"https:\/\/rwconveyor.com\/es\/#website","url":"https:\/\/rwconveyor.com\/es\/","name":"Richards-Wilcox Conveyor","description":"Transportadores a\u00e9reos, transportadores el\u00e9ctricos y libres\n","publisher":{"@id":"https:\/\/rwconveyor.com\/es\/#organization"},"potentialAction":[{"@type":"SearchAction","target":{"@type":"EntryPoint","urlTemplate":"https:\/\/rwconveyor.com\/es\/?s={search_term_string}"},"query-input":{"@type":"PropertyValueSpecification","valueRequired":true,"valueName":"search_term_string"}}],"inLanguage":"es"},{"@type":"Organization","@id":"https:\/\/rwconveyor.com\/es\/#organization","name":"Richards-Wilcox Conveyor","url":"https:\/\/rwconveyor.com\/es\/","logo":{"@type":"ImageObject","inLanguage":"es","@id":"https:\/\/rwconveyor.com\/es\/#\/schema\/logo\/image\/","url":"https:\/\/rwconveyor.com\/wp-content\/uploads\/2020\/05\/RW_Conveyor_Horizontal_NoTag_4C.png","contentUrl":"https:\/\/rwconveyor.com\/wp-content\/uploads\/2020\/05\/RW_Conveyor_Horizontal_NoTag_4C.png","width":512,"height":512,"caption":"Richards-Wilcox Conveyor"},"image":{"@id":"https:\/\/rwconveyor.com\/es\/#\/schema\/logo\/image\/"}}]}},"_links":{"self":[{"href":"https:\/\/rwconveyor.com\/es\/wp-json\/wp\/v2\/pages\/3835","targetHints":{"allow":["GET"]}}],"collection":[{"href":"https:\/\/rwconveyor.com\/es\/wp-json\/wp\/v2\/pages"}],"about":[{"href":"https:\/\/rwconveyor.com\/es\/wp-json\/wp\/v2\/types\/page"}],"author":[{"embeddable":true,"href":"https:\/\/rwconveyor.com\/es\/wp-json\/wp\/v2\/users\/13"}],"replies":[{"embeddable":true,"href":"https:\/\/rwconveyor.com\/es\/wp-json\/wp\/v2\/comments?post=3835"}],"version-history":[{"count":2,"href":"https:\/\/rwconveyor.com\/es\/wp-json\/wp\/v2\/pages\/3835\/revisions"}],"predecessor-version":[{"id":4170,"href":"https:\/\/rwconveyor.com\/es\/wp-json\/wp\/v2\/pages\/3835\/revisions\/4170"}],"up":[{"embeddable":true,"href":"https:\/\/rwconveyor.com\/es\/wp-json\/wp\/v2\/pages\/3821"}],"wp:attachment":[{"href":"https:\/\/rwconveyor.com\/es\/wp-json\/wp\/v2\/media?parent=3835"}],"curies":[{"name":"wp","href":"https:\/\/api.w.org\/{rel}","templated":true}]}}