{"id":3836,"date":"2019-09-24T10:41:04","date_gmt":"2019-09-24T15:41:04","guid":{"rendered":"https:\/\/rwconveyor.com\/recursos\/estudios-de-caso\/caso-practico-eaton-corporation\/"},"modified":"2022-11-11T10:56:00","modified_gmt":"2022-11-11T16:56:00","slug":"caso-practico-eaton-corporation","status":"publish","type":"page","link":"https:\/\/rwconveyor.com\/es\/recursos\/estudios-de-caso\/caso-practico-eaton-corporation\/","title":{"rendered":"Caso pr\u00e1ctico &#8211; Eaton Corporation"},"content":{"rendered":"<div class=\"row row-margin-25\">\r\n<div class=\"col-12\"><img decoding=\"async\" src=\"\/wp-content\/uploads\/2020\/01\/1_RWConveyor_Eaton_CaseStudy_Wide.jpg\" alt=\"estudio de caso eaton\" height=\"444\" \/><\/div>\r\n<\/div>\r\n<div class=\"row row-margin-25\">\r\n<div class=\"col-12\">\r\n<p>Las v\u00e1lvulas de motor de Eaton Corporation hacen que su coche funcione mejor, en casi todos los sentidos. Aumentan el ahorro de combustible, mejoran la eficiencia y aumentan el rendimiento general. Las v\u00e1lvulas, en otras palabras, son una maravilla de la ingenier\u00eda. <strong>Ahora, tambi\u00e9n lo es la instalaci\u00f3n que los produce.<\/strong><\/p>\r\n<p>Casi todos los fabricantes de autom\u00f3viles y motores del mundo utilizan v\u00e1lvulas de motor Eaton. (Probablemente haya uno en tu coche ahora mismo). La demanda no podr\u00eda ser mucho mayor; Eaton produce m\u00e1s de un mill\u00f3n de v\u00e1lvulas de motor cada d\u00eda. Con un volumen de producci\u00f3n tan elevado, la empresa siempre busca aumentar su eficiencia: m\u00e1s r\u00e1pida, m\u00e1s ajustada, m\u00e1s precisa y lo m\u00e1s automatizada posible.<\/p>\r\n<\/div>\r\n<\/div>\r\n<div class=\"row row-margin-25 collapse-fix\">\r\n<div class=\"col-12 col-sm-6\"><img decoding=\"async\" src=\"\/wp-content\/uploads\/2020\/01\/2_RWConveyor_Eaton_CaseStudy_Square.jpg\" alt=\"estudio de caso eaton 2\" \/><\/div>\r\n<div class=\"col-12 col-sm-6\"><img decoding=\"async\" src=\"\/wp-content\/uploads\/2020\/01\/3_RWConveyor_Eaton_CaseStudy_Square.jpg\" alt=\"estudio de caso eaton 3\" \/><\/div>\r\n<\/div>\r\n<div class=\"row row-margin-25\">\r\n<div class=\"col-12\">\r\n<p>Cuando Eaton acudi\u00f3 a Richards-Wilcox, nos plante\u00f3 un reto: Tomar nuestra planta de fabricaci\u00f3n en Kearney, Nebraska, y transformarla en <strong>la f\u00e1brica de Eaton m\u00e1s eficiente del mundo.<\/strong><\/p>\r\n<p>Nos rompimos los nudillos y nos pusimos a trabajar.<\/p>\r\n<p>En la <strong>actualidad, la columna vertebral de la operaci\u00f3n de fabricaci\u00f3n de Kearney<\/strong> es un transportador a\u00e9reo monorra\u00edl Richards-Wilcox hiperpersonalizado. Con 12.000 pies de giros, vueltas, curvas, bucles y una compleja serie de procesos automatizados, es uno de los sistemas de transporte m\u00e1s elaborados e ingeniosos de la industria.<\/p>\r\n<p>Aparte del mantenimiento anual, las instalaciones de Kearney nunca se detienen. Funciona las 24 horas del d\u00eda. Cerca del principio de la l\u00ednea, las v\u00e1lvulas se extruyen a partir de lingotes de acero, y los trabajadores los colocan en contenedores. <strong>Esa es la \u00faltima vez que los productos son tocados por manos humanas, hasta que llega el momento de empaquetarlos y enviarlos.<\/strong><\/p>\r\n<p>El resto est\u00e1 totalmente automatizado. La cinta transportadora lleva las v\u00e1lvulas a trav\u00e9s de una monta\u00f1a rusa de procesos automatizados perfectamente integrados: lavado, esmerilado, lijado y otros procesos de fabricaci\u00f3n de las v\u00e1lvulas. A lo largo de este tramo se realizan un <strong>total de 16 operaciones distintas, todas ellas automatizadas<\/strong>. La alta concentraci\u00f3n de operaciones es casi in\u00e9dita, y s\u00f3lo es posible porque se ha encajado un gran n\u00famero de curvas y bucles en un \u00e1rea extremadamente peque\u00f1a.<\/p>\r\n<\/div>\r\n<\/div>\r\n<div class=\"row row-margin-25\">\r\n<div class=\"col-12\"><img decoding=\"async\" src=\"\/wp-content\/uploads\/2020\/01\/4_RWConveyor_Eaton_CaseStudy_Wide.jpg\" alt=\"estudio de caso eaton 4\" height=\"444\" \/><\/div>\r\n<\/div>\r\n<div class=\"row row-margin-25\">\r\n<div class=\"col-12\">\r\n<p><strong>Joe Bash, director de las instalaciones de Eaton en Kearney, afirma que la calidad de la pista le ha permitido<\/strong> realizar f\u00e1cilmente las complejas modificaciones para aprovechar al m\u00e1ximo su espacio. Al cortar el riel, Joe se\u00f1ala que el material no se \u00abensancha\u00bb, a diferencia de los rieles laminados de menor calibre. Por lo tanto, una sola secci\u00f3n de v\u00eda de 3 metros puede cortarse varias veces, creando un desplazamiento para rodear la maquinaria. Joe puede incluso cortar una curva de v\u00eda de 9&#8243; de radio sin ninguna dificultad.<\/p>\r\n<\/div>\r\n<\/div>\r\n<div class=\"row row-margin-25 blue-back inset-25-50\">\r\n<div class=\"col-12\">\r\n<h3 class=\"gold\"><span class=\"white\">\u00abEl producto de Richards-Wilcox es flexible y la calidad es excelente\u00bb, dice Joe.<\/span> \u00abAhora, no todo tiene que ser en l\u00ednea recta\u00bb.<\/h3>\r\n<\/div>\r\n<\/div>\r\n<div class=\"row row-margin-25\">\r\n<div class=\"col-12\">\r\n<p>\u00bfEl resultado? <strong>Con un sistema de transporte que lleva la eficiencia al m\u00e1ximo, las instalaciones de Eaton en Kearney se han transformado en una bestia de la fabricaci\u00f3n con una productividad sin igual.<\/strong> El sistema anterior funcionaba manualmente, con trabajadores que cargaban las l\u00edneas de lotes. Ahora, con un sistema casi totalmente automatizado dise\u00f1ado a lo largo de un transportador Richards-Wilcox, un solo operario atiende 6 m\u00e1quinas. Los tiempos de cambio se han reducido radicalmente: de 8 horas a tan s\u00f3lo 15 minutos. Gracias a las l\u00edneas divididas, la instalaci\u00f3n puede gestionar tiradas menores con la m\u00e1xima eficiencia, sin dejar de ofrecer la fabricaci\u00f3n JIT.<\/p>\r\n<\/div>\r\n<\/div>\r\n<div class=\"row row-margin-25\">\r\n<div class=\"col-12 col-sm-6\"><img decoding=\"async\" src=\"\/wp-content\/uploads\/2020\/01\/5_RWConveyor_Eaton_CaseStudy_Square.jpg\" alt=\"estudio de caso eaton 5\" \/><\/div>\r\n<div class=\"col-12 col-sm-6\"><img decoding=\"async\" src=\"\/wp-content\/uploads\/2020\/01\/6_RWConveyor_Eaton_CaseStudy_Square.jpg\" alt=\"estudio de caso eaton 6\" \/><\/div>\r\n<\/div>\r\n<div class=\"row row-margin-25\">\r\n<div class=\"col-12\">\r\n<p>Joe dice que el nuevo transportador Richards-Wilcox ha abierto oportunidades sin precedentes para su f\u00e1brica.<\/p>\r\n<p><strong>\u00abSi la direcci\u00f3n me hubiera pedido que creara este sistema hace 20 a\u00f1os, esto habr\u00eda sido imposible.<\/strong> Estas ventajas en cuanto a costes me abrieron un mundo nuevo\u00bb.<\/p>\r\n<button class=\"bblue bcenter\"><a class=\"white\" href=\"\/wp-content\/uploads\/2022\/11\/richards-wilcox-conveyor_casestudy_eatoncorporation_spanish.pdf\" target=\"_blank\" rel=\"noopener noreferrer\">Descargar estudio de caso<\/a><\/button><\/div>\r\n<\/div>","protected":false},"excerpt":{"rendered":"Las v\u00e1lvulas de motor de Eaton Corporation hacen que su coche funcione mejor, en casi todos los sentidos. Aumentan el ahorro de combustible, mejoran la eficiencia y aumentan el rendimiento general. Las v\u00e1lvulas, en otras palabras, son una maravilla de la ingenier\u00eda. Ahora, tambi\u00e9n lo es la instalaci\u00f3n que los produce. Casi todos los fabricantes [&hellip;]","protected":false},"author":13,"featured_media":0,"parent":3821,"menu_order":0,"comment_status":"closed","ping_status":"closed","template":"interior-case-study.php","meta":{"_acf_changed":false,"footnotes":""},"class_list":["post-3836","page","type-page","status-publish","hentry"],"acf":[],"yoast_head":"<!-- This site is optimized with the Yoast SEO plugin v24.7 - https:\/\/yoast.com\/wordpress\/plugins\/seo\/ -->\n<title>Caso pr\u00e1ctico - Eaton Corporation - Richards-Wilcox Conveyor<\/title>\n<meta name=\"description\" content=\"Con un sistema de transporte que lleva la eficiencia al m\u00e1ximo, las instalaciones de Eaton en Kearney se han transformado en una bestia de la fabricaci\u00f3n con una productividad sin igual.\" \/>\n<meta name=\"robots\" content=\"index, follow, max-snippet:-1, max-image-preview:large, max-video-preview:-1\" \/>\n<link rel=\"canonical\" href=\"https:\/\/rwconveyor.com\/es\/recursos\/estudios-de-caso\/caso-practico-eaton-corporation\/\" \/>\n<meta property=\"og:locale\" content=\"es_ES\" \/>\n<meta property=\"og:type\" content=\"article\" \/>\n<meta property=\"og:title\" content=\"Corporaci\u00f3n Eaton\" \/>\n<meta property=\"og:description\" content=\"M\u00e1xima eficiencia, productividad inigualable.\" \/>\n<meta property=\"og:url\" content=\"https:\/\/rwconveyor.com\/es\/recursos\/estudios-de-caso\/caso-practico-eaton-corporation\/\" \/>\n<meta property=\"og:site_name\" content=\"Richards-Wilcox Conveyor\" \/>\n<meta property=\"article:modified_time\" content=\"2022-11-11T16:56:00+00:00\" \/>\n<meta property=\"og:image\" content=\"https:\/\/rwconveyor.com\/wp-content\/uploads\/2019\/11\/Richards-Wilcox_Assembly_Eaton_LI.jpg\" \/>\n<meta name=\"twitter:label1\" content=\"Tiempo de lectura\" \/>\n\t<meta name=\"twitter:data1\" content=\"4 minutos\" \/>\n<script type=\"application\/ld+json\" class=\"yoast-schema-graph\">{\"@context\":\"https:\/\/schema.org\",\"@graph\":[{\"@type\":\"WebPage\",\"@id\":\"https:\/\/rwconveyor.com\/es\/recursos\/estudios-de-caso\/caso-practico-eaton-corporation\/\",\"url\":\"https:\/\/rwconveyor.com\/es\/recursos\/estudios-de-caso\/caso-practico-eaton-corporation\/\",\"name\":\"Caso pr\u00e1ctico - Eaton Corporation - Richards-Wilcox Conveyor\",\"isPartOf\":{\"@id\":\"https:\/\/rwconveyor.com\/es\/#website\"},\"datePublished\":\"2019-09-24T15:41:04+00:00\",\"dateModified\":\"2022-11-11T16:56:00+00:00\",\"description\":\"Con un sistema de transporte que lleva la eficiencia al m\u00e1ximo, las instalaciones de Eaton en Kearney se han transformado en una bestia de la fabricaci\u00f3n con una productividad sin igual.\",\"breadcrumb\":{\"@id\":\"https:\/\/rwconveyor.com\/es\/recursos\/estudios-de-caso\/caso-practico-eaton-corporation\/#breadcrumb\"},\"inLanguage\":\"es\",\"potentialAction\":[{\"@type\":\"ReadAction\",\"target\":[\"https:\/\/rwconveyor.com\/es\/recursos\/estudios-de-caso\/caso-practico-eaton-corporation\/\"]}]},{\"@type\":\"BreadcrumbList\",\"@id\":\"https:\/\/rwconveyor.com\/es\/recursos\/estudios-de-caso\/caso-practico-eaton-corporation\/#breadcrumb\",\"itemListElement\":[{\"@type\":\"ListItem\",\"position\":1,\"name\":\"Home\",\"item\":\"https:\/\/rwconveyor.com\/es\/inicio\/\"},{\"@type\":\"ListItem\",\"position\":2,\"name\":\"Recursos\",\"item\":\"https:\/\/rwconveyor.com\/es\/recursos\/\"},{\"@type\":\"ListItem\",\"position\":3,\"name\":\"Estudios de caso\",\"item\":\"https:\/\/rwconveyor.com\/es\/recursos\/estudios-de-caso\/\"},{\"@type\":\"ListItem\",\"position\":4,\"name\":\"Caso pr\u00e1ctico &#8211; Eaton Corporation\"}]},{\"@type\":\"WebSite\",\"@id\":\"https:\/\/rwconveyor.com\/es\/#website\",\"url\":\"https:\/\/rwconveyor.com\/es\/\",\"name\":\"Richards-Wilcox Conveyor\",\"description\":\"Transportadores a\u00e9reos, transportadores el\u00e9ctricos y libres\\n\",\"publisher\":{\"@id\":\"https:\/\/rwconveyor.com\/es\/#organization\"},\"potentialAction\":[{\"@type\":\"SearchAction\",\"target\":{\"@type\":\"EntryPoint\",\"urlTemplate\":\"https:\/\/rwconveyor.com\/es\/?s={search_term_string}\"},\"query-input\":{\"@type\":\"PropertyValueSpecification\",\"valueRequired\":true,\"valueName\":\"search_term_string\"}}],\"inLanguage\":\"es\"},{\"@type\":\"Organization\",\"@id\":\"https:\/\/rwconveyor.com\/es\/#organization\",\"name\":\"Richards-Wilcox Conveyor\",\"url\":\"https:\/\/rwconveyor.com\/es\/\",\"logo\":{\"@type\":\"ImageObject\",\"inLanguage\":\"es\",\"@id\":\"https:\/\/rwconveyor.com\/es\/#\/schema\/logo\/image\/\",\"url\":\"https:\/\/rwconveyor.com\/wp-content\/uploads\/2020\/05\/RW_Conveyor_Horizontal_NoTag_4C.png\",\"contentUrl\":\"https:\/\/rwconveyor.com\/wp-content\/uploads\/2020\/05\/RW_Conveyor_Horizontal_NoTag_4C.png\",\"width\":512,\"height\":512,\"caption\":\"Richards-Wilcox Conveyor\"},\"image\":{\"@id\":\"https:\/\/rwconveyor.com\/es\/#\/schema\/logo\/image\/\"}}]}<\/script>\n<!-- \/ Yoast SEO plugin. -->","yoast_head_json":{"title":"Caso pr\u00e1ctico - Eaton Corporation - Richards-Wilcox Conveyor","description":"Con un sistema de transporte que lleva la eficiencia al m\u00e1ximo, las instalaciones de Eaton en Kearney se han transformado en una bestia de la fabricaci\u00f3n con una productividad sin igual.","robots":{"index":"index","follow":"follow","max-snippet":"max-snippet:-1","max-image-preview":"max-image-preview:large","max-video-preview":"max-video-preview:-1"},"canonical":"https:\/\/rwconveyor.com\/es\/recursos\/estudios-de-caso\/caso-practico-eaton-corporation\/","og_locale":"es_ES","og_type":"article","og_title":"Corporaci\u00f3n Eaton","og_description":"M\u00e1xima eficiencia, productividad inigualable.","og_url":"https:\/\/rwconveyor.com\/es\/recursos\/estudios-de-caso\/caso-practico-eaton-corporation\/","og_site_name":"Richards-Wilcox Conveyor","article_modified_time":"2022-11-11T16:56:00+00:00","og_image":[{"url":"https:\/\/rwconveyor.com\/wp-content\/uploads\/2019\/11\/Richards-Wilcox_Assembly_Eaton_LI.jpg","type":"","width":"","height":""}],"twitter_misc":{"Tiempo de lectura":"4 minutos"},"schema":{"@context":"https:\/\/schema.org","@graph":[{"@type":"WebPage","@id":"https:\/\/rwconveyor.com\/es\/recursos\/estudios-de-caso\/caso-practico-eaton-corporation\/","url":"https:\/\/rwconveyor.com\/es\/recursos\/estudios-de-caso\/caso-practico-eaton-corporation\/","name":"Caso pr\u00e1ctico - Eaton Corporation - Richards-Wilcox Conveyor","isPartOf":{"@id":"https:\/\/rwconveyor.com\/es\/#website"},"datePublished":"2019-09-24T15:41:04+00:00","dateModified":"2022-11-11T16:56:00+00:00","description":"Con un sistema de transporte que lleva la eficiencia al m\u00e1ximo, las instalaciones de Eaton en Kearney se han transformado en una bestia de la fabricaci\u00f3n con una productividad sin igual.","breadcrumb":{"@id":"https:\/\/rwconveyor.com\/es\/recursos\/estudios-de-caso\/caso-practico-eaton-corporation\/#breadcrumb"},"inLanguage":"es","potentialAction":[{"@type":"ReadAction","target":["https:\/\/rwconveyor.com\/es\/recursos\/estudios-de-caso\/caso-practico-eaton-corporation\/"]}]},{"@type":"BreadcrumbList","@id":"https:\/\/rwconveyor.com\/es\/recursos\/estudios-de-caso\/caso-practico-eaton-corporation\/#breadcrumb","itemListElement":[{"@type":"ListItem","position":1,"name":"Home","item":"https:\/\/rwconveyor.com\/es\/inicio\/"},{"@type":"ListItem","position":2,"name":"Recursos","item":"https:\/\/rwconveyor.com\/es\/recursos\/"},{"@type":"ListItem","position":3,"name":"Estudios de caso","item":"https:\/\/rwconveyor.com\/es\/recursos\/estudios-de-caso\/"},{"@type":"ListItem","position":4,"name":"Caso pr\u00e1ctico &#8211; Eaton Corporation"}]},{"@type":"WebSite","@id":"https:\/\/rwconveyor.com\/es\/#website","url":"https:\/\/rwconveyor.com\/es\/","name":"Richards-Wilcox Conveyor","description":"Transportadores a\u00e9reos, transportadores el\u00e9ctricos y libres\n","publisher":{"@id":"https:\/\/rwconveyor.com\/es\/#organization"},"potentialAction":[{"@type":"SearchAction","target":{"@type":"EntryPoint","urlTemplate":"https:\/\/rwconveyor.com\/es\/?s={search_term_string}"},"query-input":{"@type":"PropertyValueSpecification","valueRequired":true,"valueName":"search_term_string"}}],"inLanguage":"es"},{"@type":"Organization","@id":"https:\/\/rwconveyor.com\/es\/#organization","name":"Richards-Wilcox Conveyor","url":"https:\/\/rwconveyor.com\/es\/","logo":{"@type":"ImageObject","inLanguage":"es","@id":"https:\/\/rwconveyor.com\/es\/#\/schema\/logo\/image\/","url":"https:\/\/rwconveyor.com\/wp-content\/uploads\/2020\/05\/RW_Conveyor_Horizontal_NoTag_4C.png","contentUrl":"https:\/\/rwconveyor.com\/wp-content\/uploads\/2020\/05\/RW_Conveyor_Horizontal_NoTag_4C.png","width":512,"height":512,"caption":"Richards-Wilcox Conveyor"},"image":{"@id":"https:\/\/rwconveyor.com\/es\/#\/schema\/logo\/image\/"}}]}},"_links":{"self":[{"href":"https:\/\/rwconveyor.com\/es\/wp-json\/wp\/v2\/pages\/3836","targetHints":{"allow":["GET"]}}],"collection":[{"href":"https:\/\/rwconveyor.com\/es\/wp-json\/wp\/v2\/pages"}],"about":[{"href":"https:\/\/rwconveyor.com\/es\/wp-json\/wp\/v2\/types\/page"}],"author":[{"embeddable":true,"href":"https:\/\/rwconveyor.com\/es\/wp-json\/wp\/v2\/users\/13"}],"replies":[{"embeddable":true,"href":"https:\/\/rwconveyor.com\/es\/wp-json\/wp\/v2\/comments?post=3836"}],"version-history":[{"count":2,"href":"https:\/\/rwconveyor.com\/es\/wp-json\/wp\/v2\/pages\/3836\/revisions"}],"predecessor-version":[{"id":4169,"href":"https:\/\/rwconveyor.com\/es\/wp-json\/wp\/v2\/pages\/3836\/revisions\/4169"}],"up":[{"embeddable":true,"href":"https:\/\/rwconveyor.com\/es\/wp-json\/wp\/v2\/pages\/3821"}],"wp:attachment":[{"href":"https:\/\/rwconveyor.com\/es\/wp-json\/wp\/v2\/media?parent=3836"}],"curies":[{"name":"wp","href":"https:\/\/api.w.org\/{rel}","templated":true}]}}