{"id":3845,"date":"2019-10-09T11:03:42","date_gmt":"2019-10-09T16:03:42","guid":{"rendered":"https:\/\/rwconveyor.com\/politica-de-privacidad\/"},"modified":"2022-07-20T16:51:22","modified_gmt":"2022-07-20T21:51:22","slug":"politica-de-privacidad","status":"publish","type":"page","link":"https:\/\/rwconveyor.com\/es\/politica-de-privacidad\/","title":{"rendered":"Pol\u00edtica de privacidad"},"content":{"rendered":"<ul>\n\t<li>Qu\u00e9 informaci\u00f3n personal identificable se recoge de usted a trav\u00e9s del sitio web, c\u00f3mo se utiliza y con qui\u00e9n puede compartirse.<\/li>\n\t<li>Qu\u00e9 opciones tiene usted respecto al uso de sus datos.<\/li>\n\t<li>Los procedimientos de seguridad establecidos para proteger el uso indebido de su informaci\u00f3n.<\/li>\n\t<li>C\u00f3mo puede corregir cualquier inexactitud en la informaci\u00f3n.<\/li>\n<\/ul>\n<p class=\"left-align\"><strong>Recogida, uso y difusi\u00f3n de la informaci\u00f3n<\/strong><br>\nSomos los \u00fanicos propietarios de la informaci\u00f3n recogida en este sitio. S\u00f3lo tenemos acceso a la informaci\u00f3n que usted nos proporciona voluntariamente a trav\u00e9s del correo electr\u00f3nico u otro contacto directo. No venderemos ni alquilaremos esta informaci\u00f3n a nadie.<\/p>\n<p class=\"left-align\">Utilizaremos sus datos para responderle, en relaci\u00f3n con el motivo por el que se puso en contacto con nosotros. No compartiremos su informaci\u00f3n con ning\u00fan tercero ajeno a nuestra organizaci\u00f3n, salvo en la medida en que sea necesario para satisfacer su solicitud, por ejemplo, para proporcionar informaci\u00f3n o enviar un pedido.<\/p>\n<p class=\"left-align\">A menos que nos pida que no lo hagamos, es posible que nos pongamos en contacto con usted por correo electr\u00f3nico en el futuro para informarle sobre ofertas especiales, nuevos productos o servicios, o cambios en esta pol\u00edtica de privacidad.<\/p>\n<p class=\"left-align\"><strong>Su acceso y control de la informaci\u00f3n<\/strong><br>\nUsted puede optar por no recibir m\u00e1s contactos de nuestra parte en cualquier momento. Puede hacer lo siguiente en cualquier momento poni\u00e9ndose en contacto con nosotros a trav\u00e9s de la direcci\u00f3n de correo electr\u00f3nico o el n\u00famero de tel\u00e9fono que figuran en nuestro sitio web:<\/p>\n<ul>\n\t<li>Ver qu\u00e9 datos tenemos sobre usted, si es que los tenemos.<\/li>\n\t<li>Cambiar\/corregir cualquier dato que tengamos sobre usted.<\/li>\n\t<li>Hacer que eliminemos los datos que tenemos sobre usted.<\/li>\n\t<li>Expresar cualquier preocupaci\u00f3n que tenga sobre el uso que hacemos de sus datos.<\/li>\n<\/ul>\n<p class=\"left-align\"><strong>Seguridad<\/strong><br>\nTomamos precauciones para proteger su informaci\u00f3n. Cuando usted env\u00eda informaci\u00f3n sensible a trav\u00e9s del sitio web, su informaci\u00f3n est\u00e1 protegida tanto en l\u00ednea como fuera de l\u00ednea.<\/p>\n<p class=\"left-align\">Siempre que recogemos informaci\u00f3n sensible (como los datos de la tarjeta de cr\u00e9dito), esa informaci\u00f3n se encripta y se nos transmite de forma segura. Puede comprobarlo buscando un icono de candado en la barra de direcciones y buscando \u00abhttps\u00bb al principio de la direcci\u00f3n de la p\u00e1gina web.<\/p>\n<p class=\"left-align\">Aunque utilizamos la codificaci\u00f3n para proteger la informaci\u00f3n sensible transmitida en l\u00ednea, tambi\u00e9n protegemos su informaci\u00f3n fuera de l\u00ednea. S\u00f3lo los empleados que necesitan la informaci\u00f3n para realizar un trabajo espec\u00edfico (por ejemplo, facturaci\u00f3n o servicio al cliente) tienen acceso a la informaci\u00f3n personal identificable. Los ordenadores\/servidores en los que almacenamos informaci\u00f3n personal identificable se mantienen en un entorno seguro.<\/p>\n<p class=\"left-align\"><strong>Si cree que no estamos respetando esta pol\u00edtica de privacidad, debe ponerse en contacto con nosotros inmediatamente por tel\u00e9fono en el 800-277-1699.<\/strong><\/p>\n","protected":false},"excerpt":{"rendered":"Qu\u00e9 informaci\u00f3n personal identificable se recoge de usted a trav\u00e9s del sitio web, c\u00f3mo se utiliza y con qui\u00e9n puede compartirse. Qu\u00e9 opciones tiene usted respecto al uso de sus datos. Los procedimientos de seguridad establecidos para proteger el uso indebido de su informaci\u00f3n. C\u00f3mo puede corregir cualquier inexactitud en la informaci\u00f3n. Recogida, uso y [&hellip;]","protected":false},"author":13,"featured_media":0,"parent":0,"menu_order":0,"comment_status":"closed","ping_status":"closed","template":"interior-page.php","meta":{"_acf_changed":false,"footnotes":""},"class_list":["post-3845","page","type-page","status-publish","hentry"],"acf":[],"yoast_head":"<!-- This site is optimized with the Yoast SEO plugin v24.7 - https:\/\/yoast.com\/wordpress\/plugins\/seo\/ -->\n<title>Pol\u00edtica de privacidad - Richards-Wilcox Conveyor<\/title>\n<meta name=\"description\" content=\"Este aviso de privacidad revela las pr\u00e1cticas de privacidad de Richards-Wilcox Conveyor y se aplica \u00fanicamente a la informaci\u00f3n recogida por este sitio web.\" \/>\n<meta name=\"robots\" content=\"index, follow, max-snippet:-1, max-image-preview:large, max-video-preview:-1\" \/>\n<link rel=\"canonical\" href=\"https:\/\/rwconveyor.com\/es\/politica-de-privacidad\/\" \/>\n<meta property=\"og:locale\" content=\"es_ES\" \/>\n<meta property=\"og:type\" content=\"article\" \/>\n<meta property=\"og:title\" content=\"Pol\u00edtica de privacidad - Richards-Wilcox Conveyor\" \/>\n<meta property=\"og:description\" content=\"Este aviso de privacidad revela las pr\u00e1cticas de privacidad de Richards-Wilcox Conveyor y se aplica \u00fanicamente a la informaci\u00f3n recogida por este sitio web.\" \/>\n<meta property=\"og:url\" content=\"https:\/\/rwconveyor.com\/es\/politica-de-privacidad\/\" \/>\n<meta property=\"og:site_name\" content=\"Richards-Wilcox Conveyor\" \/>\n<meta property=\"article:modified_time\" content=\"2022-07-20T21:51:22+00:00\" \/>\n<meta name=\"twitter:label1\" content=\"Tiempo de lectura\" \/>\n\t<meta name=\"twitter:data1\" content=\"2 minutos\" \/>\n<script type=\"application\/ld+json\" class=\"yoast-schema-graph\">{\"@context\":\"https:\/\/schema.org\",\"@graph\":[{\"@type\":\"WebPage\",\"@id\":\"https:\/\/rwconveyor.com\/es\/politica-de-privacidad\/\",\"url\":\"https:\/\/rwconveyor.com\/es\/politica-de-privacidad\/\",\"name\":\"Pol\u00edtica de privacidad - Richards-Wilcox Conveyor\",\"isPartOf\":{\"@id\":\"https:\/\/rwconveyor.com\/es\/#website\"},\"datePublished\":\"2019-10-09T16:03:42+00:00\",\"dateModified\":\"2022-07-20T21:51:22+00:00\",\"description\":\"Este aviso de privacidad revela las pr\u00e1cticas de privacidad de Richards-Wilcox Conveyor y se aplica \u00fanicamente a la informaci\u00f3n recogida por este sitio web.\",\"breadcrumb\":{\"@id\":\"https:\/\/rwconveyor.com\/es\/politica-de-privacidad\/#breadcrumb\"},\"inLanguage\":\"es\",\"potentialAction\":[{\"@type\":\"ReadAction\",\"target\":[\"https:\/\/rwconveyor.com\/es\/politica-de-privacidad\/\"]}]},{\"@type\":\"BreadcrumbList\",\"@id\":\"https:\/\/rwconveyor.com\/es\/politica-de-privacidad\/#breadcrumb\",\"itemListElement\":[{\"@type\":\"ListItem\",\"position\":1,\"name\":\"Home\",\"item\":\"https:\/\/rwconveyor.com\/es\/inicio\/\"},{\"@type\":\"ListItem\",\"position\":2,\"name\":\"Pol\u00edtica de privacidad\"}]},{\"@type\":\"WebSite\",\"@id\":\"https:\/\/rwconveyor.com\/es\/#website\",\"url\":\"https:\/\/rwconveyor.com\/es\/\",\"name\":\"Richards-Wilcox Conveyor\",\"description\":\"Transportadores a\u00e9reos, transportadores el\u00e9ctricos y libres\\n\",\"publisher\":{\"@id\":\"https:\/\/rwconveyor.com\/es\/#organization\"},\"potentialAction\":[{\"@type\":\"SearchAction\",\"target\":{\"@type\":\"EntryPoint\",\"urlTemplate\":\"https:\/\/rwconveyor.com\/es\/?s={search_term_string}\"},\"query-input\":{\"@type\":\"PropertyValueSpecification\",\"valueRequired\":true,\"valueName\":\"search_term_string\"}}],\"inLanguage\":\"es\"},{\"@type\":\"Organization\",\"@id\":\"https:\/\/rwconveyor.com\/es\/#organization\",\"name\":\"Richards-Wilcox Conveyor\",\"url\":\"https:\/\/rwconveyor.com\/es\/\",\"logo\":{\"@type\":\"ImageObject\",\"inLanguage\":\"es\",\"@id\":\"https:\/\/rwconveyor.com\/es\/#\/schema\/logo\/image\/\",\"url\":\"https:\/\/rwconveyor.com\/wp-content\/uploads\/2020\/05\/RW_Conveyor_Horizontal_NoTag_4C.png\",\"contentUrl\":\"https:\/\/rwconveyor.com\/wp-content\/uploads\/2020\/05\/RW_Conveyor_Horizontal_NoTag_4C.png\",\"width\":512,\"height\":512,\"caption\":\"Richards-Wilcox Conveyor\"},\"image\":{\"@id\":\"https:\/\/rwconveyor.com\/es\/#\/schema\/logo\/image\/\"}}]}<\/script>\n<!-- \/ Yoast SEO plugin. -->","yoast_head_json":{"title":"Pol\u00edtica de privacidad - Richards-Wilcox Conveyor","description":"Este aviso de privacidad revela las pr\u00e1cticas de privacidad de Richards-Wilcox Conveyor y se aplica \u00fanicamente a la informaci\u00f3n recogida por este sitio web.","robots":{"index":"index","follow":"follow","max-snippet":"max-snippet:-1","max-image-preview":"max-image-preview:large","max-video-preview":"max-video-preview:-1"},"canonical":"https:\/\/rwconveyor.com\/es\/politica-de-privacidad\/","og_locale":"es_ES","og_type":"article","og_title":"Pol\u00edtica de privacidad - Richards-Wilcox Conveyor","og_description":"Este aviso de privacidad revela las pr\u00e1cticas de privacidad de Richards-Wilcox Conveyor y se aplica \u00fanicamente a la informaci\u00f3n recogida por este sitio web.","og_url":"https:\/\/rwconveyor.com\/es\/politica-de-privacidad\/","og_site_name":"Richards-Wilcox Conveyor","article_modified_time":"2022-07-20T21:51:22+00:00","twitter_misc":{"Tiempo de lectura":"2 minutos"},"schema":{"@context":"https:\/\/schema.org","@graph":[{"@type":"WebPage","@id":"https:\/\/rwconveyor.com\/es\/politica-de-privacidad\/","url":"https:\/\/rwconveyor.com\/es\/politica-de-privacidad\/","name":"Pol\u00edtica de privacidad - Richards-Wilcox Conveyor","isPartOf":{"@id":"https:\/\/rwconveyor.com\/es\/#website"},"datePublished":"2019-10-09T16:03:42+00:00","dateModified":"2022-07-20T21:51:22+00:00","description":"Este aviso de privacidad revela las pr\u00e1cticas de privacidad de Richards-Wilcox Conveyor y se aplica \u00fanicamente a la informaci\u00f3n recogida por este sitio web.","breadcrumb":{"@id":"https:\/\/rwconveyor.com\/es\/politica-de-privacidad\/#breadcrumb"},"inLanguage":"es","potentialAction":[{"@type":"ReadAction","target":["https:\/\/rwconveyor.com\/es\/politica-de-privacidad\/"]}]},{"@type":"BreadcrumbList","@id":"https:\/\/rwconveyor.com\/es\/politica-de-privacidad\/#breadcrumb","itemListElement":[{"@type":"ListItem","position":1,"name":"Home","item":"https:\/\/rwconveyor.com\/es\/inicio\/"},{"@type":"ListItem","position":2,"name":"Pol\u00edtica de privacidad"}]},{"@type":"WebSite","@id":"https:\/\/rwconveyor.com\/es\/#website","url":"https:\/\/rwconveyor.com\/es\/","name":"Richards-Wilcox Conveyor","description":"Transportadores a\u00e9reos, transportadores el\u00e9ctricos y libres\n","publisher":{"@id":"https:\/\/rwconveyor.com\/es\/#organization"},"potentialAction":[{"@type":"SearchAction","target":{"@type":"EntryPoint","urlTemplate":"https:\/\/rwconveyor.com\/es\/?s={search_term_string}"},"query-input":{"@type":"PropertyValueSpecification","valueRequired":true,"valueName":"search_term_string"}}],"inLanguage":"es"},{"@type":"Organization","@id":"https:\/\/rwconveyor.com\/es\/#organization","name":"Richards-Wilcox Conveyor","url":"https:\/\/rwconveyor.com\/es\/","logo":{"@type":"ImageObject","inLanguage":"es","@id":"https:\/\/rwconveyor.com\/es\/#\/schema\/logo\/image\/","url":"https:\/\/rwconveyor.com\/wp-content\/uploads\/2020\/05\/RW_Conveyor_Horizontal_NoTag_4C.png","contentUrl":"https:\/\/rwconveyor.com\/wp-content\/uploads\/2020\/05\/RW_Conveyor_Horizontal_NoTag_4C.png","width":512,"height":512,"caption":"Richards-Wilcox Conveyor"},"image":{"@id":"https:\/\/rwconveyor.com\/es\/#\/schema\/logo\/image\/"}}]}},"_links":{"self":[{"href":"https:\/\/rwconveyor.com\/es\/wp-json\/wp\/v2\/pages\/3845","targetHints":{"allow":["GET"]}}],"collection":[{"href":"https:\/\/rwconveyor.com\/es\/wp-json\/wp\/v2\/pages"}],"about":[{"href":"https:\/\/rwconveyor.com\/es\/wp-json\/wp\/v2\/types\/page"}],"author":[{"embeddable":true,"href":"https:\/\/rwconveyor.com\/es\/wp-json\/wp\/v2\/users\/13"}],"replies":[{"embeddable":true,"href":"https:\/\/rwconveyor.com\/es\/wp-json\/wp\/v2\/comments?post=3845"}],"version-history":[{"count":1,"href":"https:\/\/rwconveyor.com\/es\/wp-json\/wp\/v2\/pages\/3845\/revisions"}],"predecessor-version":[{"id":3851,"href":"https:\/\/rwconveyor.com\/es\/wp-json\/wp\/v2\/pages\/3845\/revisions\/3851"}],"wp:attachment":[{"href":"https:\/\/rwconveyor.com\/es\/wp-json\/wp\/v2\/media?parent=3845"}],"curies":[{"name":"wp","href":"https:\/\/api.w.org\/{rel}","templated":true}]}}