{"id":3847,"date":"2019-09-24T13:16:59","date_gmt":"2019-09-24T18:16:59","guid":{"rendered":"https:\/\/rwconveyor.com\/recursos\/estudios-de-caso\/caso-practico-premier-citrus-packers\/"},"modified":"2022-11-11T10:57:18","modified_gmt":"2022-11-11T16:57:18","slug":"caso-practico-premier-citrus-packers","status":"publish","type":"page","link":"https:\/\/rwconveyor.com\/es\/recursos\/estudios-de-caso\/caso-practico-premier-citrus-packers\/","title":{"rendered":"Caso pr\u00e1ctico &#8211; Premier Citrus Packers"},"content":{"rendered":"<div class=\"row row-margin-25\">\r\n<div class=\"col-12\"><img decoding=\"async\" src=\"\/wp-content\/uploads\/2019\/09\/1_RW_Conveyor_PremiereCitrus_CaseStudy_Wide.jpg\" alt=\"estudio de caso premier\" height=\"444\"><\/div>\r\n<\/div>\r\n<div class=\"row row-margin-25\">\r\n<div class=\"col-12\">\r\n<p>En la temporada alta de cosecha, de octubre a abril, se manipulan la friolera de 2 millones de cajas de fruta en las instalaciones de envasado de la empresa en Vero Beach (Florida). Es m\u00e1s que cualquier otro productor de c\u00edtricos del estado y una de las mayores operaciones del mundo. Envasadas bajo la marca Premier y otras marcas privadas, las naranjas y los pomelos se distribuyen a cadenas de supermercados de todo el pa\u00eds y se env\u00edan por barco a Europa y Asia.<\/p>\r\n<p><strong>Toda la l\u00ednea de producci\u00f3n de Premier depende de dos transportadores: <\/strong>un sistema a\u00e9reo que suministra cajas de cart\u00f3n ondulado a los trabajadores de la l\u00ednea y un transportador de cinta que entrega la fruta a un par de estaciones de embalaje. Para que la instalaci\u00f3n funcione, estos dos transportadores <em>deben<\/em> estar en funcionamiento. Cuando uno de ellos se cae, toda la operaci\u00f3n se cae. <strong>Y<\/strong> <strong>el tiempo de inactividad es malo para todos: Premier, el mercado global, y usted, el consumidor. <\/strong>\u00bfNo hay transportador? No hay fruta en la secci\u00f3n de productos.<\/p>\r\n<\/div>\r\n<\/div>\r\n<div class=\"row row-margin-25 collapse-fix\">\r\n<div class=\"col-12 col-sm-6\"><img decoding=\"async\" src=\"\/wp-content\/uploads\/2019\/09\/2_RW_Conveyor_PremiereCitrus_CaseStudy_Square.jpg\" alt=\"estudio de caso premier 2\"><\/div>\r\n<div class=\"col-12 col-sm-6\"><img decoding=\"async\" src=\"\/wp-content\/uploads\/2019\/09\/3_RW_Conveyor_PremiereCitrus_CaseStudy_Square.jpg\" alt=\"estudio de caso premier 3\"><\/div>\r\n<\/div>\r\n<p>Hasta hace poco, el tiempo de inactividad era un problema creciente para el productor mundial de fruta, y amenazaba con empeorar. La instalaci\u00f3n contaba con un sistema de transporte a\u00e9reo anticuado y envejecido. Tanto la v\u00eda como la cadena estaban desgastadas. Debido a su antig\u00fcedad y a su intenso uso, el sistema se averiaba constantemente, privando a la l\u00ednea de cajas de embalaje y reduciendo la productividad.<\/p>\r\n<div class=\"row row-margin-25 blue-back inset-25-50\">\r\n<div class=\"col-12\">\r\n<h3 class=\"gold\">Premier Citrus Packers necesitaba proteger sus resultados, <span class=\"white\">as\u00ed que se asoci\u00f3 con Richards-Wilcox Conveyor para dise\u00f1ar una soluci\u00f3n. <\/span> <\/h3>\r\n<\/div>\r\n<\/div>\r\n<div class=\"row row-margin-25\">\r\n<div class=\"col-12\">\r\n<p>Nuestro equipo sustituy\u00f3 el sistema obsoleto por un nuevo transportador a\u00e9reo Richards-Wilcox Zig-Zag\u00ae. Utilizamos la misma huella que la antigua pista, lo que nos permiti\u00f3 actualizar el sistema sin modificar otros elementos de la instalaci\u00f3n. Para evitar cualquier interrupci\u00f3n de la productividad, instalamos el transportador en pocas semanas durante el verano, despu\u00e9s de la temporada alta de la empresa.<\/p>\r\n<\/div>\r\n<\/div>\r\n<div class=\"row justify-content-center row-margin-25\">\r\n<div class=\"col-12 col-sm-10\">\r\n<p class=\"subsub gold\">Vea nuestro transportador en acci\u00f3n:<\/p>\r\n<video poster=\"\" controls=\"controls\" width=\"640\" height=\"360\"> <source src=\"\/wp-content\/themes\/Conveyor\/media\/conveyor_pcvid.mp4\" type=\"video\/mp4\"><\/source><\/video><\/div>\r\n<\/div>\r\n<div class=\"row row-margin-25\">\r\n<div class=\"col-12\">\r\n<p>Ahora, <strong>Premier Citrus Packers tiene un transportador en el que puede confiar. <\/strong> <\/p>\r\n<p>El nuevo sistema est\u00e1 construido para durar: m\u00e1s fuerte, m\u00e1s adaptable y preparado para el futuro. Significa menos tiempo de inactividad, mayor productividad y m\u00e1s productos.<\/p>\r\n<p>Eso es bueno para la empresa, para el mercado internacional y para cualquiera que disfrute de un vaso de zumo de naranja por la ma\u00f1ana.<\/p>\r\n<\/div>\r\n<div class=\"row row-margin-25\">\r\n<div class=\"col-12\"><img decoding=\"async\" src=\"\/wp-content\/uploads\/2019\/09\/4_RW_Conveyor_PremiereCitrus_CaseStudy_Wide.jpg\" alt=\"estudio de caso premier 4\" height=\"444\">   <button class=\"bblue bcenter\"><a class=\"white\" href=\"\/wp-content\/uploads\/2022\/11\/richards-wilcox-conveyor_casestudy_casestudies_premiercitruspackers_spanish.pdf\" target=\"_blank\" rel=\"noopener noreferrer\">Descargar estudio de caso<\/a><\/button><\/div>\r\n<\/div>\r\n<\/div>","protected":false},"excerpt":{"rendered":"En la temporada alta de cosecha, de octubre a abril, se manipulan la friolera de 2 millones de cajas de fruta en las instalaciones de envasado de la empresa en Vero Beach (Florida). Es m\u00e1s que cualquier otro productor de c\u00edtricos del estado y una de las mayores operaciones del mundo. Envasadas bajo la marca [&hellip;]","protected":false},"author":13,"featured_media":0,"parent":3821,"menu_order":0,"comment_status":"closed","ping_status":"closed","template":"interior-case-study.php","meta":{"_acf_changed":false,"footnotes":""},"class_list":["post-3847","page","type-page","status-publish","hentry"],"acf":[],"yoast_head":"<!-- This site is optimized with the Yoast SEO plugin v24.7 - https:\/\/yoast.com\/wordpress\/plugins\/seo\/ -->\n<title>Caso pr\u00e1ctico - Premier Citrus Packers - Richards-Wilcox Conveyor<\/title>\n<meta name=\"description\" content=\"Premier Citrus Packers no puede permitirse un tiempo de inactividad. Tampoco puede hacerlo el mercado global que depende de ellos. As\u00ed que depend\u00edan de Richards-Wilcox Conveyor.\" \/>\n<meta name=\"robots\" content=\"index, follow, max-snippet:-1, max-image-preview:large, max-video-preview:-1\" \/>\n<link rel=\"canonical\" href=\"https:\/\/rwconveyor.com\/es\/recursos\/estudios-de-caso\/caso-practico-premier-citrus-packers\/\" \/>\n<meta property=\"og:locale\" content=\"es_ES\" \/>\n<meta property=\"og:type\" content=\"article\" \/>\n<meta property=\"og:title\" content=\"Premier Citrus Packers\" \/>\n<meta property=\"og:description\" content=\"El mercado depende de ellos. Dependen de nosotros.\" \/>\n<meta property=\"og:url\" content=\"https:\/\/rwconveyor.com\/es\/recursos\/estudios-de-caso\/caso-practico-premier-citrus-packers\/\" \/>\n<meta property=\"og:site_name\" content=\"Richards-Wilcox Conveyor\" \/>\n<meta property=\"article:modified_time\" content=\"2022-11-11T16:57:18+00:00\" \/>\n<meta property=\"og:image\" content=\"https:\/\/rwconveyor.com\/wp-content\/uploads\/2019\/10\/RWConveyor_Premier_Citrus_LinkedIn.jpg\" \/>\n<meta name=\"twitter:label1\" content=\"Tiempo de lectura\" \/>\n\t<meta name=\"twitter:data1\" content=\"3 minutos\" \/>\n<script type=\"application\/ld+json\" class=\"yoast-schema-graph\">{\"@context\":\"https:\/\/schema.org\",\"@graph\":[{\"@type\":\"WebPage\",\"@id\":\"https:\/\/rwconveyor.com\/es\/recursos\/estudios-de-caso\/caso-practico-premier-citrus-packers\/\",\"url\":\"https:\/\/rwconveyor.com\/es\/recursos\/estudios-de-caso\/caso-practico-premier-citrus-packers\/\",\"name\":\"Caso pr\u00e1ctico - Premier Citrus Packers - Richards-Wilcox Conveyor\",\"isPartOf\":{\"@id\":\"https:\/\/rwconveyor.com\/es\/#website\"},\"datePublished\":\"2019-09-24T18:16:59+00:00\",\"dateModified\":\"2022-11-11T16:57:18+00:00\",\"description\":\"Premier Citrus Packers no puede permitirse un tiempo de inactividad. Tampoco puede hacerlo el mercado global que depende de ellos. As\u00ed que depend\u00edan de Richards-Wilcox Conveyor.\",\"breadcrumb\":{\"@id\":\"https:\/\/rwconveyor.com\/es\/recursos\/estudios-de-caso\/caso-practico-premier-citrus-packers\/#breadcrumb\"},\"inLanguage\":\"es\",\"potentialAction\":[{\"@type\":\"ReadAction\",\"target\":[\"https:\/\/rwconveyor.com\/es\/recursos\/estudios-de-caso\/caso-practico-premier-citrus-packers\/\"]}]},{\"@type\":\"BreadcrumbList\",\"@id\":\"https:\/\/rwconveyor.com\/es\/recursos\/estudios-de-caso\/caso-practico-premier-citrus-packers\/#breadcrumb\",\"itemListElement\":[{\"@type\":\"ListItem\",\"position\":1,\"name\":\"Home\",\"item\":\"https:\/\/rwconveyor.com\/es\/inicio\/\"},{\"@type\":\"ListItem\",\"position\":2,\"name\":\"Recursos\",\"item\":\"https:\/\/rwconveyor.com\/es\/recursos\/\"},{\"@type\":\"ListItem\",\"position\":3,\"name\":\"Estudios de caso\",\"item\":\"https:\/\/rwconveyor.com\/es\/recursos\/estudios-de-caso\/\"},{\"@type\":\"ListItem\",\"position\":4,\"name\":\"Caso pr\u00e1ctico &#8211; Premier Citrus Packers\"}]},{\"@type\":\"WebSite\",\"@id\":\"https:\/\/rwconveyor.com\/es\/#website\",\"url\":\"https:\/\/rwconveyor.com\/es\/\",\"name\":\"Richards-Wilcox Conveyor\",\"description\":\"Transportadores a\u00e9reos, transportadores el\u00e9ctricos y libres\\n\",\"publisher\":{\"@id\":\"https:\/\/rwconveyor.com\/es\/#organization\"},\"potentialAction\":[{\"@type\":\"SearchAction\",\"target\":{\"@type\":\"EntryPoint\",\"urlTemplate\":\"https:\/\/rwconveyor.com\/es\/?s={search_term_string}\"},\"query-input\":{\"@type\":\"PropertyValueSpecification\",\"valueRequired\":true,\"valueName\":\"search_term_string\"}}],\"inLanguage\":\"es\"},{\"@type\":\"Organization\",\"@id\":\"https:\/\/rwconveyor.com\/es\/#organization\",\"name\":\"Richards-Wilcox Conveyor\",\"url\":\"https:\/\/rwconveyor.com\/es\/\",\"logo\":{\"@type\":\"ImageObject\",\"inLanguage\":\"es\",\"@id\":\"https:\/\/rwconveyor.com\/es\/#\/schema\/logo\/image\/\",\"url\":\"https:\/\/rwconveyor.com\/wp-content\/uploads\/2020\/05\/RW_Conveyor_Horizontal_NoTag_4C.png\",\"contentUrl\":\"https:\/\/rwconveyor.com\/wp-content\/uploads\/2020\/05\/RW_Conveyor_Horizontal_NoTag_4C.png\",\"width\":512,\"height\":512,\"caption\":\"Richards-Wilcox Conveyor\"},\"image\":{\"@id\":\"https:\/\/rwconveyor.com\/es\/#\/schema\/logo\/image\/\"}}]}<\/script>\n<!-- \/ Yoast SEO plugin. -->","yoast_head_json":{"title":"Caso pr\u00e1ctico - Premier Citrus Packers - Richards-Wilcox Conveyor","description":"Premier Citrus Packers no puede permitirse un tiempo de inactividad. Tampoco puede hacerlo el mercado global que depende de ellos. As\u00ed que depend\u00edan de Richards-Wilcox Conveyor.","robots":{"index":"index","follow":"follow","max-snippet":"max-snippet:-1","max-image-preview":"max-image-preview:large","max-video-preview":"max-video-preview:-1"},"canonical":"https:\/\/rwconveyor.com\/es\/recursos\/estudios-de-caso\/caso-practico-premier-citrus-packers\/","og_locale":"es_ES","og_type":"article","og_title":"Premier Citrus Packers","og_description":"El mercado depende de ellos. Dependen de nosotros.","og_url":"https:\/\/rwconveyor.com\/es\/recursos\/estudios-de-caso\/caso-practico-premier-citrus-packers\/","og_site_name":"Richards-Wilcox Conveyor","article_modified_time":"2022-11-11T16:57:18+00:00","og_image":[{"url":"https:\/\/rwconveyor.com\/wp-content\/uploads\/2019\/10\/RWConveyor_Premier_Citrus_LinkedIn.jpg","type":"","width":"","height":""}],"twitter_misc":{"Tiempo de lectura":"3 minutos"},"schema":{"@context":"https:\/\/schema.org","@graph":[{"@type":"WebPage","@id":"https:\/\/rwconveyor.com\/es\/recursos\/estudios-de-caso\/caso-practico-premier-citrus-packers\/","url":"https:\/\/rwconveyor.com\/es\/recursos\/estudios-de-caso\/caso-practico-premier-citrus-packers\/","name":"Caso pr\u00e1ctico - Premier Citrus Packers - Richards-Wilcox Conveyor","isPartOf":{"@id":"https:\/\/rwconveyor.com\/es\/#website"},"datePublished":"2019-09-24T18:16:59+00:00","dateModified":"2022-11-11T16:57:18+00:00","description":"Premier Citrus Packers no puede permitirse un tiempo de inactividad. Tampoco puede hacerlo el mercado global que depende de ellos. As\u00ed que depend\u00edan de Richards-Wilcox Conveyor.","breadcrumb":{"@id":"https:\/\/rwconveyor.com\/es\/recursos\/estudios-de-caso\/caso-practico-premier-citrus-packers\/#breadcrumb"},"inLanguage":"es","potentialAction":[{"@type":"ReadAction","target":["https:\/\/rwconveyor.com\/es\/recursos\/estudios-de-caso\/caso-practico-premier-citrus-packers\/"]}]},{"@type":"BreadcrumbList","@id":"https:\/\/rwconveyor.com\/es\/recursos\/estudios-de-caso\/caso-practico-premier-citrus-packers\/#breadcrumb","itemListElement":[{"@type":"ListItem","position":1,"name":"Home","item":"https:\/\/rwconveyor.com\/es\/inicio\/"},{"@type":"ListItem","position":2,"name":"Recursos","item":"https:\/\/rwconveyor.com\/es\/recursos\/"},{"@type":"ListItem","position":3,"name":"Estudios de caso","item":"https:\/\/rwconveyor.com\/es\/recursos\/estudios-de-caso\/"},{"@type":"ListItem","position":4,"name":"Caso pr\u00e1ctico &#8211; Premier Citrus Packers"}]},{"@type":"WebSite","@id":"https:\/\/rwconveyor.com\/es\/#website","url":"https:\/\/rwconveyor.com\/es\/","name":"Richards-Wilcox Conveyor","description":"Transportadores a\u00e9reos, transportadores el\u00e9ctricos y libres\n","publisher":{"@id":"https:\/\/rwconveyor.com\/es\/#organization"},"potentialAction":[{"@type":"SearchAction","target":{"@type":"EntryPoint","urlTemplate":"https:\/\/rwconveyor.com\/es\/?s={search_term_string}"},"query-input":{"@type":"PropertyValueSpecification","valueRequired":true,"valueName":"search_term_string"}}],"inLanguage":"es"},{"@type":"Organization","@id":"https:\/\/rwconveyor.com\/es\/#organization","name":"Richards-Wilcox Conveyor","url":"https:\/\/rwconveyor.com\/es\/","logo":{"@type":"ImageObject","inLanguage":"es","@id":"https:\/\/rwconveyor.com\/es\/#\/schema\/logo\/image\/","url":"https:\/\/rwconveyor.com\/wp-content\/uploads\/2020\/05\/RW_Conveyor_Horizontal_NoTag_4C.png","contentUrl":"https:\/\/rwconveyor.com\/wp-content\/uploads\/2020\/05\/RW_Conveyor_Horizontal_NoTag_4C.png","width":512,"height":512,"caption":"Richards-Wilcox Conveyor"},"image":{"@id":"https:\/\/rwconveyor.com\/es\/#\/schema\/logo\/image\/"}}]}},"_links":{"self":[{"href":"https:\/\/rwconveyor.com\/es\/wp-json\/wp\/v2\/pages\/3847","targetHints":{"allow":["GET"]}}],"collection":[{"href":"https:\/\/rwconveyor.com\/es\/wp-json\/wp\/v2\/pages"}],"about":[{"href":"https:\/\/rwconveyor.com\/es\/wp-json\/wp\/v2\/types\/page"}],"author":[{"embeddable":true,"href":"https:\/\/rwconveyor.com\/es\/wp-json\/wp\/v2\/users\/13"}],"replies":[{"embeddable":true,"href":"https:\/\/rwconveyor.com\/es\/wp-json\/wp\/v2\/comments?post=3847"}],"version-history":[{"count":2,"href":"https:\/\/rwconveyor.com\/es\/wp-json\/wp\/v2\/pages\/3847\/revisions"}],"predecessor-version":[{"id":4171,"href":"https:\/\/rwconveyor.com\/es\/wp-json\/wp\/v2\/pages\/3847\/revisions\/4171"}],"up":[{"embeddable":true,"href":"https:\/\/rwconveyor.com\/es\/wp-json\/wp\/v2\/pages\/3821"}],"wp:attachment":[{"href":"https:\/\/rwconveyor.com\/es\/wp-json\/wp\/v2\/media?parent=3847"}],"curies":[{"name":"wp","href":"https:\/\/api.w.org\/{rel}","templated":true}]}}