{"id":3849,"date":"2021-02-09T15:59:00","date_gmt":"2021-02-09T21:59:00","guid":{"rendered":"https:\/\/rwconveyor.com\/rotacion-del-transportador\/"},"modified":"2024-01-18T14:52:21","modified_gmt":"2024-01-18T20:52:21","slug":"rotacion-del-transportador","status":"publish","type":"page","link":"https:\/\/rwconveyor.com\/es\/rotacion-del-transportador\/","title":{"rendered":"Rotaci\u00f3n del transportador"},"content":{"rendered":"<p><video autoplay=\"autoplay\" loop=\"loop\" controls=\"controls\" muted=\"\" width=\"446\" height=\"446\"> <source src=\"https:\/\/rwconveyor.com\/wp-content\/uploads\/2024\/01\/RWC_Robotics_Video2_2024.mp4\" type=\"video\/mp4\"><\/source><\/video> <video autoplay=\"autoplay\" loop=\"loop\" controls=\"controls\" muted=\"\" width=\"446\" height=\"446\"> <source src=\"https:\/\/rwconveyor.com\/wp-content\/uploads\/2024\/01\/RWC_Robotics_Video3_2024.mp4\" type=\"video\/mp4\"><\/source><\/video><\/p>\n<p>&nbsp;<\/p>\n<h3 style=\"text-align: center;\">ADAPTABILIDAD<\/h3>\n<p style=\"text-align: center;\"><span style=\"color: #1f2b5b;\"><strong>La rotaci\u00f3n puede revitalizar o revolucionar su dise\u00f1o.<\/strong><\/span>  Un colgante giratorio puede aliviar  <br>\nconsideraciones de espacio: con el movimiento de 180 grados, los trabajadores y\/o los robots s\u00f3lo tienen que estar en  <br>\nun lado de la pista para una mayor eficiencia ergon\u00f3mica y un mejor uso de su planta.<\/p>\n<p style=\"text-align: center;\">La rotaci\u00f3n puede utilizarse a velocidades variables, desde 0,3 pies por minuto (fpm) hasta 60-90 fpm.  <br>\nSi la cinta funciona r\u00e1pidamente, podemos girar a un ritmo lento para estabilizar las piezas &#8211;  <br>\no, podemos girar r\u00e1pidamente en un corto espacio de tiempo.<\/p>\n<h3 style=\"text-align: center;\">ASEQUIBILIDAD<\/h3>\n<p style=\"text-align: center;\"><span style=\"color: #1f2b5b;\">\n  <strong>Destacamos en la construcci\u00f3n de soluciones complejas y sofisticadas,<\/strong>\n<\/span> pero a veces la mejor m\u00e1quina  <br>\nes la que tiene menos piezas. Con la rotaci\u00f3n, podemos eliminar los controles innecesarios,  <br>\nmotores, limitadores y electr\u00f3nica adicional para soluciones exclusivamente mec\u00e1nicas que s\u00f3lo utilizan aire.<\/p>\n<p style=\"text-align: center;\">Adem\u00e1s, la rotaci\u00f3n puede liberar costes de equipo y de mano de obra: elimina la necesidad de  <br>\ndos robots a cada lado de la cinta transportadora, y libera a los trabajadores para que realicen acciones m\u00e1s valiosas.<\/p>\n<p>&nbsp;<\/p>\n<p><video autoplay=\"autoplay\" loop=\"loop\" controls=\"controls\" width=\"446\" height=\"446\"> <source src=\"\/wp-content\/uploads\/2021\/02\/RWC_Robotics_Video2_No_Sound.mp4\" type=\"video\/mp4\"><\/source><\/video> <video autoplay=\"autoplay\" loop=\"loop\" controls=\"controls\" width=\"446\" height=\"446\"> <source src=\"\/wp-content\/uploads\/2021\/02\/RWC_Robotics_Video3_NoSound.mp4\" type=\"video\/mp4\"><\/source><\/video><\/p>\n<p>&nbsp;<\/p>\n<h3 style=\"text-align: center;\">VERSATILIDAD<\/h3>\n<p style=\"text-align: center;\">Mientras que estas soluciones se utilizan a menudo en la industria del autom\u00f3vil &#8211; una peque\u00f1a c\u00e9lula de pulverizaci\u00f3n gira para que un  <br>\nun solo robot puede pintar todos los lados, antes de enviar a la condensaci\u00f3n de soplado y secado &#8211; la rotaci\u00f3n puede  <br>\nen cualquier sistema. Por ejemplo, la industria de puertas y ventanas utiliza la rotaci\u00f3n para el acabado  <br>\naplicaciones, y desarrollamos una rotaci\u00f3n autom\u00e1tica del contenedor para permitir a los operarios un acceso ergon\u00f3mico para la carga y descarga.<\/p>\n<h3 style=\"text-align: center;\">Cada soluci\u00f3n es completamente personalizable a su situaci\u00f3n, y cada uno de nuestros sistemas puede ser f\u00e1cilmente adaptado para la rotaci\u00f3n y la indexaci\u00f3n:<\/h3>\n<p style=\"text-align: center;\"><span style=\"color: #1f2b5b;\"><strong>Con los transportadores de cadena ZigZag, varios estilos de colgantes de rotaci\u00f3n permiten el giro libre,  <br>\nindexaci\u00f3n de 90 grados, o un rotador motorizado que se acopla a un punto de activaci\u00f3n.<\/strong><\/span><\/p>\n<p style=\"text-align: center;\"><br>\n<span style=\"color: #1f2b5b;\"><strong>Con TwinTrak y OveRWay, utilizamos el giro libre y la rotaci\u00f3n del \u00edndice sobre la marcha.<\/strong><\/span><\/p>\n<p style=\"text-align: center;\"><br>\n<span style=\"color: #1f2b5b;\"><strong>Con los transportadores de suelo invertido como MonoCart, creamos un sistema que bloquea la  <br>\nparte rotativa del portador en su lugar, luego gira en la estaci\u00f3n correcta.<\/strong><\/span><\/p>\n<p>&nbsp;<\/p>\n<p><img loading=\"lazy\" decoding=\"async\" width=\"923\" height=\"445\" class=\"aligncenter size-full wp-image-3292\" src=\"\/wp-content\/uploads\/2021\/02\/RWC_Robotics_Image4.jpg\" alt=\"rotaci\u00f3n del transportador\" srcset=\"https:\/\/rwconveyor.com\/wp-content\/uploads\/2021\/02\/RWC_Robotics_Image4.jpg 923w, https:\/\/rwconveyor.com\/wp-content\/uploads\/2021\/02\/RWC_Robotics_Image4-600x289.jpg 600w, https:\/\/rwconveyor.com\/wp-content\/uploads\/2021\/02\/RWC_Robotics_Image4-300x145.jpg 300w, https:\/\/rwconveyor.com\/wp-content\/uploads\/2021\/02\/RWC_Robotics_Image4-768x370.jpg 768w\" sizes=\"auto, (max-width: 923px) 100vw, 923px\" \/><\/p>\n<p>&nbsp;<\/p>\n<div class=\"row row-margin-25 blue-back inset-25-50\">\n<div class=\"col-12\">\n<h4 class=\"white\" style=\"text-align: center;\">Contamos con m\u00e1s de 30 a\u00f1os de experiencia en rotaci\u00f3n. \u00bfCree que podr\u00eda utilizarlo en su centro?  <a href=\"https:\/\/rwconveyor.com\/contact-us\/\" target=\"_blank\" rel=\"noopener noreferrer\"><span style=\"color: #b3a368;\">Volvamos al c\u00edrculo.<\/span><\/a><\/h4>\n<\/div>\n<\/div>\n<p><button class=\"bblue bcenter\"><a class=\"white\" href=\"https:\/\/rwconveyor.com\/contact-us\/\">Contacto<\/a><\/button><\/p>","protected":false},"excerpt":{"rendered":"&nbsp; ADAPTABILIDAD La rotaci\u00f3n puede revitalizar o revolucionar su dise\u00f1o. Un colgante giratorio puede aliviar consideraciones de espacio: con el movimiento de 180 grados, los trabajadores y\/o los robots s\u00f3lo tienen que estar en un lado de la pista para una mayor eficiencia ergon\u00f3mica y un mejor uso de su planta. La rotaci\u00f3n puede utilizarse [&hellip;]","protected":false},"author":15,"featured_media":3764,"parent":0,"menu_order":0,"comment_status":"closed","ping_status":"closed","template":"interior-page.php","meta":{"_acf_changed":false,"footnotes":""},"class_list":["post-3849","page","type-page","status-publish","has-post-thumbnail","hentry"],"acf":[],"yoast_head":"<!-- This site is optimized with the Yoast SEO plugin v24.7 - https:\/\/yoast.com\/wordpress\/plugins\/seo\/ -->\n<title>Rotaci\u00f3n del transportador - Richards-Wilcox Conveyor<\/title>\n<meta name=\"description\" content=\"La rotaci\u00f3n de la cinta transportadora (la capacidad de indexar una pieza 180 grados en un eje giratorio) es una forma rentable de reorientar las piezas, agilizar la producci\u00f3n y aumentar el ahorro.\" \/>\n<meta name=\"robots\" content=\"index, follow, max-snippet:-1, max-image-preview:large, max-video-preview:-1\" \/>\n<link rel=\"canonical\" href=\"https:\/\/rwconveyor.com\/es\/rotacion-del-transportador\/\" \/>\n<meta property=\"og:locale\" content=\"es_ES\" \/>\n<meta property=\"og:type\" content=\"article\" \/>\n<meta property=\"og:title\" content=\"Integraci\u00f3n de la rob\u00f3tica\" \/>\n<meta property=\"og:description\" content=\"M\u00e1s informaci\u00f3n.\" \/>\n<meta property=\"og:url\" content=\"https:\/\/rwconveyor.com\/es\/rotacion-del-transportador\/\" \/>\n<meta property=\"og:site_name\" content=\"Richards-Wilcox Conveyor\" \/>\n<meta property=\"article:modified_time\" content=\"2024-01-18T20:52:21+00:00\" \/>\n<meta property=\"og:image\" content=\"https:\/\/rwconveyor.com\/wp-content\/uploads\/2021\/01\/RWC_Robotics_SM.jpg\" \/>\n<meta name=\"twitter:label1\" content=\"Tiempo de lectura\" \/>\n\t<meta name=\"twitter:data1\" content=\"2 minutos\" \/>\n<script type=\"application\/ld+json\" class=\"yoast-schema-graph\">{\"@context\":\"https:\/\/schema.org\",\"@graph\":[{\"@type\":\"WebPage\",\"@id\":\"https:\/\/rwconveyor.com\/es\/rotacion-del-transportador\/\",\"url\":\"https:\/\/rwconveyor.com\/es\/rotacion-del-transportador\/\",\"name\":\"Rotaci\u00f3n del transportador - Richards-Wilcox Conveyor\",\"isPartOf\":{\"@id\":\"https:\/\/rwconveyor.com\/es\/#website\"},\"primaryImageOfPage\":{\"@id\":\"https:\/\/rwconveyor.com\/es\/rotacion-del-transportador\/#primaryimage\"},\"image\":{\"@id\":\"https:\/\/rwconveyor.com\/es\/rotacion-del-transportador\/#primaryimage\"},\"thumbnailUrl\":\"https:\/\/rwconveyor.com\/wp-content\/uploads\/2021\/02\/RWC_Robotics_Image4-1.jpg\",\"datePublished\":\"2021-02-09T21:59:00+00:00\",\"dateModified\":\"2024-01-18T20:52:21+00:00\",\"description\":\"La rotaci\u00f3n de la cinta transportadora (la capacidad de indexar una pieza 180 grados en un eje giratorio) es una forma rentable de reorientar las piezas, agilizar la producci\u00f3n y aumentar el ahorro.\",\"breadcrumb\":{\"@id\":\"https:\/\/rwconveyor.com\/es\/rotacion-del-transportador\/#breadcrumb\"},\"inLanguage\":\"es\",\"potentialAction\":[{\"@type\":\"ReadAction\",\"target\":[\"https:\/\/rwconveyor.com\/es\/rotacion-del-transportador\/\"]}]},{\"@type\":\"ImageObject\",\"inLanguage\":\"es\",\"@id\":\"https:\/\/rwconveyor.com\/es\/rotacion-del-transportador\/#primaryimage\",\"url\":\"https:\/\/rwconveyor.com\/wp-content\/uploads\/2021\/02\/RWC_Robotics_Image4-1.jpg\",\"contentUrl\":\"https:\/\/rwconveyor.com\/wp-content\/uploads\/2021\/02\/RWC_Robotics_Image4-1.jpg\",\"width\":923,\"height\":445},{\"@type\":\"BreadcrumbList\",\"@id\":\"https:\/\/rwconveyor.com\/es\/rotacion-del-transportador\/#breadcrumb\",\"itemListElement\":[{\"@type\":\"ListItem\",\"position\":1,\"name\":\"Home\",\"item\":\"https:\/\/rwconveyor.com\/es\/inicio\/\"},{\"@type\":\"ListItem\",\"position\":2,\"name\":\"Rotaci\u00f3n del transportador\"}]},{\"@type\":\"WebSite\",\"@id\":\"https:\/\/rwconveyor.com\/es\/#website\",\"url\":\"https:\/\/rwconveyor.com\/es\/\",\"name\":\"Richards-Wilcox Conveyor\",\"description\":\"Transportadores a\u00e9reos, transportadores el\u00e9ctricos y libres\\n\",\"publisher\":{\"@id\":\"https:\/\/rwconveyor.com\/es\/#organization\"},\"potentialAction\":[{\"@type\":\"SearchAction\",\"target\":{\"@type\":\"EntryPoint\",\"urlTemplate\":\"https:\/\/rwconveyor.com\/es\/?s={search_term_string}\"},\"query-input\":{\"@type\":\"PropertyValueSpecification\",\"valueRequired\":true,\"valueName\":\"search_term_string\"}}],\"inLanguage\":\"es\"},{\"@type\":\"Organization\",\"@id\":\"https:\/\/rwconveyor.com\/es\/#organization\",\"name\":\"Richards-Wilcox Conveyor\",\"url\":\"https:\/\/rwconveyor.com\/es\/\",\"logo\":{\"@type\":\"ImageObject\",\"inLanguage\":\"es\",\"@id\":\"https:\/\/rwconveyor.com\/es\/#\/schema\/logo\/image\/\",\"url\":\"https:\/\/rwconveyor.com\/wp-content\/uploads\/2020\/05\/RW_Conveyor_Horizontal_NoTag_4C.png\",\"contentUrl\":\"https:\/\/rwconveyor.com\/wp-content\/uploads\/2020\/05\/RW_Conveyor_Horizontal_NoTag_4C.png\",\"width\":512,\"height\":512,\"caption\":\"Richards-Wilcox Conveyor\"},\"image\":{\"@id\":\"https:\/\/rwconveyor.com\/es\/#\/schema\/logo\/image\/\"}}]}<\/script>\n<!-- \/ Yoast SEO plugin. -->","yoast_head_json":{"title":"Rotaci\u00f3n del transportador - Richards-Wilcox Conveyor","description":"La rotaci\u00f3n de la cinta transportadora (la capacidad de indexar una pieza 180 grados en un eje giratorio) es una forma rentable de reorientar las piezas, agilizar la producci\u00f3n y aumentar el ahorro.","robots":{"index":"index","follow":"follow","max-snippet":"max-snippet:-1","max-image-preview":"max-image-preview:large","max-video-preview":"max-video-preview:-1"},"canonical":"https:\/\/rwconveyor.com\/es\/rotacion-del-transportador\/","og_locale":"es_ES","og_type":"article","og_title":"Integraci\u00f3n de la rob\u00f3tica","og_description":"M\u00e1s informaci\u00f3n.","og_url":"https:\/\/rwconveyor.com\/es\/rotacion-del-transportador\/","og_site_name":"Richards-Wilcox Conveyor","article_modified_time":"2024-01-18T20:52:21+00:00","og_image":[{"url":"https:\/\/rwconveyor.com\/wp-content\/uploads\/2021\/01\/RWC_Robotics_SM.jpg","type":"","width":"","height":""}],"twitter_misc":{"Tiempo de lectura":"2 minutos"},"schema":{"@context":"https:\/\/schema.org","@graph":[{"@type":"WebPage","@id":"https:\/\/rwconveyor.com\/es\/rotacion-del-transportador\/","url":"https:\/\/rwconveyor.com\/es\/rotacion-del-transportador\/","name":"Rotaci\u00f3n del transportador - Richards-Wilcox Conveyor","isPartOf":{"@id":"https:\/\/rwconveyor.com\/es\/#website"},"primaryImageOfPage":{"@id":"https:\/\/rwconveyor.com\/es\/rotacion-del-transportador\/#primaryimage"},"image":{"@id":"https:\/\/rwconveyor.com\/es\/rotacion-del-transportador\/#primaryimage"},"thumbnailUrl":"https:\/\/rwconveyor.com\/wp-content\/uploads\/2021\/02\/RWC_Robotics_Image4-1.jpg","datePublished":"2021-02-09T21:59:00+00:00","dateModified":"2024-01-18T20:52:21+00:00","description":"La rotaci\u00f3n de la cinta transportadora (la capacidad de indexar una pieza 180 grados en un eje giratorio) es una forma rentable de reorientar las piezas, agilizar la producci\u00f3n y aumentar el ahorro.","breadcrumb":{"@id":"https:\/\/rwconveyor.com\/es\/rotacion-del-transportador\/#breadcrumb"},"inLanguage":"es","potentialAction":[{"@type":"ReadAction","target":["https:\/\/rwconveyor.com\/es\/rotacion-del-transportador\/"]}]},{"@type":"ImageObject","inLanguage":"es","@id":"https:\/\/rwconveyor.com\/es\/rotacion-del-transportador\/#primaryimage","url":"https:\/\/rwconveyor.com\/wp-content\/uploads\/2021\/02\/RWC_Robotics_Image4-1.jpg","contentUrl":"https:\/\/rwconveyor.com\/wp-content\/uploads\/2021\/02\/RWC_Robotics_Image4-1.jpg","width":923,"height":445},{"@type":"BreadcrumbList","@id":"https:\/\/rwconveyor.com\/es\/rotacion-del-transportador\/#breadcrumb","itemListElement":[{"@type":"ListItem","position":1,"name":"Home","item":"https:\/\/rwconveyor.com\/es\/inicio\/"},{"@type":"ListItem","position":2,"name":"Rotaci\u00f3n del transportador"}]},{"@type":"WebSite","@id":"https:\/\/rwconveyor.com\/es\/#website","url":"https:\/\/rwconveyor.com\/es\/","name":"Richards-Wilcox Conveyor","description":"Transportadores a\u00e9reos, transportadores el\u00e9ctricos y libres\n","publisher":{"@id":"https:\/\/rwconveyor.com\/es\/#organization"},"potentialAction":[{"@type":"SearchAction","target":{"@type":"EntryPoint","urlTemplate":"https:\/\/rwconveyor.com\/es\/?s={search_term_string}"},"query-input":{"@type":"PropertyValueSpecification","valueRequired":true,"valueName":"search_term_string"}}],"inLanguage":"es"},{"@type":"Organization","@id":"https:\/\/rwconveyor.com\/es\/#organization","name":"Richards-Wilcox Conveyor","url":"https:\/\/rwconveyor.com\/es\/","logo":{"@type":"ImageObject","inLanguage":"es","@id":"https:\/\/rwconveyor.com\/es\/#\/schema\/logo\/image\/","url":"https:\/\/rwconveyor.com\/wp-content\/uploads\/2020\/05\/RW_Conveyor_Horizontal_NoTag_4C.png","contentUrl":"https:\/\/rwconveyor.com\/wp-content\/uploads\/2020\/05\/RW_Conveyor_Horizontal_NoTag_4C.png","width":512,"height":512,"caption":"Richards-Wilcox Conveyor"},"image":{"@id":"https:\/\/rwconveyor.com\/es\/#\/schema\/logo\/image\/"}}]}},"_links":{"self":[{"href":"https:\/\/rwconveyor.com\/es\/wp-json\/wp\/v2\/pages\/3849","targetHints":{"allow":["GET"]}}],"collection":[{"href":"https:\/\/rwconveyor.com\/es\/wp-json\/wp\/v2\/pages"}],"about":[{"href":"https:\/\/rwconveyor.com\/es\/wp-json\/wp\/v2\/types\/page"}],"author":[{"embeddable":true,"href":"https:\/\/rwconveyor.com\/es\/wp-json\/wp\/v2\/users\/15"}],"replies":[{"embeddable":true,"href":"https:\/\/rwconveyor.com\/es\/wp-json\/wp\/v2\/comments?post=3849"}],"version-history":[{"count":3,"href":"https:\/\/rwconveyor.com\/es\/wp-json\/wp\/v2\/pages\/3849\/revisions"}],"predecessor-version":[{"id":5139,"href":"https:\/\/rwconveyor.com\/es\/wp-json\/wp\/v2\/pages\/3849\/revisions\/5139"}],"wp:featuredmedia":[{"embeddable":true,"href":"https:\/\/rwconveyor.com\/es\/wp-json\/wp\/v2\/media\/3764"}],"wp:attachment":[{"href":"https:\/\/rwconveyor.com\/es\/wp-json\/wp\/v2\/media?parent=3849"}],"curies":[{"name":"wp","href":"https:\/\/api.w.org\/{rel}","templated":true}]}}