{"id":3858,"date":"2019-09-24T13:27:06","date_gmt":"2019-09-24T18:27:06","guid":{"rendered":"https:\/\/rwconveyor.com\/recursos\/estudios-de-caso\/caso-practico-dematic-corporation\/"},"modified":"2022-11-11T11:19:35","modified_gmt":"2022-11-11T17:19:35","slug":"caso-practico-dematic-corporation","status":"publish","type":"page","link":"https:\/\/rwconveyor.com\/es\/recursos\/estudios-de-caso\/caso-practico-dematic-corporation\/","title":{"rendered":"Caso pr\u00e1ctico &#8211; Dematic Corporation"},"content":{"rendered":"<div class=\"row row-margin-25\">\r\n<div class=\"col-12\"><img loading=\"lazy\" decoding=\"async\" width=\"1024\" height=\"494\" class=\"aligncenter size-large wp-image-2823\" src=\"\/wp-content\/uploads\/2020\/01\/1_RW_Conveyor_Siemens_CaseStudy_Wide-1024x494.jpg\" alt=\"corporaci\u00f3n dematic\" srcset=\"https:\/\/rwconveyor.com\/wp-content\/uploads\/2020\/01\/1_RW_Conveyor_Siemens_CaseStudy_Wide-1024x494.jpg 1024w, https:\/\/rwconveyor.com\/wp-content\/uploads\/2020\/01\/1_RW_Conveyor_Siemens_CaseStudy_Wide-600x289.jpg 600w, https:\/\/rwconveyor.com\/wp-content\/uploads\/2020\/01\/1_RW_Conveyor_Siemens_CaseStudy_Wide-300x145.jpg 300w, https:\/\/rwconveyor.com\/wp-content\/uploads\/2020\/01\/1_RW_Conveyor_Siemens_CaseStudy_Wide-768x371.jpg 768w, https:\/\/rwconveyor.com\/wp-content\/uploads\/2020\/01\/1_RW_Conveyor_Siemens_CaseStudy_Wide.jpg 1140w\" sizes=\"auto, (max-width: 1024px) 100vw, 1024px\" \/><\/div>\r\n<\/div>\r\n<div class=\"row row-margin-25\">\r\n<div class=\"col-12\">\r\n<p>La operaci\u00f3n de Dematic Corporation en Fort Worth es la mayor planta de fabricaci\u00f3n de equipos de clasificaci\u00f3n postal del mundo. Sus productos afectan a todos. S\u00f3lo el Servicio Postal de EE.UU. entrega m\u00e1s de 500 millones de piezas de correo cada d\u00eda; cada vez que una carta llega a la direcci\u00f3n correcta, es porque, en alg\u00fan momento, una m\u00e1quina la clasific\u00f3. (Probablemente una m\u00e1quina de Dematic Corporation).<\/p>\r\n<p>Aunque las instalaciones de Fort Worth ya se encontraban entre las operaciones m\u00e1s productivas del mundo, <strong>carec\u00edan de eficiencia en varias \u00e1reas clave:<\/strong> costaban a Dematic Corporation tiempo, dinero y precisi\u00f3n. Tambi\u00e9n puso en riesgo la salud de algunos de los trabajadores.<\/p>\r\n<div class=\"row row-margin-25 collapse-fix\">\r\n<div class=\"col-12 col-sm-6\"><img loading=\"lazy\" decoding=\"async\" width=\"550\" height=\"550\" class=\"size-full wp-image-2820 alignnone\" src=\"\/wp-content\/uploads\/2020\/01\/7_RW_Conveyor_Siemens_CaseStudy_Square.jpg\" alt=\"transportador dematic\" srcset=\"https:\/\/rwconveyor.com\/wp-content\/uploads\/2020\/01\/7_RW_Conveyor_Siemens_CaseStudy_Square.jpg 550w, https:\/\/rwconveyor.com\/wp-content\/uploads\/2020\/01\/7_RW_Conveyor_Siemens_CaseStudy_Square-300x300.jpg 300w, https:\/\/rwconveyor.com\/wp-content\/uploads\/2020\/01\/7_RW_Conveyor_Siemens_CaseStudy_Square-100x100.jpg 100w, https:\/\/rwconveyor.com\/wp-content\/uploads\/2020\/01\/7_RW_Conveyor_Siemens_CaseStudy_Square-150x150.jpg 150w\" sizes=\"auto, (max-width: 550px) 100vw, 550px\" \/><\/div>\r\n<div class=\"col-12 col-sm-6\"><img loading=\"lazy\" decoding=\"async\" width=\"550\" height=\"550\" class=\"size-full wp-image-2821 alignnone\" src=\"\/wp-content\/uploads\/2020\/01\/8_RW_Conveyor_Siemens_CaseStudy_Square.jpg\" alt=\"toma de transportador dematic 2\" srcset=\"https:\/\/rwconveyor.com\/wp-content\/uploads\/2020\/01\/8_RW_Conveyor_Siemens_CaseStudy_Square.jpg 550w, https:\/\/rwconveyor.com\/wp-content\/uploads\/2020\/01\/8_RW_Conveyor_Siemens_CaseStudy_Square-300x300.jpg 300w, https:\/\/rwconveyor.com\/wp-content\/uploads\/2020\/01\/8_RW_Conveyor_Siemens_CaseStudy_Square-100x100.jpg 100w, https:\/\/rwconveyor.com\/wp-content\/uploads\/2020\/01\/8_RW_Conveyor_Siemens_CaseStudy_Square-150x150.jpg 150w\" sizes=\"auto, (max-width: 550px) 100vw, 550px\" \/><\/div>\r\n<\/div>\r\n<div class=\"row row-margin-25\">\r\n<div class=\"col-12\">\r\n<p><strong>Este es el n\u00facleo del problema: el funcionamiento del almac\u00e9n de Dematic Corporation requer\u00eda demasiada mano de obra.<\/strong>  Demasiadas cosas eran manuales. Los trabajadores recib\u00edan y almacenaban las piezas a mano. La preparaci\u00f3n de la producci\u00f3n se realizaba manualmente con un antiguo sistema de recogida de papel. Cuando llegaban los art\u00edculos, los empleados los cargaban en pesados contenedores, que pesaban hasta 80 libras, y los empujaban por el suelo de hormig\u00f3n. Empujar estas pesadas cargas era malo para la salud de los trabajadores y tambi\u00e9n para los contenedores, que se desgastaban r\u00e1pidamente.<\/p>\r\n<p>En conjunto, estos elementos obsoletos eran desastrosos para la productividad. Con un sistema de manipulaci\u00f3n de materiales tan ineficaz,<strong> la producci\u00f3n a menudo se quedaba sin piezas a la espera de la entrega de los kits.<\/strong> (Y los responsables de las instalaciones no odian nada m\u00e1s que las esperas).<\/p>\r\n<p>Para maximizar la productividad en Fort Worth, Dematic Corporation tuvo que revolucionar sus m\u00e9todos de recepci\u00f3n y env\u00edo de inventario.  <strong>Se asociaron con Richards-Wilcox Conveyor para encontrar una respuesta.  <\/strong><\/p>\r\n<\/div>\r\n<\/div>\r\n<div class=\"row row-margin-25\">\r\n<div class=\"col-12\"><img loading=\"lazy\" decoding=\"async\" width=\"1024\" height=\"494\" class=\"aligncenter size-large wp-image-2825\" src=\"\/wp-content\/uploads\/2020\/01\/4_RW_Conveyor_Siemens_CaseStudy_Wide-1024x494.jpg\" alt=\"transportador dematic completo\" srcset=\"https:\/\/rwconveyor.com\/wp-content\/uploads\/2020\/01\/4_RW_Conveyor_Siemens_CaseStudy_Wide-1024x494.jpg 1024w, https:\/\/rwconveyor.com\/wp-content\/uploads\/2020\/01\/4_RW_Conveyor_Siemens_CaseStudy_Wide-600x289.jpg 600w, https:\/\/rwconveyor.com\/wp-content\/uploads\/2020\/01\/4_RW_Conveyor_Siemens_CaseStudy_Wide-300x145.jpg 300w, https:\/\/rwconveyor.com\/wp-content\/uploads\/2020\/01\/4_RW_Conveyor_Siemens_CaseStudy_Wide-768x371.jpg 768w, https:\/\/rwconveyor.com\/wp-content\/uploads\/2020\/01\/4_RW_Conveyor_Siemens_CaseStudy_Wide.jpg 1140w\" sizes=\"auto, (max-width: 1024px) 100vw, 1024px\" \/><\/div>\r\n<\/div>\r\n<div class=\"row row-margin-25\">\r\n<div class=\"col-12\">\r\n<p>Nuestro equipo dise\u00f1\u00f3 una soluci\u00f3n totalmente personalizada que revis\u00f3 su funcionamiento actual. Trabajamos con otros proveedores para analizar las instalaciones de Fort Worth y dise\u00f1ar el nuevo sistema, que incluye carruseles horizontales, bah\u00edas de recogida, estanter\u00edas y un transportador de rodillos.<\/p>\r\n<\/div>\r\n<\/div>\r\n<div class=\"row row-margin-25 blue-back inset-25-50\">\r\n<div class=\"col-12\">\r\n<h3 class=\"gold\">Hoy en d\u00eda, un transportador a\u00e9reo Richards-Wilcox Zig-Zag\u00ae de 1.100 pies de largo es la columna vertebral de la operaci\u00f3n de Fort Worth, <span class=\"white\">conectando varios sistemas e integrando todos los dem\u00e1s equipos.<\/span><\/h3>\r\n<\/div>\r\n<\/div>\r\n<div class=\"row row-margin-25\">\r\n<div class=\"col-12\" style=\"text-align: center;\"><iframe loading=\"lazy\" src=\"https:\/\/player.vimeo.com\/video\/387049897\" width=\"640\" height=\"360\" frameborder=\"0\" allowfullscreen=\"allowfullscreen\"><\/iframe>\r\n<p>&nbsp;<\/p>\r\n<p>El transportador a\u00e9reo es ahora el principal dispositivo de entrega de todos los contenedores,<strong>  eliminando la necesidad de que los trabajadores arrastren objetos pesados por el suelo.<\/strong>  El sistema se integra perfectamente con el transportador de rodillos, poniendo en escena y depositando los contenedores en el carrusel horizontal y entregando los kits terminados a las estaciones de descarga en carriles desviados.  <strong>Aprovechando el espacio a\u00e9reo no utilizado,<\/strong> el monorra\u00edl Zig-Zag\u00ae realiza varios cambios de elevaci\u00f3n para despejar los equipos y la maquinaria, mientras funciona a una velocidad constante de 45 FPM.<\/p>\r\n<p><strong>El nuevo sistema est\u00e1 ampliamente automatizado.<\/strong>  Sin detener el funcionamiento del transportador a\u00e9reo, los contenedores se cargan autom\u00e1ticamente en el primer soporte vac\u00edo disponible en cuatro puntos de carga. A continuaci\u00f3n, se descargan autom\u00e1ticamente en el destino adecuado en funci\u00f3n de una identificaci\u00f3n introducida por Dematic Corporation.<\/p>\r\n<\/div>\r\n<\/div>\r\n<div class=\"row row-margin-25 collapse-fix\">\r\n<div class=\"col-12 col-sm-6\"><img loading=\"lazy\" decoding=\"async\" width=\"550\" height=\"550\" class=\"size-full wp-image-2827 alignnone\" src=\"\/wp-content\/uploads\/2020\/01\/5_RW_Conveyor_Siemens_CaseStudy_Square.jpg\" alt=\"transportador dematic close up\" srcset=\"https:\/\/rwconveyor.com\/wp-content\/uploads\/2020\/01\/5_RW_Conveyor_Siemens_CaseStudy_Square.jpg 550w, https:\/\/rwconveyor.com\/wp-content\/uploads\/2020\/01\/5_RW_Conveyor_Siemens_CaseStudy_Square-300x300.jpg 300w, https:\/\/rwconveyor.com\/wp-content\/uploads\/2020\/01\/5_RW_Conveyor_Siemens_CaseStudy_Square-100x100.jpg 100w, https:\/\/rwconveyor.com\/wp-content\/uploads\/2020\/01\/5_RW_Conveyor_Siemens_CaseStudy_Square-150x150.jpg 150w\" sizes=\"auto, (max-width: 550px) 100vw, 550px\" \/><\/div>\r\n<div class=\"col-12 col-sm-6\"><img loading=\"lazy\" decoding=\"async\" width=\"550\" height=\"550\" class=\"size-full wp-image-2828 alignnone\" src=\"\/wp-content\/uploads\/2020\/01\/6_RW_Conveyor_Siemens_CaseStudy_Square.jpg\" alt=\"primer plano de la cinta transportadora dematic\" srcset=\"https:\/\/rwconveyor.com\/wp-content\/uploads\/2020\/01\/6_RW_Conveyor_Siemens_CaseStudy_Square.jpg 550w, https:\/\/rwconveyor.com\/wp-content\/uploads\/2020\/01\/6_RW_Conveyor_Siemens_CaseStudy_Square-300x300.jpg 300w, https:\/\/rwconveyor.com\/wp-content\/uploads\/2020\/01\/6_RW_Conveyor_Siemens_CaseStudy_Square-100x100.jpg 100w, https:\/\/rwconveyor.com\/wp-content\/uploads\/2020\/01\/6_RW_Conveyor_Siemens_CaseStudy_Square-150x150.jpg 150w\" sizes=\"auto, (max-width: 550px) 100vw, 550px\" \/><\/div>\r\n<\/div>\r\n<div class=\"row row-margin-25\">\r\n<div class=\"col-12\">\r\n<p>Las estaciones de descarga retiran autom\u00e1ticamente el contenedor del transportador a\u00e9reo en movimiento. Una vez que el contenedor est\u00e1 libre del portador en el \u00e1rea del carrusel, una transferencia lo llevar\u00e1 al transportador de rodillos de acumulaci\u00f3n que conduce a la estaci\u00f3n de trabajo. En el caso de los desv\u00edos de kits, una secci\u00f3n corta de rodillos motorizados desplaza el contenedor activo a una secci\u00f3n de la cinta transportadora que se desplaza por gravedad. All\u00ed se acumulan los totes. Las estaciones de recogida tienen una transferencia, colocando el contenedor delante de un portador vac\u00edo en el transportador a\u00e9reo. Un tope mantiene la bolsa en su sitio mientras el transportista la recoge sobre la marcha.<\/p>\r\n<p>El contenedor completado se empuja hacia la cinta transportadora de recogida y se transporta a la estaci\u00f3n de recogida de la cinta transportadora superior. Cuando llega el primer transportista vac\u00edo, la estaci\u00f3n transfiere el contenedor para su recogida. A continuaci\u00f3n, el contenedor se transfiere autom\u00e1ticamente al sistema de transportadores a\u00e9reos y se entrega a las zonas de preparaci\u00f3n de kits, donde se trasladan para su transporte a las instalaciones de fabricaci\u00f3n.<\/p>\r\n<p>Aprovechando las tecnolog\u00edas automatizadas y aprovechando al m\u00e1ximo el espacio antes no utilizado, el nuevo sistema de Fort Worth es radicalmente m\u00e1s eficiente, y Dematic Corporation est\u00e1 viendo los resultados.<\/p>\r\n<p><strong>En la actualidad, el centro ahorra unas 12.480 horas de trabajo al a\u00f1o y experimenta un aumento del 80% en la productividad.<\/strong><\/p>\r\n<button class=\"bblue bcenter\"><a class=\"white\" href=\"\/wp-content\/uploads\/2022\/11\/casestudies_dematiccorporation_spanish_pdf.pdf\" target=\"_blank\" rel=\"noopener noreferrer\">Descargar estudio de caso<\/a><\/button><\/div>\r\n<\/div>\r\n<\/div>\r\n<\/div>\r\n<\/div>","protected":false},"excerpt":{"rendered":"La operaci\u00f3n de Dematic Corporation en Fort Worth es la mayor planta de fabricaci\u00f3n de equipos de clasificaci\u00f3n postal del mundo. Sus productos afectan a todos. S\u00f3lo el Servicio Postal de EE.UU. entrega m\u00e1s de 500 millones de piezas de correo cada d\u00eda; cada vez que una carta llega a la direcci\u00f3n correcta, es porque, [&hellip;]","protected":false},"author":13,"featured_media":0,"parent":3821,"menu_order":0,"comment_status":"closed","ping_status":"closed","template":"interior-case-study.php","meta":{"_acf_changed":false,"footnotes":""},"class_list":["post-3858","page","type-page","status-publish","hentry"],"acf":[],"yoast_head":"<!-- This site is optimized with the Yoast SEO plugin v24.7 - https:\/\/yoast.com\/wordpress\/plugins\/seo\/ -->\n<title>Caso pr\u00e1ctico - Dematic Corporation - Richards-Wilcox Conveyor<\/title>\n<meta name=\"description\" content=\"C\u00f3mo la automatizaci\u00f3n y un sistema de transporte Richards-Wilcox hicieron que esta instalaci\u00f3n de Dematic Corporation fuera un 80% m\u00e1s productiva.\" \/>\n<meta name=\"robots\" content=\"index, follow, max-snippet:-1, max-image-preview:large, max-video-preview:-1\" \/>\n<link rel=\"canonical\" href=\"https:\/\/rwconveyor.com\/es\/recursos\/estudios-de-caso\/caso-practico-dematic-corporation\/\" \/>\n<meta property=\"og:locale\" content=\"es_ES\" \/>\n<meta property=\"og:type\" content=\"article\" \/>\n<meta property=\"og:title\" content=\"Caso pr\u00e1ctico - Dematic Corporation - Richards-Wilcox Conveyor\" \/>\n<meta property=\"og:description\" content=\"C\u00f3mo la automatizaci\u00f3n y un sistema de transporte Richards-Wilcox hicieron que esta instalaci\u00f3n de Dematic Corporation fuera un 80% m\u00e1s productiva.\" \/>\n<meta property=\"og:url\" content=\"https:\/\/rwconveyor.com\/es\/recursos\/estudios-de-caso\/caso-practico-dematic-corporation\/\" \/>\n<meta property=\"og:site_name\" content=\"Richards-Wilcox Conveyor\" \/>\n<meta property=\"article:modified_time\" content=\"2022-11-11T17:19:35+00:00\" \/>\n<meta name=\"twitter:label1\" content=\"Tiempo de lectura\" \/>\n\t<meta name=\"twitter:data1\" content=\"5 minutos\" \/>\n<script type=\"application\/ld+json\" class=\"yoast-schema-graph\">{\"@context\":\"https:\/\/schema.org\",\"@graph\":[{\"@type\":\"WebPage\",\"@id\":\"https:\/\/rwconveyor.com\/es\/recursos\/estudios-de-caso\/caso-practico-dematic-corporation\/\",\"url\":\"https:\/\/rwconveyor.com\/es\/recursos\/estudios-de-caso\/caso-practico-dematic-corporation\/\",\"name\":\"Caso pr\u00e1ctico - Dematic Corporation - Richards-Wilcox Conveyor\",\"isPartOf\":{\"@id\":\"https:\/\/rwconveyor.com\/es\/#website\"},\"datePublished\":\"2019-09-24T18:27:06+00:00\",\"dateModified\":\"2022-11-11T17:19:35+00:00\",\"description\":\"C\u00f3mo la automatizaci\u00f3n y un sistema de transporte Richards-Wilcox hicieron que esta instalaci\u00f3n de Dematic Corporation fuera un 80% m\u00e1s productiva.\",\"breadcrumb\":{\"@id\":\"https:\/\/rwconveyor.com\/es\/recursos\/estudios-de-caso\/caso-practico-dematic-corporation\/#breadcrumb\"},\"inLanguage\":\"es\",\"potentialAction\":[{\"@type\":\"ReadAction\",\"target\":[\"https:\/\/rwconveyor.com\/es\/recursos\/estudios-de-caso\/caso-practico-dematic-corporation\/\"]}]},{\"@type\":\"BreadcrumbList\",\"@id\":\"https:\/\/rwconveyor.com\/es\/recursos\/estudios-de-caso\/caso-practico-dematic-corporation\/#breadcrumb\",\"itemListElement\":[{\"@type\":\"ListItem\",\"position\":1,\"name\":\"Home\",\"item\":\"https:\/\/rwconveyor.com\/es\/inicio\/\"},{\"@type\":\"ListItem\",\"position\":2,\"name\":\"Recursos\",\"item\":\"https:\/\/rwconveyor.com\/es\/recursos\/\"},{\"@type\":\"ListItem\",\"position\":3,\"name\":\"Estudios de caso\",\"item\":\"https:\/\/rwconveyor.com\/es\/recursos\/estudios-de-caso\/\"},{\"@type\":\"ListItem\",\"position\":4,\"name\":\"Caso pr\u00e1ctico &#8211; Dematic Corporation\"}]},{\"@type\":\"WebSite\",\"@id\":\"https:\/\/rwconveyor.com\/es\/#website\",\"url\":\"https:\/\/rwconveyor.com\/es\/\",\"name\":\"Richards-Wilcox Conveyor\",\"description\":\"Transportadores a\u00e9reos, transportadores el\u00e9ctricos y libres\\n\",\"publisher\":{\"@id\":\"https:\/\/rwconveyor.com\/es\/#organization\"},\"potentialAction\":[{\"@type\":\"SearchAction\",\"target\":{\"@type\":\"EntryPoint\",\"urlTemplate\":\"https:\/\/rwconveyor.com\/es\/?s={search_term_string}\"},\"query-input\":{\"@type\":\"PropertyValueSpecification\",\"valueRequired\":true,\"valueName\":\"search_term_string\"}}],\"inLanguage\":\"es\"},{\"@type\":\"Organization\",\"@id\":\"https:\/\/rwconveyor.com\/es\/#organization\",\"name\":\"Richards-Wilcox Conveyor\",\"url\":\"https:\/\/rwconveyor.com\/es\/\",\"logo\":{\"@type\":\"ImageObject\",\"inLanguage\":\"es\",\"@id\":\"https:\/\/rwconveyor.com\/es\/#\/schema\/logo\/image\/\",\"url\":\"https:\/\/rwconveyor.com\/wp-content\/uploads\/2020\/05\/RW_Conveyor_Horizontal_NoTag_4C.png\",\"contentUrl\":\"https:\/\/rwconveyor.com\/wp-content\/uploads\/2020\/05\/RW_Conveyor_Horizontal_NoTag_4C.png\",\"width\":512,\"height\":512,\"caption\":\"Richards-Wilcox Conveyor\"},\"image\":{\"@id\":\"https:\/\/rwconveyor.com\/es\/#\/schema\/logo\/image\/\"}}]}<\/script>\n<!-- \/ Yoast SEO plugin. -->","yoast_head_json":{"title":"Caso pr\u00e1ctico - Dematic Corporation - Richards-Wilcox Conveyor","description":"C\u00f3mo la automatizaci\u00f3n y un sistema de transporte Richards-Wilcox hicieron que esta instalaci\u00f3n de Dematic Corporation fuera un 80% m\u00e1s productiva.","robots":{"index":"index","follow":"follow","max-snippet":"max-snippet:-1","max-image-preview":"max-image-preview:large","max-video-preview":"max-video-preview:-1"},"canonical":"https:\/\/rwconveyor.com\/es\/recursos\/estudios-de-caso\/caso-practico-dematic-corporation\/","og_locale":"es_ES","og_type":"article","og_title":"Caso pr\u00e1ctico - Dematic Corporation - Richards-Wilcox Conveyor","og_description":"C\u00f3mo la automatizaci\u00f3n y un sistema de transporte Richards-Wilcox hicieron que esta instalaci\u00f3n de Dematic Corporation fuera un 80% m\u00e1s productiva.","og_url":"https:\/\/rwconveyor.com\/es\/recursos\/estudios-de-caso\/caso-practico-dematic-corporation\/","og_site_name":"Richards-Wilcox Conveyor","article_modified_time":"2022-11-11T17:19:35+00:00","twitter_misc":{"Tiempo de lectura":"5 minutos"},"schema":{"@context":"https:\/\/schema.org","@graph":[{"@type":"WebPage","@id":"https:\/\/rwconveyor.com\/es\/recursos\/estudios-de-caso\/caso-practico-dematic-corporation\/","url":"https:\/\/rwconveyor.com\/es\/recursos\/estudios-de-caso\/caso-practico-dematic-corporation\/","name":"Caso pr\u00e1ctico - Dematic Corporation - Richards-Wilcox Conveyor","isPartOf":{"@id":"https:\/\/rwconveyor.com\/es\/#website"},"datePublished":"2019-09-24T18:27:06+00:00","dateModified":"2022-11-11T17:19:35+00:00","description":"C\u00f3mo la automatizaci\u00f3n y un sistema de transporte Richards-Wilcox hicieron que esta instalaci\u00f3n de Dematic Corporation fuera un 80% m\u00e1s productiva.","breadcrumb":{"@id":"https:\/\/rwconveyor.com\/es\/recursos\/estudios-de-caso\/caso-practico-dematic-corporation\/#breadcrumb"},"inLanguage":"es","potentialAction":[{"@type":"ReadAction","target":["https:\/\/rwconveyor.com\/es\/recursos\/estudios-de-caso\/caso-practico-dematic-corporation\/"]}]},{"@type":"BreadcrumbList","@id":"https:\/\/rwconveyor.com\/es\/recursos\/estudios-de-caso\/caso-practico-dematic-corporation\/#breadcrumb","itemListElement":[{"@type":"ListItem","position":1,"name":"Home","item":"https:\/\/rwconveyor.com\/es\/inicio\/"},{"@type":"ListItem","position":2,"name":"Recursos","item":"https:\/\/rwconveyor.com\/es\/recursos\/"},{"@type":"ListItem","position":3,"name":"Estudios de caso","item":"https:\/\/rwconveyor.com\/es\/recursos\/estudios-de-caso\/"},{"@type":"ListItem","position":4,"name":"Caso pr\u00e1ctico &#8211; Dematic Corporation"}]},{"@type":"WebSite","@id":"https:\/\/rwconveyor.com\/es\/#website","url":"https:\/\/rwconveyor.com\/es\/","name":"Richards-Wilcox Conveyor","description":"Transportadores a\u00e9reos, transportadores el\u00e9ctricos y libres\n","publisher":{"@id":"https:\/\/rwconveyor.com\/es\/#organization"},"potentialAction":[{"@type":"SearchAction","target":{"@type":"EntryPoint","urlTemplate":"https:\/\/rwconveyor.com\/es\/?s={search_term_string}"},"query-input":{"@type":"PropertyValueSpecification","valueRequired":true,"valueName":"search_term_string"}}],"inLanguage":"es"},{"@type":"Organization","@id":"https:\/\/rwconveyor.com\/es\/#organization","name":"Richards-Wilcox Conveyor","url":"https:\/\/rwconveyor.com\/es\/","logo":{"@type":"ImageObject","inLanguage":"es","@id":"https:\/\/rwconveyor.com\/es\/#\/schema\/logo\/image\/","url":"https:\/\/rwconveyor.com\/wp-content\/uploads\/2020\/05\/RW_Conveyor_Horizontal_NoTag_4C.png","contentUrl":"https:\/\/rwconveyor.com\/wp-content\/uploads\/2020\/05\/RW_Conveyor_Horizontal_NoTag_4C.png","width":512,"height":512,"caption":"Richards-Wilcox Conveyor"},"image":{"@id":"https:\/\/rwconveyor.com\/es\/#\/schema\/logo\/image\/"}}]}},"_links":{"self":[{"href":"https:\/\/rwconveyor.com\/es\/wp-json\/wp\/v2\/pages\/3858","targetHints":{"allow":["GET"]}}],"collection":[{"href":"https:\/\/rwconveyor.com\/es\/wp-json\/wp\/v2\/pages"}],"about":[{"href":"https:\/\/rwconveyor.com\/es\/wp-json\/wp\/v2\/types\/page"}],"author":[{"embeddable":true,"href":"https:\/\/rwconveyor.com\/es\/wp-json\/wp\/v2\/users\/13"}],"replies":[{"embeddable":true,"href":"https:\/\/rwconveyor.com\/es\/wp-json\/wp\/v2\/comments?post=3858"}],"version-history":[{"count":2,"href":"https:\/\/rwconveyor.com\/es\/wp-json\/wp\/v2\/pages\/3858\/revisions"}],"predecessor-version":[{"id":4174,"href":"https:\/\/rwconveyor.com\/es\/wp-json\/wp\/v2\/pages\/3858\/revisions\/4174"}],"up":[{"embeddable":true,"href":"https:\/\/rwconveyor.com\/es\/wp-json\/wp\/v2\/pages\/3821"}],"wp:attachment":[{"href":"https:\/\/rwconveyor.com\/es\/wp-json\/wp\/v2\/media?parent=3858"}],"curies":[{"name":"wp","href":"https:\/\/api.w.org\/{rel}","templated":true}]}}