{"id":3861,"date":"2021-03-17T14:02:05","date_gmt":"2021-03-17T19:02:05","guid":{"rendered":"https:\/\/rwconveyor.com\/lead-magnet-como-integrar-la-robotica\/"},"modified":"2024-10-09T16:14:06","modified_gmt":"2024-10-09T21:14:06","slug":"lead-magnet-como-integrar-la-robotica","status":"publish","type":"page","link":"https:\/\/rwconveyor.com\/es\/lead-magnet-como-integrar-la-robotica\/","title":{"rendered":"Lead Magnet &#8211; C\u00f3mo integrar la rob\u00f3tica"},"content":{"rendered":"<div class=\"row conv-on-track-back\">\n<div class=\"col-12 col-md-6\">\n<div class=\"copy\">\n<h1 class=\"allcap gold\">C\u00f3mo integrar<br><span class=\"white bighead\">Robotics<\/span><br> con tu sistema transportador<\/h1>\n<p>El proceso de dise\u00f1o, al igual que los ordenadores y los robots, es en realidad una serie de preguntas. \u00bfNecesito integrar la rob\u00f3tica en mi sistema de transporte? \u00bfQu\u00e9 funciones debe cumplir? \u00bfCu\u00e1les son las mejores pr\u00e1cticas? \u00bfQu\u00e9 elementos he pasado por alto en mi evaluaci\u00f3n inicial? \u00bfQu\u00e9 preguntas son las m\u00e1s importantes que hay que hacer de inmediato?<\/p>\n<p class=\"gold bold\">Rellene el formulario para descubrir c\u00f3mo dise\u00f1ar su sistema pensando en la rob\u00f3tica.<\/p>\n<\/div>\n<div class=\"leopard\"> <\/div>\n<\/div>\n<div class=\"col-12 col-md-6\">\n<div class=\"lead-form\">\n<form accept-charset=\"UTF-8\" action=\"https:\/\/fii892.infusionsoft.com\/app\/form\/process\/40f38c69c4a0734df61b19c29c47d2c2\" class=\"infusion-form\" id=\"inf_form_40f38c69c4a0734df61b19c29c47d2c2\" method=\"POST\">\n    <input name=\"inf_form_xid\" type=\"hidden\" value=\"40f38c69c4a0734df61b19c29c47d2c2\">\n    <input name=\"inf_form_name\" type=\"hidden\" value=\"Presentaci\u00f3n del formulario de rob\u00f3tica\">\n    <input name=\"infusionsoft_version\" type=\"hidden\" value=\"1.70.0.464272\">\n    <div class=\"infusion-field\">\n        <label for=\"inf_field_FirstName\">Primer nombre *<\/label>\n        <input id=\"inf_field_FirstName\" name=\"inf_field_FirstName\" type=\"text\">\n    <\/div>\n    <div class=\"infusion-field\">\n        <label for=\"inf_field_LastName\">Apellido *<\/label>\n        <input id=\"inf_field_LastName\" name=\"inf_field_LastName\" type=\"text\">\n    <\/div>\n    <div class=\"infusion-field\">\n        <label for=\"inf_field_Email\">Correo electr\u00f3nico *<\/label>\n        <input id=\"inf_field_Email\" name=\"inf_field_Email\" type=\"text\">\n    <\/div>\n    <div class=\"infusion-field\">\n        <label for=\"inf_field_Company\">Empresa *<\/label>\n        <input id=\"inf_field_Company\" name=\"inf_field_Company\" type=\"text\">\n    <\/div>\n    <div class=\"infusion-field\">\n        <label for=\"inf_field_Phone1\">Tel\u00e9fono<\/label>\n        <input id=\"inf_field_Phone1\" name=\"inf_field_Phone1\" type=\"text\">\n    <\/div>\n    <div class=\"infusion-field\"> \n        <label>Comprobaci\u00f3n de spam<\/label> \n        <div class=\"cf-turnstile\" data-sitekey=\"0x4AAAAAAAxHog3qc9nn_mzG\"><\/div>\n    <\/div>\n    <div class=\"infusion-submit\">\n        <button type=\"submit\">Enviar<\/button>\n    <\/div>\n<\/form>\n<script type=\"text\/javascript\" src=\"https:\/\/fii892.infusionsoft.app\/app\/webTracking\/getTrackingCode\"><\/script>\n<script type=\"text\/javascript\" src=\"https:\/\/fii892.infusionsoft.com\/app\/timezone\/timezoneInputJs?xid=40f38c69c4a0734df61b19c29c47d2c2\"><\/script>\n<script type=\"text\/javascript\" src=\"https:\/\/fii892.infusionsoft.com\/js\/jquery\/jquery-3.3.1.js\"><\/script>\n<script type=\"text\/javascript\" src=\"https:\/\/fii892.infusionsoft.app\/app\/webform\/overwriteRefererJs\"><\/script>\n<script src=\"https:\/\/challenges.cloudflare.com\/turnstile\/v0\/api.js\" async=\"\" defer><\/script>\n<script>\n    document.addEventListener(\"DOMContentLoaded\", function() {\n        const form = document.getElementById(\"inf_form_40f38c69c4a0734df61b19c29c47d2c2\");\n        \n        form.addEventListener(\"submit\", function(event) {\n            event.preventDefault();\n            const turnstileResponse = document.querySelector(\"[name='cf-turnstile-response']\").value;\n\n            if (!turnstileResponse) {\n                alert(\"Please complete the Turnstile verification.\");\n                return;\n            }\n\n            \/\/ If validated, submit the form\n            form.submit();\n        });\n    });\n<\/script>\n<\/div>\n<\/div>\n<\/div>","protected":false},"excerpt":{"rendered":"C\u00f3mo integrarRobotics con tu sistema transportador El proceso de dise\u00f1o, al igual que los ordenadores y los robots, es en realidad una serie de preguntas. \u00bfNecesito integrar la rob\u00f3tica en mi sistema de transporte? \u00bfQu\u00e9 funciones debe cumplir? \u00bfCu\u00e1les son las mejores pr\u00e1cticas? \u00bfQu\u00e9 elementos he pasado por alto en mi evaluaci\u00f3n inicial? \u00bfQu\u00e9 preguntas [&hellip;]","protected":false},"author":15,"featured_media":0,"parent":0,"menu_order":0,"comment_status":"closed","ping_status":"closed","template":"fullwidth.php","meta":{"_acf_changed":false,"footnotes":""},"class_list":["post-3861","page","type-page","status-publish","hentry"],"acf":[],"yoast_head":"<!-- This site is optimized with the Yoast SEO plugin v24.7 - https:\/\/yoast.com\/wordpress\/plugins\/seo\/ -->\n<title>C\u00f3mo integrar la rob\u00f3tica en su sistema de transportep\u00e1gina<\/title>\n<meta name=\"description\" content=\"\u00bfNecesito integrar la rob\u00f3tica en mi sistema de transporte? Descargue nuestra gu\u00eda para descubrir c\u00f3mo dise\u00f1ar su sistema teniendo en cuenta la rob\u00f3tica.\" \/>\n<meta name=\"robots\" content=\"index, follow, max-snippet:-1, max-image-preview:large, max-video-preview:-1\" \/>\n<link rel=\"canonical\" href=\"https:\/\/rwconveyor.com\/es\/lead-magnet-como-integrar-la-robotica\/\" \/>\n<meta property=\"og:locale\" content=\"es_ES\" \/>\n<meta property=\"og:type\" content=\"article\" \/>\n<meta property=\"og:title\" content=\"C\u00f3mo integrar la rob\u00f3tica en su sistema de transportep\u00e1gina\" \/>\n<meta property=\"og:description\" content=\"\u00bfNecesito integrar la rob\u00f3tica en mi sistema de transporte? Descargue nuestra gu\u00eda para descubrir c\u00f3mo dise\u00f1ar su sistema teniendo en cuenta la rob\u00f3tica.\" \/>\n<meta property=\"og:url\" content=\"https:\/\/rwconveyor.com\/es\/lead-magnet-como-integrar-la-robotica\/\" \/>\n<meta property=\"og:site_name\" content=\"Richards-Wilcox Conveyor\" \/>\n<meta property=\"article:modified_time\" content=\"2024-10-09T21:14:06+00:00\" \/>\n<meta name=\"twitter:label1\" content=\"Tiempo de lectura\" \/>\n\t<meta name=\"twitter:data1\" content=\"1 minuto\" \/>\n<script type=\"application\/ld+json\" class=\"yoast-schema-graph\">{\"@context\":\"https:\/\/schema.org\",\"@graph\":[{\"@type\":\"WebPage\",\"@id\":\"https:\/\/rwconveyor.com\/es\/lead-magnet-como-integrar-la-robotica\/\",\"url\":\"https:\/\/rwconveyor.com\/es\/lead-magnet-como-integrar-la-robotica\/\",\"name\":\"C\u00f3mo integrar la rob\u00f3tica en su sistema de transportep\u00e1gina\",\"isPartOf\":{\"@id\":\"https:\/\/rwconveyor.com\/es\/#website\"},\"datePublished\":\"2021-03-17T19:02:05+00:00\",\"dateModified\":\"2024-10-09T21:14:06+00:00\",\"description\":\"\u00bfNecesito integrar la rob\u00f3tica en mi sistema de transporte? Descargue nuestra gu\u00eda para descubrir c\u00f3mo dise\u00f1ar su sistema teniendo en cuenta la rob\u00f3tica.\",\"breadcrumb\":{\"@id\":\"https:\/\/rwconveyor.com\/es\/lead-magnet-como-integrar-la-robotica\/#breadcrumb\"},\"inLanguage\":\"es\",\"potentialAction\":[{\"@type\":\"ReadAction\",\"target\":[\"https:\/\/rwconveyor.com\/es\/lead-magnet-como-integrar-la-robotica\/\"]}]},{\"@type\":\"BreadcrumbList\",\"@id\":\"https:\/\/rwconveyor.com\/es\/lead-magnet-como-integrar-la-robotica\/#breadcrumb\",\"itemListElement\":[{\"@type\":\"ListItem\",\"position\":1,\"name\":\"Home\",\"item\":\"https:\/\/rwconveyor.com\/es\/inicio\/\"},{\"@type\":\"ListItem\",\"position\":2,\"name\":\"Lead Magnet &#8211; C\u00f3mo integrar la rob\u00f3tica\"}]},{\"@type\":\"WebSite\",\"@id\":\"https:\/\/rwconveyor.com\/es\/#website\",\"url\":\"https:\/\/rwconveyor.com\/es\/\",\"name\":\"Richards-Wilcox Conveyor\",\"description\":\"Transportadores a\u00e9reos, transportadores el\u00e9ctricos y libres\\n\",\"publisher\":{\"@id\":\"https:\/\/rwconveyor.com\/es\/#organization\"},\"potentialAction\":[{\"@type\":\"SearchAction\",\"target\":{\"@type\":\"EntryPoint\",\"urlTemplate\":\"https:\/\/rwconveyor.com\/es\/?s={search_term_string}\"},\"query-input\":{\"@type\":\"PropertyValueSpecification\",\"valueRequired\":true,\"valueName\":\"search_term_string\"}}],\"inLanguage\":\"es\"},{\"@type\":\"Organization\",\"@id\":\"https:\/\/rwconveyor.com\/es\/#organization\",\"name\":\"Richards-Wilcox Conveyor\",\"url\":\"https:\/\/rwconveyor.com\/es\/\",\"logo\":{\"@type\":\"ImageObject\",\"inLanguage\":\"es\",\"@id\":\"https:\/\/rwconveyor.com\/es\/#\/schema\/logo\/image\/\",\"url\":\"https:\/\/rwconveyor.com\/wp-content\/uploads\/2020\/05\/RW_Conveyor_Horizontal_NoTag_4C.png\",\"contentUrl\":\"https:\/\/rwconveyor.com\/wp-content\/uploads\/2020\/05\/RW_Conveyor_Horizontal_NoTag_4C.png\",\"width\":512,\"height\":512,\"caption\":\"Richards-Wilcox Conveyor\"},\"image\":{\"@id\":\"https:\/\/rwconveyor.com\/es\/#\/schema\/logo\/image\/\"}}]}<\/script>\n<!-- \/ Yoast SEO plugin. -->","yoast_head_json":{"title":"C\u00f3mo integrar la rob\u00f3tica en su sistema de transportep\u00e1gina","description":"\u00bfNecesito integrar la rob\u00f3tica en mi sistema de transporte? Descargue nuestra gu\u00eda para descubrir c\u00f3mo dise\u00f1ar su sistema teniendo en cuenta la rob\u00f3tica.","robots":{"index":"index","follow":"follow","max-snippet":"max-snippet:-1","max-image-preview":"max-image-preview:large","max-video-preview":"max-video-preview:-1"},"canonical":"https:\/\/rwconveyor.com\/es\/lead-magnet-como-integrar-la-robotica\/","og_locale":"es_ES","og_type":"article","og_title":"C\u00f3mo integrar la rob\u00f3tica en su sistema de transportep\u00e1gina","og_description":"\u00bfNecesito integrar la rob\u00f3tica en mi sistema de transporte? Descargue nuestra gu\u00eda para descubrir c\u00f3mo dise\u00f1ar su sistema teniendo en cuenta la rob\u00f3tica.","og_url":"https:\/\/rwconveyor.com\/es\/lead-magnet-como-integrar-la-robotica\/","og_site_name":"Richards-Wilcox Conveyor","article_modified_time":"2024-10-09T21:14:06+00:00","twitter_misc":{"Tiempo de lectura":"1 minuto"},"schema":{"@context":"https:\/\/schema.org","@graph":[{"@type":"WebPage","@id":"https:\/\/rwconveyor.com\/es\/lead-magnet-como-integrar-la-robotica\/","url":"https:\/\/rwconveyor.com\/es\/lead-magnet-como-integrar-la-robotica\/","name":"C\u00f3mo integrar la rob\u00f3tica en su sistema de transportep\u00e1gina","isPartOf":{"@id":"https:\/\/rwconveyor.com\/es\/#website"},"datePublished":"2021-03-17T19:02:05+00:00","dateModified":"2024-10-09T21:14:06+00:00","description":"\u00bfNecesito integrar la rob\u00f3tica en mi sistema de transporte? Descargue nuestra gu\u00eda para descubrir c\u00f3mo dise\u00f1ar su sistema teniendo en cuenta la rob\u00f3tica.","breadcrumb":{"@id":"https:\/\/rwconveyor.com\/es\/lead-magnet-como-integrar-la-robotica\/#breadcrumb"},"inLanguage":"es","potentialAction":[{"@type":"ReadAction","target":["https:\/\/rwconveyor.com\/es\/lead-magnet-como-integrar-la-robotica\/"]}]},{"@type":"BreadcrumbList","@id":"https:\/\/rwconveyor.com\/es\/lead-magnet-como-integrar-la-robotica\/#breadcrumb","itemListElement":[{"@type":"ListItem","position":1,"name":"Home","item":"https:\/\/rwconveyor.com\/es\/inicio\/"},{"@type":"ListItem","position":2,"name":"Lead Magnet &#8211; C\u00f3mo integrar la rob\u00f3tica"}]},{"@type":"WebSite","@id":"https:\/\/rwconveyor.com\/es\/#website","url":"https:\/\/rwconveyor.com\/es\/","name":"Richards-Wilcox Conveyor","description":"Transportadores a\u00e9reos, transportadores el\u00e9ctricos y libres\n","publisher":{"@id":"https:\/\/rwconveyor.com\/es\/#organization"},"potentialAction":[{"@type":"SearchAction","target":{"@type":"EntryPoint","urlTemplate":"https:\/\/rwconveyor.com\/es\/?s={search_term_string}"},"query-input":{"@type":"PropertyValueSpecification","valueRequired":true,"valueName":"search_term_string"}}],"inLanguage":"es"},{"@type":"Organization","@id":"https:\/\/rwconveyor.com\/es\/#organization","name":"Richards-Wilcox Conveyor","url":"https:\/\/rwconveyor.com\/es\/","logo":{"@type":"ImageObject","inLanguage":"es","@id":"https:\/\/rwconveyor.com\/es\/#\/schema\/logo\/image\/","url":"https:\/\/rwconveyor.com\/wp-content\/uploads\/2020\/05\/RW_Conveyor_Horizontal_NoTag_4C.png","contentUrl":"https:\/\/rwconveyor.com\/wp-content\/uploads\/2020\/05\/RW_Conveyor_Horizontal_NoTag_4C.png","width":512,"height":512,"caption":"Richards-Wilcox Conveyor"},"image":{"@id":"https:\/\/rwconveyor.com\/es\/#\/schema\/logo\/image\/"}}]}},"_links":{"self":[{"href":"https:\/\/rwconveyor.com\/es\/wp-json\/wp\/v2\/pages\/3861","targetHints":{"allow":["GET"]}}],"collection":[{"href":"https:\/\/rwconveyor.com\/es\/wp-json\/wp\/v2\/pages"}],"about":[{"href":"https:\/\/rwconveyor.com\/es\/wp-json\/wp\/v2\/types\/page"}],"author":[{"embeddable":true,"href":"https:\/\/rwconveyor.com\/es\/wp-json\/wp\/v2\/users\/15"}],"replies":[{"embeddable":true,"href":"https:\/\/rwconveyor.com\/es\/wp-json\/wp\/v2\/comments?post=3861"}],"version-history":[{"count":2,"href":"https:\/\/rwconveyor.com\/es\/wp-json\/wp\/v2\/pages\/3861\/revisions"}],"predecessor-version":[{"id":7204,"href":"https:\/\/rwconveyor.com\/es\/wp-json\/wp\/v2\/pages\/3861\/revisions\/7204"}],"wp:attachment":[{"href":"https:\/\/rwconveyor.com\/es\/wp-json\/wp\/v2\/media?parent=3861"}],"curies":[{"name":"wp","href":"https:\/\/api.w.org\/{rel}","templated":true}]}}