{"id":3868,"date":"2019-12-11T11:41:42","date_gmt":"2019-12-11T17:41:42","guid":{"rendered":"https:\/\/rwconveyor.com\/lead-magnet-mantenga-su-transportador-en-el-camino\/"},"modified":"2024-10-09T16:17:03","modified_gmt":"2024-10-09T21:17:03","slug":"lead-magnet-mantenga-su-transportador-en-el-camino","status":"publish","type":"page","link":"https:\/\/rwconveyor.com\/es\/lead-magnet-mantenga-su-transportador-en-el-camino\/","title":{"rendered":"Lead Magnet &#8211; Mantenga su transportador en el camino"},"content":{"rendered":"<div class=\"row conv-on-track-back\">\n<div class=\"col-12 col-md-6\">\n<div class=\"copy\">\n<h1 class=\"allcap gold\">C\u00f3mo mantener<span class=\"white bighead\">en marcha<\/span> tu<span class=\"white bighead\">transportador<\/span><br><span class=\"white bighead\"><br> para el futuro<\/span><\/h1>\n<p>Un sistema de transporte saludable significa una mejor calidad de vida para su f\u00e1brica. En Richards-Wilcox Conveyor, creemos que un poco de cuidado puede ayudar mucho a mantener su transportador en funcionamiento. Por ello, hemos elaborado una gu\u00eda de f\u00e1cil consulta para ayudarle a cuidar su transportador y evitar costosas aver\u00edas y tiempos de inactividad.<\/p>\n<p class=\"gold bold\">Rellene el formulario para descargar nuestra <span class=\"white allcap\">Gu\u00eda sobre c\u00f3mo mantener su transport<\/span> ador en el futuro y descubra importantes consejos de mantenimiento e inspecci\u00f3n para conseguir un transportador m\u00e1s r\u00e1pido, inteligente y resistente.<\/p>\n<\/div>\n<div class=\"leopard\"> <\/div>\n<\/div>\n<div class=\"col-12 col-md-6\">\n<div class=\"lead-form\">\n<form accept-charset=\"UTF-8\" action=\"https:\/\/fii892.infusionsoft.com\/app\/form\/process\/7754a4d8023b5600e6c0425c6ab397e9\" class=\"infusion-form\" id=\"inf_form_7754a4d8023b5600e6c0425c6ab397e9\" method=\"POST\">\n    <input name=\"inf_form_xid\" type=\"hidden\" value=\"7754a4d8023b5600e6c0425c6ab397e9\">\n    <input name=\"inf_form_name\" type=\"hidden\" value=\"Env\u00edo del formulario de desgaste de la cadena\">\n    <input name=\"infusionsoft_version\" type=\"hidden\" value=\"1.70.0.464272\">\n    <div class=\"infusion-field\">\n        <label for=\"inf_field_FirstName\">Primer nombre *<\/label>\n        <input id=\"inf_field_FirstName\" name=\"inf_field_FirstName\" type=\"text\">\n    <\/div>\n    <div class=\"infusion-field\">\n        <label for=\"inf_field_LastName\">Apellido *<\/label>\n        <input id=\"inf_field_LastName\" name=\"inf_field_LastName\" type=\"text\">\n    <\/div>\n    <div class=\"infusion-field\">\n        <label for=\"inf_field_Email\">Correo electr\u00f3nico *<\/label>\n        <input id=\"inf_field_Email\" name=\"inf_field_Email\" type=\"text\">\n    <\/div>\n    <div class=\"infusion-field\">\n        <label for=\"inf_field_Company\">Empresa *<\/label>\n        <input id=\"inf_field_Company\" name=\"inf_field_Company\" type=\"text\">\n    <\/div>\n    <div class=\"infusion-field\">\n        <label for=\"inf_field_Phone1\">Tel\u00e9fono<\/label>\n        <input id=\"inf_field_Phone1\" name=\"inf_field_Phone1\" type=\"text\">\n    <\/div>\n    <div class=\"infusion-field\"> \n        <label>Comprobaci\u00f3n de spam<\/label> \n        <div class=\"cf-turnstile\" data-sitekey=\"0x4AAAAAAAxHog3qc9nn_mzG\"><\/div>\n    <\/div>\n    <div class=\"infusion-submit\">\n        <button type=\"submit\">Enviar<\/button>\n    <\/div>\n<\/form>\n<script type=\"text\/javascript\" src=\"https:\/\/fii892.infusionsoft.app\/app\/webTracking\/getTrackingCode\"><\/script>\n<script type=\"text\/javascript\" src=\"https:\/\/fii892.infusionsoft.com\/app\/timezone\/timezoneInputJs?xid=7754a4d8023b5600e6c0425c6ab397e9\"><\/script>\n<script type=\"text\/javascript\" src=\"https:\/\/fii892.infusionsoft.com\/js\/jquery\/jquery-3.3.1.js\"><\/script>\n<script type=\"text\/javascript\" src=\"https:\/\/fii892.infusionsoft.app\/app\/webform\/overwriteRefererJs\"><\/script><\/div>\n<script src=\"https:\/\/challenges.cloudflare.com\/turnstile\/v0\/api.js\" async=\"\" defer><\/script>\n<script>\n    document.addEventListener(\"DOMContentLoaded\", function() {\n        const form = document.getElementById(\"inf_form_7754a4d8023b5600e6c0425c6ab397e9\");\n        \n        form.addEventListener(\"submit\", function(event) {\n            event.preventDefault();\n            const turnstileResponse = document.querySelector(\"[name='cf-turnstile-response']\").value;\n\n            if (!turnstileResponse) {\n                alert(\"Please complete the Turnstile verification.\");\n                return;\n            }\n\n            \/\/ If validated, submit the form\n            form.submit();\n        });\n    });\n<\/script>\n<\/div><\/div>","protected":false},"excerpt":{"rendered":"C\u00f3mo manteneren marcha tutransportador para el futuro Un sistema de transporte saludable significa una mejor calidad de vida para su f\u00e1brica. En Richards-Wilcox Conveyor, creemos que un poco de cuidado puede ayudar mucho a mantener su transportador en funcionamiento. Por ello, hemos elaborado una gu\u00eda de f\u00e1cil consulta para ayudarle a cuidar su transportador y [&hellip;]","protected":false},"author":13,"featured_media":0,"parent":0,"menu_order":0,"comment_status":"closed","ping_status":"closed","template":"fullwidth.php","meta":{"_acf_changed":false,"footnotes":""},"class_list":["post-3868","page","type-page","status-publish","hentry"],"acf":[],"yoast_head":"<!-- This site is optimized with the Yoast SEO plugin v24.7 - https:\/\/yoast.com\/wordpress\/plugins\/seo\/ -->\n<title>Mantenga su transportador en Trackpage - Richards-Wilcox Conveyor<\/title>\n<meta name=\"description\" content=\"Un sistema de transporte saludable significa una mejor calidad de vida para su f\u00e1brica. Descargue nuestra gu\u00eda f\u00e1cil de seguir para mantener su transportador en el camino hacia el futuro.\" \/>\n<meta name=\"robots\" content=\"index, follow, max-snippet:-1, max-image-preview:large, max-video-preview:-1\" \/>\n<link rel=\"canonical\" href=\"https:\/\/rwconveyor.com\/es\/lead-magnet-mantenga-su-transportador-en-el-camino\/\" \/>\n<meta property=\"og:locale\" content=\"es_ES\" \/>\n<meta property=\"og:type\" content=\"article\" \/>\n<meta property=\"og:title\" content=\"Mantenga su transportador en Trackpage - Richards-Wilcox Conveyor\" \/>\n<meta property=\"og:description\" content=\"Un sistema de transporte saludable significa una mejor calidad de vida para su f\u00e1brica. Descargue nuestra gu\u00eda f\u00e1cil de seguir para mantener su transportador en el camino hacia el futuro.\" \/>\n<meta property=\"og:url\" content=\"https:\/\/rwconveyor.com\/es\/lead-magnet-mantenga-su-transportador-en-el-camino\/\" \/>\n<meta property=\"og:site_name\" content=\"Richards-Wilcox Conveyor\" \/>\n<meta property=\"article:modified_time\" content=\"2024-10-09T21:17:03+00:00\" \/>\n<meta name=\"twitter:label1\" content=\"Tiempo de lectura\" \/>\n\t<meta name=\"twitter:data1\" content=\"1 minuto\" \/>\n<script type=\"application\/ld+json\" class=\"yoast-schema-graph\">{\"@context\":\"https:\/\/schema.org\",\"@graph\":[{\"@type\":\"WebPage\",\"@id\":\"https:\/\/rwconveyor.com\/es\/lead-magnet-mantenga-su-transportador-en-el-camino\/\",\"url\":\"https:\/\/rwconveyor.com\/es\/lead-magnet-mantenga-su-transportador-en-el-camino\/\",\"name\":\"Mantenga su transportador en Trackpage - Richards-Wilcox Conveyor\",\"isPartOf\":{\"@id\":\"https:\/\/rwconveyor.com\/es\/#website\"},\"datePublished\":\"2019-12-11T17:41:42+00:00\",\"dateModified\":\"2024-10-09T21:17:03+00:00\",\"description\":\"Un sistema de transporte saludable significa una mejor calidad de vida para su f\u00e1brica. Descargue nuestra gu\u00eda f\u00e1cil de seguir para mantener su transportador en el camino hacia el futuro.\",\"breadcrumb\":{\"@id\":\"https:\/\/rwconveyor.com\/es\/lead-magnet-mantenga-su-transportador-en-el-camino\/#breadcrumb\"},\"inLanguage\":\"es\",\"potentialAction\":[{\"@type\":\"ReadAction\",\"target\":[\"https:\/\/rwconveyor.com\/es\/lead-magnet-mantenga-su-transportador-en-el-camino\/\"]}]},{\"@type\":\"BreadcrumbList\",\"@id\":\"https:\/\/rwconveyor.com\/es\/lead-magnet-mantenga-su-transportador-en-el-camino\/#breadcrumb\",\"itemListElement\":[{\"@type\":\"ListItem\",\"position\":1,\"name\":\"Home\",\"item\":\"https:\/\/rwconveyor.com\/es\/inicio\/\"},{\"@type\":\"ListItem\",\"position\":2,\"name\":\"Lead Magnet &#8211; Mantenga su transportador en el camino\"}]},{\"@type\":\"WebSite\",\"@id\":\"https:\/\/rwconveyor.com\/es\/#website\",\"url\":\"https:\/\/rwconveyor.com\/es\/\",\"name\":\"Richards-Wilcox Conveyor\",\"description\":\"Transportadores a\u00e9reos, transportadores el\u00e9ctricos y libres\\n\",\"publisher\":{\"@id\":\"https:\/\/rwconveyor.com\/es\/#organization\"},\"potentialAction\":[{\"@type\":\"SearchAction\",\"target\":{\"@type\":\"EntryPoint\",\"urlTemplate\":\"https:\/\/rwconveyor.com\/es\/?s={search_term_string}\"},\"query-input\":{\"@type\":\"PropertyValueSpecification\",\"valueRequired\":true,\"valueName\":\"search_term_string\"}}],\"inLanguage\":\"es\"},{\"@type\":\"Organization\",\"@id\":\"https:\/\/rwconveyor.com\/es\/#organization\",\"name\":\"Richards-Wilcox Conveyor\",\"url\":\"https:\/\/rwconveyor.com\/es\/\",\"logo\":{\"@type\":\"ImageObject\",\"inLanguage\":\"es\",\"@id\":\"https:\/\/rwconveyor.com\/es\/#\/schema\/logo\/image\/\",\"url\":\"https:\/\/rwconveyor.com\/wp-content\/uploads\/2020\/05\/RW_Conveyor_Horizontal_NoTag_4C.png\",\"contentUrl\":\"https:\/\/rwconveyor.com\/wp-content\/uploads\/2020\/05\/RW_Conveyor_Horizontal_NoTag_4C.png\",\"width\":512,\"height\":512,\"caption\":\"Richards-Wilcox Conveyor\"},\"image\":{\"@id\":\"https:\/\/rwconveyor.com\/es\/#\/schema\/logo\/image\/\"}}]}<\/script>\n<!-- \/ Yoast SEO plugin. -->","yoast_head_json":{"title":"Mantenga su transportador en Trackpage - Richards-Wilcox Conveyor","description":"Un sistema de transporte saludable significa una mejor calidad de vida para su f\u00e1brica. Descargue nuestra gu\u00eda f\u00e1cil de seguir para mantener su transportador en el camino hacia el futuro.","robots":{"index":"index","follow":"follow","max-snippet":"max-snippet:-1","max-image-preview":"max-image-preview:large","max-video-preview":"max-video-preview:-1"},"canonical":"https:\/\/rwconveyor.com\/es\/lead-magnet-mantenga-su-transportador-en-el-camino\/","og_locale":"es_ES","og_type":"article","og_title":"Mantenga su transportador en Trackpage - Richards-Wilcox Conveyor","og_description":"Un sistema de transporte saludable significa una mejor calidad de vida para su f\u00e1brica. Descargue nuestra gu\u00eda f\u00e1cil de seguir para mantener su transportador en el camino hacia el futuro.","og_url":"https:\/\/rwconveyor.com\/es\/lead-magnet-mantenga-su-transportador-en-el-camino\/","og_site_name":"Richards-Wilcox Conveyor","article_modified_time":"2024-10-09T21:17:03+00:00","twitter_misc":{"Tiempo de lectura":"1 minuto"},"schema":{"@context":"https:\/\/schema.org","@graph":[{"@type":"WebPage","@id":"https:\/\/rwconveyor.com\/es\/lead-magnet-mantenga-su-transportador-en-el-camino\/","url":"https:\/\/rwconveyor.com\/es\/lead-magnet-mantenga-su-transportador-en-el-camino\/","name":"Mantenga su transportador en Trackpage - Richards-Wilcox Conveyor","isPartOf":{"@id":"https:\/\/rwconveyor.com\/es\/#website"},"datePublished":"2019-12-11T17:41:42+00:00","dateModified":"2024-10-09T21:17:03+00:00","description":"Un sistema de transporte saludable significa una mejor calidad de vida para su f\u00e1brica. Descargue nuestra gu\u00eda f\u00e1cil de seguir para mantener su transportador en el camino hacia el futuro.","breadcrumb":{"@id":"https:\/\/rwconveyor.com\/es\/lead-magnet-mantenga-su-transportador-en-el-camino\/#breadcrumb"},"inLanguage":"es","potentialAction":[{"@type":"ReadAction","target":["https:\/\/rwconveyor.com\/es\/lead-magnet-mantenga-su-transportador-en-el-camino\/"]}]},{"@type":"BreadcrumbList","@id":"https:\/\/rwconveyor.com\/es\/lead-magnet-mantenga-su-transportador-en-el-camino\/#breadcrumb","itemListElement":[{"@type":"ListItem","position":1,"name":"Home","item":"https:\/\/rwconveyor.com\/es\/inicio\/"},{"@type":"ListItem","position":2,"name":"Lead Magnet &#8211; Mantenga su transportador en el camino"}]},{"@type":"WebSite","@id":"https:\/\/rwconveyor.com\/es\/#website","url":"https:\/\/rwconveyor.com\/es\/","name":"Richards-Wilcox Conveyor","description":"Transportadores a\u00e9reos, transportadores el\u00e9ctricos y libres\n","publisher":{"@id":"https:\/\/rwconveyor.com\/es\/#organization"},"potentialAction":[{"@type":"SearchAction","target":{"@type":"EntryPoint","urlTemplate":"https:\/\/rwconveyor.com\/es\/?s={search_term_string}"},"query-input":{"@type":"PropertyValueSpecification","valueRequired":true,"valueName":"search_term_string"}}],"inLanguage":"es"},{"@type":"Organization","@id":"https:\/\/rwconveyor.com\/es\/#organization","name":"Richards-Wilcox Conveyor","url":"https:\/\/rwconveyor.com\/es\/","logo":{"@type":"ImageObject","inLanguage":"es","@id":"https:\/\/rwconveyor.com\/es\/#\/schema\/logo\/image\/","url":"https:\/\/rwconveyor.com\/wp-content\/uploads\/2020\/05\/RW_Conveyor_Horizontal_NoTag_4C.png","contentUrl":"https:\/\/rwconveyor.com\/wp-content\/uploads\/2020\/05\/RW_Conveyor_Horizontal_NoTag_4C.png","width":512,"height":512,"caption":"Richards-Wilcox Conveyor"},"image":{"@id":"https:\/\/rwconveyor.com\/es\/#\/schema\/logo\/image\/"}}]}},"_links":{"self":[{"href":"https:\/\/rwconveyor.com\/es\/wp-json\/wp\/v2\/pages\/3868","targetHints":{"allow":["GET"]}}],"collection":[{"href":"https:\/\/rwconveyor.com\/es\/wp-json\/wp\/v2\/pages"}],"about":[{"href":"https:\/\/rwconveyor.com\/es\/wp-json\/wp\/v2\/types\/page"}],"author":[{"embeddable":true,"href":"https:\/\/rwconveyor.com\/es\/wp-json\/wp\/v2\/users\/13"}],"replies":[{"embeddable":true,"href":"https:\/\/rwconveyor.com\/es\/wp-json\/wp\/v2\/comments?post=3868"}],"version-history":[{"count":2,"href":"https:\/\/rwconveyor.com\/es\/wp-json\/wp\/v2\/pages\/3868\/revisions"}],"predecessor-version":[{"id":7207,"href":"https:\/\/rwconveyor.com\/es\/wp-json\/wp\/v2\/pages\/3868\/revisions\/7207"}],"wp:attachment":[{"href":"https:\/\/rwconveyor.com\/es\/wp-json\/wp\/v2\/media?parent=3868"}],"curies":[{"name":"wp","href":"https:\/\/api.w.org\/{rel}","templated":true}]}}