{"id":3872,"date":"2021-03-18T10:16:59","date_gmt":"2021-03-18T15:16:59","guid":{"rendered":"https:\/\/rwconveyor.com\/productos\/potencia-invertida-y-portador-de-nivelacion-libre\/"},"modified":"2022-07-20T16:51:22","modified_gmt":"2022-07-20T21:51:22","slug":"potencia-invertida-y-portador-de-nivelacion-libre","status":"publish","type":"page","link":"https:\/\/rwconveyor.com\/es\/productos\/potencia-invertida-y-portador-de-nivelacion-libre\/","title":{"rendered":"Potencia invertida y portador de nivelaci\u00f3n libre"},"content":{"rendered":"<div style=\"width: 1170px;\" class=\"wp-video\"><!--[if lt IE 9]><script>document.createElement('video');<\/script><![endif]-->\n<video class=\"wp-video-shortcode\" id=\"video-3872-1\" width=\"1170\" height=\"658\" loop=\"1\" autoplay=\"1\" preload=\"metadata\" controls=\"controls\"><source type=\"video\/mp4\" src=\"\/wp-content\/uploads\/2021\/03\/RWC_Leveling_Carrier_Landing_Page_Video1.mp4?_=1\" \/><a href=\"\/wp-content\/uploads\/2021\/03\/RWC_Leveling_Carrier_Landing_Page_Video1.mp4\">\/wp-content\/uploads\/2021\/03\/RWC_Leveling_Carrier_Landing_Page_Video1.mp4<\/a><\/video><\/div>\n<p>&nbsp;<\/p>\n<p style=\"text-align: center;\">Un transportador a\u00e9reo se autonivela autom\u00e1ticamente gracias a la gravedad, pero un  <br>\nest\u00e1ndar <span style=\"color: #1f2b5b;\">\n  <strong>sistema inverso al suelo<\/strong>\n<\/span> no tiene autom\u00e1ticamente el mismo beneficio.<\/p>\n<p style=\"text-align: center;\">Por eso hemos construido nuestro <span style=\"color: #1f2b5b;\">\n  <strong>Potencia invertida y portador de nivelaci\u00f3n libre<\/strong>\n<\/span>que permite que la pieza sea  <br>\ntransportado para permanecer nivelado mientras se viaja a trav\u00e9s de los cambios de elevaci\u00f3n. Lo que esto significa para el  <br>\nusuario final es que puede tener centros m\u00e1s cercanos con una parte nivelada, lo que significa que puede haber m\u00e1s  <br>\npartes en la l\u00ednea o, se pueden colocar m\u00e1s cerca.<\/p>\n<p>&nbsp;<\/p>\n<div style=\"width: 1170px;\" class=\"wp-video\"><video class=\"wp-video-shortcode\" id=\"video-3872-2\" width=\"1170\" height=\"658\" loop=\"1\" autoplay=\"1\" preload=\"metadata\" controls=\"controls\"><source type=\"video\/mp4\" src=\"\/wp-content\/uploads\/2021\/03\/RWC_Leveling_Carrier_Landing_Page_Video2-1.mp4?_=2\" \/><a href=\"\/wp-content\/uploads\/2021\/03\/RWC_Leveling_Carrier_Landing_Page_Video2-1.mp4\">\/wp-content\/uploads\/2021\/03\/RWC_Leveling_Carrier_Landing_Page_Video2-1.mp4<\/a><\/video><\/div>\n<p>&nbsp;<\/p>\n<p style=\"text-align: center;\">Un portador de nivelaci\u00f3n aumenta la densidad de la l\u00ednea, y le permite <span style=\"color: #1f2b5b;\">\n  <strong>mayor flexibilidad en el dise\u00f1o del sistema<\/strong>\n<\/span>. Para  <br>\nPor ejemplo, con este flujo de trabajo mejorado, ahora se puede aprovechar m\u00e1s el espacio vertical de un  <br>\nf\u00e1brica, aumentar el volumen de la f\u00e1brica o facilitar muchas m\u00e1s configuraciones y ventajas.<\/p>\n<p>&nbsp;<\/p>\n<div style=\"width: 1170px;\" class=\"wp-video\"><video class=\"wp-video-shortcode\" id=\"video-3872-3\" width=\"1170\" height=\"658\" loop=\"1\" autoplay=\"1\" preload=\"metadata\" controls=\"controls\"><source type=\"video\/mp4\" src=\"\/wp-content\/uploads\/2021\/03\/RWC_Leveling_Carrier_Landing_Page_Video3.mp4?_=3\" \/><a href=\"\/wp-content\/uploads\/2021\/03\/RWC_Leveling_Carrier_Landing_Page_Video3.mp4\">\/wp-content\/uploads\/2021\/03\/RWC_Leveling_Carrier_Landing_Page_Video3.mp4<\/a><\/video><\/div>\n<div class=\"row row-margin-25 blue-back inset-25-50\">\n<div class=\"col-12\">\n<h5 class=\"white\" style=\"text-align: center;\">P\u00f3ngase en contacto con su representante de Richards-Wilcox Conveyor y descubra c\u00f3mo una soluci\u00f3n de transportador de potencia invertida y nivelaci\u00f3n libre puede revolucionar su f\u00e1brica.<\/h5>\n<\/div>\n<\/div>\n<div class=\"row row-margin-25\">\n<div class=\"col-12\"><button class=\"bgold bcenter\"><a class=\"white\" href=\"https:\/\/rwconveyor.com\/es\/?page_id=3780\" target=\"_blank\" rel=\"noopener noreferrer\">CONTACTO HOY<\/a><\/button><\/div>\n<\/div>","protected":false},"excerpt":{"rendered":"&nbsp; Un transportador a\u00e9reo se autonivela autom\u00e1ticamente gracias a la gravedad, pero un est\u00e1ndar sistema inverso al suelo no tiene autom\u00e1ticamente el mismo beneficio. Por eso hemos construido nuestro Potencia invertida y portador de nivelaci\u00f3n libre que permite que la pieza sea transportado para permanecer nivelado mientras se viaja a trav\u00e9s de los cambios de [&hellip;]","protected":false},"author":15,"featured_media":0,"parent":3798,"menu_order":0,"comment_status":"closed","ping_status":"closed","template":"interior-page.php","meta":{"_acf_changed":false,"footnotes":""},"class_list":["post-3872","page","type-page","status-publish","hentry"],"acf":[],"yoast_head":"<!-- This site is optimized with the Yoast SEO plugin v24.7 - https:\/\/yoast.com\/wordpress\/plugins\/seo\/ -->\n<title>Potencia invertida y portador de nivelaci\u00f3n libre - Richards-Wilcox Conveyor<\/title>\n<meta name=\"description\" content=\"Nuestro carro de nivelaci\u00f3n libre e invertido permite que las piezas transportadas permanezcan niveladas mientras se desplazan por los cambios de elevaci\u00f3n.\" \/>\n<meta name=\"robots\" content=\"index, follow, max-snippet:-1, max-image-preview:large, max-video-preview:-1\" \/>\n<link rel=\"canonical\" href=\"https:\/\/rwconveyor.com\/es\/productos\/potencia-invertida-y-portador-de-nivelacion-libre\/\" \/>\n<meta property=\"og:locale\" content=\"es_ES\" \/>\n<meta property=\"og:type\" content=\"article\" \/>\n<meta property=\"og:title\" content=\"Potencia invertida y portador de nivelaci\u00f3n libre - Richards-Wilcox Conveyor\" \/>\n<meta property=\"og:description\" content=\"Nuestro carro de nivelaci\u00f3n libre e invertido permite que las piezas transportadas permanezcan niveladas mientras se desplazan por los cambios de elevaci\u00f3n.\" \/>\n<meta property=\"og:url\" content=\"https:\/\/rwconveyor.com\/es\/productos\/potencia-invertida-y-portador-de-nivelacion-libre\/\" \/>\n<meta property=\"og:site_name\" content=\"Richards-Wilcox Conveyor\" \/>\n<meta property=\"article:modified_time\" content=\"2022-07-20T21:51:22+00:00\" \/>\n<meta name=\"twitter:label1\" content=\"Tiempo de lectura\" \/>\n\t<meta name=\"twitter:data1\" content=\"1 minuto\" \/>\n<script type=\"application\/ld+json\" class=\"yoast-schema-graph\">{\"@context\":\"https:\/\/schema.org\",\"@graph\":[{\"@type\":\"WebPage\",\"@id\":\"https:\/\/rwconveyor.com\/es\/productos\/potencia-invertida-y-portador-de-nivelacion-libre\/\",\"url\":\"https:\/\/rwconveyor.com\/es\/productos\/potencia-invertida-y-portador-de-nivelacion-libre\/\",\"name\":\"Potencia invertida y portador de nivelaci\u00f3n libre - Richards-Wilcox Conveyor\",\"isPartOf\":{\"@id\":\"https:\/\/rwconveyor.com\/es\/#website\"},\"datePublished\":\"2021-03-18T15:16:59+00:00\",\"dateModified\":\"2022-07-20T21:51:22+00:00\",\"description\":\"Nuestro carro de nivelaci\u00f3n libre e invertido permite que las piezas transportadas permanezcan niveladas mientras se desplazan por los cambios de elevaci\u00f3n.\",\"breadcrumb\":{\"@id\":\"https:\/\/rwconveyor.com\/es\/productos\/potencia-invertida-y-portador-de-nivelacion-libre\/#breadcrumb\"},\"inLanguage\":\"es\",\"potentialAction\":[{\"@type\":\"ReadAction\",\"target\":[\"https:\/\/rwconveyor.com\/es\/productos\/potencia-invertida-y-portador-de-nivelacion-libre\/\"]}]},{\"@type\":\"BreadcrumbList\",\"@id\":\"https:\/\/rwconveyor.com\/es\/productos\/potencia-invertida-y-portador-de-nivelacion-libre\/#breadcrumb\",\"itemListElement\":[{\"@type\":\"ListItem\",\"position\":1,\"name\":\"Home\",\"item\":\"https:\/\/rwconveyor.com\/es\/inicio\/\"},{\"@type\":\"ListItem\",\"position\":2,\"name\":\"Productos\",\"item\":\"https:\/\/rwconveyor.com\/es\/productos\/\"},{\"@type\":\"ListItem\",\"position\":3,\"name\":\"Potencia invertida y portador de nivelaci\u00f3n libre\"}]},{\"@type\":\"WebSite\",\"@id\":\"https:\/\/rwconveyor.com\/es\/#website\",\"url\":\"https:\/\/rwconveyor.com\/es\/\",\"name\":\"Richards-Wilcox Conveyor\",\"description\":\"Transportadores a\u00e9reos, transportadores el\u00e9ctricos y libres\\n\",\"publisher\":{\"@id\":\"https:\/\/rwconveyor.com\/es\/#organization\"},\"potentialAction\":[{\"@type\":\"SearchAction\",\"target\":{\"@type\":\"EntryPoint\",\"urlTemplate\":\"https:\/\/rwconveyor.com\/es\/?s={search_term_string}\"},\"query-input\":{\"@type\":\"PropertyValueSpecification\",\"valueRequired\":true,\"valueName\":\"search_term_string\"}}],\"inLanguage\":\"es\"},{\"@type\":\"Organization\",\"@id\":\"https:\/\/rwconveyor.com\/es\/#organization\",\"name\":\"Richards-Wilcox Conveyor\",\"url\":\"https:\/\/rwconveyor.com\/es\/\",\"logo\":{\"@type\":\"ImageObject\",\"inLanguage\":\"es\",\"@id\":\"https:\/\/rwconveyor.com\/es\/#\/schema\/logo\/image\/\",\"url\":\"https:\/\/rwconveyor.com\/wp-content\/uploads\/2020\/05\/RW_Conveyor_Horizontal_NoTag_4C.png\",\"contentUrl\":\"https:\/\/rwconveyor.com\/wp-content\/uploads\/2020\/05\/RW_Conveyor_Horizontal_NoTag_4C.png\",\"width\":512,\"height\":512,\"caption\":\"Richards-Wilcox Conveyor\"},\"image\":{\"@id\":\"https:\/\/rwconveyor.com\/es\/#\/schema\/logo\/image\/\"}}]}<\/script>\n<!-- \/ Yoast SEO plugin. -->","yoast_head_json":{"title":"Potencia invertida y portador de nivelaci\u00f3n libre - Richards-Wilcox Conveyor","description":"Nuestro carro de nivelaci\u00f3n libre e invertido permite que las piezas transportadas permanezcan niveladas mientras se desplazan por los cambios de elevaci\u00f3n.","robots":{"index":"index","follow":"follow","max-snippet":"max-snippet:-1","max-image-preview":"max-image-preview:large","max-video-preview":"max-video-preview:-1"},"canonical":"https:\/\/rwconveyor.com\/es\/productos\/potencia-invertida-y-portador-de-nivelacion-libre\/","og_locale":"es_ES","og_type":"article","og_title":"Potencia invertida y portador de nivelaci\u00f3n libre - Richards-Wilcox Conveyor","og_description":"Nuestro carro de nivelaci\u00f3n libre e invertido permite que las piezas transportadas permanezcan niveladas mientras se desplazan por los cambios de elevaci\u00f3n.","og_url":"https:\/\/rwconveyor.com\/es\/productos\/potencia-invertida-y-portador-de-nivelacion-libre\/","og_site_name":"Richards-Wilcox Conveyor","article_modified_time":"2022-07-20T21:51:22+00:00","twitter_misc":{"Tiempo de lectura":"1 minuto"},"schema":{"@context":"https:\/\/schema.org","@graph":[{"@type":"WebPage","@id":"https:\/\/rwconveyor.com\/es\/productos\/potencia-invertida-y-portador-de-nivelacion-libre\/","url":"https:\/\/rwconveyor.com\/es\/productos\/potencia-invertida-y-portador-de-nivelacion-libre\/","name":"Potencia invertida y portador de nivelaci\u00f3n libre - Richards-Wilcox Conveyor","isPartOf":{"@id":"https:\/\/rwconveyor.com\/es\/#website"},"datePublished":"2021-03-18T15:16:59+00:00","dateModified":"2022-07-20T21:51:22+00:00","description":"Nuestro carro de nivelaci\u00f3n libre e invertido permite que las piezas transportadas permanezcan niveladas mientras se desplazan por los cambios de elevaci\u00f3n.","breadcrumb":{"@id":"https:\/\/rwconveyor.com\/es\/productos\/potencia-invertida-y-portador-de-nivelacion-libre\/#breadcrumb"},"inLanguage":"es","potentialAction":[{"@type":"ReadAction","target":["https:\/\/rwconveyor.com\/es\/productos\/potencia-invertida-y-portador-de-nivelacion-libre\/"]}]},{"@type":"BreadcrumbList","@id":"https:\/\/rwconveyor.com\/es\/productos\/potencia-invertida-y-portador-de-nivelacion-libre\/#breadcrumb","itemListElement":[{"@type":"ListItem","position":1,"name":"Home","item":"https:\/\/rwconveyor.com\/es\/inicio\/"},{"@type":"ListItem","position":2,"name":"Productos","item":"https:\/\/rwconveyor.com\/es\/productos\/"},{"@type":"ListItem","position":3,"name":"Potencia invertida y portador de nivelaci\u00f3n libre"}]},{"@type":"WebSite","@id":"https:\/\/rwconveyor.com\/es\/#website","url":"https:\/\/rwconveyor.com\/es\/","name":"Richards-Wilcox Conveyor","description":"Transportadores a\u00e9reos, transportadores el\u00e9ctricos y libres\n","publisher":{"@id":"https:\/\/rwconveyor.com\/es\/#organization"},"potentialAction":[{"@type":"SearchAction","target":{"@type":"EntryPoint","urlTemplate":"https:\/\/rwconveyor.com\/es\/?s={search_term_string}"},"query-input":{"@type":"PropertyValueSpecification","valueRequired":true,"valueName":"search_term_string"}}],"inLanguage":"es"},{"@type":"Organization","@id":"https:\/\/rwconveyor.com\/es\/#organization","name":"Richards-Wilcox Conveyor","url":"https:\/\/rwconveyor.com\/es\/","logo":{"@type":"ImageObject","inLanguage":"es","@id":"https:\/\/rwconveyor.com\/es\/#\/schema\/logo\/image\/","url":"https:\/\/rwconveyor.com\/wp-content\/uploads\/2020\/05\/RW_Conveyor_Horizontal_NoTag_4C.png","contentUrl":"https:\/\/rwconveyor.com\/wp-content\/uploads\/2020\/05\/RW_Conveyor_Horizontal_NoTag_4C.png","width":512,"height":512,"caption":"Richards-Wilcox Conveyor"},"image":{"@id":"https:\/\/rwconveyor.com\/es\/#\/schema\/logo\/image\/"}}]}},"_links":{"self":[{"href":"https:\/\/rwconveyor.com\/es\/wp-json\/wp\/v2\/pages\/3872","targetHints":{"allow":["GET"]}}],"collection":[{"href":"https:\/\/rwconveyor.com\/es\/wp-json\/wp\/v2\/pages"}],"about":[{"href":"https:\/\/rwconveyor.com\/es\/wp-json\/wp\/v2\/types\/page"}],"author":[{"embeddable":true,"href":"https:\/\/rwconveyor.com\/es\/wp-json\/wp\/v2\/users\/15"}],"replies":[{"embeddable":true,"href":"https:\/\/rwconveyor.com\/es\/wp-json\/wp\/v2\/comments?post=3872"}],"version-history":[{"count":1,"href":"https:\/\/rwconveyor.com\/es\/wp-json\/wp\/v2\/pages\/3872\/revisions"}],"predecessor-version":[{"id":3880,"href":"https:\/\/rwconveyor.com\/es\/wp-json\/wp\/v2\/pages\/3872\/revisions\/3880"}],"up":[{"embeddable":true,"href":"https:\/\/rwconveyor.com\/es\/wp-json\/wp\/v2\/pages\/3798"}],"wp:attachment":[{"href":"https:\/\/rwconveyor.com\/es\/wp-json\/wp\/v2\/media?parent=3872"}],"curies":[{"name":"wp","href":"https:\/\/api.w.org\/{rel}","templated":true}]}}