{"id":3881,"date":"2019-10-03T09:06:55","date_gmt":"2019-10-03T14:06:55","guid":{"rendered":"https:\/\/rwconveyor.com\/instalacion-de-sistemas-de-transporte\/"},"modified":"2023-05-16T15:44:25","modified_gmt":"2023-05-16T20:44:25","slug":"instalacion-de-sistemas-de-transporte","status":"publish","type":"page","link":"https:\/\/rwconveyor.com\/es\/instalacion-de-sistemas-de-transporte\/","title":{"rendered":"Instalaci\u00f3n de sistemas de transporte"},"content":{"rendered":"<div class=\"row row-margin-25\">\n<div class=\"col-12\"><img decoding=\"async\" src=\"\/wp-content\/uploads\/2019\/10\/1_Richards-Wilcox_Conveyor_Installation_Wide.jpg\" alt=\"instalaci\u00f3n del transportador\" height=\"444\"><\/div>\n<\/div>\n<div class=\"row row-margin-25 collapse-fix\">\n<div class=\"col-12 col-sm-6\"><img decoding=\"async\" src=\"\/wp-content\/uploads\/2019\/10\/2_Richards-Wilcox_Conveyor_Installation_Square.jpg\" alt=\"instalaci\u00f3n del transportador 2\"><\/div>\n<div class=\"col-12 col-sm-6\"><img decoding=\"async\" src=\"\/wp-content\/uploads\/2019\/10\/3_Richards-Wilcox_Conveyor_Installation_Square.jpg\" alt=\"instalaci\u00f3n del transportador 3\"><\/div>\n<\/div>","protected":false},"excerpt":{"rendered":"","protected":false},"author":13,"featured_media":0,"parent":0,"menu_order":0,"comment_status":"closed","ping_status":"closed","template":"interior-page.php","meta":{"_acf_changed":false,"footnotes":""},"class_list":["post-3881","page","type-page","status-publish","hentry"],"acf":[],"yoast_head":"<!-- This site is optimized with the Yoast SEO plugin v24.7 - https:\/\/yoast.com\/wordpress\/plugins\/seo\/ -->\n<title>Instalaci\u00f3n de sistemas de transporte - Richards-Wilcox Conveyor<\/title>\n<meta name=\"description\" content=\"Deje que nuestros experimentados t\u00e9cnicos certificados se encarguen de la instalaci\u00f3n de sus sistemas transportadores. Nuestro equipo puede realizar instalaciones el\u00e9ctricas est\u00e1ndar y especializadas.\" \/>\n<meta name=\"robots\" content=\"index, follow, max-snippet:-1, max-image-preview:large, max-video-preview:-1\" \/>\n<link rel=\"canonical\" href=\"https:\/\/rwconveyor.com\/es\/instalacion-de-sistemas-de-transporte\/\" \/>\n<meta property=\"og:locale\" content=\"es_ES\" \/>\n<meta property=\"og:type\" content=\"article\" \/>\n<meta property=\"og:title\" content=\"Instalaci\u00f3n de sistemas de transporte - Richards-Wilcox Conveyor\" \/>\n<meta property=\"og:description\" content=\"Deje que nuestros experimentados t\u00e9cnicos certificados se encarguen de la instalaci\u00f3n de sus sistemas transportadores. Nuestro equipo puede realizar instalaciones el\u00e9ctricas est\u00e1ndar y especializadas.\" \/>\n<meta property=\"og:url\" content=\"https:\/\/rwconveyor.com\/es\/instalacion-de-sistemas-de-transporte\/\" \/>\n<meta property=\"og:site_name\" content=\"Richards-Wilcox Conveyor\" \/>\n<meta property=\"article:modified_time\" content=\"2023-05-16T20:44:25+00:00\" \/>\n<script type=\"application\/ld+json\" class=\"yoast-schema-graph\">{\"@context\":\"https:\/\/schema.org\",\"@graph\":[{\"@type\":\"WebPage\",\"@id\":\"https:\/\/rwconveyor.com\/es\/instalacion-de-sistemas-de-transporte\/\",\"url\":\"https:\/\/rwconveyor.com\/es\/instalacion-de-sistemas-de-transporte\/\",\"name\":\"Instalaci\u00f3n de sistemas de transporte - Richards-Wilcox Conveyor\",\"isPartOf\":{\"@id\":\"https:\/\/rwconveyor.com\/es\/#website\"},\"datePublished\":\"2019-10-03T14:06:55+00:00\",\"dateModified\":\"2023-05-16T20:44:25+00:00\",\"description\":\"Deje que nuestros experimentados t\u00e9cnicos certificados se encarguen de la instalaci\u00f3n de sus sistemas transportadores. Nuestro equipo puede realizar instalaciones el\u00e9ctricas est\u00e1ndar y especializadas.\",\"breadcrumb\":{\"@id\":\"https:\/\/rwconveyor.com\/es\/instalacion-de-sistemas-de-transporte\/#breadcrumb\"},\"inLanguage\":\"es\",\"potentialAction\":[{\"@type\":\"ReadAction\",\"target\":[\"https:\/\/rwconveyor.com\/es\/instalacion-de-sistemas-de-transporte\/\"]}]},{\"@type\":\"BreadcrumbList\",\"@id\":\"https:\/\/rwconveyor.com\/es\/instalacion-de-sistemas-de-transporte\/#breadcrumb\",\"itemListElement\":[{\"@type\":\"ListItem\",\"position\":1,\"name\":\"Home\",\"item\":\"https:\/\/rwconveyor.com\/es\/inicio\/\"},{\"@type\":\"ListItem\",\"position\":2,\"name\":\"Instalaci\u00f3n de sistemas de transporte\"}]},{\"@type\":\"WebSite\",\"@id\":\"https:\/\/rwconveyor.com\/es\/#website\",\"url\":\"https:\/\/rwconveyor.com\/es\/\",\"name\":\"Richards-Wilcox Conveyor\",\"description\":\"Transportadores a\u00e9reos, transportadores el\u00e9ctricos y libres\\n\",\"publisher\":{\"@id\":\"https:\/\/rwconveyor.com\/es\/#organization\"},\"potentialAction\":[{\"@type\":\"SearchAction\",\"target\":{\"@type\":\"EntryPoint\",\"urlTemplate\":\"https:\/\/rwconveyor.com\/es\/?s={search_term_string}\"},\"query-input\":{\"@type\":\"PropertyValueSpecification\",\"valueRequired\":true,\"valueName\":\"search_term_string\"}}],\"inLanguage\":\"es\"},{\"@type\":\"Organization\",\"@id\":\"https:\/\/rwconveyor.com\/es\/#organization\",\"name\":\"Richards-Wilcox Conveyor\",\"url\":\"https:\/\/rwconveyor.com\/es\/\",\"logo\":{\"@type\":\"ImageObject\",\"inLanguage\":\"es\",\"@id\":\"https:\/\/rwconveyor.com\/es\/#\/schema\/logo\/image\/\",\"url\":\"https:\/\/rwconveyor.com\/wp-content\/uploads\/2020\/05\/RW_Conveyor_Horizontal_NoTag_4C.png\",\"contentUrl\":\"https:\/\/rwconveyor.com\/wp-content\/uploads\/2020\/05\/RW_Conveyor_Horizontal_NoTag_4C.png\",\"width\":512,\"height\":512,\"caption\":\"Richards-Wilcox Conveyor\"},\"image\":{\"@id\":\"https:\/\/rwconveyor.com\/es\/#\/schema\/logo\/image\/\"}}]}<\/script>\n<!-- \/ Yoast SEO plugin. -->","yoast_head_json":{"title":"Instalaci\u00f3n de sistemas de transporte - Richards-Wilcox Conveyor","description":"Deje que nuestros experimentados t\u00e9cnicos certificados se encarguen de la instalaci\u00f3n de sus sistemas transportadores. Nuestro equipo puede realizar instalaciones el\u00e9ctricas est\u00e1ndar y especializadas.","robots":{"index":"index","follow":"follow","max-snippet":"max-snippet:-1","max-image-preview":"max-image-preview:large","max-video-preview":"max-video-preview:-1"},"canonical":"https:\/\/rwconveyor.com\/es\/instalacion-de-sistemas-de-transporte\/","og_locale":"es_ES","og_type":"article","og_title":"Instalaci\u00f3n de sistemas de transporte - Richards-Wilcox Conveyor","og_description":"Deje que nuestros experimentados t\u00e9cnicos certificados se encarguen de la instalaci\u00f3n de sus sistemas transportadores. Nuestro equipo puede realizar instalaciones el\u00e9ctricas est\u00e1ndar y especializadas.","og_url":"https:\/\/rwconveyor.com\/es\/instalacion-de-sistemas-de-transporte\/","og_site_name":"Richards-Wilcox Conveyor","article_modified_time":"2023-05-16T20:44:25+00:00","schema":{"@context":"https:\/\/schema.org","@graph":[{"@type":"WebPage","@id":"https:\/\/rwconveyor.com\/es\/instalacion-de-sistemas-de-transporte\/","url":"https:\/\/rwconveyor.com\/es\/instalacion-de-sistemas-de-transporte\/","name":"Instalaci\u00f3n de sistemas de transporte - Richards-Wilcox Conveyor","isPartOf":{"@id":"https:\/\/rwconveyor.com\/es\/#website"},"datePublished":"2019-10-03T14:06:55+00:00","dateModified":"2023-05-16T20:44:25+00:00","description":"Deje que nuestros experimentados t\u00e9cnicos certificados se encarguen de la instalaci\u00f3n de sus sistemas transportadores. Nuestro equipo puede realizar instalaciones el\u00e9ctricas est\u00e1ndar y especializadas.","breadcrumb":{"@id":"https:\/\/rwconveyor.com\/es\/instalacion-de-sistemas-de-transporte\/#breadcrumb"},"inLanguage":"es","potentialAction":[{"@type":"ReadAction","target":["https:\/\/rwconveyor.com\/es\/instalacion-de-sistemas-de-transporte\/"]}]},{"@type":"BreadcrumbList","@id":"https:\/\/rwconveyor.com\/es\/instalacion-de-sistemas-de-transporte\/#breadcrumb","itemListElement":[{"@type":"ListItem","position":1,"name":"Home","item":"https:\/\/rwconveyor.com\/es\/inicio\/"},{"@type":"ListItem","position":2,"name":"Instalaci\u00f3n de sistemas de transporte"}]},{"@type":"WebSite","@id":"https:\/\/rwconveyor.com\/es\/#website","url":"https:\/\/rwconveyor.com\/es\/","name":"Richards-Wilcox Conveyor","description":"Transportadores a\u00e9reos, transportadores el\u00e9ctricos y libres\n","publisher":{"@id":"https:\/\/rwconveyor.com\/es\/#organization"},"potentialAction":[{"@type":"SearchAction","target":{"@type":"EntryPoint","urlTemplate":"https:\/\/rwconveyor.com\/es\/?s={search_term_string}"},"query-input":{"@type":"PropertyValueSpecification","valueRequired":true,"valueName":"search_term_string"}}],"inLanguage":"es"},{"@type":"Organization","@id":"https:\/\/rwconveyor.com\/es\/#organization","name":"Richards-Wilcox Conveyor","url":"https:\/\/rwconveyor.com\/es\/","logo":{"@type":"ImageObject","inLanguage":"es","@id":"https:\/\/rwconveyor.com\/es\/#\/schema\/logo\/image\/","url":"https:\/\/rwconveyor.com\/wp-content\/uploads\/2020\/05\/RW_Conveyor_Horizontal_NoTag_4C.png","contentUrl":"https:\/\/rwconveyor.com\/wp-content\/uploads\/2020\/05\/RW_Conveyor_Horizontal_NoTag_4C.png","width":512,"height":512,"caption":"Richards-Wilcox Conveyor"},"image":{"@id":"https:\/\/rwconveyor.com\/es\/#\/schema\/logo\/image\/"}}]}},"_links":{"self":[{"href":"https:\/\/rwconveyor.com\/es\/wp-json\/wp\/v2\/pages\/3881","targetHints":{"allow":["GET"]}}],"collection":[{"href":"https:\/\/rwconveyor.com\/es\/wp-json\/wp\/v2\/pages"}],"about":[{"href":"https:\/\/rwconveyor.com\/es\/wp-json\/wp\/v2\/types\/page"}],"author":[{"embeddable":true,"href":"https:\/\/rwconveyor.com\/es\/wp-json\/wp\/v2\/users\/13"}],"replies":[{"embeddable":true,"href":"https:\/\/rwconveyor.com\/es\/wp-json\/wp\/v2\/comments?post=3881"}],"version-history":[{"count":2,"href":"https:\/\/rwconveyor.com\/es\/wp-json\/wp\/v2\/pages\/3881\/revisions"}],"predecessor-version":[{"id":4387,"href":"https:\/\/rwconveyor.com\/es\/wp-json\/wp\/v2\/pages\/3881\/revisions\/4387"}],"wp:attachment":[{"href":"https:\/\/rwconveyor.com\/es\/wp-json\/wp\/v2\/media?parent=3881"}],"curies":[{"name":"wp","href":"https:\/\/api.w.org\/{rel}","templated":true}]}}