{"id":4180,"date":"2022-11-17T15:53:28","date_gmt":"2022-11-17T21:53:28","guid":{"rendered":"https:\/\/rwconveyor.com\/?page_id=4180"},"modified":"2023-06-01T13:20:27","modified_gmt":"2023-06-01T18:20:27","slug":"cadena-transportadora-de-acero-inoxidable","status":"publish","type":"page","link":"https:\/\/rwconveyor.com\/es\/productos\/cadena-transportadora-de-acero-inoxidable\/","title":{"rendered":"Cadena transportadora de acero inoxidable"},"content":{"rendered":"<div class=\"row row-margin-25\">\n<div class=\"col-12\"><img decoding=\"async\" src=\"\/wp-content\/uploads\/2022\/11\/1.jpg\" alt=\"cadena de acero inoxidable\"><\/div>\n<\/div>\n<div class=\"row row-margin-25\">\n<div class=\"col-12 col-sm-4\">\n<h3 class=\"gold\">SU DISE\u00d1O DE ACERO INOXIDABLE COMBINA LA DURABILIDAD CON LA FIABILIDAD<\/h3>\n<\/div>\n<div class=\"col-12 col-sm-8\">\n<ul class=\"split\">\n\t<li>Resistente a la corrosi\u00f3n<\/li>\n\t<li>F\u00e1cil de mantener<\/li>\n\t<li>Resistente al calor<\/li>\n\t<li>Hygienic<\/li>\n\t<li>Cadena de larga duraci\u00f3n<\/li>\n<\/ul>\n<\/div>\n<\/div>","protected":false},"excerpt":{"rendered":"SU DISE\u00d1O DE ACERO INOXIDABLE COMBINA LA DURABILIDAD CON LA FIABILIDAD Resistente a la corrosi\u00f3n F\u00e1cil de mantener Resistente al calor Hygienic Cadena de larga duraci\u00f3n","protected":false},"author":15,"featured_media":0,"parent":3798,"menu_order":0,"comment_status":"closed","ping_status":"closed","template":"interior-page-blue-callout.php","meta":{"_acf_changed":false,"footnotes":""},"class_list":["post-4180","page","type-page","status-publish","hentry"],"acf":[],"yoast_head":"<!-- This site is optimized with the Yoast SEO plugin v24.7 - https:\/\/yoast.com\/wordpress\/plugins\/seo\/ -->\n<title>Cadena transportadora de acero inoxidable - Richards-Wilcox Conveyor<\/title>\n<meta name=\"description\" content=\"La cadena transportadora de acero inoxidable Richards-Wilcox resiste en los entornos m\u00e1s calientes, \u00e1speros y abrasivos imaginables, sin dejar de ser f\u00e1cil de mantener.\" \/>\n<meta name=\"robots\" content=\"index, follow, max-snippet:-1, max-image-preview:large, max-video-preview:-1\" \/>\n<link rel=\"canonical\" href=\"https:\/\/rwconveyor.com\/es\/productos\/cadena-transportadora-de-acero-inoxidable\/\" \/>\n<meta property=\"og:locale\" content=\"es_ES\" \/>\n<meta property=\"og:type\" content=\"article\" \/>\n<meta property=\"og:title\" content=\"Cadena transportadora de acero inoxidable - Richards-Wilcox Conveyor\" \/>\n<meta property=\"og:description\" content=\"La cadena transportadora de acero inoxidable Richards-Wilcox resiste en los entornos m\u00e1s calientes, \u00e1speros y abrasivos imaginables, sin dejar de ser f\u00e1cil de mantener.\" \/>\n<meta property=\"og:url\" content=\"https:\/\/rwconveyor.com\/es\/productos\/cadena-transportadora-de-acero-inoxidable\/\" \/>\n<meta property=\"og:site_name\" content=\"Richards-Wilcox Conveyor\" \/>\n<meta property=\"article:modified_time\" content=\"2023-06-01T18:20:27+00:00\" \/>\n<script type=\"application\/ld+json\" class=\"yoast-schema-graph\">{\"@context\":\"https:\/\/schema.org\",\"@graph\":[{\"@type\":\"WebPage\",\"@id\":\"https:\/\/rwconveyor.com\/es\/productos\/cadena-transportadora-de-acero-inoxidable\/\",\"url\":\"https:\/\/rwconveyor.com\/es\/productos\/cadena-transportadora-de-acero-inoxidable\/\",\"name\":\"Cadena transportadora de acero inoxidable - Richards-Wilcox Conveyor\",\"isPartOf\":{\"@id\":\"https:\/\/rwconveyor.com\/es\/#website\"},\"datePublished\":\"2022-11-17T21:53:28+00:00\",\"dateModified\":\"2023-06-01T18:20:27+00:00\",\"description\":\"La cadena transportadora de acero inoxidable Richards-Wilcox resiste en los entornos m\u00e1s calientes, \u00e1speros y abrasivos imaginables, sin dejar de ser f\u00e1cil de mantener.\",\"breadcrumb\":{\"@id\":\"https:\/\/rwconveyor.com\/es\/productos\/cadena-transportadora-de-acero-inoxidable\/#breadcrumb\"},\"inLanguage\":\"es\",\"potentialAction\":[{\"@type\":\"ReadAction\",\"target\":[\"https:\/\/rwconveyor.com\/es\/productos\/cadena-transportadora-de-acero-inoxidable\/\"]}]},{\"@type\":\"BreadcrumbList\",\"@id\":\"https:\/\/rwconveyor.com\/es\/productos\/cadena-transportadora-de-acero-inoxidable\/#breadcrumb\",\"itemListElement\":[{\"@type\":\"ListItem\",\"position\":1,\"name\":\"Home\",\"item\":\"https:\/\/rwconveyor.com\/es\/inicio\/\"},{\"@type\":\"ListItem\",\"position\":2,\"name\":\"Productos\",\"item\":\"https:\/\/rwconveyor.com\/es\/productos\/\"},{\"@type\":\"ListItem\",\"position\":3,\"name\":\"Cadena transportadora de acero inoxidable\"}]},{\"@type\":\"WebSite\",\"@id\":\"https:\/\/rwconveyor.com\/es\/#website\",\"url\":\"https:\/\/rwconveyor.com\/es\/\",\"name\":\"Richards-Wilcox Conveyor\",\"description\":\"Transportadores a\u00e9reos, transportadores el\u00e9ctricos y libres\\n\",\"publisher\":{\"@id\":\"https:\/\/rwconveyor.com\/es\/#organization\"},\"potentialAction\":[{\"@type\":\"SearchAction\",\"target\":{\"@type\":\"EntryPoint\",\"urlTemplate\":\"https:\/\/rwconveyor.com\/es\/?s={search_term_string}\"},\"query-input\":{\"@type\":\"PropertyValueSpecification\",\"valueRequired\":true,\"valueName\":\"search_term_string\"}}],\"inLanguage\":\"es\"},{\"@type\":\"Organization\",\"@id\":\"https:\/\/rwconveyor.com\/es\/#organization\",\"name\":\"Richards-Wilcox Conveyor\",\"url\":\"https:\/\/rwconveyor.com\/es\/\",\"logo\":{\"@type\":\"ImageObject\",\"inLanguage\":\"es\",\"@id\":\"https:\/\/rwconveyor.com\/es\/#\/schema\/logo\/image\/\",\"url\":\"https:\/\/rwconveyor.com\/wp-content\/uploads\/2020\/05\/RW_Conveyor_Horizontal_NoTag_4C.png\",\"contentUrl\":\"https:\/\/rwconveyor.com\/wp-content\/uploads\/2020\/05\/RW_Conveyor_Horizontal_NoTag_4C.png\",\"width\":512,\"height\":512,\"caption\":\"Richards-Wilcox Conveyor\"},\"image\":{\"@id\":\"https:\/\/rwconveyor.com\/es\/#\/schema\/logo\/image\/\"}}]}<\/script>\n<!-- \/ Yoast SEO plugin. -->","yoast_head_json":{"title":"Cadena transportadora de acero inoxidable - Richards-Wilcox Conveyor","description":"La cadena transportadora de acero inoxidable Richards-Wilcox resiste en los entornos m\u00e1s calientes, \u00e1speros y abrasivos imaginables, sin dejar de ser f\u00e1cil de mantener.","robots":{"index":"index","follow":"follow","max-snippet":"max-snippet:-1","max-image-preview":"max-image-preview:large","max-video-preview":"max-video-preview:-1"},"canonical":"https:\/\/rwconveyor.com\/es\/productos\/cadena-transportadora-de-acero-inoxidable\/","og_locale":"es_ES","og_type":"article","og_title":"Cadena transportadora de acero inoxidable - Richards-Wilcox Conveyor","og_description":"La cadena transportadora de acero inoxidable Richards-Wilcox resiste en los entornos m\u00e1s calientes, \u00e1speros y abrasivos imaginables, sin dejar de ser f\u00e1cil de mantener.","og_url":"https:\/\/rwconveyor.com\/es\/productos\/cadena-transportadora-de-acero-inoxidable\/","og_site_name":"Richards-Wilcox Conveyor","article_modified_time":"2023-06-01T18:20:27+00:00","schema":{"@context":"https:\/\/schema.org","@graph":[{"@type":"WebPage","@id":"https:\/\/rwconveyor.com\/es\/productos\/cadena-transportadora-de-acero-inoxidable\/","url":"https:\/\/rwconveyor.com\/es\/productos\/cadena-transportadora-de-acero-inoxidable\/","name":"Cadena transportadora de acero inoxidable - Richards-Wilcox Conveyor","isPartOf":{"@id":"https:\/\/rwconveyor.com\/es\/#website"},"datePublished":"2022-11-17T21:53:28+00:00","dateModified":"2023-06-01T18:20:27+00:00","description":"La cadena transportadora de acero inoxidable Richards-Wilcox resiste en los entornos m\u00e1s calientes, \u00e1speros y abrasivos imaginables, sin dejar de ser f\u00e1cil de mantener.","breadcrumb":{"@id":"https:\/\/rwconveyor.com\/es\/productos\/cadena-transportadora-de-acero-inoxidable\/#breadcrumb"},"inLanguage":"es","potentialAction":[{"@type":"ReadAction","target":["https:\/\/rwconveyor.com\/es\/productos\/cadena-transportadora-de-acero-inoxidable\/"]}]},{"@type":"BreadcrumbList","@id":"https:\/\/rwconveyor.com\/es\/productos\/cadena-transportadora-de-acero-inoxidable\/#breadcrumb","itemListElement":[{"@type":"ListItem","position":1,"name":"Home","item":"https:\/\/rwconveyor.com\/es\/inicio\/"},{"@type":"ListItem","position":2,"name":"Productos","item":"https:\/\/rwconveyor.com\/es\/productos\/"},{"@type":"ListItem","position":3,"name":"Cadena transportadora de acero inoxidable"}]},{"@type":"WebSite","@id":"https:\/\/rwconveyor.com\/es\/#website","url":"https:\/\/rwconveyor.com\/es\/","name":"Richards-Wilcox Conveyor","description":"Transportadores a\u00e9reos, transportadores el\u00e9ctricos y libres\n","publisher":{"@id":"https:\/\/rwconveyor.com\/es\/#organization"},"potentialAction":[{"@type":"SearchAction","target":{"@type":"EntryPoint","urlTemplate":"https:\/\/rwconveyor.com\/es\/?s={search_term_string}"},"query-input":{"@type":"PropertyValueSpecification","valueRequired":true,"valueName":"search_term_string"}}],"inLanguage":"es"},{"@type":"Organization","@id":"https:\/\/rwconveyor.com\/es\/#organization","name":"Richards-Wilcox Conveyor","url":"https:\/\/rwconveyor.com\/es\/","logo":{"@type":"ImageObject","inLanguage":"es","@id":"https:\/\/rwconveyor.com\/es\/#\/schema\/logo\/image\/","url":"https:\/\/rwconveyor.com\/wp-content\/uploads\/2020\/05\/RW_Conveyor_Horizontal_NoTag_4C.png","contentUrl":"https:\/\/rwconveyor.com\/wp-content\/uploads\/2020\/05\/RW_Conveyor_Horizontal_NoTag_4C.png","width":512,"height":512,"caption":"Richards-Wilcox Conveyor"},"image":{"@id":"https:\/\/rwconveyor.com\/es\/#\/schema\/logo\/image\/"}}]}},"_links":{"self":[{"href":"https:\/\/rwconveyor.com\/es\/wp-json\/wp\/v2\/pages\/4180","targetHints":{"allow":["GET"]}}],"collection":[{"href":"https:\/\/rwconveyor.com\/es\/wp-json\/wp\/v2\/pages"}],"about":[{"href":"https:\/\/rwconveyor.com\/es\/wp-json\/wp\/v2\/types\/page"}],"author":[{"embeddable":true,"href":"https:\/\/rwconveyor.com\/es\/wp-json\/wp\/v2\/users\/15"}],"replies":[{"embeddable":true,"href":"https:\/\/rwconveyor.com\/es\/wp-json\/wp\/v2\/comments?post=4180"}],"version-history":[{"count":2,"href":"https:\/\/rwconveyor.com\/es\/wp-json\/wp\/v2\/pages\/4180\/revisions"}],"predecessor-version":[{"id":4426,"href":"https:\/\/rwconveyor.com\/es\/wp-json\/wp\/v2\/pages\/4180\/revisions\/4426"}],"up":[{"embeddable":true,"href":"https:\/\/rwconveyor.com\/es\/wp-json\/wp\/v2\/pages\/3798"}],"wp:attachment":[{"href":"https:\/\/rwconveyor.com\/es\/wp-json\/wp\/v2\/media?parent=4180"}],"curies":[{"name":"wp","href":"https:\/\/api.w.org\/{rel}","templated":true}]}}