{"id":5391,"date":"2024-03-12T16:10:03","date_gmt":"2024-03-12T21:10:03","guid":{"rendered":"https:\/\/rwconveyor.com\/?page_id=5391"},"modified":"2025-03-19T09:31:01","modified_gmt":"2025-03-19T14:31:01","slug":"caso-practico-avalon-pontoon-boats","status":"publish","type":"page","link":"https:\/\/rwconveyor.com\/es\/recursos\/estudios-de-caso\/caso-practico-avalon-pontoon-boats\/","title":{"rendered":"Caso pr\u00e1ctico &#8211; Avalon Pontoon Boats"},"content":{"rendered":"<h2 style=\"text-align: center;\"><strong>LA SITUACI\u00d3N<\/strong><\/h2>\r\n<p style=\"text-align: center;\">Avalon Pontoon Boats, fabricante l\u00edder de embarcaciones de lujo, considera cada modelo que crea como una obra de arte. La artesan\u00eda superior sigue siendo el n\u00facleo y no es negociable.<\/p>\r\n<p style=\"text-align: center;\">Al encontrarse con un reto de producci\u00f3n complejo y potencialmente costoso, pidieron a Parker Ionics y Richards-Wilcox Conveyor que se unieran, tomaran el tim\u00f3n y lo resolvieran.<\/p>\r\n<p style=\"text-align: center;\"><a href=\"https:\/\/rwconveyor.com\/wp-content\/uploads\/2024\/07\/Avalon4-1024x788.jpg\"><img loading=\"lazy\" decoding=\"async\" class=\"aligncenter wp-image-7102 size-large\" src=\"https:\/\/rwconveyor.com\/wp-content\/uploads\/2024\/07\/Avalon4-1024x788.jpg\" alt=\"\" width=\"1024\" height=\"788\" srcset=\"https:\/\/rwconveyor.com\/wp-content\/uploads\/2024\/07\/Avalon4-1024x788.jpg 1024w, https:\/\/rwconveyor.com\/wp-content\/uploads\/2024\/07\/Avalon4-600x462.jpg 600w, https:\/\/rwconveyor.com\/wp-content\/uploads\/2024\/07\/Avalon4-300x231.jpg 300w, https:\/\/rwconveyor.com\/wp-content\/uploads\/2024\/07\/Avalon4-768x591.jpg 768w, https:\/\/rwconveyor.com\/wp-content\/uploads\/2024\/07\/Avalon4.jpg 1223w\" sizes=\"auto, (max-width: 1024px) 100vw, 1024px\" \/><\/a><\/p>\r\n<h2 style=\"text-align: center;\"><strong>EL RETO<\/strong><\/h2>\r\n<p style=\"text-align: center;\"><strong><span style=\"color: #b6a369;\">Avalon Pontoon Boats necesitaba un nuevo sistema de acabado capaz de manipular cargas largas en un espacio reducido.<\/span><\/strong><\/p>\r\n<p style=\"text-align: center;\">Ten\u00eda que ser lo bastante grande como para que los operarios pudieran lavar, secar, pintar y curar piezas de hasta 25&#8242; de largo, pero lo bastante peque\u00f1a como para caber en un espacio de 100&#8242; x 100&#8242;. Parker Ionics (contratada por Avalon para construir e instalar la soluci\u00f3n propuesta) reconoci\u00f3 la necesidad de un sistema de transporte a\u00e9reo manual preciso y vers\u00e1til. Trajeron a Richards-Wilcox Conveyor para colaborar en una soluci\u00f3n innovadora para esta aplicaci\u00f3n.<strong><\/p>\r\n\r\n\r\n \r\n\r\n\r\n<\/p><p original=\"PGEgaHJlZj0iaHR0cHM6Ly9yd2NvbnZleW9yLmNvbS93cC1jb250ZW50L3Vw bG9hZHMvMjAyNC8wNy9BdmFsb241LmpwZyI+\"><\/p><img loading=\"lazy\" decoding=\"async\" class=\"aligncenter wp-image-7104 size-large\" src=\"https:\/\/rwconveyor.com\/wp-content\/uploads\/2024\/07\/Avalon5-1024x770.jpg\" alt=\"\" width=\"1024\" height=\"770\" srcset=\"https:\/\/rwconveyor.com\/wp-content\/uploads\/2024\/07\/Avalon5-1024x770.jpg 1024w, https:\/\/rwconveyor.com\/wp-content\/uploads\/2024\/07\/Avalon5-600x451.jpg 600w, https:\/\/rwconveyor.com\/wp-content\/uploads\/2024\/07\/Avalon5-300x225.jpg 300w, https:\/\/rwconveyor.com\/wp-content\/uploads\/2024\/07\/Avalon5-768x577.jpg 768w, https:\/\/rwconveyor.com\/wp-content\/uploads\/2024\/07\/Avalon5.jpg 1252w\" sizes=\"auto, (max-width: 1024px) 100vw, 1024px\" \/><\/a><\/strong>\r\n<h2 style=\"text-align: center;\"><strong>LA SOLUCI\u00d3N<\/strong><\/h2>\r\n<p style=\"text-align: center;\">Bas\u00e1ndose en m\u00e1s de un siglo de experiencia, Richards-Wilcox Conveyor y Parker Ionics dise\u00f1aron un sistema de transporte por lotes de lanzadera que ahorra espacio. El dise\u00f1o permite que las barras de carga de 25&#8242; de longitud se muevan horizontalmente en cualquier direcci\u00f3n para alinearse con el equipo de acabado, lo que permite que las barras se extiendan directamente dentro de los recintos de acabado.<\/p>\r\n<p style=\"text-align: center;\">Era precisamente lo que Avalon Pontoon Boats necesitaba: una forma de hacer m\u00e1s trabajo sin ocupar m\u00e1s espacio valioso en el suelo.<\/p>\r\n<p style=\"text-align: center;\"><a href=\"https:\/\/rwconveyor.com\/wp-content\/uploads\/2024\/07\/Avalon1-scaled.jpg\"><img loading=\"lazy\" decoding=\"async\" class=\"aligncenter wp-image-7098 size-large\" src=\"https:\/\/rwconveyor.com\/wp-content\/uploads\/2024\/07\/Avalon1-1024x768.jpg\" alt=\"\" width=\"1024\" height=\"768\" srcset=\"https:\/\/rwconveyor.com\/wp-content\/uploads\/2024\/07\/Avalon1-1024x768.jpg 1024w, https:\/\/rwconveyor.com\/wp-content\/uploads\/2024\/07\/Avalon1-scaled-600x450.jpg 600w, https:\/\/rwconveyor.com\/wp-content\/uploads\/2024\/07\/Avalon1-300x225.jpg 300w, https:\/\/rwconveyor.com\/wp-content\/uploads\/2024\/07\/Avalon1-768x576.jpg 768w, https:\/\/rwconveyor.com\/wp-content\/uploads\/2024\/07\/Avalon1-1536x1152.jpg 1536w, https:\/\/rwconveyor.com\/wp-content\/uploads\/2024\/07\/Avalon1-2048x1536.jpg 2048w\" sizes=\"auto, (max-width: 1024px) 100vw, 1024px\" \/><\/a><em>Nota: Las barras de carga de 25&#8242; de longitud se recorren con dos conjuntos de lanzadera que se alinean con la lavadora, la secadora, la cabina de pintura y el horno de curado.<\/em><\/p>\r\n<h2 style=\"text-align: center;\"><strong>EL RESULTADO<\/strong><\/h2>\r\n<p style=\"text-align: center;\">Este proyecto marc\u00f3 el inicio de una asociaci\u00f3n de colaboraci\u00f3n entre Parker Ionics y Richards-Wilcox Conveyor. <strong><span style=\"color: #b6a369;\">\u00abDesde entonces, Richards-Wilcox se ha convertido en un importante socio de equipos para nosotros\u00bb, dice<\/span><\/strong> afirma Riley Cole, Director de Cuentas de Parker Ionics.<\/p>\r\n<p style=\"text-align: center;\">\u00bfY Avalon? La integraci\u00f3n de este nuevo dise\u00f1o permiti\u00f3 una <strong>reducci\u00f3n de la huella de<\/strong> aproximadamente <strong>el 50%<\/strong>, lo que mitig\u00f3 nuevas y costosas ampliaciones. Mientras tanto, la reducci\u00f3n del n\u00famero de movimientos de manipulaci\u00f3n de materiales ayud\u00f3 a racionalizar sus operaciones, <strong>aumentando la productividad y la eficacia en un 30%<\/strong> aproximadamente. Juntos, Richards-Wilcox Conveyor y Parker Ionics ayudaron a Avalon a convertir los retos en triunfos.<\/p>\r\n<p><a href=\"https:\/\/rwconveyor.com\/wp-content\/uploads\/2024\/07\/blueprint-image-1024x665.jpg\"><img loading=\"lazy\" decoding=\"async\" class=\"aligncenter wp-image-7100 size-large\" src=\"https:\/\/rwconveyor.com\/wp-content\/uploads\/2024\/07\/blueprint-image-1024x665.jpg\" alt=\"\" width=\"1024\" height=\"665\" srcset=\"https:\/\/rwconveyor.com\/wp-content\/uploads\/2024\/07\/blueprint-image-1024x665.jpg 1024w, https:\/\/rwconveyor.com\/wp-content\/uploads\/2024\/07\/blueprint-image-600x390.jpg 600w, https:\/\/rwconveyor.com\/wp-content\/uploads\/2024\/07\/blueprint-image-300x195.jpg 300w, https:\/\/rwconveyor.com\/wp-content\/uploads\/2024\/07\/blueprint-image-768x499.jpg 768w, https:\/\/rwconveyor.com\/wp-content\/uploads\/2024\/07\/blueprint-image-1536x998.jpg 1536w, https:\/\/rwconveyor.com\/wp-content\/uploads\/2024\/07\/blueprint-image-2048x1330.jpg 2048w\" sizes=\"auto, (max-width: 1024px) 100vw, 1024px\" \/><\/a><\/p>","protected":false},"excerpt":{"rendered":"LA SITUACI\u00d3N Avalon Pontoon Boats, fabricante l\u00edder de embarcaciones de lujo, considera cada modelo que crea como una obra de arte. La artesan\u00eda superior sigue siendo el n\u00facleo y no es negociable. Al encontrarse con un reto de producci\u00f3n complejo y potencialmente costoso, pidieron a Parker Ionics y Richards-Wilcox Conveyor que se unieran, tomaran el [&hellip;]","protected":false},"author":22,"featured_media":0,"parent":3821,"menu_order":0,"comment_status":"closed","ping_status":"closed","template":"interior-case-study.php","meta":{"_acf_changed":false,"footnotes":""},"class_list":["post-5391","page","type-page","status-publish","hentry"],"acf":[],"yoast_head":"<!-- This site is optimized with the Yoast SEO plugin v24.7 - https:\/\/yoast.com\/wordpress\/plugins\/seo\/ -->\n<title>Caso pr\u00e1ctico - Avalon Pontoon Boats - Richards-Wilcox Conveyor<\/title>\n<meta name=\"description\" content=\"Descubra c\u00f3mo Richards Wilcox Conveyor colabor\u00f3 \u200b\u200bcon Parker Ionics para dise\u00f1ar un sistema &quot;shuttle-batch&quot; por lotes para Avalon Pontoon Boats.\" \/>\n<meta name=\"robots\" content=\"index, follow, max-snippet:-1, max-image-preview:large, max-video-preview:-1\" \/>\n<link rel=\"canonical\" href=\"https:\/\/rwconveyor.com\/es\/recursos\/estudios-de-caso\/caso-practico-avalon-pontoon-boats\/\" \/>\n<meta property=\"og:locale\" content=\"es_ES\" \/>\n<meta property=\"og:type\" content=\"article\" \/>\n<meta property=\"og:title\" content=\"Estudio de caso de los pontones Avalon\" \/>\n<meta property=\"og:description\" content=\"Sigue leyendo\" \/>\n<meta property=\"og:url\" content=\"https:\/\/rwconveyor.com\/es\/recursos\/estudios-de-caso\/caso-practico-avalon-pontoon-boats\/\" \/>\n<meta property=\"og:site_name\" content=\"Richards-Wilcox Conveyor\" \/>\n<meta property=\"article:modified_time\" content=\"2025-03-19T14:31:01+00:00\" \/>\n<meta property=\"og:image\" content=\"https:\/\/rwconveyor.com\/wp-content\/uploads\/2019\/11\/Richards-Wilcox_Assembly_Eaton_LI.jpg\" \/>\n<meta name=\"twitter:label1\" content=\"Tiempo de lectura\" \/>\n\t<meta name=\"twitter:data1\" content=\"3 minutos\" \/>\n<script type=\"application\/ld+json\" class=\"yoast-schema-graph\">{\"@context\":\"https:\/\/schema.org\",\"@graph\":[{\"@type\":\"WebPage\",\"@id\":\"https:\/\/rwconveyor.com\/es\/recursos\/estudios-de-caso\/caso-practico-avalon-pontoon-boats\/\",\"url\":\"https:\/\/rwconveyor.com\/es\/recursos\/estudios-de-caso\/caso-practico-avalon-pontoon-boats\/\",\"name\":\"Caso pr\u00e1ctico - Avalon Pontoon Boats - Richards-Wilcox Conveyor\",\"isPartOf\":{\"@id\":\"https:\/\/rwconveyor.com\/es\/#website\"},\"primaryImageOfPage\":{\"@id\":\"https:\/\/rwconveyor.com\/es\/recursos\/estudios-de-caso\/caso-practico-avalon-pontoon-boats\/#primaryimage\"},\"image\":{\"@id\":\"https:\/\/rwconveyor.com\/es\/recursos\/estudios-de-caso\/caso-practico-avalon-pontoon-boats\/#primaryimage\"},\"thumbnailUrl\":\"https:\/\/rwconveyor.com\/wp-content\/uploads\/2024\/07\/Avalon4-1024x788.jpg\",\"datePublished\":\"2024-03-12T21:10:03+00:00\",\"dateModified\":\"2025-03-19T14:31:01+00:00\",\"description\":\"Descubra c\u00f3mo Richards Wilcox Conveyor colabor\u00f3 \u200b\u200bcon Parker Ionics para dise\u00f1ar un sistema \\\"shuttle-batch\\\" por lotes para Avalon Pontoon Boats.\",\"breadcrumb\":{\"@id\":\"https:\/\/rwconveyor.com\/es\/recursos\/estudios-de-caso\/caso-practico-avalon-pontoon-boats\/#breadcrumb\"},\"inLanguage\":\"es\",\"potentialAction\":[{\"@type\":\"ReadAction\",\"target\":[\"https:\/\/rwconveyor.com\/es\/recursos\/estudios-de-caso\/caso-practico-avalon-pontoon-boats\/\"]}]},{\"@type\":\"ImageObject\",\"inLanguage\":\"es\",\"@id\":\"https:\/\/rwconveyor.com\/es\/recursos\/estudios-de-caso\/caso-practico-avalon-pontoon-boats\/#primaryimage\",\"url\":\"https:\/\/rwconveyor.com\/wp-content\/uploads\/2024\/07\/Avalon4-1024x788.jpg\",\"contentUrl\":\"https:\/\/rwconveyor.com\/wp-content\/uploads\/2024\/07\/Avalon4-1024x788.jpg\"},{\"@type\":\"BreadcrumbList\",\"@id\":\"https:\/\/rwconveyor.com\/es\/recursos\/estudios-de-caso\/caso-practico-avalon-pontoon-boats\/#breadcrumb\",\"itemListElement\":[{\"@type\":\"ListItem\",\"position\":1,\"name\":\"Home\",\"item\":\"https:\/\/rwconveyor.com\/es\/inicio\/\"},{\"@type\":\"ListItem\",\"position\":2,\"name\":\"Recursos\",\"item\":\"https:\/\/rwconveyor.com\/es\/recursos\/\"},{\"@type\":\"ListItem\",\"position\":3,\"name\":\"Estudios de caso\",\"item\":\"https:\/\/rwconveyor.com\/es\/recursos\/estudios-de-caso\/\"},{\"@type\":\"ListItem\",\"position\":4,\"name\":\"Caso pr\u00e1ctico &#8211; Avalon Pontoon Boats\"}]},{\"@type\":\"WebSite\",\"@id\":\"https:\/\/rwconveyor.com\/es\/#website\",\"url\":\"https:\/\/rwconveyor.com\/es\/\",\"name\":\"Richards-Wilcox Conveyor\",\"description\":\"Transportadores a\u00e9reos, transportadores el\u00e9ctricos y libres\\n\",\"publisher\":{\"@id\":\"https:\/\/rwconveyor.com\/es\/#organization\"},\"potentialAction\":[{\"@type\":\"SearchAction\",\"target\":{\"@type\":\"EntryPoint\",\"urlTemplate\":\"https:\/\/rwconveyor.com\/es\/?s={search_term_string}\"},\"query-input\":{\"@type\":\"PropertyValueSpecification\",\"valueRequired\":true,\"valueName\":\"search_term_string\"}}],\"inLanguage\":\"es\"},{\"@type\":\"Organization\",\"@id\":\"https:\/\/rwconveyor.com\/es\/#organization\",\"name\":\"Richards-Wilcox Conveyor\",\"url\":\"https:\/\/rwconveyor.com\/es\/\",\"logo\":{\"@type\":\"ImageObject\",\"inLanguage\":\"es\",\"@id\":\"https:\/\/rwconveyor.com\/es\/#\/schema\/logo\/image\/\",\"url\":\"https:\/\/rwconveyor.com\/wp-content\/uploads\/2020\/05\/RW_Conveyor_Horizontal_NoTag_4C.png\",\"contentUrl\":\"https:\/\/rwconveyor.com\/wp-content\/uploads\/2020\/05\/RW_Conveyor_Horizontal_NoTag_4C.png\",\"width\":512,\"height\":512,\"caption\":\"Richards-Wilcox Conveyor\"},\"image\":{\"@id\":\"https:\/\/rwconveyor.com\/es\/#\/schema\/logo\/image\/\"}}]}<\/script>\n<!-- \/ Yoast SEO plugin. -->","yoast_head_json":{"title":"Caso pr\u00e1ctico - Avalon Pontoon Boats - Richards-Wilcox Conveyor","description":"Descubra c\u00f3mo Richards Wilcox Conveyor colabor\u00f3 \u200b\u200bcon Parker Ionics para dise\u00f1ar un sistema \"shuttle-batch\" por lotes para Avalon Pontoon Boats.","robots":{"index":"index","follow":"follow","max-snippet":"max-snippet:-1","max-image-preview":"max-image-preview:large","max-video-preview":"max-video-preview:-1"},"canonical":"https:\/\/rwconveyor.com\/es\/recursos\/estudios-de-caso\/caso-practico-avalon-pontoon-boats\/","og_locale":"es_ES","og_type":"article","og_title":"Estudio de caso de los pontones Avalon","og_description":"Sigue leyendo","og_url":"https:\/\/rwconveyor.com\/es\/recursos\/estudios-de-caso\/caso-practico-avalon-pontoon-boats\/","og_site_name":"Richards-Wilcox Conveyor","article_modified_time":"2025-03-19T14:31:01+00:00","og_image":[{"url":"https:\/\/rwconveyor.com\/wp-content\/uploads\/2019\/11\/Richards-Wilcox_Assembly_Eaton_LI.jpg","type":"","width":"","height":""}],"twitter_misc":{"Tiempo de lectura":"3 minutos"},"schema":{"@context":"https:\/\/schema.org","@graph":[{"@type":"WebPage","@id":"https:\/\/rwconveyor.com\/es\/recursos\/estudios-de-caso\/caso-practico-avalon-pontoon-boats\/","url":"https:\/\/rwconveyor.com\/es\/recursos\/estudios-de-caso\/caso-practico-avalon-pontoon-boats\/","name":"Caso pr\u00e1ctico - Avalon Pontoon Boats - Richards-Wilcox Conveyor","isPartOf":{"@id":"https:\/\/rwconveyor.com\/es\/#website"},"primaryImageOfPage":{"@id":"https:\/\/rwconveyor.com\/es\/recursos\/estudios-de-caso\/caso-practico-avalon-pontoon-boats\/#primaryimage"},"image":{"@id":"https:\/\/rwconveyor.com\/es\/recursos\/estudios-de-caso\/caso-practico-avalon-pontoon-boats\/#primaryimage"},"thumbnailUrl":"https:\/\/rwconveyor.com\/wp-content\/uploads\/2024\/07\/Avalon4-1024x788.jpg","datePublished":"2024-03-12T21:10:03+00:00","dateModified":"2025-03-19T14:31:01+00:00","description":"Descubra c\u00f3mo Richards Wilcox Conveyor colabor\u00f3 \u200b\u200bcon Parker Ionics para dise\u00f1ar un sistema \"shuttle-batch\" por lotes para Avalon Pontoon Boats.","breadcrumb":{"@id":"https:\/\/rwconveyor.com\/es\/recursos\/estudios-de-caso\/caso-practico-avalon-pontoon-boats\/#breadcrumb"},"inLanguage":"es","potentialAction":[{"@type":"ReadAction","target":["https:\/\/rwconveyor.com\/es\/recursos\/estudios-de-caso\/caso-practico-avalon-pontoon-boats\/"]}]},{"@type":"ImageObject","inLanguage":"es","@id":"https:\/\/rwconveyor.com\/es\/recursos\/estudios-de-caso\/caso-practico-avalon-pontoon-boats\/#primaryimage","url":"https:\/\/rwconveyor.com\/wp-content\/uploads\/2024\/07\/Avalon4-1024x788.jpg","contentUrl":"https:\/\/rwconveyor.com\/wp-content\/uploads\/2024\/07\/Avalon4-1024x788.jpg"},{"@type":"BreadcrumbList","@id":"https:\/\/rwconveyor.com\/es\/recursos\/estudios-de-caso\/caso-practico-avalon-pontoon-boats\/#breadcrumb","itemListElement":[{"@type":"ListItem","position":1,"name":"Home","item":"https:\/\/rwconveyor.com\/es\/inicio\/"},{"@type":"ListItem","position":2,"name":"Recursos","item":"https:\/\/rwconveyor.com\/es\/recursos\/"},{"@type":"ListItem","position":3,"name":"Estudios de caso","item":"https:\/\/rwconveyor.com\/es\/recursos\/estudios-de-caso\/"},{"@type":"ListItem","position":4,"name":"Caso pr\u00e1ctico &#8211; Avalon Pontoon Boats"}]},{"@type":"WebSite","@id":"https:\/\/rwconveyor.com\/es\/#website","url":"https:\/\/rwconveyor.com\/es\/","name":"Richards-Wilcox Conveyor","description":"Transportadores a\u00e9reos, transportadores el\u00e9ctricos y libres\n","publisher":{"@id":"https:\/\/rwconveyor.com\/es\/#organization"},"potentialAction":[{"@type":"SearchAction","target":{"@type":"EntryPoint","urlTemplate":"https:\/\/rwconveyor.com\/es\/?s={search_term_string}"},"query-input":{"@type":"PropertyValueSpecification","valueRequired":true,"valueName":"search_term_string"}}],"inLanguage":"es"},{"@type":"Organization","@id":"https:\/\/rwconveyor.com\/es\/#organization","name":"Richards-Wilcox Conveyor","url":"https:\/\/rwconveyor.com\/es\/","logo":{"@type":"ImageObject","inLanguage":"es","@id":"https:\/\/rwconveyor.com\/es\/#\/schema\/logo\/image\/","url":"https:\/\/rwconveyor.com\/wp-content\/uploads\/2020\/05\/RW_Conveyor_Horizontal_NoTag_4C.png","contentUrl":"https:\/\/rwconveyor.com\/wp-content\/uploads\/2020\/05\/RW_Conveyor_Horizontal_NoTag_4C.png","width":512,"height":512,"caption":"Richards-Wilcox Conveyor"},"image":{"@id":"https:\/\/rwconveyor.com\/es\/#\/schema\/logo\/image\/"}}]}},"_links":{"self":[{"href":"https:\/\/rwconveyor.com\/es\/wp-json\/wp\/v2\/pages\/5391","targetHints":{"allow":["GET"]}}],"collection":[{"href":"https:\/\/rwconveyor.com\/es\/wp-json\/wp\/v2\/pages"}],"about":[{"href":"https:\/\/rwconveyor.com\/es\/wp-json\/wp\/v2\/types\/page"}],"author":[{"embeddable":true,"href":"https:\/\/rwconveyor.com\/es\/wp-json\/wp\/v2\/users\/22"}],"replies":[{"embeddable":true,"href":"https:\/\/rwconveyor.com\/es\/wp-json\/wp\/v2\/comments?post=5391"}],"version-history":[{"count":2,"href":"https:\/\/rwconveyor.com\/es\/wp-json\/wp\/v2\/pages\/5391\/revisions"}],"predecessor-version":[{"id":7107,"href":"https:\/\/rwconveyor.com\/es\/wp-json\/wp\/v2\/pages\/5391\/revisions\/7107"}],"up":[{"embeddable":true,"href":"https:\/\/rwconveyor.com\/es\/wp-json\/wp\/v2\/pages\/3821"}],"wp:attachment":[{"href":"https:\/\/rwconveyor.com\/es\/wp-json\/wp\/v2\/media?parent=5391"}],"curies":[{"name":"wp","href":"https:\/\/api.w.org\/{rel}","templated":true}]}}